{"id":7946,"date":"2017-04-05T10:54:01","date_gmt":"2017-04-05T14:54:01","guid":{"rendered":"https:\/\/www.durodynecanada.com\/nos-produits\/air-regulation\/test-ports\/"},"modified":"2022-06-16T16:13:54","modified_gmt":"2022-06-16T20:13:54","slug":"ports-essai","status":"publish","type":"page","link":"https:\/\/www.durodynecanada.com\/fr\/nos-produits\/regulateur-air\/ports-essai\/","title":{"rendered":"Ports d&rsquo;essai"},"content":{"rendered":"<div id=\"pl-7946\"  class=\"panel-layout\" ><div id=\"pg-7946-0\"  class=\"panel-grid panel-no-style\" ><div id=\"pgc-7946-0-0\"  class=\"panel-grid-cell panel-grid-cell-empty\" ><\/div><div id=\"pgc-7946-0-1\"  class=\"panel-grid-cell\" ><div id=\"panel-7946-0-1-0\" class=\"so-panel widget widget_sow-editor panel-first-child panel-last-child\" data-index=\"0\" ><div\n\t\t\t\n\t\t\tclass=\"so-widget-sow-editor so-widget-sow-editor-base\"\n\t\t\t\n\t\t>\n<div class=\"siteorigin-widget-tinymce textwidget\">\n\t<p><strong>PORT DE TEST D'INSTRUMENTS<\/strong><\/p>\n<p>Le port de test Duro Dyne Instrument a \u00e9t\u00e9 con\u00e7u pour r\u00e9pondre au besoin d'un raccord de qualit\u00e9 qui peut \u00eatre utilis\u00e9 en toute confiance. La poign\u00e9e Cam-Action est un dispositif de verrouillage positif qui est rapidement retir\u00e9 et remplac\u00e9. Le bouchon d'expansion en n\u00e9opr\u00e8ne n'est pas affect\u00e9 par la plupart des produits chimiques, graisses, etc. et peut r\u00e9sister \u00e0 des temp\u00e9ratures allant jusqu'\u00e0 180 \u00b0F.<\/p>\n<p><strong><u><a href=\"\/wp-content\/uploads\/2017\/04\/ip1_2_sheet.pdf\" target=\"_blank\" rel=\"noopener noreferrer\">IP-1 IP-2 Fiches techniques<\/a><\/u><\/strong> \u2022<strong><u><a href=\"\/wp-content\/uploads\/2017\/04\/ip4_sheet.pdf\" target=\"_blank\" rel=\"noopener noreferrer\">IP-4 Fiche technique<\/a><\/u><\/strong> <\/p>\n<\/div>\n<\/div><\/div><\/div><\/div><div id=\"pg-7946-1\"  class=\"panel-grid panel-no-style\" ><div id=\"pgc-7946-1-0\"  class=\"panel-grid-cell\" ><div id=\"panel-7946-1-0-0\" class=\"so-panel widget widget_sow-editor panel-first-child panel-last-child\" data-index=\"1\" ><div\n\t\t\t\n\t\t\tclass=\"so-widget-sow-editor so-widget-sow-editor-base\"\n\t\t\t\n\t\t>\n<div class=\"siteorigin-widget-tinymce textwidget\">\n\t<p><img loading=\"lazy\" decoding=\"async\" class=\"size-full wp-image-1636 aligncenter\" src=\"\/wp-content\/uploads\/2017\/04\/ip1.jpg\" alt=\"\" width=\"115\" height=\"107\"><\/p>\n<\/div>\n<\/div><\/div><\/div><div id=\"pgc-7946-1-1\"  class=\"panel-grid-cell\" ><div id=\"panel-7946-1-1-0\" class=\"so-panel widget widget_sow-editor panel-first-child panel-last-child\" data-index=\"2\" ><div\n\t\t\t\n\t\t\tclass=\"so-widget-sow-editor so-widget-sow-editor-base\"\n\t\t\t\n\t\t>\n<div class=\"siteorigin-widget-tinymce textwidget\">\n\t<table>\n<tbody>\n<tr>\n<td width=\"84\"><strong>Article No.<\/strong><\/td>\n<td width=\"180\"><strong>Code<\/strong><\/td>\n<td width=\"264\"><strong>Description<\/strong><\/td>\n<td width=\"144\"><strong>Quantit\u00e9 par bo\u00eete<\/strong><\/td>\n<\/tr>\n<tr>\n<td width=\"84\">8296<\/td>\n<td width=\"180\"><strong>IP-1<\/strong><\/td>\n<td width=\"264\">Port de test des instruments.<br \/>\nIsolation jusqu'\u00e0 1\"<\/td>\n<td width=\"144\">10<\/td>\n<\/tr>\n<\/tbody>\n<\/table>\n<\/div>\n<\/div><\/div><\/div><\/div><div id=\"pg-7946-2\"  class=\"panel-grid panel-no-style\" ><div id=\"pgc-7946-2-0\"  class=\"panel-grid-cell\" ><div id=\"panel-7946-2-0-0\" class=\"so-panel widget widget_sow-editor panel-first-child panel-last-child\" data-index=\"3\" ><div\n\t\t\t\n\t\t\tclass=\"so-widget-sow-editor so-widget-sow-editor-base\"\n\t\t\t\n\t\t>\n<div class=\"siteorigin-widget-tinymce textwidget\">\n\t<p><img loading=\"lazy\" decoding=\"async\" width=\"120\" height=\"108\" class=\"size-full wp-image-1638 aligncenter\" src=\"\/wp-content\/uploads\/2017\/04\/ip2.jpg\" alt=\"\"><\/p>\n<\/div>\n<\/div><\/div><\/div><div id=\"pgc-7946-2-1\"  class=\"panel-grid-cell\" ><div id=\"panel-7946-2-1-0\" class=\"so-panel widget widget_sow-editor panel-first-child panel-last-child\" data-index=\"4\" ><div\n\t\t\t\n\t\t\tclass=\"so-widget-sow-editor so-widget-sow-editor-base\"\n\t\t\t\n\t\t>\n<div class=\"siteorigin-widget-tinymce textwidget\">\n\t<table>\n<tbody>\n<tr>\n<td width=\"84\"><strong>Article No.<\/strong><\/td>\n<td width=\"180\"><strong>Code<\/strong><\/td>\n<td width=\"264\"><strong>Description<\/strong><\/td>\n<td width=\"144\"><strong>Quantit\u00e9 par bo\u00eete<\/strong><\/td>\n<\/tr>\n<tr>\n<td width=\"84\">8298<\/td>\n<td width=\"180\"><strong>IP-2<\/strong><\/td>\n<td width=\"264\">Port de test des instruments.<br \/>\nIsolation jusqu'\u00e0 2\"<\/td>\n<td width=\"144\">10<\/td>\n<\/tr>\n<\/tbody>\n<\/table>\n<\/div>\n<\/div><\/div><\/div><\/div><div id=\"pg-7946-3\"  class=\"panel-grid panel-no-style\" ><div id=\"pgc-7946-3-0\"  class=\"panel-grid-cell\" ><div id=\"panel-7946-3-0-0\" class=\"so-panel widget widget_sow-editor panel-first-child panel-last-child\" data-index=\"5\" ><div\n\t\t\t\n\t\t\tclass=\"so-widget-sow-editor so-widget-sow-editor-base\"\n\t\t\t\n\t\t>\n<div class=\"siteorigin-widget-tinymce textwidget\">\n\t<p><img loading=\"lazy\" decoding=\"async\" width=\"120\" height=\"62\" class=\"size-full wp-image-1639 aligncenter\" src=\"\/wp-content\/uploads\/2017\/04\/ip4.jpg\" alt=\"\"><\/p>\n<\/div>\n<\/div><\/div><\/div><div id=\"pgc-7946-3-1\"  class=\"panel-grid-cell\" ><div id=\"panel-7946-3-1-0\" class=\"so-panel widget widget_sow-editor panel-first-child panel-last-child\" data-index=\"6\" ><div\n\t\t\t\n\t\t\tclass=\"so-widget-sow-editor so-widget-sow-editor-base\"\n\t\t\t\n\t\t>\n<div class=\"siteorigin-widget-tinymce textwidget\">\n\t<table>\n<tbody>\n<tr>\n<td width=\"84\"><strong>Article No.<\/strong><\/td>\n<td width=\"180\"><strong>Code<\/strong><\/td>\n<td width=\"264\"><strong>Description<\/strong><\/td>\n<td width=\"144\"><strong>Quantit\u00e9 par bo\u00eete<\/strong><\/td>\n<\/tr>\n<tr>\n<td width=\"84\">8308<\/td>\n<td width=\"180\"><strong>IP-4<\/strong><\/td>\n<td width=\"264\">Port d'essai d'instrument 1\".<br \/>\n(Mod\u00e8le \u00e9conomique)<\/td>\n<td width=\"144\">25<\/td>\n<\/tr>\n<\/tbody>\n<\/table>\n<\/div>\n<\/div><\/div><\/div><\/div><\/div>","protected":false},"excerpt":{"rendered":"<p>PORT DE TEST D&rsquo;INSTRUMENTSLe port de test Duro Dyne Instrument a \u00e9t\u00e9 con\u00e7u pour r\u00e9pondre au besoin d&rsquo;un raccord de qualit\u00e9 qui peut \u00eatre utilis\u00e9 en toute confiance. La poign\u00e9e Cam-Action est un dispositif de verrouillage positif qui est rapidement retir\u00e9 et remplac\u00e9. Le bouchon d&rsquo;expansion en n\u00e9opr\u00e8ne n&rsquo;est pas affect\u00e9 par la plupart des &hellip;<\/p>\n","protected":false},"author":15,"featured_media":0,"parent":7628,"menu_order":0,"comment_status":"closed","ping_status":"closed","template":"","meta":{"_acf_changed":false,"footnotes":""},"acf":[],"_links":{"self":[{"href":"https:\/\/www.durodynecanada.com\/fr\/wp-json\/wp\/v2\/pages\/7946"}],"collection":[{"href":"https:\/\/www.durodynecanada.com\/fr\/wp-json\/wp\/v2\/pages"}],"about":[{"href":"https:\/\/www.durodynecanada.com\/fr\/wp-json\/wp\/v2\/types\/page"}],"author":[{"embeddable":true,"href":"https:\/\/www.durodynecanada.com\/fr\/wp-json\/wp\/v2\/users\/15"}],"replies":[{"embeddable":true,"href":"https:\/\/www.durodynecanada.com\/fr\/wp-json\/wp\/v2\/comments?post=7946"}],"version-history":[{"count":3,"href":"https:\/\/www.durodynecanada.com\/fr\/wp-json\/wp\/v2\/pages\/7946\/revisions"}],"predecessor-version":[{"id":8412,"href":"https:\/\/www.durodynecanada.com\/fr\/wp-json\/wp\/v2\/pages\/7946\/revisions\/8412"}],"up":[{"embeddable":true,"href":"https:\/\/www.durodynecanada.com\/fr\/wp-json\/wp\/v2\/pages\/7628"}],"wp:attachment":[{"href":"https:\/\/www.durodynecanada.com\/fr\/wp-json\/wp\/v2\/media?parent=7946"}],"curies":[{"name":"wp","href":"https:\/\/api.w.org\/{rel}","templated":true}]}}