{"id":7945,"date":"2017-04-05T09:31:34","date_gmt":"2017-04-05T13:31:34","guid":{"rendered":"https:\/\/www.durodynecanada.com\/nos-produits\/air-regulation\/hanging-strap\/"},"modified":"2022-07-06T09:41:08","modified_gmt":"2022-07-06T13:41:08","slug":"sangle-de-suspension","status":"publish","type":"page","link":"https:\/\/www.durodynecanada.com\/fr\/nos-produits\/regulateur-air\/sangle-de-suspension\/","title":{"rendered":"Sangle de suspension"},"content":{"rendered":"<div id=\"pl-7945\"  class=\"panel-layout\" ><div id=\"pg-7945-0\"  class=\"panel-grid panel-no-style\" ><div id=\"pgc-7945-0-0\"  class=\"panel-grid-cell\" ><div id=\"panel-7945-0-0-0\" class=\"so-panel widget widget_sow-editor panel-first-child panel-last-child\" data-index=\"0\" ><div\n\t\t\t\n\t\t\tclass=\"so-widget-sow-editor so-widget-sow-editor-base\"\n\t\t\t\n\t\t>\n<div class=\"siteorigin-widget-tinymce textwidget\">\n\t<h4>Sangle de suspension<\/h4>\n<p>Duro Dyne fournit des tissus Hanging Strap qui sont imperm\u00e9ables,<br \/>r\u00e9sistant \u00e0 la graisse, \u00e0 l'huile et aux acides, et ont peu de fum\u00e9e et de flamme<br \/>d\u00e9veloppement.<\/p>\n<\/div>\n<\/div><\/div><\/div><\/div><div id=\"pg-7945-1\"  class=\"panel-grid panel-no-style\" ><div id=\"pgc-7945-1-0\"  class=\"panel-grid-cell\" ><div id=\"panel-7945-1-0-0\" class=\"so-panel widget widget_sow-editor panel-first-child panel-last-child\" data-index=\"1\" ><div\n\t\t\t\n\t\t\tclass=\"so-widget-sow-editor so-widget-sow-editor-base\"\n\t\t\t\n\t\t>\n<div class=\"siteorigin-widget-tinymce textwidget\">\n\t<p><span style=\"color: #000000;\">Caract\u00e9ristiques<\/span>:<br \/>\n\u2022 L\u00e9ger<br \/>\n\u2022 Faible co\u00fbt<br \/>\n\u2022 Conception haute r\u00e9sistance<br \/>\n\u2022 Installation facile<br \/>\n\u2022 Aide \u00e0 \u00e9liminer les cliquetis<br \/>\n\u2022 Prend en charge les conduits flexibles sans endommager<br \/>\n\u2022 Veste ext\u00e9rieure<br \/>\n\u2022 \u00c9tanche et herm\u00e9tique<\/p>\n<table style=\"height: 9px;\" width=\"700\">\n<tbody>\n<tr>\n<td width=\"20%\"><strong>Article #<\/strong><\/td>\n<td width=\"20%\"><strong>Code<\/strong><\/td>\n<td width=\"35%\"><strong>Description<\/strong><\/td>\n<td width=\"25%\"><strong>Quantit\u00e9e par bo\u00eete<\/strong><\/td>\n<\/tr>\n<tr>\n<td width=\"20%\">10190<\/td>\n<td width=\"20%\"><strong>VDS200<\/strong><\/td>\n<td width=\"35%\">Vinyl Duro Strap 1-1\/2\" x 200'<\/td>\n<td width=\"25%\">200 pi. Rouleau<\/td>\n<\/tr>\n<\/tbody>\n<\/table>\n<p><a href=\"\/wp-content\/uploads\/2017\/04\/HangingStrap10190-Canada.pdf\" target=\"_blank\" rel=\"noopener noreferrer\">Fiche de documentation sur la sangle de suspension<\/a><\/p>\n<p>Cliquez <a href=\"https:\/\/www.durodynecanada.com\/fr\/nos-produits\/sangle-de-suspension\/\"><strong>ici <\/strong><\/a>pour voir d'autres sangles de suspension Duro Dyne<\/p>\n<\/div>\n<\/div><\/div><\/div><div id=\"pgc-7945-1-1\"  class=\"panel-grid-cell\" ><div id=\"panel-7945-1-1-0\" class=\"so-panel widget widget_sow-editor panel-first-child panel-last-child\" data-index=\"2\" ><div\n\t\t\t\n\t\t\tclass=\"so-widget-sow-editor so-widget-sow-editor-base\"\n\t\t\t\n\t\t>\n<div class=\"siteorigin-widget-tinymce textwidget\">\n\t<p><span style=\"color: #000000;\">Con\u00e7u pour \u00eatre suspendu<\/span><br \/>\u2022 Conduit flexible<br \/>\u2022 Conduit de ventilation en PVC<br \/>\u2022 Syst\u00e8mes de panneaux de conduits<br \/>\u2022 De nombreux aciers plus l\u00e9gers<br \/>\u2022 Applications de conduit<\/p>\n<\/div>\n<\/div><\/div><\/div><\/div><\/div>","protected":false},"excerpt":{"rendered":"<p>Sangle de suspensionDuro Dyne fournit des tissus Hanging Strap qui sont imperm\u00e9ables,r\u00e9sistant \u00e0 la graisse, \u00e0 l&rsquo;huile et aux acides, et ont peu de fum\u00e9e et de flammed\u00e9veloppement. Caract\u00e9ristiques: \u2022 L\u00e9ger \u2022 Faible co\u00fbt \u2022 Conception haute r\u00e9sistance \u2022 Installation facile \u2022 Aide \u00e0 \u00e9liminer les cliquetis \u2022 Prend en charge les conduits flexibles sans &hellip;<\/p>\n","protected":false},"author":15,"featured_media":0,"parent":7628,"menu_order":0,"comment_status":"closed","ping_status":"closed","template":"","meta":{"_acf_changed":false,"footnotes":""},"acf":[],"_links":{"self":[{"href":"https:\/\/www.durodynecanada.com\/fr\/wp-json\/wp\/v2\/pages\/7945"}],"collection":[{"href":"https:\/\/www.durodynecanada.com\/fr\/wp-json\/wp\/v2\/pages"}],"about":[{"href":"https:\/\/www.durodynecanada.com\/fr\/wp-json\/wp\/v2\/types\/page"}],"author":[{"embeddable":true,"href":"https:\/\/www.durodynecanada.com\/fr\/wp-json\/wp\/v2\/users\/15"}],"replies":[{"embeddable":true,"href":"https:\/\/www.durodynecanada.com\/fr\/wp-json\/wp\/v2\/comments?post=7945"}],"version-history":[{"count":5,"href":"https:\/\/www.durodynecanada.com\/fr\/wp-json\/wp\/v2\/pages\/7945\/revisions"}],"predecessor-version":[{"id":8522,"href":"https:\/\/www.durodynecanada.com\/fr\/wp-json\/wp\/v2\/pages\/7945\/revisions\/8522"}],"up":[{"embeddable":true,"href":"https:\/\/www.durodynecanada.com\/fr\/wp-json\/wp\/v2\/pages\/7628"}],"wp:attachment":[{"href":"https:\/\/www.durodynecanada.com\/fr\/wp-json\/wp\/v2\/media?parent=7945"}],"curies":[{"name":"wp","href":"https:\/\/api.w.org\/{rel}","templated":true}]}}