{"id":7940,"date":"2019-06-14T12:28:40","date_gmt":"2019-06-14T16:28:40","guid":{"rendered":"https:\/\/www.durodynecanada.com\/nos-produits\/air-regulation\/dyn-o-ties\/"},"modified":"2023-06-13T12:28:04","modified_gmt":"2023-06-13T16:28:04","slug":"dyn-o-ties","status":"publish","type":"page","link":"https:\/\/www.durodynecanada.com\/fr\/nos-produits\/regulateur-air\/dyn-o-ties\/","title":{"rendered":"Dyn-O-Ties"},"content":{"rendered":"<div id=\"pl-1707\" class=\"panel-layout\">\n<div id=\"pg-1707-0\" class=\"panel-grid panel-no-style\">\n<div id=\"pgc-1707-0-0\" class=\"panel-grid-cell\" data-weight=\"1\">\n<div id=\"panel-1707-0-0-0\" class=\"so-panel widget widget_sow-editor panel-first-child panel-last-child\" data-index=\"0\" data-style=\"{&quot;background_image_attachment&quot;:false,&quot;background_display&quot;:&quot;tile&quot;,&quot;featured_widgets&quot;:&quot;&quot;}\">\n<div class=\"so-widget-sow-editor so-widget-sow-editor-base\">\n<div class=\"siteorigin-widget-tinymce textwidget\">\n<h1><strong>DYN-O-TIES DURO DYNE<\/strong><\/h1>\n<p>Chaque fois que votre travail n\u00e9cessite de fixer une gaine flexible ronde \u00e0 des sorties, des tuyaux ou des raccords, vous pouvez faire le travail mieux, plus rapidement et \u00e0 moindre co\u00fbt en utilisant les <strong>DYN-O-TIES\u2122<\/strong>, des attaches pour gaines flexibles.<\/p>\n<p>Pas de ruban adh\u00e9sif, pas de vis, pas de colliers de serrage. Positionnez le conduit flexible et glissez un <strong>DYN-O-TIE<\/strong> autour du conduit flexible sur le joint. Serrez avec notre outil manuel \u00e0 cliquet. Un tour de poignet permet de terminer le travail en coupant l&rsquo;exc\u00e9dent de la languette en nylon pour obtenir la connexion la plus nette et la plus s\u00fbre que vous puissiez souhaiter.<\/p>\n<p>Les <strong>DYN-O-TIES<\/strong>, lorsqu&rsquo;ils sont correctement install\u00e9s, fournissent des joints s\u00e9curis\u00e9s et auto-extinguibles lors du raccordement de certains types de conduits flexibles r\u00e9pertori\u00e9s par Underwriters Laboratories Inc, classe 1.<\/p>\n<p><strong>* M\u00e9thode d&rsquo;essai :<\/strong> Une cravate est fix\u00e9e aux deux extr\u00e9mit\u00e9s pour former une boucle. Un poids est suspendu au bas de la boucle pour d\u00e9terminer la r\u00e9sistance \u00e0 la traction de la sangle <strong>DYN-O-TIE<\/strong>.<\/p>\n<p><strong><img loading=\"lazy\" decoding=\"async\" class=\"wp-image-1616 alignright\" src=\"\/wp-content\/uploads\/2017\/04\/dynotie.jpg\" alt=\"\" width=\"100\" height=\"148\" \/><\/strong><\/p>\n<p><strong>Nylon <\/strong>66V2. Auto-extinguible. Inerte aux champignons.<br \/>\nPlage de temp\u00e9rature de service normale : -40\u00b0F \u00e0 185\u00b0F.<br \/>\n<strong>R\u00e9sultats des tests :<\/strong> Nylon __ 275 lbs. *<\/p>\n<h2>Dyn-O-Ties en Nylon (DDN)<\/h2>\n<table width=\"100%\">\n<tbody>\n<tr>\n<td width=\"9%\"><strong>Item No.<\/strong><\/td>\n<td width=\"12%\"><strong>Code<\/strong><\/td>\n<td width=\"14%\"><strong>Longueur<\/strong><\/td>\n<td width=\"38%\"><strong>Diam\u00e8tre maximal<\/strong><\/td>\n<td style=\"text-align: center;\" width=\"12%\"><strong>Qt\u00e9 par Pqt<\/strong><\/td>\n<\/tr>\n<tr>\n<td width=\"15%\">7004<\/td>\n<td width=\"9%\"><strong>DN-36N<\/strong><\/td>\n<td width=\"12%\">36<\/td>\n<td width=\"14%\">11&Prime;<\/td>\n<td style=\"text-align: center;\" width=\"12%\">50<\/td>\n<\/tr>\n<tr>\n<td width=\"15%\">6299<\/td>\n<td width=\"9%\"><strong>DDN-48<\/strong><\/td>\n<td width=\"12%\">48<\/td>\n<td width=\"14%\">15&Prime;<\/td>\n<td style=\"text-align: center;\" width=\"12%\">50<\/td>\n<\/tr>\n<\/tbody>\n<\/table>\n<h2>Dyn-O-Ties en Titane<\/h2>\n<p><img loading=\"lazy\" decoding=\"async\" class=\"alignnone size-medium wp-image-6415\" src=\"https:\/\/www.durodynecanada.com\/wp-content\/uploads\/2017\/04\/titanium_ties_logo-300x154.jpg\" sizes=\"(max-width: 300px) 100vw, 300px\" srcset=\"https:\/\/www.durodynecanada.com\/wp-content\/uploads\/2017\/04\/titanium_ties_logo-300x154.jpg 300w, https:\/\/www.durodynecanada.com\/wp-content\/uploads\/2017\/04\/titanium_ties_logo.jpg 473w\" alt=\"Titanium Ties Logo\" width=\"300\" height=\"154\" \/><\/p>\n<p><strong>Les attaches Dyn-O-Ties en titane<\/strong> ont une r\u00e9sistance sup\u00e9rieure ! Ils sont r\u00e9pertori\u00e9s UL avec la liste UL directement sur le lien, ce qui en facilite la sp\u00e9cification. Ils sont disponibles en lani\u00e8res Dyn-O-Ties de 36 pouces pour service intensif. Ils sont de couleur gris titane et fabriqu\u00e9s aux \u00c9tats-Unis.<\/p>\n<ul>\n<li>Temp\u00e9rature de fonctionnement maximale : 185\u00b0F (85\u00b0C)<\/li>\n<li>R\u00e9sistance \u00e0 la traction : 779N (175 lbs)<\/li>\n<\/ul>\n<table width=\"100%\">\n<tbody>\n<tr>\n<td width=\"9%\"><strong>Item No.<\/strong><\/td>\n<td width=\"12%\"><strong>Code<\/strong><\/td>\n<td width=\"14%\"><strong>Longueur<\/strong><\/td>\n<td width=\"38%\"><b>Diam\u00e8tre Maximal<\/b><\/td>\n<td style=\"text-align: center;\" width=\"12%\"><strong>Qt\u00e9 par Pqt<\/strong><\/td>\n<\/tr>\n<tr>\n<td width=\"15%\">7116<\/td>\n<td width=\"9%\"><strong>DN36HDG<\/strong><\/td>\n<td width=\"12%\">36<\/td>\n<td width=\"14%\">11&Prime;<\/td>\n<td style=\"text-align: center;\" width=\"12%\">50<\/td>\n<\/tr>\n<\/tbody>\n<\/table>\n<p><a href=\"https:\/\/www.durodynecanada.com\/wp-content\/uploads\/2017\/04\/titanium_dynoties_litsheet_ddc.pdf\">Fiche de documentation sur les attaches Dyn-O-Ties en titane DDC<\/a><\/p>\n<p><a href=\"https:\/\/www.durodynecanada.com\/wp-content\/uploads\/2017\/04\/titanium_dynoties_submittal_ddc.pdf\">Soumission de Dyn-O-Ties en Titane DDC<\/a><\/p>\n<h2><strong>Outil d&rsquo;installation Dyn-O-Ties (DIT)<\/strong><\/h2>\n<p>Cet outil l\u00e9ger est couramment utilis\u00e9 pour installer la plupart des marques de liens en nylon pour conduits.<\/p>\n<p><strong><img loading=\"lazy\" decoding=\"async\" class=\"alignright wp-image-5722 size-medium\" src=\"https:\/\/www.durodynecanada.com\/wp-content\/uploads\/2017\/04\/dit2-300x150.jpg\" sizes=\"(max-width: 300px) 100vw, 300px\" srcset=\"https:\/\/www.durodynecanada.com\/wp-content\/uploads\/2017\/04\/dit2-300x150.jpg 300w, https:\/\/www.durodynecanada.com\/wp-content\/uploads\/2017\/04\/dit2.jpg 360w\" alt=\"\" width=\"300\" height=\"150\" \/><\/strong><\/p>\n<table width=\"100%\">\n<tbody>\n<tr>\n<td width=\"14%\"><strong>Item No.<\/strong><\/td>\n<td width=\"35%\"><strong>Code<\/strong><\/td>\n<td width=\"49%\"><strong>Description<\/strong><\/td>\n<\/tr>\n<tr>\n<td width=\"14%\">7343<\/td>\n<td width=\"35%\"><strong>DIT-3<\/strong><\/td>\n<td width=\"49%\">Outil d&rsquo;installation Dyn-O-Ties \u00e0 utiliser avec les Dyn-O-Ties en nylon.<\/td>\n<\/tr>\n<\/tbody>\n<\/table>\n<\/div>\n<\/div>\n<\/div>\n<\/div>\n<\/div>\n<\/div>\n","protected":false},"excerpt":{"rendered":"<p>DYN-O-TIES DURO DYNE Chaque fois que votre travail n\u00e9cessite de fixer une gaine flexible ronde \u00e0 des sorties, des tuyaux ou des raccords, vous pouvez faire le travail mieux, plus rapidement et \u00e0 moindre co\u00fbt en utilisant les DYN-O-TIES\u2122, des attaches pour gaines flexibles. Pas de ruban adh\u00e9sif, pas de vis, pas de colliers de &hellip;<\/p>\n","protected":false},"author":15,"featured_media":0,"parent":7628,"menu_order":0,"comment_status":"closed","ping_status":"closed","template":"","meta":{"_acf_changed":false,"footnotes":""},"acf":[],"_links":{"self":[{"href":"https:\/\/www.durodynecanada.com\/fr\/wp-json\/wp\/v2\/pages\/7940"}],"collection":[{"href":"https:\/\/www.durodynecanada.com\/fr\/wp-json\/wp\/v2\/pages"}],"about":[{"href":"https:\/\/www.durodynecanada.com\/fr\/wp-json\/wp\/v2\/types\/page"}],"author":[{"embeddable":true,"href":"https:\/\/www.durodynecanada.com\/fr\/wp-json\/wp\/v2\/users\/15"}],"replies":[{"embeddable":true,"href":"https:\/\/www.durodynecanada.com\/fr\/wp-json\/wp\/v2\/comments?post=7940"}],"version-history":[{"count":11,"href":"https:\/\/www.durodynecanada.com\/fr\/wp-json\/wp\/v2\/pages\/7940\/revisions"}],"predecessor-version":[{"id":8948,"href":"https:\/\/www.durodynecanada.com\/fr\/wp-json\/wp\/v2\/pages\/7940\/revisions\/8948"}],"up":[{"embeddable":true,"href":"https:\/\/www.durodynecanada.com\/fr\/wp-json\/wp\/v2\/pages\/7628"}],"wp:attachment":[{"href":"https:\/\/www.durodynecanada.com\/fr\/wp-json\/wp\/v2\/media?parent=7940"}],"curies":[{"name":"wp","href":"https:\/\/api.w.org\/{rel}","templated":true}]}}