{"id":7929,"date":"2019-06-13T02:00:47","date_gmt":"2019-06-13T06:00:47","guid":{"rendered":"https:\/\/www.durodynecanada.com\/nos-produits\/adhesives\/applicators\/"},"modified":"2022-06-16T15:50:33","modified_gmt":"2022-06-16T19:50:33","slug":"applicateurs","status":"publish","type":"page","link":"https:\/\/www.durodynecanada.com\/fr\/nos-produits\/adhesifs\/applicateurs\/","title":{"rendered":"Applicateurs"},"content":{"rendered":"<div id=\"pl-7929\"  class=\"panel-layout\" ><div id=\"pg-7929-0\"  class=\"panel-grid panel-no-style\" ><div id=\"pgc-7929-0-0\"  class=\"panel-grid-cell\" ><div id=\"panel-7929-0-0-0\" class=\"so-panel widget widget_sow-editor panel-first-child panel-last-child\" data-index=\"0\" ><div\n\t\t\t\n\t\t\tclass=\"so-widget-sow-editor so-widget-sow-editor-base\"\n\t\t\t\n\t\t>\n<div class=\"siteorigin-widget-tinymce textwidget\">\n\t<h1><span style=\"color: #000000;\"><strong>ADH\u00c9SIF ISOLANT ET<br \/>APPLICATEURS D'\u00c9TANCH\u00c9IT\u00c9 DE CONDUITS<\/strong><\/span><\/h1>\n<\/div>\n<\/div><\/div><\/div><\/div><div id=\"pg-7929-1\"  class=\"panel-grid panel-no-style\" ><div id=\"pgc-7929-1-0\"  class=\"panel-grid-cell\" ><div id=\"panel-7929-1-0-0\" class=\"so-panel widget widget_sow-editor panel-first-child panel-last-child\" data-index=\"1\" ><div\n\t\t\t\n\t\t\tclass=\"so-widget-sow-editor so-widget-sow-editor-base\"\n\t\t\t\n\t\t>\n<div class=\"siteorigin-widget-tinymce textwidget\">\n\t<h2><span style=\"color: #000000;\"><strong>Pinceaux \u00e0 colle - poils naturels <\/strong><\/span><\/h2>\n<table width=\"95%\">\n<tbody>\n<tr>\n<td width=\"15%\"><strong>Num\u00e9ro d'article<\/strong><\/td>\n<td width=\"12%\"><strong>Code<\/strong><\/td>\n<td width=\"47%\"><strong>Description<\/strong><\/td>\n<td width=\"26%\"><strong>Unit\u00e9s par bo\u00eete<\/strong><\/td>\n<\/tr>\n<tr>\n<td width=\"15%\">5008<\/td>\n<td width=\"12%\"><strong>BB-1<\/strong><\/td>\n<td width=\"47%\">1\" Bristle Brush<\/td>\n<td width=\"26%\">36<\/td>\n<\/tr>\n<tr>\n<td width=\"15%\">5014<\/td>\n<td width=\"12%\"><strong>BB-15<\/strong><\/td>\n<td width=\"47%\">1-1\/2\" Bristle Brush<\/td>\n<td width=\"26%\">24<\/td>\n<\/tr>\n<tr>\n<td width=\"15%\">5022<\/td>\n<td width=\"12%\"><strong>BB-2<\/strong><\/td>\n<td width=\"47%\">2\" Bristle Brush<\/td>\n<td width=\"26%\">24<\/td>\n<\/tr>\n<tr>\n<td width=\"15%\">5029<\/td>\n<td width=\"12%\"><strong>BB-3<\/strong><\/td>\n<td width=\"47%\">3\" Bristle Brush<\/td>\n<td width=\"26%\">12<\/td>\n<\/tr>\n<tr>\n<td width=\"15%\">5039<\/td>\n<td width=\"12%\"><strong>BB-4<\/strong><\/td>\n<td width=\"47%\">4\" Bristle Brush<\/td>\n<td width=\"26%\">12<\/td>\n<\/tr>\n<\/tbody>\n<\/table>\n<p><a href=\"\/wp-content\/uploads\/2019\/02\/bb_brushes_litsheet2018.pdf\" target=\"_blank\" rel=\"noopener noreferrer\">Fiche de documentation sur les brosses BB<\/a><\/p>\n<\/div>\n<\/div><\/div><\/div><div id=\"pgc-7929-1-1\"  class=\"panel-grid-cell\" ><div id=\"panel-7929-1-1-0\" class=\"so-panel widget widget_sow-editor panel-first-child panel-last-child\" data-index=\"2\" ><div\n\t\t\t\n\t\t\tclass=\"so-widget-sow-editor so-widget-sow-editor-base\"\n\t\t\t\n\t\t>\n<div class=\"siteorigin-widget-tinymce textwidget\">\n\t<\/p>\n<p><img decoding=\"async\" class=\"size-full wp-image-1799 aligncenter\" src=\"\/wp-content\/uploads\/2019\/02\/bb_brushset.jpg\" alt=\"\"><\/p>\n<\/div>\n<\/div><\/div><\/div><\/div><div id=\"pg-7929-2\"  class=\"panel-grid panel-no-style\" ><div id=\"pgc-7929-2-0\"  class=\"panel-grid-cell\" ><div id=\"panel-7929-2-0-0\" class=\"so-panel widget widget_sow-editor panel-first-child panel-last-child\" data-index=\"3\" ><div\n\t\t\t\n\t\t\tclass=\"so-widget-sow-editor so-widget-sow-editor-base\"\n\t\t\t\n\t\t>\n<div class=\"siteorigin-widget-tinymce textwidget\">\n\t<h2><span style=\"color: #000000;\"><strong>Brosse Pl\u00e9num<\/strong><\/span><\/h2>\n<p>La brosse Plenum a des poils de 5,1 cm de large qui sont inclin\u00e9s \u00e0 un angle de 45\u00b0. Le corps de la brosse mesure 45,7 cm de long pour donner un acc\u00e8s facile aux endroits difficiles \u00e0 atteindre.<\/p>\n<table width=\"95%\">\n<tbody>\n<tr>\n<td width=\"15%\"><strong>Num\u00e9ro d'article<\/strong><\/td>\n<td width=\"12%\"><strong>Code<\/strong><\/td>\n<td width=\"47%\"><strong>Description<\/strong><\/td>\n<td width=\"26%\"><strong>Unit\u00e9s par bo\u00eete<\/strong><\/td>\n<\/tr>\n<tr>\n<td width=\"15%\">5007<\/td>\n<td width=\"12%\"><strong>PB-2<\/strong><\/td>\n<td width=\"47%\">Brosse Pl\u00e9num<\/td>\n<td width=\"26%\">12<\/td>\n<\/tr>\n<\/tbody>\n<\/table>\n<p><a href=\"https:\/\/www.durodynecanada.com\/wp-content\/uploads\/2017\/04\/plenum_brush_litsheet.pdf\">Fiche de documentation sur les brosses Plenum<\/a><\/p>\n<p>&nbsp;<\/p>\n<p>&nbsp;<\/p>\n<\/div>\n<\/div><\/div><\/div><div id=\"pgc-7929-2-1\"  class=\"panel-grid-cell\" ><div id=\"panel-7929-2-1-0\" class=\"so-panel widget widget_sow-editor panel-first-child panel-last-child\" data-index=\"4\" ><div\n\t\t\t\n\t\t\tclass=\"so-widget-sow-editor so-widget-sow-editor-base\"\n\t\t\t\n\t\t>\n<div class=\"siteorigin-widget-tinymce textwidget\">\n\t<\/p>\n<p><img loading=\"lazy\" decoding=\"async\" class=\"alignnone wp-image-4565 size-medium\" src=\"https:\/\/www.durodynecanada.com\/wp-content\/uploads\/2017\/04\/plenum_brush-300x105.jpg\" alt=\"Brosse Pl\u00e9num\" width=\"300\" height=\"105\" srcset=\"https:\/\/www.durodynecanada.com\/wp-content\/uploads\/2017\/04\/plenum_brush-300x105.jpg 300w, https:\/\/www.durodynecanada.com\/wp-content\/uploads\/2017\/04\/plenum_brush-600x210.jpg 600w, https:\/\/www.durodynecanada.com\/wp-content\/uploads\/2017\/04\/plenum_brush-540x189.jpg 540w, https:\/\/www.durodynecanada.com\/wp-content\/uploads\/2017\/04\/plenum_brush.jpg 720w\" sizes=\"(max-width: 300px) 100vw, 300px\" \/><\/p>\n<\/p>\n<\/p>\n<\/p><\/p>\n<\/div>\n<\/div><\/div><\/div><\/div><div id=\"pg-7929-3\"  class=\"panel-grid panel-no-style\" ><div id=\"pgc-7929-3-0\"  class=\"panel-grid-cell\" ><div id=\"panel-7929-3-0-0\" class=\"so-panel widget widget_sow-editor panel-first-child panel-last-child\" data-index=\"5\" ><div\n\t\t\t\n\t\t\tclass=\"so-widget-sow-editor so-widget-sow-editor-base\"\n\t\t\t\n\t\t>\n<div class=\"siteorigin-widget-tinymce textwidget\">\n\t<h2><span style=\"color: #000000;\"><strong>Pistolet \u00e0 calfeutrer<\/strong><\/span><\/h2>\n<table width=\"95%\">\n<tbody>\n<tr>\n<td width=\"15%\"><strong>Num\u00e9ro d'article<\/strong><\/td>\n<td width=\"12%\"><strong>Code<\/strong><\/td>\n<td width=\"47%\"><strong>Description<\/strong><\/td>\n<td width=\"26%\"><strong>Unit\u00e9s par bo\u00eete<\/strong><\/td>\n<\/tr>\n<tr>\n<td width=\"15%\">5125<\/td>\n<td width=\"12%\"><strong>SG-2<\/strong><\/td>\n<td width=\"47%\">Pistolet \u00e0 calfeutrer pour 11 oz. Cartouches<\/td>\n<td width=\"26%\">6<\/td>\n<\/tr>\n<\/tbody>\n<\/table>\n<p><a href=\"\/wp-content\/uploads\/2019\/02\/sg2_litsheet2018.pdf\" target=\"_blank\" rel=\"noopener noreferrer\">Fiche de documentation SG-2<\/a><\/p>\n<\/div>\n<\/div><\/div><\/div><div id=\"pgc-7929-3-1\"  class=\"panel-grid-cell\" ><div id=\"panel-7929-3-1-0\" class=\"so-panel widget widget_sow-editor panel-first-child panel-last-child\" data-index=\"6\" ><div\n\t\t\t\n\t\t\tclass=\"so-widget-sow-editor so-widget-sow-editor-base\"\n\t\t\t\n\t\t>\n<div class=\"siteorigin-widget-tinymce textwidget\">\n\t<p>&nbsp;<\/p>\n<p><img decoding=\"async\" class=\"size-full wp-image-1809 aligncenter\" src=\"\/wp-content\/uploads\/2019\/02\/sg2.jpg\" alt=\"\"><\/p>\n<\/div>\n<\/div><\/div><\/div><\/div><div id=\"pg-7929-4\"  class=\"panel-grid panel-no-style\" ><div id=\"pgc-7929-4-0\"  class=\"panel-grid-cell\" ><div id=\"panel-7929-4-0-0\" class=\"so-panel widget widget_sow-editor panel-first-child\" data-index=\"7\" ><div\n\t\t\t\n\t\t\tclass=\"so-widget-sow-editor so-widget-sow-editor-base\"\n\t\t\t\n\t\t>\n<div class=\"siteorigin-widget-tinymce textwidget\">\n\t<h2><span style=\"color: #000000;\"><strong>Super Sprayfast Universel<\/strong><\/span><\/h2>\n<p>Syst\u00e8me d'application d'adh\u00e9sif d'isolation pour adh\u00e9sif \u00e0 base d'eau<br \/>\nSp\u00e9cialement con\u00e7u pour \u00eatre utilis\u00e9 avec Duro Dyne WSA et AVEC adh\u00e9sif \u00e0 base d'eau.<br \/>\n\u00c0 utiliser avec un seau de 5 gallons ou un baril de 45 gallons.<\/p>\n<table width=\"95%\">\n<tbody>\n<tr>\n<td width=\"15%\"><strong>Num\u00e9ro d'article<\/strong><\/td>\n<td width=\"12%\"><strong>Code<\/strong><\/td>\n<td width=\"47%\"><strong>Description<\/strong><\/td>\n<\/tr>\n<tr>\n<td width=\"15%\">5151<\/td>\n<td width=\"12%\"><strong>SSFU<\/strong><\/td>\n<td width=\"47%\">Super Sprayfast Universel<\/td>\n<\/tr>\n<\/tbody>\n<\/table>\n<p><a href=\"\/wp-content\/uploads\/2017\/03\/ssfu_litsheet.pdf\" target=\"_blank\" rel=\"noopener noreferrer\">Fiche de litt\u00e9rature SSFU<\/a><\/p>\n<\/div>\n<\/div><\/div><div id=\"panel-7929-4-0-1\" class=\"so-panel widget widget_sow-editor panel-last-child\" data-index=\"8\" ><div\n\t\t\t\n\t\t\tclass=\"so-widget-sow-editor so-widget-sow-editor-base\"\n\t\t\t\n\t\t>\n<div class=\"siteorigin-widget-tinymce textwidget\">\n\t<h2><span style=\"color: #000000;\"><strong>Applicateur d'adh\u00e9sif GBAC<\/strong><\/span><\/h2>\n<p>Le <strong>GBAC<\/strong>applique l'adh\u00e9sif \u00e0 base d'eau Duro Dyne <strong>WIT<\/strong>ou <strong>WSA<\/strong>sur l'isolant en pr\u00e9paration de l'application sur la t\u00f4le. Il n\u00e9cessite un service de 110 V avec fusible pour 15 amp\u00e8res. Une source d'air est n\u00e9cessaire. Pr\u00e9cisez le sens du flux de travail lors de la commande.<\/p>\n<table width=\"95%\">\n<tbody>\n<tr>\n<td width=\"15%\"><strong>Num\u00e9ro d'article<\/strong><\/td>\n<td width=\"12%\"><strong>Code<\/strong><\/td>\n<td width=\"47%\"><strong>Description<\/strong><\/td>\n<\/tr>\n<tr>\n<td width=\"15%\">39171<\/td>\n<td width=\"12%\"><strong>GBAC<\/strong><\/td>\n<td width=\"47%\">Roto Bonder Flux de gauche \u00e0 droite<\/td>\n<\/tr>\n<tr>\n<td width=\"15%\">39250<\/td>\n<td width=\"12%\"><strong>GBAC<\/strong><\/td>\n<td width=\"47%\">Roto Bonder d\u00e9bit de droite \u00e0 gauche<\/td>\n<\/tr>\n<\/tbody>\n<\/table>\n<p><a href=\"https:\/\/www.durodynecanada.com\/wp-content\/uploads\/2019\/02\/gbac_litsheet.pdf\">Fiche de documentation GBAC<\/a><\/p>\n<p><a href=\"https:\/\/www.durodynecanada.com\/wp-content\/uploads\/2019\/02\/gbac_manual.pdf\">Manuel GBAC<\/a><\/p>\n<\/div>\n<\/div><\/div><\/div><div id=\"pgc-7929-4-1\"  class=\"panel-grid-cell\" ><div id=\"panel-7929-4-1-0\" class=\"so-panel widget widget_sow-editor panel-first-child\" data-index=\"9\" ><div\n\t\t\t\n\t\t\tclass=\"so-widget-sow-editor so-widget-sow-editor-base\"\n\t\t\t\n\t\t>\n<div class=\"siteorigin-widget-tinymce textwidget\">\n\t<\/p>\n<\/p>\n<p><img loading=\"lazy\" decoding=\"async\" width=\"1450\" height=\"1200\" class=\"size-full wp-image-1810 aligncenter\" src=\"\/wp-content\/uploads\/2017\/04\/ssfu.jpg\" alt=\"\" srcset=\"https:\/\/www.durodynecanada.com\/wp-content\/uploads\/2017\/04\/ssfu.jpg 1450w, https:\/\/www.durodynecanada.com\/wp-content\/uploads\/2017\/04\/ssfu-600x497.jpg 600w, https:\/\/www.durodynecanada.com\/wp-content\/uploads\/2017\/04\/ssfu-300x248.jpg 300w, https:\/\/www.durodynecanada.com\/wp-content\/uploads\/2017\/04\/ssfu-768x636.jpg 768w, https:\/\/www.durodynecanada.com\/wp-content\/uploads\/2017\/04\/ssfu-1024x847.jpg 1024w, https:\/\/www.durodynecanada.com\/wp-content\/uploads\/2017\/04\/ssfu-540x447.jpg 540w\" sizes=\"(max-width: 1450px) 100vw, 1450px\" \/><\/p>\n<\/div>\n<\/div><\/div><div id=\"panel-7929-4-1-1\" class=\"so-panel widget widget_sow-editor panel-last-child\" data-index=\"10\" ><div\n\t\t\t\n\t\t\tclass=\"so-widget-sow-editor so-widget-sow-editor-base\"\n\t\t\t\n\t\t>\n<div class=\"siteorigin-widget-tinymce textwidget\">\n\t<\/p>\n<\/p>\n<p><img loading=\"lazy\" decoding=\"async\" class=\"alignnone wp-image-4751\" src=\"https:\/\/www.durodynecanada.com\/wp-content\/uploads\/2019\/02\/gbac_2019.jpg\" alt=\"GBAC_2019\" width=\"350\" height=\"192\"><\/p>\n<\/div>\n<\/div><\/div><\/div><\/div><\/div>","protected":false},"excerpt":{"rendered":"<p>ADH\u00c9SIF ISOLANT ETAPPLICATEURS D&rsquo;\u00c9TANCH\u00c9IT\u00c9 DE CONDUITS Pinceaux \u00e0 colle &#8211; poils naturels Num\u00e9ro d&rsquo;article Code Description Unit\u00e9s par bo\u00eete5008BB-11&Prime; Bristle Brush365014BB-151-1\/2&Prime; Bristle Brush245022BB-22&Prime; Bristle Brush245029BB-33&Prime; Bristle Brush125039BB-44&Prime; Bristle Brush12Fiche de documentation sur les brosses BB<\/p>\n","protected":false},"author":15,"featured_media":0,"parent":7623,"menu_order":5,"comment_status":"closed","ping_status":"closed","template":"","meta":{"_acf_changed":false,"footnotes":""},"acf":[],"_links":{"self":[{"href":"https:\/\/www.durodynecanada.com\/fr\/wp-json\/wp\/v2\/pages\/7929"}],"collection":[{"href":"https:\/\/www.durodynecanada.com\/fr\/wp-json\/wp\/v2\/pages"}],"about":[{"href":"https:\/\/www.durodynecanada.com\/fr\/wp-json\/wp\/v2\/types\/page"}],"author":[{"embeddable":true,"href":"https:\/\/www.durodynecanada.com\/fr\/wp-json\/wp\/v2\/users\/15"}],"replies":[{"embeddable":true,"href":"https:\/\/www.durodynecanada.com\/fr\/wp-json\/wp\/v2\/comments?post=7929"}],"version-history":[{"count":3,"href":"https:\/\/www.durodynecanada.com\/fr\/wp-json\/wp\/v2\/pages\/7929\/revisions"}],"predecessor-version":[{"id":8372,"href":"https:\/\/www.durodynecanada.com\/fr\/wp-json\/wp\/v2\/pages\/7929\/revisions\/8372"}],"up":[{"embeddable":true,"href":"https:\/\/www.durodynecanada.com\/fr\/wp-json\/wp\/v2\/pages\/7623"}],"wp:attachment":[{"href":"https:\/\/www.durodynecanada.com\/fr\/wp-json\/wp\/v2\/media?parent=7929"}],"curies":[{"name":"wp","href":"https:\/\/api.w.org\/{rel}","templated":true}]}}