{"id":7910,"date":"2019-04-12T01:41:22","date_gmt":"2019-04-12T05:41:22","guid":{"rendered":"https:\/\/www.durodynecanada.com\/newsletter\/"},"modified":"2022-06-16T14:48:01","modified_gmt":"2022-06-16T18:48:01","slug":"bulletin","status":"publish","type":"page","link":"https:\/\/www.durodynecanada.com\/fr\/bulletin\/","title":{"rendered":"Bulletin des bons moments"},"content":{"rendered":"<div id=\"pl-7910\"  class=\"panel-layout\" ><div id=\"pg-7910-0\"  class=\"panel-grid panel-no-style\" ><div id=\"pgc-7910-0-0\"  class=\"panel-grid-cell\" ><div id=\"panel-7910-0-0-0\" class=\"so-panel widget widget_sow-editor panel-first-child panel-last-child\" data-index=\"0\" ><div\n\t\t\t\n\t\t\tclass=\"so-widget-sow-editor so-widget-sow-editor-base\"\n\t\t\t\n\t\t>\n<div class=\"siteorigin-widget-tinymce textwidget\">\n\t<h1>Bulletin des bons moments<\/h1>\n<p> <img loading=\"lazy\" decoding=\"async\" class=\"alignnone wp-image-3772\" src=\"https:\/\/www.durodynecanada.com\/wp-content\/uploads\/2019\/04\/gt_logo1-300x147.jpg\" alt=\"Good Times Logo 1\" width=\"501\" height=\"246\" srcset=\"https:\/\/www.durodynecanada.com\/wp-content\/uploads\/2019\/04\/gt_logo1-300x147.jpg 300w, https:\/\/www.durodynecanada.com\/wp-content\/uploads\/2019\/04\/gt_logo1-600x295.jpg 600w, https:\/\/www.durodynecanada.com\/wp-content\/uploads\/2019\/04\/gt_logo1-540x265.jpg 540w, https:\/\/www.durodynecanada.com\/wp-content\/uploads\/2019\/04\/gt_logo1.jpg 668w\" sizes=\"(max-width: 501px) 100vw, 501px\" \/><\/p>\n<\/div>\n<\/div><\/div><\/div><\/div><div id=\"pg-7910-1\"  class=\"panel-grid panel-no-style\" ><div id=\"pgc-7910-1-0\"  class=\"panel-grid-cell\" ><div id=\"panel-7910-1-0-0\" class=\"so-panel widget widget_sow-editor panel-first-child panel-last-child\" data-index=\"1\" ><div\n\t\t\t\n\t\t\tclass=\"so-widget-sow-editor so-widget-sow-editor-base\"\n\t\t\t\n\t\t>\n<div class=\"siteorigin-widget-tinymce textwidget\">\n\t<p>Num\u00e9ro actuel : <strong>1er trimestre 2019<\/strong><\/p>\n<p>Pour voir le bulletin Good Times, un lecteur Adobe Acrobat PDF est requis.<\/p>\n<p>Vous pouvez t\u00e9l\u00e9charger une copie gratuite de ce lecteur <strong><a href=\"https:\/\/acrobat.adobe.com\/ca\/en\/acrobat\/pdf-reader.html\">ici<\/a><\/strong>.<\/p>\n<hr>\n<p><select name=\"tsus\" onchange=\"location = this.value;\"><option value=\"\">S\u00e9lectionnez un num\u00e9ro ant\u00e9rieur de la newsletter Good Times :<\/option><option value=\"http:\/\/www.durodyne.com\/past-issues\/2019-1stQuarter.pdf\">1er Trimestre 2019<\/option><option value=\"http:\/\/www.durodyne.com\/past-issues\/2018-4thQuarter.pdf\">4e trimestre 2018<\/option><option value=\"http:\/\/www.durodyne.com\/past-issues\/2018-3rdQuarter.pdf\">3e trimestre 2018<\/option><option value=\"http:\/\/www.durodyne.com\/past-issues\/2018-2ndQuarter.pdf\">2e trimestre 2018<\/option><option value=\"http:\/\/www.durodyne.com\/past-issues\/2018-1stQuarter.pdf\">1er Trimestre 2018<\/option><option value=\"http:\/\/www.durodyne.com\/past-issues\/2017-4thQuarter.pdf\">4e trimestre 2017<\/option><option value=\"http:\/\/www.durodyne.com\/past-issues\/2017-3rdQuarter.pdf\">3e trimestre 2017<\/option><option value=\"http:\/\/www.durodyne.com\/past-issues\/2017-2ndQuarter.pdf\">2e trimestre 2017<\/option><option value=\"http:\/\/www.durodyne.com\/past-issues\/2017-1stQuarter.pdf\">1er Trimestre 2017<\/option><option value=\"http:\/\/www.durodyne.com\/past-issues\/Winter16.pdf\">Hiver 2016<\/option><option value=\"http:\/\/www.durodyne.com\/past-issues\/Fall16.pdf\">Automne 2016<\/option><option value=\"http:\/\/www.durodyne.com\/past-issues\/Summer16.pdf\">\u00c9t\u00e9 2016<\/option><option value=\"http:\/\/www.durodyne.com\/past-issues\/Spring16.pdf\">Printemps 2016<\/option><option value=\"http:\/\/www.durodyne.com\/past-issues\/Winter16.pdf\">Hiver 2016<\/option><option value=\"http:\/\/www.durodyne.com\/past-issues\/Fall15.pdf\">Automne 2015<\/option><option value=\"http:\/\/www.durodyne.com\/past-issues\/Summer15.pdf\">\u00c9t\u00e9 2015<\/option><option value=\"http:\/\/www.durodyne.com\/past-issues\/Spring15.pdf\">Printemps 2015<\/option><option value=\"http:\/\/www.durodyne.com\/past-issues\/Winter15.pdf\">Hiver 2015<\/option><option value=\"http:\/\/www.durodyne.com\/past-issues\/Fall14.pdf\">Automne 2014<\/option><option value=\"http:\/\/www.durodyne.com\/past-issues\/Summer14.pdf\">\u00c9t\u00e9 2014<\/option><option value=\"http:\/\/www.durodyne.com\/past-issues\/Spring14.pdf\">Printemps 2014<\/option><option value=\"http:\/\/www.durodyne.com\/past-issues\/Winter14.pdf\">Hiver 2014<\/option><option value=\"http:\/\/www.durodyne.com\/past-issues\/Fall13.pdf\">Automne 2013<\/option><option value=\"http:\/\/www.durodyne.com\/past-issues\/Summer13.pdf\">\u00c9t\u00e9 2013<\/option><option value=\"http:\/\/www.durodyne.com\/past-issues\/Spring13.pdf\">Printemps 2013<\/option><option value=\"http:\/\/www.durodyne.com\/past-issues\/Winter13.pdf\">Hiver 2013<\/option><option value=\"http:\/\/www.durodyne.com\/past-issues\/Fall12.pdf\">Automne 2012<\/option><option value=\"http:\/\/www.durodyne.com\/past-issues\/Summer12.pdf\">\u00c9t\u00e9 2012<\/option><option value=\"http:\/\/www.durodyne.com\/past-issues\/Spring12.pdf\">Printemps 2012<\/option><option value=\"http:\/\/www.durodyne.com\/past-issues\/GTWinter12.pdf\">Hiver 2012<\/option><option value=\"http:\/\/www.durodyne.com\/past-issues\/Fall2011.pdf\">Automne 2011<\/option><option value=\"http:\/\/www.durodyne.com\/past-issues\/Summer11.pdf\">\u00c9t\u00e9 2011<\/option><option value=\"http:\/\/www.durodyne.com\/past-issues\/Spring11.pdf\">Printemps 2011<\/option><option value=\"http:\/\/www.durodyne.com\/past-issues\/Winter11.pdf\">Hiver2011<\/option><option value=\"http:\/\/www.durodyne.com\/past-issues\/Fall2010.pdf\">Automne 2010<\/option><option value=\"http:\/\/www.durodyne.com\/past-issues\/Summer10.pdf\">\u00c9t\u00e9 2010<\/option><option value=\"http:\/\/www.durodyne.com\/past-issues\/Spring10.pdf\">Printemps 2010<\/option><option value=\"http:\/\/www.durodyne.com\/past-issues\/Winter10.pdf\">Hiver 2010<\/option><option value=\"http:\/\/www.durodyne.com\/past-issues\/Fall09.pdf\">Automne 2009<\/option><option value=\"http:\/\/www.durodyne.com\/past-issues\/Summer09.pdf\">\u00c9t\u00e9 2009<\/option><option value=\"http:\/\/www.durodyne.com\/past-issues\/Spring09.pdf\">Printemps 2009<\/option><option value=\"http:\/\/www.durodyne.com\/past-issues\/Winter09.pdf\">Hiver 2009<\/option><option value=\"http:\/\/www.durodyne.com\/past-issues\/Fall08.pdf\">Automne 2008<\/option><option value=\"http:\/\/www.durodyne.com\/past-issues\/Summer08.pdf\">\u00c9t\u00e9 2008<\/option><option value=\"http:\/\/www.durodyne.com\/past-issues\/Spring08.pdf\">Printemps 2008<\/option><option value=\"http:\/\/www.durodyne.com\/past-issues\/Winter08.pdf\">Hiver 2008<\/option><\/select><\/p>\n<\/div>\n<\/div><\/div><\/div><\/div><\/div>","protected":false},"excerpt":{"rendered":"<p>Bulletin des bons moments Num\u00e9ro actuel : 1er trimestre 2019 Pour voir le bulletin Good Times, un lecteur Adobe Acrobat PDF est requis. Vous pouvez t\u00e9l\u00e9charger une copie gratuite de ce lecteur ici. S\u00e9lectionnez un num\u00e9ro ant\u00e9rieur de la newsletter Good Times : 1er Trimestre 2019 4e trimestre 2018 3e trimestre 2018 2e trimestre 2018 &hellip;<\/p>\n","protected":false},"author":15,"featured_media":0,"parent":0,"menu_order":7,"comment_status":"closed","ping_status":"closed","template":"","meta":{"_acf_changed":false,"footnotes":""},"acf":[],"_links":{"self":[{"href":"https:\/\/www.durodynecanada.com\/fr\/wp-json\/wp\/v2\/pages\/7910"}],"collection":[{"href":"https:\/\/www.durodynecanada.com\/fr\/wp-json\/wp\/v2\/pages"}],"about":[{"href":"https:\/\/www.durodynecanada.com\/fr\/wp-json\/wp\/v2\/types\/page"}],"author":[{"embeddable":true,"href":"https:\/\/www.durodynecanada.com\/fr\/wp-json\/wp\/v2\/users\/15"}],"replies":[{"embeddable":true,"href":"https:\/\/www.durodynecanada.com\/fr\/wp-json\/wp\/v2\/comments?post=7910"}],"version-history":[{"count":3,"href":"https:\/\/www.durodynecanada.com\/fr\/wp-json\/wp\/v2\/pages\/7910\/revisions"}],"predecessor-version":[{"id":7942,"href":"https:\/\/www.durodynecanada.com\/fr\/wp-json\/wp\/v2\/pages\/7910\/revisions\/7942"}],"wp:attachment":[{"href":"https:\/\/www.durodynecanada.com\/fr\/wp-json\/wp\/v2\/media?parent=7910"}],"curies":[{"name":"wp","href":"https:\/\/api.w.org\/{rel}","templated":true}]}}