{"id":7847,"date":"2019-06-05T14:24:57","date_gmt":"2019-06-05T18:24:57","guid":{"rendered":"https:\/\/www.durodynecanada.com\/nos-produits\/tools\/"},"modified":"2022-06-16T16:56:26","modified_gmt":"2022-06-16T20:56:26","slug":"outils","status":"publish","type":"page","link":"https:\/\/www.durodynecanada.com\/fr\/nos-produits\/outils\/","title":{"rendered":"Outils"},"content":{"rendered":"<h1>OUTILS DURO DYNE<\/h1>\n<p>La division Outil de Duro Dyne commercialise des outils \u00e0 main de la plus haute qualit\u00e9 pour l&rsquo;artisan t\u00f4lier. En plus des outils tels que les cisailles, les encocheuses, les sertisseuses et les sertisseuses, Duro Dyne dispose d&rsquo;une gamme compl\u00e8te d&rsquo;outils sp\u00e9cialement con\u00e7us pour l&rsquo;industrie du CVC. Duro Dyne teste et \u00e9value constamment de nouveaux outils pour les ajouter \u00e9ventuellement \u00e0 notre gamme d&rsquo;outils manuels d\u00e9j\u00e0 tr\u00e8s \u00e9tendue.<\/p>\n<p>Veuillez utiliser le menu \u00e0 gauche pour parcourir tous nos produits sous <strong>Outils<\/strong>.<\/p>\n<p><img loading=\"lazy\" decoding=\"async\" class=\"alignnone wp-image-6410\" src=\"https:\/\/www.durodynecanada.com\/wp-content\/uploads\/Tools_Images\/tools_block_mainpage1-878x1024.jpg\" alt=\"Tools Block Mainpage 1\" width=\"600\" height=\"700\" srcset=\"https:\/\/www.durodynecanada.com\/wp-content\/uploads\/Tools_Images\/tools_block_mainpage1-878x1024.jpg 878w, https:\/\/www.durodynecanada.com\/wp-content\/uploads\/Tools_Images\/tools_block_mainpage1-600x700.jpg 600w, https:\/\/www.durodynecanada.com\/wp-content\/uploads\/Tools_Images\/tools_block_mainpage1-257x300.jpg 257w, https:\/\/www.durodynecanada.com\/wp-content\/uploads\/Tools_Images\/tools_block_mainpage1-768x896.jpg 768w, https:\/\/www.durodynecanada.com\/wp-content\/uploads\/Tools_Images\/tools_block_mainpage1-463x540.jpg 463w, https:\/\/www.durodynecanada.com\/wp-content\/uploads\/Tools_Images\/tools_block_mainpage1.jpg 900w\" sizes=\"(max-width: 600px) 100vw, 600px\" \/><\/p>\n","protected":false},"excerpt":{"rendered":"<p>OUTILS DURO DYNE La division Outil de Duro Dyne commercialise des outils \u00e0 main de la plus haute qualit\u00e9 pour l&rsquo;artisan t\u00f4lier. En plus des outils tels que les cisailles, les encocheuses, les sertisseuses et les sertisseuses, Duro Dyne dispose d&rsquo;une gamme compl\u00e8te d&rsquo;outils sp\u00e9cialement con\u00e7us pour l&rsquo;industrie du CVC. Duro Dyne teste et \u00e9value &hellip;<\/p>\n","protected":false},"author":15,"featured_media":0,"parent":7603,"menu_order":12,"comment_status":"closed","ping_status":"closed","template":"","meta":{"_acf_changed":false,"footnotes":""},"acf":[],"_links":{"self":[{"href":"https:\/\/www.durodynecanada.com\/fr\/wp-json\/wp\/v2\/pages\/7847"}],"collection":[{"href":"https:\/\/www.durodynecanada.com\/fr\/wp-json\/wp\/v2\/pages"}],"about":[{"href":"https:\/\/www.durodynecanada.com\/fr\/wp-json\/wp\/v2\/types\/page"}],"author":[{"embeddable":true,"href":"https:\/\/www.durodynecanada.com\/fr\/wp-json\/wp\/v2\/users\/15"}],"replies":[{"embeddable":true,"href":"https:\/\/www.durodynecanada.com\/fr\/wp-json\/wp\/v2\/comments?post=7847"}],"version-history":[{"count":3,"href":"https:\/\/www.durodynecanada.com\/fr\/wp-json\/wp\/v2\/pages\/7847\/revisions"}],"predecessor-version":[{"id":8500,"href":"https:\/\/www.durodynecanada.com\/fr\/wp-json\/wp\/v2\/pages\/7847\/revisions\/8500"}],"up":[{"embeddable":true,"href":"https:\/\/www.durodynecanada.com\/fr\/wp-json\/wp\/v2\/pages\/7603"}],"wp:attachment":[{"href":"https:\/\/www.durodynecanada.com\/fr\/wp-json\/wp\/v2\/media?parent=7847"}],"curies":[{"name":"wp","href":"https:\/\/api.w.org\/{rel}","templated":true}]}}