{"id":7844,"date":"2017-03-16T18:49:43","date_gmt":"2017-03-16T18:49:43","guid":{"rendered":"https:\/\/www.durodynecanada.com\/nos-produits\/screws\/"},"modified":"2022-06-16T16:56:05","modified_gmt":"2022-06-16T20:56:05","slug":"vis","status":"publish","type":"page","link":"https:\/\/www.durodynecanada.com\/fr\/nos-produits\/vis\/","title":{"rendered":"Vis"},"content":{"rendered":"<h1 style=\"text-align: left;\">VIS DURO DYNE, MANDRINS<br \/>\nRIVETS, M\u00c8CHES ET PISTOLET \u00c0 RIVETS<\/h1>\n<p>Dans le domaine de la fixation, Duro Dyne a introduit le concept de vis \u00e0 t\u00f4le auto-perceuses. Depuis sa conception, nous nous sommes d\u00e9velopp\u00e9s pour offrir une gamme compl\u00e8te de vis \u00e0 t\u00f4le auto-per\u00e7antes et auto-perforantes ainsi que des mandrins, des tournevis, des m\u00e8ches et des rivets.<\/p>\n<p><img loading=\"lazy\" decoding=\"async\" class=\"alignnone wp-image-6418\" src=\"https:\/\/www.durodynecanada.com\/wp-content\/uploads\/2019\/03\/screws_main1-1024x791.jpg\" alt=\"Screws Chucks Rivets Main 1\" width=\"650\" height=\"502\" srcset=\"https:\/\/www.durodynecanada.com\/wp-content\/uploads\/2019\/03\/screws_main1-1024x791.jpg 1024w, https:\/\/www.durodynecanada.com\/wp-content\/uploads\/2019\/03\/screws_main1-600x464.jpg 600w, https:\/\/www.durodynecanada.com\/wp-content\/uploads\/2019\/03\/screws_main1-300x232.jpg 300w, https:\/\/www.durodynecanada.com\/wp-content\/uploads\/2019\/03\/screws_main1-768x593.jpg 768w, https:\/\/www.durodynecanada.com\/wp-content\/uploads\/2019\/03\/screws_main1-540x417.jpg 540w\" sizes=\"(max-width: 650px) 100vw, 650px\" \/><\/p>\n","protected":false},"excerpt":{"rendered":"<p>VIS DURO DYNE, MANDRINS RIVETS, M\u00c8CHES ET PISTOLET \u00c0 RIVETS Dans le domaine de la fixation, Duro Dyne a introduit le concept de vis \u00e0 t\u00f4le auto-perceuses. Depuis sa conception, nous nous sommes d\u00e9velopp\u00e9s pour offrir une gamme compl\u00e8te de vis \u00e0 t\u00f4le auto-per\u00e7antes et auto-perforantes ainsi que des mandrins, des tournevis, des m\u00e8ches et &hellip;<\/p>\n","protected":false},"author":15,"featured_media":0,"parent":7603,"menu_order":11,"comment_status":"closed","ping_status":"closed","template":"","meta":{"_acf_changed":false,"footnotes":""},"acf":[],"_links":{"self":[{"href":"https:\/\/www.durodynecanada.com\/fr\/wp-json\/wp\/v2\/pages\/7844"}],"collection":[{"href":"https:\/\/www.durodynecanada.com\/fr\/wp-json\/wp\/v2\/pages"}],"about":[{"href":"https:\/\/www.durodynecanada.com\/fr\/wp-json\/wp\/v2\/types\/page"}],"author":[{"embeddable":true,"href":"https:\/\/www.durodynecanada.com\/fr\/wp-json\/wp\/v2\/users\/15"}],"replies":[{"embeddable":true,"href":"https:\/\/www.durodynecanada.com\/fr\/wp-json\/wp\/v2\/comments?post=7844"}],"version-history":[{"count":3,"href":"https:\/\/www.durodynecanada.com\/fr\/wp-json\/wp\/v2\/pages\/7844\/revisions"}],"predecessor-version":[{"id":8498,"href":"https:\/\/www.durodynecanada.com\/fr\/wp-json\/wp\/v2\/pages\/7844\/revisions\/8498"}],"up":[{"embeddable":true,"href":"https:\/\/www.durodynecanada.com\/fr\/wp-json\/wp\/v2\/pages\/7603"}],"wp:attachment":[{"href":"https:\/\/www.durodynecanada.com\/fr\/wp-json\/wp\/v2\/media?parent=7844"}],"curies":[{"name":"wp","href":"https:\/\/api.w.org\/{rel}","templated":true}]}}