{"id":7839,"date":"2018-11-19T13:05:03","date_gmt":"2018-11-19T18:05:03","guid":{"rendered":"https:\/\/www.durodynecanada.com\/nos-produits\/machinery\/spare-parts\/"},"modified":"2022-06-16T16:54:44","modified_gmt":"2022-06-16T20:54:44","slug":"pieces-rechange","status":"publish","type":"page","link":"https:\/\/www.durodynecanada.com\/fr\/nos-produits\/machinerie\/pieces-rechange\/","title":{"rendered":"Pi\u00e8ces de rechange"},"content":{"rendered":"<h1>PI\u00c8CES DE RECHANGE<\/h1>\n<p><a href=\"https:\/\/www.durodynecanada.com\/wp-content\/uploads\/2018\/11\/machinerypartslist_may2018-1.pdf\"><img loading=\"lazy\" decoding=\"async\" class=\"size-full wp-image-5984 alignleft\" src=\"https:\/\/www.durodynecanada.com\/wp-content\/uploads\/2018\/11\/sparepartsthumbnail.jpg\" alt=\"\" width=\"110\" height=\"128\"><\/a><\/p>\n<p style=\"text-align: right;\"><a href=\"https:\/\/www.durodynecanada.com\/wp-content\/uploads\/2018\/11\/machinerypartslist_may2018-1.pdf\">Full List of Duro Dyne Machinery Spare Parts May 2018<\/a><\/p>\n<h2 style=\"text-align: left;\">Pistolet et c\u00e2ble<\/h2>\n<p>Un nouveau pistolet innovant, ergonomique et \u00e0 fort impact permet une plus grande flexibilit\u00e9 lors de l&rsquo;utilisation. Le c\u00e2ble entre par le bas plut\u00f4t que par l&rsquo;arri\u00e8re, ce qui rend son utilisation plus confortable. Le bo\u00eetier en plastique moul\u00e9 rend le pistolet l\u00e9ger et durable, et sa taille compacte permet de souder dans des conduits ronds de seulement 8 pouces.<br \/>\nDisponible en c\u00e2ble de 10 et 16 pieds. Fonctionne avec les Pinspotters <strong>MF-12<\/strong>, <strong>MF12A<\/strong>, <strong>PBF14<\/strong>, <strong>PBF510<\/strong>, <strong>PBF520<\/strong>. Des kits sont disponibles pour une utilisation avec les Pinspotters Bulk Feed <strong>FG MACH<\/strong> et <strong>RH MACH<\/strong>.<\/p>\n<p><strong>27275 Pistolet et c\u00e2bles 10 pieds<\/strong><br \/>\n<strong>27276 Pistolet et c\u00e2bles 15 pieds<\/strong><\/p>\n<p><img loading=\"lazy\" decoding=\"async\" class=\"size-full wp-image-6451 alignleft\" src=\"https:\/\/www.durodynecanada.com\/wp-content\/uploads\/2018\/11\/guncable.jpg\" alt=\"Gun and Cable for PBF520 and MF12A\" width=\"295\" height=\"162\"><\/p>\n<p style=\"text-align: right;\"><a href=\"https:\/\/www.durodynecanada.com\/wp-content\/uploads\/2018\/11\/guncable_litsheet.pdf\">Gun and Cable Literature Sheet<\/a><\/p>\n<h2 style=\"text-align: left;\">Embouts et plaques de remplacement pour le Pinspotter<\/h2>\n<p>La plaque de soudure sup\u00e9rieure 17189 et la plaque de soudure inf\u00e9rieure 17190 doivent \u00eatre remplac\u00e9es dans le cadre de l&rsquo;entretien de base de vos machines d&rsquo;\u00e9pinglage \u00e0 alimentation en vrac. En rempla\u00e7ant les plaques au bon moment, vous \u00e9viterez de devoir remplacer l&rsquo;ensemble de la pointe.<\/p>\n<p style=\"text-align: right;\"><img loading=\"lazy\" decoding=\"async\" class=\"size-full wp-image-5982 alignleft\" src=\"https:\/\/www.durodynecanada.com\/wp-content\/uploads\/2018\/11\/17189platespack.jpg\" alt=\"\" width=\"249\" height=\"162\"><br \/>\n<a href=\"https:\/\/www.durodynecanada.com\/wp-content\/uploads\/2018\/11\/machineryconsumables_litsheet.pdf\">Machinery Consumables Literature Sheet<\/a><\/p>\n<p style=\"text-align: right;\"><a href=\"https:\/\/www.durodynecanada.com\/wp-content\/uploads\/2018\/11\/nickel-plated-replacement-parts-12-2020.pdf\">Nickel Plated Machinery Consumables Literature Sheet<\/a><\/p>\n<p style=\"text-align: right;\"><a href=\"https:\/\/www.durodynecanada.com\/wp-content\/uploads\/2018\/11\/17189platespack.jpg\">Upper Replacement Plate Instruction Sheet<\/a><\/p>\n<p style=\"text-align: right;\"><a href=\"https:\/\/www.durodynecanada.com\/wp-content\/uploads\/2018\/11\/17190_instructions.pdf\">Lower Replacement Plate Instruction Sheet<\/a><\/p>\n<h2>P\u00e9dale FG RH<\/h2>\n<p>La p\u00e9dale en aluminium moul\u00e9 de Duro Dyne est fournie en standard avec certains mod\u00e8les de machines pour lib\u00e9rer les mains de l&rsquo;op\u00e9rateur et faciliter la manipulation des mat\u00e9riaux. Il s&rsquo;agit d&rsquo;une p\u00e9dale en aluminium moul\u00e9, l\u00e9g\u00e8re et durable, qui pr\u00e9sente une grande ouverture pour s&rsquo;adapter aux bottes \u00e0 embout d&rsquo;acier\/composite d&rsquo;aujourd&rsquo;hui.<\/p>\n<p>Elle peut accepter une tension maximale de 250 VCA et peut \u00eatre utilis\u00e9e universellement sur toutes nos machines qui acceptent une option de p\u00e9dale de commande, comme les pinpotters de la s\u00e9rie RH, les pinpotters de la s\u00e9rie FG et les machines d&rsquo;insertion Rod Lock.<\/p>\n<p><strong>17372 P\u00e9dale de commande avec protection (p\u00e9dale de commande)<\/strong><\/p>\n<p><img loading=\"lazy\" decoding=\"async\" class=\"size-full wp-image-5947 alignleft\" src=\"https:\/\/www.durodynecanada.com\/wp-content\/uploads\/2018\/11\/fg_rh_mach_footpedal.jpg\" alt=\"FG RH Foot Pedal\" width=\"295\" height=\"162\"><\/p>\n<p style=\"text-align: right;\"><a href=\"https:\/\/www.durodynecanada.com\/wp-content\/uploads\/2018\/11\/fg_rh_mach_footpedal_litsheet.pdf\">Foot Pedal Literature Sheet<\/a><\/p>\n<h2>Kit de levage<\/h2>\n<p>Un kit de levage de machines est \u00e9galement disponible en option pour un espace de travail ergonomique personnalis\u00e9. Le kit d&rsquo;\u00e9l\u00e9vation de la machine permet d&rsquo;augmenter la hauteur de 4&Prime; ou 6&Prime;.<\/p>\n<p><strong>17135 Kit d&rsquo;\u00e9l\u00e9vation FG\/RH<\/strong><\/p>\n<p><img loading=\"lazy\" decoding=\"async\" class=\"size-full wp-image-5948 alignleft\" src=\"https:\/\/www.durodynecanada.com\/wp-content\/uploads\/2018\/11\/fg_rh_mach_liftkit.jpg\" alt=\"FG and RH Lift Kit\" width=\"295\" height=\"162\"><\/p>\n<h2>Pi\u00e8ces d\u00e9tach\u00e9es pour soudeuses par points TSP\/TBW<\/h2>\n<p>Les soudeuses par points Duro Dyne <strong>TSP<\/strong> et <strong>TBW<\/strong> ont \u00e9t\u00e9 abandonn\u00e9es, mais des pi\u00e8ces pour ces soudeuses par points sont encore disponibles.<\/p>\n<p><img loading=\"lazy\" decoding=\"async\" class=\"wp-image-5989 size-medium alignleft\" src=\"https:\/\/www.durodynecanada.com\/wp-content\/uploads\/2018\/11\/welder_arms_tips-300x198.jpg\" alt=\"Spot Welder Arms and Tips for Duro Dyne TSP &amp; TBW Spot Welders\" width=\"300\" height=\"198\" srcset=\"https:\/\/www.durodynecanada.com\/wp-content\/uploads\/2018\/11\/welder_arms_tips-300x198.jpg 300w, https:\/\/www.durodynecanada.com\/wp-content\/uploads\/2018\/11\/welder_arms_tips.jpg 375w\" sizes=\"(max-width: 300px) 100vw, 300px\" \/><\/p>\n<p style=\"text-align: right;\"><a href=\"https:\/\/www.durodynecanada.com\/wp-content\/uploads\/2018\/11\/TSP-TBW-Spare-Parts-Excel-2018.pdf\">TSP \/ TBW Spot Welder Parts List Nov. 2018<\/a><\/p>\n<p style=\"text-align: right;\"><a href=\"https:\/\/www.durodynecanada.com\/wp-content\/uploads\/2018\/11\/welder_parts_diag.pdf\">TSP \/ TBW Welder Parts Diagram<\/a><\/p>\n","protected":false},"excerpt":{"rendered":"<p>PI\u00c8CES DE RECHANGE Full List of Duro Dyne Machinery Spare Parts May 2018 Pistolet et c\u00e2ble Un nouveau pistolet innovant, ergonomique et \u00e0 fort impact permet une plus grande flexibilit\u00e9 lors de l&rsquo;utilisation. Le c\u00e2ble entre par le bas plut\u00f4t que par l&rsquo;arri\u00e8re, ce qui rend son utilisation plus confortable. Le bo\u00eetier en plastique moul\u00e9 &hellip;<\/p>\n","protected":false},"author":7,"featured_media":0,"parent":7820,"menu_order":5,"comment_status":"closed","ping_status":"closed","template":"","meta":{"_acf_changed":false,"footnotes":""},"acf":[],"_links":{"self":[{"href":"https:\/\/www.durodynecanada.com\/fr\/wp-json\/wp\/v2\/pages\/7839"}],"collection":[{"href":"https:\/\/www.durodynecanada.com\/fr\/wp-json\/wp\/v2\/pages"}],"about":[{"href":"https:\/\/www.durodynecanada.com\/fr\/wp-json\/wp\/v2\/types\/page"}],"author":[{"embeddable":true,"href":"https:\/\/www.durodynecanada.com\/fr\/wp-json\/wp\/v2\/users\/7"}],"replies":[{"embeddable":true,"href":"https:\/\/www.durodynecanada.com\/fr\/wp-json\/wp\/v2\/comments?post=7839"}],"version-history":[{"count":3,"href":"https:\/\/www.durodynecanada.com\/fr\/wp-json\/wp\/v2\/pages\/7839\/revisions"}],"predecessor-version":[{"id":8495,"href":"https:\/\/www.durodynecanada.com\/fr\/wp-json\/wp\/v2\/pages\/7839\/revisions\/8495"}],"up":[{"embeddable":true,"href":"https:\/\/www.durodynecanada.com\/fr\/wp-json\/wp\/v2\/pages\/7820"}],"wp:attachment":[{"href":"https:\/\/www.durodynecanada.com\/fr\/wp-json\/wp\/v2\/media?parent=7839"}],"curies":[{"name":"wp","href":"https:\/\/api.w.org\/{rel}","templated":true}]}}