{"id":7836,"date":"2018-11-16T15:34:53","date_gmt":"2018-11-16T20:34:53","guid":{"rendered":"https:\/\/www.durodynecanada.com\/nos-produits\/machinery\/adhesive-applicators\/"},"modified":"2022-06-16T16:54:01","modified_gmt":"2022-06-16T20:54:01","slug":"applicateurs-adhesifs","status":"publish","type":"page","link":"https:\/\/www.durodynecanada.com\/fr\/nos-produits\/machinerie\/applicateurs-adhesifs\/","title":{"rendered":"Applicateurs d&rsquo;adh\u00e9sifs"},"content":{"rendered":"<h1>APPLICATEURS D&rsquo;ADH\u00c9SIFS<\/h1>\n<h2>Applicateur d&rsquo;adh\u00e9sif universel Super Sprayfast<\/h2>\n<p>La nouvelle version universelle de notre applicateur d&rsquo;adh\u00e9sif Super Sprayfast <strong>(SSFU)<\/strong> permet d&rsquo;utiliser le m\u00eame applicateur sur un seau de 5 gallons ou un baril de 55 gallons. En outre, elle comprend d\u00e9sormais un nouveau kit de rin\u00e7age pour un nettoyage et un entretien faciles. Le <strong>SSFU<\/strong> est dot\u00e9 d&rsquo;un syst\u00e8me de circulation \u00e0 pompe \u00e0 diaphragme en ac\u00e9tal\/t\u00e9flon et d&rsquo;un r\u00e9servoir de surpression pour assurer une pulv\u00e9risation rapide, facile et uniforme, avec un minimum de surpulv\u00e9risation.<\/p>\n<p><strong>5151 SSFU Applicateur d&rsquo;adh\u00e9sif universel Super Sprayfast<br \/>\n<\/strong>\u00c0 utiliser avec un seau de 5 gallons et un baril de 45 gallons d&rsquo;adh\u00e9sif \u00e0 base d&rsquo;eau.<strong><br \/>\n<\/strong><\/p>\n<p style=\"text-align: right;\"><img loading=\"lazy\" decoding=\"async\" class=\"alignleft wp-image-5968\" src=\"https:\/\/www.durodynecanada.com\/wp-content\/uploads\/2018\/11\/ssfu_sprayfast.jpg\" alt=\"SSFU Super Sprayfast Universal Adhesive Applicator\" width=\"350\" height=\"192\"><a href=\"https:\/\/www.durodynecanada.com\/wp-content\/uploads\/2018\/11\/ssfu_litsheet_12_2015.pdf\">SSFU Super Sprayfast Universal Literature Sheet<\/a><br \/>\n<a href=\"https:\/\/www.durodynecanada.com\/wp-content\/uploads\/2018\/11\/ssfu_manual.pdf\">SSFU Super Sprayfast Universal Manual<\/a><\/p>\n<h2>Applicateur d&rsquo;adh\u00e9sif GBAC<\/h2>\n<p>Le <strong>GBAC<\/strong> applique l&rsquo;adh\u00e9sif \u00e0 base d&rsquo;eau Duro Dyne WIT ou WSA sur l&rsquo;isolation en vue de son application sur la t\u00f4le. Il n\u00e9cessite une alimentation de 110 V avec un fusible de 15 amp\u00e8res. Une source d&rsquo;air est n\u00e9cessaire. Pr\u00e9cisez la direction du flux de travail lors de la commande.<\/p>\n<p><strong>39171 Applicateur d&rsquo;adh\u00e9sif GBAC (flux de gauche \u00e0 droite)<\/strong><br \/>\n<strong>39250 GBAC Applicateur d&rsquo;adh\u00e9sif (flux de droite \u00e0 gauche)<\/strong><br \/>\n<strong>GBAC<\/strong> Pour utilisation avec l&rsquo;adh\u00e9sif \u00e0 base d&rsquo;eau Duro Dyne WIT ou WSA<\/p>\n<p style=\"text-align: right;\"><img loading=\"lazy\" decoding=\"async\" class=\"alignleft wp-image-6442\" src=\"https:\/\/www.durodynecanada.com\/wp-content\/uploads\/2019\/02\/gbac_2019.jpg\" alt=\"GBAC_2019\" width=\"350\" height=\"192\"> <a href=\"https:\/\/www.durodynecanada.com\/wp-content\/uploads\/2018\/11\/gbac_litsheet.pdf\">GBAC Roto Bonder Literature Sheet<\/a><br \/>\n<a href=\"https:\/\/www.durodynecanada.com\/wp-content\/uploads\/2018\/11\/gbac_manual.pdf\">GBAC Roto Bonder Manual<\/a><\/p>\n","protected":false},"excerpt":{"rendered":"<p>APPLICATEURS D&rsquo;ADH\u00c9SIFS Applicateur d&rsquo;adh\u00e9sif universel Super Sprayfast La nouvelle version universelle de notre applicateur d&rsquo;adh\u00e9sif Super Sprayfast (SSFU) permet d&rsquo;utiliser le m\u00eame applicateur sur un seau de 5 gallons ou un baril de 55 gallons. En outre, elle comprend d\u00e9sormais un nouveau kit de rin\u00e7age pour un nettoyage et un entretien faciles. Le SSFU est &hellip;<\/p>\n","protected":false},"author":7,"featured_media":0,"parent":7820,"menu_order":4,"comment_status":"closed","ping_status":"closed","template":"","meta":{"_acf_changed":false,"footnotes":""},"acf":[],"_links":{"self":[{"href":"https:\/\/www.durodynecanada.com\/fr\/wp-json\/wp\/v2\/pages\/7836"}],"collection":[{"href":"https:\/\/www.durodynecanada.com\/fr\/wp-json\/wp\/v2\/pages"}],"about":[{"href":"https:\/\/www.durodynecanada.com\/fr\/wp-json\/wp\/v2\/types\/page"}],"author":[{"embeddable":true,"href":"https:\/\/www.durodynecanada.com\/fr\/wp-json\/wp\/v2\/users\/7"}],"replies":[{"embeddable":true,"href":"https:\/\/www.durodynecanada.com\/fr\/wp-json\/wp\/v2\/comments?post=7836"}],"version-history":[{"count":3,"href":"https:\/\/www.durodynecanada.com\/fr\/wp-json\/wp\/v2\/pages\/7836\/revisions"}],"predecessor-version":[{"id":8493,"href":"https:\/\/www.durodynecanada.com\/fr\/wp-json\/wp\/v2\/pages\/7836\/revisions\/8493"}],"up":[{"embeddable":true,"href":"https:\/\/www.durodynecanada.com\/fr\/wp-json\/wp\/v2\/pages\/7820"}],"wp:attachment":[{"href":"https:\/\/www.durodynecanada.com\/fr\/wp-json\/wp\/v2\/media?parent=7836"}],"curies":[{"name":"wp","href":"https:\/\/api.w.org\/{rel}","templated":true}]}}