{"id":7833,"date":"2018-11-29T13:21:19","date_gmt":"2018-11-29T18:21:19","guid":{"rendered":"https:\/\/www.durodynecanada.com\/nos-produits\/machinery\/fdcab4-connector-dispenser\/"},"modified":"2022-06-16T16:53:19","modified_gmt":"2022-06-16T20:53:19","slug":"distributeur-de-connecteurs-fdcab4","status":"publish","type":"page","link":"https:\/\/www.durodynecanada.com\/fr\/nos-produits\/machinerie\/distributeur-de-connecteurs-fdcab4\/","title":{"rendered":"Distributeur de connecteurs FDCAB4"},"content":{"rendered":"<h1>DISTRIBUTEUR DE CONNECTEURS FDCAB4<\/h1>\n<h2>Distributeurs de connecteurs FDCAB4<\/h2>\n<p>Le distributeur de connecteurs de Duro Dyne peut soulager bon nombre des difficult\u00e9s associ\u00e9es \u00e0 la manipulation des connecteurs flexibles. Le mod\u00e8le <strong>FDC-AB4<\/strong> de Duro Dyne est \u00e9quip\u00e9 de rouleaux de redressement pour combattre la formation de bobines de connecteurs. Le <strong>FDC-AB4<\/strong> permet de garder jusqu&rsquo;\u00e0 trois rouleaux de connecteurs de gaines flexibles ou de rails d&rsquo;aubes \u00e0 port\u00e9e de main, partout dans l&rsquo;atelier. Les roulettes pivotantes permettent de se d\u00e9placer dans l&rsquo;atelier et les rouleaux \u00e0 roulement \u00e0 billes distribuent rapidement les connecteurs d&rsquo;une simple traction. Un frein actionn\u00e9 par le pied verrouille le<strong> FDC-AB4<\/strong> en place lors de la distribution du connecteur. L&rsquo;accessoire de cisaillement coupe le connecteur de gaine avec pr\u00e9cision et sans effort.<\/p>\n<p><strong>43023 FDC-AB4 Flexible Duct Connector Dispenser<\/strong><\/p>\n<p><img loading=\"lazy\" decoding=\"async\" class=\"size-medium wp-image-5992 alignleft\" src=\"https:\/\/www.durodynecanada.com\/wp-content\/uploads\/2018\/11\/fdcab4-300x293.jpg\" alt=\"FDC-AB4 Connector Dispenser\" width=\"300\" height=\"293\" srcset=\"https:\/\/www.durodynecanada.com\/wp-content\/uploads\/2018\/11\/fdcab4-300x293.jpg 300w, https:\/\/www.durodynecanada.com\/wp-content\/uploads\/2018\/11\/fdcab4.jpg 450w\" sizes=\"(max-width: 300px) 100vw, 300px\" \/><\/p>\n<p style=\"text-align: right;\"><a href=\"https:\/\/www.durodynecanada.com\/wp-content\/uploads\/2018\/11\/fdcab4_litsheet.pdf\">FDC-AB4 Literature Sheet<\/a><br \/>\n<a href=\"https:\/\/www.durodynecanada.com\/wp-content\/uploads\/2018\/11\/fdcab4_assembly_operation_guide.pdf\">FDC-AB4 Instructions<\/a><\/p>\n<h2><\/h2>\n<h2>Cisailles FDCS10-4<\/h2>\n<p>La cisaille <strong>FDCS10-4<\/strong> coupe des mat\u00e9riaux jusqu&rsquo;\u00e0 un calibre de 18. Les lames en acier tremp\u00e9 coupent rapidement, proprement et sans effort. La cisaille <strong>FDCS10-4<\/strong> peut \u00eatre mont\u00e9e sur n&rsquo;importe quel \u00e9tabli en faisant passer des boulons ou des tire-fonds dans les trous pr\u00e9-perc\u00e9s des pieds de la cisaille. Pour plus de s\u00e9curit\u00e9, la cisaille <strong>FDCS10-4<\/strong> est \u00e9quip\u00e9e d&rsquo;une goupille de s\u00e9curit\u00e9 qui verrouille la cisaille en position ouverte et maintient la poign\u00e9e de 31 1\/4&Prime; de long \u00e0 la verticale et hors du chemin.<\/p>\n<p><strong>43022 FDCS10-4 Flexible Duct Connector Shear<\/strong><\/p>\n<p style=\"text-align: right;\"><img loading=\"lazy\" decoding=\"async\" class=\"wp-image-5995 alignleft\" src=\"https:\/\/www.durodynecanada.com\/wp-content\/uploads\/2018\/11\/fdcs104_shear.jpg\" alt=\"FDCS10-4 Shear\" width=\"125\" height=\"245\"> <a href=\"https:\/\/www.durodynecanada.com\/wp-content\/uploads\/2018\/11\/fdcs104_shear_litsheet.pdf\">FDCS10-4 Shear Literature Sheet<\/a><\/p>\n","protected":false},"excerpt":{"rendered":"<p>DISTRIBUTEUR DE CONNECTEURS FDCAB4 Distributeurs de connecteurs FDCAB4 Le distributeur de connecteurs de Duro Dyne peut soulager bon nombre des difficult\u00e9s associ\u00e9es \u00e0 la manipulation des connecteurs flexibles. Le mod\u00e8le FDC-AB4 de Duro Dyne est \u00e9quip\u00e9 de rouleaux de redressement pour combattre la formation de bobines de connecteurs. Le FDC-AB4 permet de garder jusqu&rsquo;\u00e0 trois &hellip;<\/p>\n","protected":false},"author":7,"featured_media":0,"parent":7820,"menu_order":3,"comment_status":"closed","ping_status":"closed","template":"","meta":{"_acf_changed":false,"footnotes":""},"acf":[],"_links":{"self":[{"href":"https:\/\/www.durodynecanada.com\/fr\/wp-json\/wp\/v2\/pages\/7833"}],"collection":[{"href":"https:\/\/www.durodynecanada.com\/fr\/wp-json\/wp\/v2\/pages"}],"about":[{"href":"https:\/\/www.durodynecanada.com\/fr\/wp-json\/wp\/v2\/types\/page"}],"author":[{"embeddable":true,"href":"https:\/\/www.durodynecanada.com\/fr\/wp-json\/wp\/v2\/users\/7"}],"replies":[{"embeddable":true,"href":"https:\/\/www.durodynecanada.com\/fr\/wp-json\/wp\/v2\/comments?post=7833"}],"version-history":[{"count":4,"href":"https:\/\/www.durodynecanada.com\/fr\/wp-json\/wp\/v2\/pages\/7833\/revisions"}],"predecessor-version":[{"id":8491,"href":"https:\/\/www.durodynecanada.com\/fr\/wp-json\/wp\/v2\/pages\/7833\/revisions\/8491"}],"up":[{"embeddable":true,"href":"https:\/\/www.durodynecanada.com\/fr\/wp-json\/wp\/v2\/pages\/7820"}],"wp:attachment":[{"href":"https:\/\/www.durodynecanada.com\/fr\/wp-json\/wp\/v2\/media?parent=7833"}],"curies":[{"name":"wp","href":"https:\/\/api.w.org\/{rel}","templated":true}]}}