{"id":7829,"date":"2018-11-16T14:53:58","date_gmt":"2018-11-16T19:53:58","guid":{"rendered":"https:\/\/www.durodynecanada.com\/nos-produits\/machinery\/insulation-cutters\/"},"modified":"2022-06-16T16:52:04","modified_gmt":"2022-06-16T20:52:04","slug":"coupeurs-isolation","status":"publish","type":"page","link":"https:\/\/www.durodynecanada.com\/fr\/nos-produits\/machinerie\/coupeurs-isolation\/","title":{"rendered":"Coupeurs d&rsquo;isolation"},"content":{"rendered":"<h1>COUPEURS D&rsquo;ISOLATION<\/h1>\n<h2>LSU Liner Sizer<\/h2>\n<p>Le calibreur de gaines LSU Advanced Liner permet de dimensionner et de couper les gaines de gaines plus efficacement qu&rsquo;il n&rsquo;\u00e9tait possible de le faire avec une machine manuelle. Ses caract\u00e9ristiques am\u00e9lior\u00e9es permettent de couper des isolants en fibre de coton, des m\u00e9dias filtrants, des produits caoutchout\u00e9s et d&rsquo;autres mat\u00e9riaux inhabituels. Les lames de coupe transversale et de refente sont entra\u00een\u00e9es m\u00e9caniquement par un engrenage pour tourner pendant la coupe. Cette action de rotation cisaille le mat\u00e9riau pour cr\u00e9er des coupes pr\u00e9cises dans les substances les plus difficiles.<\/p>\n<p><strong>28076 LSU Liner Sizer<\/strong><\/p>\n<p><img loading=\"lazy\" decoding=\"async\" class=\"size-full wp-image-5956 alignleft\" src=\"https:\/\/www.durodynecanada.com\/wp-content\/uploads\/2018\/11\/lsu.jpg\" alt=\"LSU Liner Sizer\" width=\"295\" height=\"162\"><\/p>\n<p style=\"text-align: right;\"><a href=\"https:\/\/www.durodynecanada.com\/wp-content\/uploads\/2018\/11\/lsu_litsheet.pdf\">LSU Liner Sizer Literature Sheet<\/a><br \/>\n<a href=\"https:\/\/www.durodynecanada.com\/wp-content\/uploads\/2018\/11\/lsu_manual_09_2016.pdf\">LSU Liner Sizer Manual<\/a><\/p>\n<h2>PLSU2 Automatic Insulation Cutter<\/h2>\n<p>Le <strong>PLSU2<\/strong> est le dernier cri en mati\u00e8re de coupeur automatique de gaine pour l&rsquo;industrie du CVC. La d\u00e9coupeuse \u00e0 engrenages et la lame de coupe transversale entra\u00een\u00e9e par une poulie cr\u00e9ent une machine puissante capable de s&rsquo;attaquer \u00e0 tous les isolants sp\u00e9ciaux. Cette nouvelle action de coupe permettra \u00e0 la <strong>PLSU2<\/strong> de s&rsquo;adapter \u00e0 pratiquement tous les types d&rsquo;isolation sur le march\u00e9, y compris les produits \u00e0 cellules ferm\u00e9es, la fibre de coton, le n\u00e9opr\u00e8ne, la mousse \u00e9lastom\u00e8re et plus encore. \u00c0 utiliser avec une doublure de 1\/2&Prime; \u00e0 2&Prime;.<\/p>\n<p><strong>39021 PLSU2 Automatic Universal Liner Sizer<\/strong><\/p>\n<p><img loading=\"lazy\" decoding=\"async\" class=\"wp-image-5964 size-full alignleft\" src=\"https:\/\/www.durodynecanada.com\/wp-content\/uploads\/2018\/11\/plsu.jpg\" alt=\"PLSU2 Automatic Universal Liner Sizer\" width=\"295\" height=\"162\"><\/p>\n<p style=\"text-align: right;\"><a href=\"https:\/\/www.durodynecanada.com\/wp-content\/uploads\/2018\/11\/plsu_litsheet_03_2020.pdf\">PLSU2 Automatic Liner Sizer Literature Sheet<\/a><br \/>\n<a href=\"https:\/\/www.durodynecanada.com\/wp-content\/uploads\/2018\/11\/plsu_manual_03_2020.pdf\">PLSU2 Automatic Liner Sizer Manual<\/a><\/p>\n<p style=\"text-align: right;\"><a href=\"https:\/\/www.durodynecanada.com\/wp-content\/uploads\/2018\/11\/plsu2_assembly_operations_instructions_03_2019.pdf\">PLSU2 Automatic Liner Sizer Assembly and Operation Instructions<\/a><\/p>\n","protected":false},"excerpt":{"rendered":"<p>COUPEURS D&rsquo;ISOLATION LSU Liner Sizer Le calibreur de gaines LSU Advanced Liner permet de dimensionner et de couper les gaines de gaines plus efficacement qu&rsquo;il n&rsquo;\u00e9tait possible de le faire avec une machine manuelle. Ses caract\u00e9ristiques am\u00e9lior\u00e9es permettent de couper des isolants en fibre de coton, des m\u00e9dias filtrants, des produits caoutchout\u00e9s et d&rsquo;autres mat\u00e9riaux &hellip;<\/p>\n","protected":false},"author":7,"featured_media":0,"parent":7820,"menu_order":2,"comment_status":"closed","ping_status":"closed","template":"","meta":{"_acf_changed":false,"footnotes":""},"acf":[],"_links":{"self":[{"href":"https:\/\/www.durodynecanada.com\/fr\/wp-json\/wp\/v2\/pages\/7829"}],"collection":[{"href":"https:\/\/www.durodynecanada.com\/fr\/wp-json\/wp\/v2\/pages"}],"about":[{"href":"https:\/\/www.durodynecanada.com\/fr\/wp-json\/wp\/v2\/types\/page"}],"author":[{"embeddable":true,"href":"https:\/\/www.durodynecanada.com\/fr\/wp-json\/wp\/v2\/users\/7"}],"replies":[{"embeddable":true,"href":"https:\/\/www.durodynecanada.com\/fr\/wp-json\/wp\/v2\/comments?post=7829"}],"version-history":[{"count":3,"href":"https:\/\/www.durodynecanada.com\/fr\/wp-json\/wp\/v2\/pages\/7829\/revisions"}],"predecessor-version":[{"id":8489,"href":"https:\/\/www.durodynecanada.com\/fr\/wp-json\/wp\/v2\/pages\/7829\/revisions\/8489"}],"up":[{"embeddable":true,"href":"https:\/\/www.durodynecanada.com\/fr\/wp-json\/wp\/v2\/pages\/7820"}],"wp:attachment":[{"href":"https:\/\/www.durodynecanada.com\/fr\/wp-json\/wp\/v2\/media?parent=7829"}],"curies":[{"name":"wp","href":"https:\/\/api.w.org\/{rel}","templated":true}]}}