{"id":7826,"date":"2018-11-16T10:03:02","date_gmt":"2018-11-16T15:03:02","guid":{"rendered":"https:\/\/www.durodynecanada.com\/nos-produits\/machinery\/pinspotters\/"},"modified":"2022-06-16T16:51:35","modified_gmt":"2022-06-16T20:51:35","slug":"epingleuses","status":"publish","type":"page","link":"https:\/\/www.durodynecanada.com\/fr\/nos-produits\/machinerie\/epingleuses\/","title":{"rendered":"\u00c9pingleuses"},"content":{"rendered":"<h1>\u00c9PINGLEUSES<\/h1>\n<h2>MF-12A Compact Pinspotter<\/h2>\n<p>La <strong>MF<\/strong> de Duro Dyne a \u00e9t\u00e9 la norme pour les soudeuses d&rsquo;entr\u00e9e de gamme \u00ab\u00a0\u00e0 travers l&rsquo;isolation\u00a0\u00bb pendant plus de 30 ans. Ses performances \u00e9prouv\u00e9es et sa grande fiabilit\u00e9 ont fait de la MF un outil indispensable pour tout atelier de t\u00f4lerie effectuant occasionnellement des travaux d&rsquo;isolation.<\/p>\n<p>Duro Dyne pr\u00e9sente aujourd&rsquo;hui le <strong>MF-12A<\/strong>, en s&rsquo;appuyant sur cette histoire et en cr\u00e9ant un nouveau pinpotter avec une plus grande puissance et polyvalence. Des transformateurs de soudage de conception sp\u00e9ciale permettent au <strong>MF-12A<\/strong> de d\u00e9livrer plus de puissance, pr\u00e9cis\u00e9ment synchronis\u00e9e \u00e0 la pointe de soudage. Le <strong>MF-12A<\/strong> peut souder des goupilles de 1\/2 pouce \u00e0 4 pouces de long sur de l&rsquo;acier de calibre 26 \u00e0 20. Le circuit de contr\u00f4le de soudure \u00e0 semi-conducteurs \u00e9prouv\u00e9 garantit des ann\u00e9es de service fiable et sans probl\u00e8me dans votre atelier,<br \/>\nservice fiable et sans probl\u00e8me dans votre atelier.<\/p>\n<p><strong>27110 MF-12A Compact Pinspotter<\/strong><\/p>\n<p><img loading=\"lazy\" decoding=\"async\" class=\"size-full wp-image-5959 alignleft\" src=\"https:\/\/www.durodynecanada.com\/wp-content\/uploads\/2018\/11\/mf12a.jpg\" alt=\"MF-12A\" width=\"295\" height=\"162\"><\/p>\n<p style=\"text-align: right;\"><a href=\"https:\/\/www.durodynecanada.com\/wp-content\/uploads\/2018\/11\/mf12a_litsheet_07_2020.pdf\">MF-12A Literature Sheet<\/a><br \/>\n<a href=\"https:\/\/www.durodynecanada.com\/wp-content\/uploads\/2018\/11\/mf12a_manual_01_2020.pdf\">MF-12A Manual<\/a><\/p>\n<h2>PBF-520 Heavy Duty Pinspotter<\/h2>\n<p>Le <strong>PBF-520<\/strong> soude les attaches de type BDEP, SSP, CP, FTC, PN ou LN aux conduits de calibre 26 \u00e0 16. Elle peut recevoir des goupilles jusqu&rsquo;\u00e0 4&Prime;. Elle n\u00e9cessite une alimentation de 220 volts, 50 \u00e0 60 hz, avec un fusible de 100 amp\u00e8res. Placez une broche sur l&#8217;embout magn\u00e9tique TP-9, ins\u00e9rez la broche \u00e0 travers l&rsquo;isolation, donnez \u00e0 la broche un quart de tour et appuyez sur l&rsquo;interrupteur \u00e0 g\u00e2chette. Pour les fixations de type LN, utilisez une pointe TPL2. Pour les fixations de type PN, utilisez une pointe TP2.<\/p>\n<p><strong>27377 PBF-520 Heavy Duty Pinspotter<\/strong><\/p>\n<p style=\"text-align: right;\"><a href=\"https:\/\/www.durodynecanada.com\/wp-content\/uploads\/2019\/02\/pbf520_litsheet.pdf\">PBF520 Literature Sheet<\/a><a href=\"https:\/\/www.durodynecanada.com\/wp-content\/uploads\/2019\/02\/pbf520_litsheet.pdf\"><img loading=\"lazy\" decoding=\"async\" class=\"wp-image-6069 alignleft\" src=\"https:\/\/www.durodynecanada.com\/wp-content\/uploads\/2019\/02\/pbf520.jpg\" alt=\"\" width=\"250\" height=\"234\"><\/a><br \/>\n<a href=\"https:\/\/www.durodynecanada.com\/wp-content\/uploads\/2019\/02\/pbf520_manual_01_2020.pdf\">PBF520 Manual<\/a><\/p>\n<p><strong>&nbsp;<\/strong><\/p>\n<h2>CCD110N Compact Pinspotter<\/h2>\n<p>La soudeuse \u00e0 d\u00e9charge de condensateur <strong>CCD110N<\/strong> est con\u00e7ue pour la commodit\u00e9 et le confort de l&rsquo;op\u00e9rateur. Elle est aliment\u00e9e par une source de courant de 110 volts et est donc id\u00e9ale pour les petits ateliers et les applications industrielles l\u00e9g\u00e8res. Elle permet de souder des goupilles de 1\/2&Prime; \u00e0 4&Prime; de long sur de l&rsquo;acier de calibre 26 \u00e0 20. La <strong>CCD110N<\/strong> est un choix judicieux pour les applications d&rsquo;isolation portables. La <strong>CCD110<\/strong> offre \u00e9galement une capacit\u00e9 de soudage jusqu&rsquo;\u00e0 1\/4&Prime; d&rsquo;acier et d&rsquo;acier inoxydable pour une polyvalence accrue.<\/p>\n<p><strong>27122 CCD110N Capacitor Discharge Pinspotter<\/strong><\/p>\n<p><img loading=\"lazy\" decoding=\"async\" class=\"wp-image-6554 size-medium alignleft\" src=\"https:\/\/www.durodynecanada.com\/wp-content\/uploads\/2018\/11\/ccd110n-300x156.jpg\" alt=\"CCD110N Capacitor Discharge Welder Pinspotter\" width=\"300\" height=\"156\"><\/p>\n<p style=\"text-align: right;\"><a href=\"https:\/\/www.durodynecanada.com\/wp-content\/uploads\/2018\/11\/ccd110n_litsheet.pdf\">CCD110N Literature Sheet<\/a><br \/>\n<a href=\"https:\/\/www.durodynecanada.com\/wp-content\/uploads\/2018\/11\/ccd110n_manual.pdf\">CCD110N Manual<\/a><\/p>\n<h2>FPP5 Pinspotter Platform<\/h2>\n<p><em><strong>(Pour utilisation avec le MF12A\/MF12 Compact Pinspotter)<\/strong><\/em><\/p>\n<p>La derni\u00e8re perc\u00e9e des innovateurs en mati\u00e8re de fixation d&rsquo;isolants est le <strong>FPP5<\/strong>, une plateforme de pose d&rsquo;\u00e9pingles qui am\u00e9liore les capacit\u00e9s d&rsquo;une pose d&rsquo;\u00e9pingles compacte. La <strong>FPP5<\/strong> fonctionne en conjonction avec la pince \u00e0 \u00e9pingler compacte Duro Dyne MF12A\/MF12 (vendue s\u00e9par\u00e9ment) pour lui permettre d&rsquo;\u00eatre utilis\u00e9e \u00e0 la fois comme pince \u00e0 \u00e9pingler manuelle et comme pince \u00e0 \u00e9pingler \u00e0 t\u00eate fixe. Cela permet au client de b\u00e9n\u00e9ficier de plus grandes capacit\u00e9s \u00e0 un co\u00fbt moindre. Le <strong>FPP5<\/strong> n\u00e9cessite 110 volts et 80 PSI en plus de l&rsquo;alimentation requise par le MF12A (208-230 VAC monophas\u00e9 avec une protection de circuit de 60 amp\u00e8res). Veuillez noter que le <strong>FPP5<\/strong> ne fonctionnera pas s&rsquo;il n&rsquo;est pas aliment\u00e9 par un MF Pinspotter.<\/p>\n<p><strong>18016 FPP5 Platform Pinspotter<\/strong><\/p>\n<p><img loading=\"lazy\" decoding=\"async\" class=\"size-medium wp-image-5952 alignleft\" src=\"https:\/\/www.durodynecanada.com\/wp-content\/uploads\/2018\/11\/fpp4_diag-269x300.jpg\" alt=\"FPP4 Platform Pinspotter for use with MF12A Compact Pinspotter\" width=\"269\" height=\"300\" srcset=\"https:\/\/www.durodynecanada.com\/wp-content\/uploads\/2018\/11\/fpp4_diag-269x300.jpg 269w, https:\/\/www.durodynecanada.com\/wp-content\/uploads\/2018\/11\/fpp4_diag-600x670.jpg 600w, https:\/\/www.durodynecanada.com\/wp-content\/uploads\/2018\/11\/fpp4_diag-768x857.jpg 768w, https:\/\/www.durodynecanada.com\/wp-content\/uploads\/2018\/11\/fpp4_diag-918x1024.jpg 918w, https:\/\/www.durodynecanada.com\/wp-content\/uploads\/2018\/11\/fpp4_diag-484x540.jpg 484w, https:\/\/www.durodynecanada.com\/wp-content\/uploads\/2018\/11\/fpp4_diag.jpg 2036w\" sizes=\"(max-width: 269px) 100vw, 269px\" \/><\/p>\n<p style=\"text-align: right;\"><a href=\"https:\/\/www.durodynecanada.com\/wp-content\/uploads\/2018\/11\/fpp5_litsheet.pdf\">FPP5 Literature Sheet<\/a><\/p>\n<h2 style=\"text-align: left;\">FG MACH III Automatic Bulk Feed Pinspotter<\/h2>\n<p>L&rsquo;\u00e9pingleuse <strong>FG Mach III<\/strong> a \u00e9t\u00e9 con\u00e7ue en utilisant le meilleur des technologies actuelles afin de fournir une plus grande puissance et fiabilit\u00e9 pour la fixation d&rsquo;isolants. La manipulation minimale inh\u00e9rente des mat\u00e9riaux et l&rsquo;utilisation de goupilles soud\u00e9es assureront \u00e0 votre atelier un produit rentable et de qualit\u00e9. Notre machine <strong>FG Mach III<\/strong> am\u00e9lior\u00e9e est capable de souder des goupilles jusqu&rsquo;\u00e0 4&Prime; pour r\u00e9pondre \u00e0 l&rsquo;isolation \u00e0 valeur R plus \u00e9lev\u00e9e qui est maintenant sp\u00e9cifi\u00e9e dans toute l&rsquo;industrie.<\/p>\n<p><strong>18004 FG MACH III Automatic Bulk Feed Pinspotter<\/strong><\/p>\n<p><img loading=\"lazy\" decoding=\"async\" class=\"alignleft wp-image-5949\" src=\"https:\/\/www.durodynecanada.com\/wp-content\/uploads\/2018\/11\/fgmach3.jpg\" alt=\"FG MACH III Automatic Bulk Feed Pinspotter\" width=\"350\" height=\"192\"><\/p>\n<p style=\"text-align: right;\"><a href=\"https:\/\/www.durodynecanada.com\/wp-content\/uploads\/2018\/11\/fgmach3_litsheet.pdf\">FG MACH III Literature Sheet<\/a><br \/>\n<a href=\"https:\/\/www.durodynecanada.com\/wp-content\/uploads\/2018\/11\/fgmach3_manual_08_2020.pdf\">FG MACH III Manual<br \/>\n<\/a><\/p>\n<h2 style=\"text-align: left;\">RH MACH IV Rolling Head Automatic Pinspotter<\/h2>\n<p>Le <strong>RH MACH III<\/strong> soude des attaches de type BDEP, SSP, CP et FTC sur des gaines jusqu&rsquo;\u00e0 18 gauge. Elle n\u00e9cessite un service de 220v, 50 \u00e0 60hz, avec un fusible de 100 amp\u00e8res. Une source d&rsquo;air de 85 psi est n\u00e9cessaire. Positionnez une attache sur l&rsquo;isolation et appuyez sur l&rsquo;interrupteur \u00e0 g\u00e2chette. La machine ins\u00e8re l&rsquo;attache \u00e0 travers l&rsquo;isolation et la soude \u00e0 l&rsquo;acier.<\/p>\n<p><strong>18012 RH MACH IV Rolling Head Automatic Pinspotter<\/strong><\/p>\n<p style=\"text-align: right;\"><a href=\"https:\/\/www.durodynecanada.com\/wp-content\/uploads\/2018\/11\/rhmach4_litsheet.pdf\"><img loading=\"lazy\" decoding=\"async\" class=\"size-medium wp-image-6557 alignleft\" src=\"https:\/\/www.durodynecanada.com\/wp-content\/uploads\/2018\/11\/rhmach4-211x300.jpg\" alt=\"RH MACH IV Pinspotter\" width=\"211\" height=\"300\" srcset=\"https:\/\/www.durodynecanada.com\/wp-content\/uploads\/2018\/11\/rhmach4-211x300.jpg 211w, https:\/\/www.durodynecanada.com\/wp-content\/uploads\/2018\/11\/rhmach4-600x851.jpg 600w, https:\/\/www.durodynecanada.com\/wp-content\/uploads\/2018\/11\/rhmach4-768x1090.jpg 768w, https:\/\/www.durodynecanada.com\/wp-content\/uploads\/2018\/11\/rhmach4-722x1024.jpg 722w, https:\/\/www.durodynecanada.com\/wp-content\/uploads\/2018\/11\/rhmach4-381x540.jpg 381w, https:\/\/www.durodynecanada.com\/wp-content\/uploads\/2018\/11\/rhmach4.jpg 998w\" sizes=\"(max-width: 211px) 100vw, 211px\" \/>RH MACH IV Rolling Head Pinspotter<br \/>\nLiterature Sheet<\/a><br \/>\n<a href=\"https:\/\/www.durodynecanada.com\/wp-content\/uploads\/2018\/11\/rhmach4_manual.pdf\">RH MACH IV Rolling Head Pinspotter Manual<\/a><\/p>\n<h2 style=\"text-align: left;\"><strong>Optional Lift Kit For FG and RH Pinspotters<\/strong><\/h2>\n<p>Un kit de levage de machines est \u00e9galement disponible en option pour un espace de travail ergonomique personnalis\u00e9. Le kit d&rsquo;\u00e9l\u00e9vation de la machine permet d&rsquo;augmenter la hauteur de 4&Prime; ou 6&Prime;.<\/p>\n<p><strong>17135 FG\/RH Lift Kit<\/strong><\/p>\n<p><img loading=\"lazy\" decoding=\"async\" class=\"size-full wp-image-5948 alignleft\" src=\"https:\/\/www.durodynecanada.com\/wp-content\/uploads\/2018\/11\/fg_rh_mach_liftkit.jpg\" alt=\"FG and RH Lift Kit\" width=\"295\" height=\"162\"><\/p>\n<p style=\"text-align: center;\"><span style=\"color: #000000;\"><em>Pour voir les versions pr\u00e9c\u00e9dentes des \u00e9plingleuses Duro Dyne <a href=\"https:\/\/www.durodynecanada.com\/products\/discontinued-machinery\/\"><strong>here<\/strong><\/a><\/em><\/span><\/p>\n","protected":false},"excerpt":{"rendered":"<p>\u00c9PINGLEUSES MF-12A Compact Pinspotter La MF de Duro Dyne a \u00e9t\u00e9 la norme pour les soudeuses d&rsquo;entr\u00e9e de gamme \u00ab\u00a0\u00e0 travers l&rsquo;isolation\u00a0\u00bb pendant plus de 30 ans. Ses performances \u00e9prouv\u00e9es et sa grande fiabilit\u00e9 ont fait de la MF un outil indispensable pour tout atelier de t\u00f4lerie effectuant occasionnellement des travaux d&rsquo;isolation. Duro Dyne pr\u00e9sente &hellip;<\/p>\n","protected":false},"author":7,"featured_media":0,"parent":7820,"menu_order":1,"comment_status":"closed","ping_status":"closed","template":"","meta":{"_acf_changed":false,"footnotes":""},"acf":[],"_links":{"self":[{"href":"https:\/\/www.durodynecanada.com\/fr\/wp-json\/wp\/v2\/pages\/7826"}],"collection":[{"href":"https:\/\/www.durodynecanada.com\/fr\/wp-json\/wp\/v2\/pages"}],"about":[{"href":"https:\/\/www.durodynecanada.com\/fr\/wp-json\/wp\/v2\/types\/page"}],"author":[{"embeddable":true,"href":"https:\/\/www.durodynecanada.com\/fr\/wp-json\/wp\/v2\/users\/7"}],"replies":[{"embeddable":true,"href":"https:\/\/www.durodynecanada.com\/fr\/wp-json\/wp\/v2\/comments?post=7826"}],"version-history":[{"count":4,"href":"https:\/\/www.durodynecanada.com\/fr\/wp-json\/wp\/v2\/pages\/7826\/revisions"}],"predecessor-version":[{"id":8487,"href":"https:\/\/www.durodynecanada.com\/fr\/wp-json\/wp\/v2\/pages\/7826\/revisions\/8487"}],"up":[{"embeddable":true,"href":"https:\/\/www.durodynecanada.com\/fr\/wp-json\/wp\/v2\/pages\/7820"}],"wp:attachment":[{"href":"https:\/\/www.durodynecanada.com\/fr\/wp-json\/wp\/v2\/media?parent=7826"}],"curies":[{"name":"wp","href":"https:\/\/api.w.org\/{rel}","templated":true}]}}