{"id":7822,"date":"2021-11-16T14:54:52","date_gmt":"2021-11-16T19:54:52","guid":{"rendered":"https:\/\/www.durodynecanada.com\/nos-produits\/machinery\/spot-welders\/"},"modified":"2022-06-16T16:51:09","modified_gmt":"2022-06-16T20:51:09","slug":"soudeuses-par-points","status":"publish","type":"page","link":"https:\/\/www.durodynecanada.com\/fr\/nos-produits\/machinerie\/soudeuses-par-points\/","title":{"rendered":"Soudeuses par points"},"content":{"rendered":"<h1>SOUDEUSES PAR POINTS<\/h1>\n<h2>BAW5<\/h2>\n<p>La soudeuse par points autonome <strong>BAW<\/strong> permet de souder des m\u00e9taux de calibre 30 \u00e0 11. Elle est dot\u00e9e d&rsquo;un transformateur sp\u00e9cialement con\u00e7u et d&rsquo;une pompe qui refroidit les pointes de soudure afin d&rsquo;\u00e9viter tout risque de br\u00fblure. La <strong>BAW<\/strong> est une soudeuse par r\u00e9sistance efficace mais puissante, con\u00e7ue sp\u00e9cialement pour souder par points l&rsquo;acier dans les configurations les plus couramment rencontr\u00e9es dans les applications de gaines en t\u00f4le.<\/p>\n<p><strong>9130 BAW5 Soudeuse par points<\/strong><\/p>\n<p style=\"text-align: right;\"><img loading=\"lazy\" decoding=\"async\" class=\"alignnone wp-image-6610 size-full alignleft\" src=\"https:\/\/www.durodynecanada.com\/wp-content\/uploads\/2018\/11\/baw5.jpg\" alt=\"BAW5 Spot Welder\" width=\"432\" height=\"360\" srcset=\"https:\/\/www.durodynecanada.com\/wp-content\/uploads\/2018\/11\/baw5.jpg 432w, https:\/\/www.durodynecanada.com\/wp-content\/uploads\/2018\/11\/baw5-300x250.jpg 300w\" sizes=\"(max-width: 432px) 100vw, 432px\" \/> <a href=\"https:\/\/www.durodynecanada.com\/wp-content\/uploads\/2018\/11\/baw_litsheet.pdf\">BAW Literature Sheet<\/a><br><a href=\"https:\/\/www.durodynecanada.com\/wp-content\/uploads\/2018\/11\/baw_manual.pdf\">BAW Manual<\/a><\/p>\n<h2>&nbsp;<\/h2>\n<h2>&nbsp;<\/h2>\n<h2>&nbsp;<\/h2>\n<h2>&nbsp;<\/h2>\n<h2>&nbsp;<\/h2>\n<h2>&nbsp;<\/h2>\n<p><\/p>\n<h2>&nbsp;<\/h2>\n<h2>BAW2<\/h2>\n<p>Voici la soudeuse par points autonome <strong>BAW<\/strong> avec une gorge de 2 pieds. Semblable \u00e0 la <strong>BAW5<\/strong>, la <strong>BAW2<\/strong> permet de souder des m\u00e9taux de calibre 30 \u00e0 11. Son encombrement est plus r\u00e9duit, ce qui lui permet de trouver sa place n&rsquo;importe o\u00f9 dans votre atelier !<\/p>\n<p>Il est dot\u00e9 d&rsquo;un transformateur sp\u00e9cialement con\u00e7u et d&rsquo;une pompe qui refroidit les pointes de soudure afin d&rsquo;\u00e9viter tout risque de br\u00fblure. La <strong>BAW<\/strong> est une soudeuse par r\u00e9sistance efficace mais puissante, con\u00e7ue sp\u00e9cifiquement pour effectuer le travail de soudage par points de l&rsquo;acier dans les configurations les plus couramment rencontr\u00e9es lors des applications de gaines en t\u00f4le.<\/p>\n<p><strong>9129 BAW2 Soudeuse par points<\/strong><\/p>\n<p style=\"text-align: right;\"><img loading=\"lazy\" decoding=\"async\" class=\"wp-image-6609 size-full alignleft\" src=\"https:\/\/www.durodynecanada.com\/wp-content\/uploads\/2018\/11\/baw2.jpg\" alt=\"BAW2 Spot Welder\" width=\"294\" height=\"360\" srcset=\"https:\/\/www.durodynecanada.com\/wp-content\/uploads\/2018\/11\/baw2.jpg 294w, https:\/\/www.durodynecanada.com\/wp-content\/uploads\/2018\/11\/baw2-245x300.jpg 245w\" sizes=\"(max-width: 294px) 100vw, 294px\" \/> <a href=\"https:\/\/www.durodynecanada.com\/wp-content\/uploads\/2018\/11\/baw_litsheet.pdf\">BAW Literature Sheet<\/a><br><a href=\"https:\/\/www.durodynecanada.com\/wp-content\/uploads\/2018\/11\/baw_manual.pdf\">BAW Manual<\/a><\/p>\n\n\n<pre class=\"wp-block-code\"><code><\/code><\/pre>\n","protected":false},"excerpt":{"rendered":"<p>SOUDEUSES PAR POINTS BAW5 La soudeuse par points autonome BAW permet de souder des m\u00e9taux de calibre 30 \u00e0 11. Elle est dot\u00e9e d&rsquo;un transformateur sp\u00e9cialement con\u00e7u et d&rsquo;une pompe qui refroidit les pointes de soudure afin d&rsquo;\u00e9viter tout risque de br\u00fblure. La BAW est une soudeuse par r\u00e9sistance efficace mais puissante, con\u00e7ue sp\u00e9cialement pour &hellip;<\/p>\n","protected":false},"author":7,"featured_media":0,"parent":7820,"menu_order":0,"comment_status":"closed","ping_status":"closed","template":"","meta":{"_acf_changed":false,"footnotes":""},"acf":[],"_links":{"self":[{"href":"https:\/\/www.durodynecanada.com\/fr\/wp-json\/wp\/v2\/pages\/7822"}],"collection":[{"href":"https:\/\/www.durodynecanada.com\/fr\/wp-json\/wp\/v2\/pages"}],"about":[{"href":"https:\/\/www.durodynecanada.com\/fr\/wp-json\/wp\/v2\/types\/page"}],"author":[{"embeddable":true,"href":"https:\/\/www.durodynecanada.com\/fr\/wp-json\/wp\/v2\/users\/7"}],"replies":[{"embeddable":true,"href":"https:\/\/www.durodynecanada.com\/fr\/wp-json\/wp\/v2\/comments?post=7822"}],"version-history":[{"count":3,"href":"https:\/\/www.durodynecanada.com\/fr\/wp-json\/wp\/v2\/pages\/7822\/revisions"}],"predecessor-version":[{"id":8485,"href":"https:\/\/www.durodynecanada.com\/fr\/wp-json\/wp\/v2\/pages\/7822\/revisions\/8485"}],"up":[{"embeddable":true,"href":"https:\/\/www.durodynecanada.com\/fr\/wp-json\/wp\/v2\/pages\/7820"}],"wp:attachment":[{"href":"https:\/\/www.durodynecanada.com\/fr\/wp-json\/wp\/v2\/media?parent=7822"}],"curies":[{"name":"wp","href":"https:\/\/api.w.org\/{rel}","templated":true}]}}