{"id":7820,"date":"2017-03-16T18:48:33","date_gmt":"2017-03-16T18:48:33","guid":{"rendered":"https:\/\/www.durodynecanada.com\/nos-produits\/machinery\/"},"modified":"2022-06-16T16:49:12","modified_gmt":"2022-06-16T20:49:12","slug":"machinerie","status":"publish","type":"page","link":"https:\/\/www.durodynecanada.com\/fr\/nos-produits\/machinerie\/","title":{"rendered":"Machinerie"},"content":{"rendered":"<h1>MACHINERIE<\/h1>\n<p>Duro Dyne dispose d&rsquo;une gamme compl\u00e8te de machines con\u00e7ues pour rendre la fixation de l&rsquo;isolation efficace et sans probl\u00e8me. Les coupeurs d&rsquo;isolant, les applicateurs d&rsquo;adh\u00e9sif et les traceurs d&rsquo;\u00e9pingles sont disponibles de la simple commande manuelle aux unit\u00e9s hautement automatis\u00e9es.<\/p>\n<p>Cliquez sur les articles \u00e0 gauche pour voir plus de d\u00e9tails sur les produits de la division Machines.<\/p>\n<p><img loading=\"lazy\" decoding=\"async\" class=\"aligncenter wp-image-5958 size-full\" src=\"https:\/\/www.durodynecanada.com\/wp-content\/uploads\/2018\/11\/machines_maingroup.jpg\" alt=\"Duro Dyne Machinery\" width=\"445\" height=\"468\" srcset=\"https:\/\/www.durodynecanada.com\/wp-content\/uploads\/2018\/11\/machines_maingroup.jpg 445w, https:\/\/www.durodynecanada.com\/wp-content\/uploads\/2018\/11\/machines_maingroup-285x300.jpg 285w\" sizes=\"(max-width: 445px) 100vw, 445px\" \/><\/p>\n","protected":false},"excerpt":{"rendered":"<p>MACHINERIE Duro Dyne dispose d&rsquo;une gamme compl\u00e8te de machines con\u00e7ues pour rendre la fixation de l&rsquo;isolation efficace et sans probl\u00e8me. Les coupeurs d&rsquo;isolant, les applicateurs d&rsquo;adh\u00e9sif et les traceurs d&rsquo;\u00e9pingles sont disponibles de la simple commande manuelle aux unit\u00e9s hautement automatis\u00e9es. Cliquez sur les articles \u00e0 gauche pour voir plus de d\u00e9tails sur les produits &hellip;<\/p>\n","protected":false},"author":15,"featured_media":0,"parent":7603,"menu_order":9,"comment_status":"closed","ping_status":"closed","template":"","meta":{"_acf_changed":false,"footnotes":""},"acf":[],"_links":{"self":[{"href":"https:\/\/www.durodynecanada.com\/fr\/wp-json\/wp\/v2\/pages\/7820"}],"collection":[{"href":"https:\/\/www.durodynecanada.com\/fr\/wp-json\/wp\/v2\/pages"}],"about":[{"href":"https:\/\/www.durodynecanada.com\/fr\/wp-json\/wp\/v2\/types\/page"}],"author":[{"embeddable":true,"href":"https:\/\/www.durodynecanada.com\/fr\/wp-json\/wp\/v2\/users\/15"}],"replies":[{"embeddable":true,"href":"https:\/\/www.durodynecanada.com\/fr\/wp-json\/wp\/v2\/comments?post=7820"}],"version-history":[{"count":3,"href":"https:\/\/www.durodynecanada.com\/fr\/wp-json\/wp\/v2\/pages\/7820\/revisions"}],"predecessor-version":[{"id":7863,"href":"https:\/\/www.durodynecanada.com\/fr\/wp-json\/wp\/v2\/pages\/7820\/revisions\/7863"}],"up":[{"embeddable":true,"href":"https:\/\/www.durodynecanada.com\/fr\/wp-json\/wp\/v2\/pages\/7603"}],"wp:attachment":[{"href":"https:\/\/www.durodynecanada.com\/fr\/wp-json\/wp\/v2\/media?parent=7820"}],"curies":[{"name":"wp","href":"https:\/\/api.w.org\/{rel}","templated":true}]}}