{"id":7817,"date":"2018-11-07T14:48:32","date_gmt":"2018-11-07T19:48:32","guid":{"rendered":"https:\/\/www.durodynecanada.com\/nos-produits\/insulation-fasteners\/mechanical-insulation-fasteners\/"},"modified":"2022-06-16T16:48:40","modified_gmt":"2022-06-16T20:48:40","slug":"fixation-pour-isolation-mecanique","status":"publish","type":"page","link":"https:\/\/www.durodynecanada.com\/fr\/nos-produits\/attaches-isolation\/fixation-pour-isolation-mecanique\/","title":{"rendered":"Fixations pour l&rsquo;isolation m\u00e9canique"},"content":{"rendered":"<h1>Fixations pour l&rsquo;isolation m\u00e9canique<\/h1>\n<h2><strong>Bangers &#8211; Fixations \u00e0 percussion<\/strong><\/h2>\n<p>Facile \u00e0 installer &#8211; placez la gaine sur la t\u00f4le et enfoncez le banger \u00e0 travers l&rsquo;isolant. Lors de l&rsquo;impact, les m\u00e2choires (trois sur le Tripod\u00ae <strong>(TBG)<\/strong> pour plus de stabilit\u00e9, deux sur le Banger standard (BG)), de la fixation p\u00e9n\u00e8trent dans le m\u00e9tal et se verrouillent solidement dans l&rsquo;\u00e9paisseur du m\u00e9tal lui-m\u00eame. (Toujours placer un bloc d&rsquo;acier tremp\u00e9 derri\u00e8re la t\u00f4le au point d&rsquo;impact). Les Bangers peuvent \u00eatre install\u00e9s avec le marteau \u00e0 double t\u00eate mod\u00e8le DHH. Les Bangers standard et tripodes sont disponibles en 1\/2&Prime; et 1&Prime;, emball\u00e9s dans des bo\u00eetes de mille unit\u00e9s <strong>(BGT, TBG)<\/strong> et des bo\u00eetes en vrac <strong>(BGB, TBGB)<\/strong>.<br \/>\nGoupille : diam\u00e8tre de 0,136<br \/>\n<img loading=\"lazy\" decoding=\"async\" class=\"alignright wp-image-5924\" src=\"https:\/\/www.durodynecanada.com\/wp-content\/uploads\/2018\/11\/bg.jpg\" alt=\"BG Standard Banger\" width=\"113\" height=\"95\">Rondelle : Diam\u00e8tre 1,0&Prime;.<br \/>\n\u00c9paisseur : 0,015&Prime;.<\/p>\n<h3>BG Standard Banger<\/h3>\n<table>\n<tbody>\n<tr>\n<td width=\"12%\"><strong>Num\u00e9ro d&rsquo;Item<\/strong><\/td>\n<td width=\"15%\"><strong>Code<\/strong><\/td>\n<td width=\"25%\"><strong>Description<\/strong><\/td>\n<td style=\"text-align: center;\" width=\"15%\"><strong>Longueur de la tige avant soudure<\/strong><\/td>\n<td style=\"text-align: center;\" width=\"15%\"><strong>Longueur de la tige apr\u00e8s soudure<\/strong><\/td>\n<td style=\"text-align: center;\" width=\"17%\"><strong>Quantit\u00e9<\/strong><\/td>\n<\/tr>\n<tr>\n<td width=\"12%\">26033<\/td>\n<td width=\"15%\"><strong>BGT&#8211;12<\/strong><\/td>\n<td width=\"25%\">1\/2&Prime; Banger Standard<\/td>\n<td style=\"text-align: center;\" width=\"15%\">.475<\/td>\n<td style=\"text-align: center;\" width=\"15%\">.375<\/td>\n<td style=\"text-align: center;\" width=\"17%\">1 M<\/td>\n<\/tr>\n<tr>\n<td width=\"12%\">26044<\/td>\n<td width=\"15%\"><strong>BGT-100<\/strong><\/td>\n<td width=\"25%\">1&Prime; Banger Standard<\/td>\n<td style=\"text-align: center;\" width=\"15%\">.625<\/td>\n<td style=\"text-align: center;\" width=\"15%\">.525<\/td>\n<td style=\"text-align: center;\" width=\"17%\">1 M<\/td>\n<\/tr>\n<tr>\n<td width=\"12%\">26095<\/td>\n<td width=\"15%\"><strong>BGB-12<\/strong><\/td>\n<td width=\"25%\">1\/2&Prime; Banger Standard<\/td>\n<td style=\"text-align: center;\" width=\"15%\">.475<\/td>\n<td style=\"text-align: center;\" width=\"15%\">.375<\/td>\n<td style=\"text-align: center;\" width=\"17%\">5 M<\/td>\n<\/tr>\n<tr>\n<td width=\"12%\">26096<\/td>\n<td width=\"15%\"><strong>BGB-100<\/strong><\/td>\n<td width=\"25%\">1&Prime; Banger Standard<\/td>\n<td style=\"text-align: center;\" width=\"15%\">.625<\/td>\n<td style=\"text-align: center;\" width=\"15%\">.525<\/td>\n<td style=\"text-align: center;\" width=\"17%\">5 M<\/td>\n<\/tr>\n<\/tbody>\n<\/table>\n<h3><img loading=\"lazy\" decoding=\"async\" class=\"wp-image-5935 alignright\" src=\"https:\/\/www.durodynecanada.com\/wp-content\/uploads\/2018\/11\/tbg_banger-300x119.jpg\" alt=\"TBG Tripod Bangers\" width=\"151\" height=\"60\" srcset=\"https:\/\/www.durodynecanada.com\/wp-content\/uploads\/2018\/11\/tbg_banger-300x119.jpg 300w, https:\/\/www.durodynecanada.com\/wp-content\/uploads\/2018\/11\/tbg_banger.jpg 344w\" sizes=\"(max-width: 151px) 100vw, 151px\" \/><\/h3>\n<h3>TBG Tripod Banger<\/h3>\n<table>\n<tbody>\n<tr>\n<td width=\"12%\"><strong>Num\u00e9ro d&rsquo;Item<\/strong><\/td>\n<td width=\"15%\"><strong>Code<\/strong><\/td>\n<td width=\"25%\"><strong>Description<\/strong><\/td>\n<td style=\"text-align: center;\" width=\"15%\"><strong>Longueur de la tige avant soudure<\/strong><\/td>\n<td style=\"text-align: center;\" width=\"15%\"><strong>Longueur de la tige apr\u00e8s soudure<\/strong><\/td>\n<td style=\"text-align: center;\" width=\"17%\"><strong>Quantit\u00e9<\/strong><\/td>\n<\/tr>\n<tr>\n<td width=\"12%\">26130<\/td>\n<td width=\"15%\"><strong>TBG-100<\/strong><\/td>\n<td width=\"25%\">1&Prime; Banger Standard<\/td>\n<td style=\"text-align: center;\" width=\"15%\">.625<\/td>\n<td style=\"text-align: center;\" width=\"15%\">.525<\/td>\n<td style=\"text-align: center;\" width=\"17%\">1 M<\/td>\n<\/tr>\n<tr>\n<td width=\"12%\">26134<\/td>\n<td width=\"15%\"><strong>TBGB-100<\/strong><\/td>\n<td width=\"25%\">1&Prime; Banger Standard<\/td>\n<td style=\"text-align: center;\" width=\"15%\">.625<\/td>\n<td style=\"text-align: center;\" width=\"15%\">.525<\/td>\n<td style=\"text-align: center;\" width=\"17%\">5 M<\/td>\n<\/tr>\n<\/tbody>\n<\/table>\n<p>N\u00b0 d&rsquo;article 27064 Marteau \u00e0 double t\u00eate <strong>RBH2<\/strong> pour Bangers <strong>BG<\/strong> et <strong>TBG<\/strong><img loading=\"lazy\" decoding=\"async\" class=\"size-full wp-image-6470 alignright\" src=\"https:\/\/www.durodynecanada.com\/wp-content\/uploads\/Tools_Images\/rbh2_doubleheader_hammer.jpg\" alt=\"RBH2 Double Headed Hammer\" width=\"180\" height=\"91\"><br \/>\n<a href=\"https:\/\/www.durodynecanada.com\/wp-content\/uploads\/Tools_Pdf\/rbh2_doubleheader_hammer.pdf\">RBH2 Literature Sheet<\/a><\/p>\n<h3>Suspensions d&rsquo;isolation auto-adh\u00e9sives Dynastick SAH<\/h3>\n<p><strong>SAH<\/strong> Dynastick est une suspension d&rsquo;isolation avec une base auto-adh\u00e9sive et est vendu avec une rondelle en acier. Il suffit de d\u00e9coller le papier de protection de la base du cintre et d&rsquo;appuyer fermement la base sur la surface propre du conduit. Empalez l&rsquo;isolant sur le clou du cintre et glissez la rondelle de blocage. Les cintres auto-adh\u00e9sifs adh\u00e8rent aux surfaces m\u00e9talliques propres et r\u00e9sistent \u00e0 des temp\u00e9ratures allant jusqu&rsquo;\u00e0 175\u00b0F (79,4\u00baC). <strong>SAH<\/strong> Dynastick est disponible en longueurs de 3\/4&Prime;, 1-1\/4&Prime;, 1-3\/4&Prime;, 2&Prime; et 2-1\/2&Prime;. Ils sont conditionn\u00e9s en bo\u00eetes de 100 <strong>(SAH)<\/strong> et en bo\u00eetes de 500 <strong>(SAHB)<\/strong>.<br \/>\nBroche : min 12 Gauge Zinc Plated<img loading=\"lazy\" decoding=\"async\" class=\"alignright wp-image-5933\" src=\"https:\/\/www.durodynecanada.com\/wp-content\/uploads\/2018\/11\/sah.jpg\" alt=\"SAH Dynastick Hanger with washer\" width=\"172\" height=\"90\"><br \/>\nDimensions de la base : Acier galvanis\u00e9 de 2 \u00ab\u00a0x2\u00a0\u00bb de calibre 28<br \/>\nAdh\u00e9sif : Mousse de poly\u00e9thyl\u00e8ne \u00e0 double rev\u00eatement<br \/>\nDur\u00e9e de conservation : 2 ans \u00e0 21,1\u00baC (70\u00baF) et 50% d&rsquo;humidit\u00e9.<\/p>\n<table>\n<tbody>\n<tr>\n<td width=\"12%\"><strong>Num\u00e9ro d&rsquo;Item<\/strong><\/td>\n<td width=\"15%\"><strong>Code<\/strong><\/td>\n<td width=\"25%\"><strong>Description<\/strong><\/td>\n<td style=\"text-align: center;\" width=\"15%\"><strong>Approx.<br \/>\nLongueur de la tige<\/strong><\/td>\n<td style=\"text-align: center;\" width=\"15%\"><strong>Utiliser avec<br \/>\nIsolation<br \/>\n<\/strong><\/td>\n<td style=\"text-align: center;\" width=\"17%\"><strong>Quantit\u00e9<\/strong><\/td>\n<\/tr>\n<tr>\n<td width=\"12%\">26067<\/td>\n<td width=\"15%\"><strong>SAH-34<\/strong><\/td>\n<td width=\"25%\">3\/4&Prime; Self Adh. Hanger<\/td>\n<td style=\"text-align: center;\" width=\"15%\">.75<\/td>\n<td style=\"text-align: center;\" width=\"15%\">Isolation 1\/2&Prime;<\/td>\n<td style=\"text-align: center;\" width=\"17%\">100<\/td>\n<\/tr>\n<tr>\n<td width=\"12%\">26068<\/td>\n<td width=\"15%\"><strong>SAH-114<\/strong><\/td>\n<td width=\"25%\">1-1\/4&Prime; Self Adh. Hanger<\/td>\n<td style=\"text-align: center;\" width=\"15%\">1.25<\/td>\n<td style=\"text-align: center;\" width=\"15%\">&nbsp;Isolation 1&Prime;<\/td>\n<td style=\"text-align: center;\" width=\"17%\">100<\/td>\n<\/tr>\n<tr>\n<td width=\"12%\">26069<\/td>\n<td width=\"15%\"><strong>SAH-134<\/strong><\/td>\n<td width=\"25%\">1-3\/4&Prime; Self Adh. Hanger<\/td>\n<td style=\"text-align: center;\" width=\"15%\">1.75<\/td>\n<td style=\"text-align: center;\" width=\"15%\">1-1\/2&Prime;-1-1\/2<br \/>\n#densit\u00e9<\/td>\n<td style=\"text-align: center;\" width=\"17%\">100<\/td>\n<\/tr>\n<tr>\n<td width=\"12%\">26070<\/td>\n<td width=\"15%\"><strong>SAH-200<\/strong><\/td>\n<td width=\"25%\">2&Prime; Self Adh. Hanger<\/td>\n<td style=\"text-align: center;\" width=\"15%\">2.0<\/td>\n<td style=\"text-align: center;\" width=\"15%\">1-1\/2&Prime;-2<br \/>\n# + densit\u00e9<\/td>\n<td style=\"text-align: center;\" width=\"17%\">100<\/td>\n<\/tr>\n<tr>\n<td width=\"12%\">26071<\/td>\n<td width=\"15%\"><strong>SAH-250<\/strong><\/td>\n<td width=\"25%\">2-1\/2&Prime; Self Adh. Hanger<\/td>\n<td style=\"text-align: center;\" width=\"15%\">2.5<\/td>\n<td style=\"text-align: center;\" width=\"15%\">&nbsp;Isolation 2&Prime;<\/td>\n<td style=\"text-align: center;\" width=\"17%\">100<\/td>\n<\/tr>\n<tr>\n<td width=\"12%\">26036<\/td>\n<td width=\"15%\"><strong>SAHB-34<\/strong><\/td>\n<td width=\"25%\">3\/4&Prime; Self Adh. Hanger<\/td>\n<td style=\"text-align: center;\" width=\"15%\">.75<\/td>\n<td style=\"text-align: center;\" width=\"15%\">&nbsp;Isolation 1\/2&Prime;<\/td>\n<td style=\"text-align: center;\" width=\"17%\">500<\/td>\n<\/tr>\n<tr>\n<td width=\"12%\">26037<\/td>\n<td width=\"15%\"><strong>SAHB-114<\/strong><\/td>\n<td width=\"25%\">1-1\/4&Prime; Self Adh. Hanger<\/td>\n<td style=\"text-align: center;\" width=\"15%\">1.25<\/td>\n<td style=\"text-align: center;\" width=\"15%\">&nbsp;Isolation 1&Prime;<\/td>\n<td style=\"text-align: center;\" width=\"17%\">500<\/td>\n<\/tr>\n<tr>\n<td width=\"12%\">26040<\/td>\n<td width=\"15%\"><strong>SAHB-134<\/strong><\/td>\n<td width=\"25%\">1-3\/4&Prime; Self Adh. Hanger<\/td>\n<td style=\"text-align: center;\" width=\"15%\">1.75<\/td>\n<td style=\"text-align: center;\" width=\"15%\">1-1\/2&Prime;-1-1\/2<br \/>\n#densit\u00e9<\/td>\n<td style=\"text-align: center;\" width=\"17%\">500<\/td>\n<\/tr>\n<tr>\n<td width=\"12%\">26041<\/td>\n<td width=\"15%\"><strong>SAHB-200<\/strong><\/td>\n<td width=\"25%\">2&Prime; Self Adh. Hanger<\/td>\n<td style=\"text-align: center;\" width=\"15%\">2.0<\/td>\n<td style=\"text-align: center;\" width=\"15%\">1-1\/2&Prime;-2<br \/>\n# + densit\u00e9<\/td>\n<td style=\"text-align: center;\" width=\"17%\">500<\/td>\n<\/tr>\n<tr>\n<td width=\"12%\">26047<\/td>\n<td width=\"15%\"><strong>SAHB-250<\/strong><\/td>\n<td width=\"25%\">2-1\/2&Prime; Self Adh. Hanger<\/td>\n<td style=\"text-align: center;\" width=\"15%\">2.5<\/td>\n<td style=\"text-align: center;\" width=\"15%\">&nbsp;Isolation 2&Prime;<\/td>\n<td style=\"text-align: center;\" width=\"17%\">500<\/td>\n<\/tr>\n<\/tbody>\n<\/table>\n<h3>Suspension d&rsquo;isolation auto-adh\u00e9sive Flipstix\u00ae.<br \/>\navec la conception unique \u00ab\u00a0une pi\u00e8ce\u00a0\u00bb.<\/h3>\n<p>Une fixation unique pour l&rsquo;isolation avec une base autocollante. Une seule fixation peut \u00eatre utilis\u00e9e pour de l&rsquo;isolant jusqu&rsquo;\u00e0 2&Prime; d&rsquo;\u00e9paisseur. L&rsquo;extension optionnelle permet d&rsquo;utiliser un isolant ou une enveloppe d&rsquo;une \u00e9paisseur maximale de 6&Prime;. C&rsquo;est la seule fixation disponible en galvanis\u00e9 <strong>(FSG)<\/strong>, aluminium <strong>(FSA)<\/strong> et acier inoxydable <strong>(FSS)<\/strong>. Toutes les Flipstix sont vendues avec une rondelle en acier galvanis\u00e9, en aluminium ou en acier inoxydable.<br \/>\nL&rsquo;isolation peut \u00eatre fix\u00e9e simplement en pliant l&rsquo;extr\u00e9mit\u00e9 de la goupille prolong\u00e9e ou en utilisant les rondelles fournies. Les Flipstix peuvent \u00eatre utilis\u00e9s sur toute surface m\u00e9tallique ou peinte propre et r\u00e9sisteront \u00e0 des temp\u00e9ratures allant jusqu&rsquo;\u00e0 79,4\u00baC (175\u00b0F).<br \/>\nGalvanis\u00e9, calibre 24<br \/>\nAluminium .032 nominal Type 5052-H34<img loading=\"lazy\" decoding=\"async\" class=\"alignright wp-image-5927\" src=\"https:\/\/www.durodynecanada.com\/wp-content\/uploads\/2018\/11\/flipstix.jpg\" alt=\"flipstix with washers\" width=\"226\" height=\"105\"><br \/>\nAcier inoxydable de calibre 24, type 301<br \/>\nAdh\u00e9sif : Ruban de mousse \u00e0 double rev\u00eatement en poly\u00e9thyl\u00e8ne<br \/>\nDur\u00e9e de conservation : 2 ans \u00e0 21,1\u00baC (70\u00baF) et 50% d&rsquo;humidit\u00e9.<br \/>\nQuantit\u00e9 de cartons : 10 bo\u00eetes de 100 Flipstix et rondelles par carton<\/p>\n<table>\n<tbody>\n<tr>\n<td width=\"12%\"><strong>Num\u00e9ro d&rsquo;Item<\/strong><\/td>\n<td width=\"15%\"><strong>Code<\/strong><\/td>\n<td width=\"25%\"><strong>Description<\/strong><\/td>\n<td style=\"text-align: center;\" width=\"15%\"><strong>Longueur<br \/>\nApprox.<\/strong><\/td>\n<td style=\"text-align: center;\" width=\"15%\"><strong>Utiliser avec isolation<br \/>\n<\/strong><\/td>\n<td style=\"text-align: center;\" width=\"17%\"><strong>Quantit\u00e9<\/strong><\/td>\n<\/tr>\n<tr>\n<td width=\"12%\">26055<\/td>\n<td width=\"15%\"><strong>FSG-250<\/strong><\/td>\n<td width=\"25%\">Flipstix galvanis\u00e9<\/td>\n<td style=\"text-align: center;\" width=\"15%\">2.5<\/td>\n<td style=\"text-align: center;\" width=\"15%\">1\/2&Prime; \u00e0 2&Prime;<\/td>\n<td style=\"text-align: center;\" width=\"17%\">1000<\/td>\n<\/tr>\n<tr>\n<td width=\"12%\">26056<\/td>\n<td width=\"15%\"><strong>FSA-250<\/strong><\/td>\n<td width=\"25%\">Flipstix en aluminium<\/td>\n<td style=\"text-align: center;\" width=\"15%\">2.5<\/td>\n<td style=\"text-align: center;\" width=\"15%\">1\/2&Prime; \u00e0 2&Prime;<\/td>\n<td style=\"text-align: center;\" width=\"17%\">1000<\/td>\n<\/tr>\n<tr>\n<td width=\"12%\">26057<\/td>\n<td width=\"15%\"><strong>FSS-250<\/strong><\/td>\n<td width=\"25%\">Flipstix en acier inoxydable<\/td>\n<td style=\"text-align: center;\" width=\"15%\">2.5<\/td>\n<td style=\"text-align: center;\" width=\"15%\">1\/2&Prime; \u00e0 2&Prime;<\/td>\n<td style=\"text-align: center;\" width=\"17%\">1000<\/td>\n<\/tr>\n<tr>\n<td width=\"12%\">26061<\/td>\n<td width=\"15%\"><strong>FSG-E<\/strong><\/td>\n<td width=\"25%\">Extension galvanis\u00e9e<\/td>\n<td style=\"text-align: center;\" width=\"15%\">5.75<\/td>\n<td style=\"text-align: center;\" width=\"15%\">2-1\/2&Prime; \u00e0 5&Prime;<\/td>\n<td style=\"text-align: center;\" width=\"17%\">1000<\/td>\n<\/tr>\n<tr>\n<td width=\"12%\">26054<\/td>\n<td width=\"15%\"><strong>FSA-E<\/strong><\/td>\n<td width=\"25%\">Extension en aluminium<\/td>\n<td style=\"text-align: center;\" width=\"15%\">5.75<\/td>\n<td style=\"text-align: center;\" width=\"15%\">2-1\/2&Prime; \u00e0 5&Prime;<\/td>\n<td style=\"text-align: center;\" width=\"17%\">1000<\/td>\n<\/tr>\n<tr>\n<td width=\"12%\">26063<\/td>\n<td width=\"15%\"><strong>FSS-E<\/strong><\/td>\n<td width=\"25%\">Extension en acier inoxydable<\/td>\n<td style=\"text-align: center;\" width=\"15%\">5.75<\/td>\n<td style=\"text-align: center;\" width=\"15%\">2-1\/2&Prime; \u00e0 5&Prime;<\/td>\n<td style=\"text-align: center;\" width=\"17%\">1000<\/td>\n<\/tr>\n<\/tbody>\n<\/table>\n<p><a href=\"https:\/\/www.durodynecanada.com\/wp-content\/uploads\/2018\/11\/flipstix_litsheet.pdf\">Flipstix Self Adhesive Hanger Literature Sheet<\/a><\/p>\n","protected":false},"excerpt":{"rendered":"<p>Fixations pour l&rsquo;isolation m\u00e9canique Bangers &#8211; Fixations \u00e0 percussion Facile \u00e0 installer &#8211; placez la gaine sur la t\u00f4le et enfoncez le banger \u00e0 travers l&rsquo;isolant. Lors de l&rsquo;impact, les m\u00e2choires (trois sur le Tripod\u00ae (TBG) pour plus de stabilit\u00e9, deux sur le Banger standard (BG)), de la fixation p\u00e9n\u00e8trent dans le m\u00e9tal et se &hellip;<\/p>\n","protected":false},"author":7,"featured_media":0,"parent":7663,"menu_order":0,"comment_status":"closed","ping_status":"closed","template":"","meta":{"_acf_changed":false,"footnotes":""},"acf":[],"_links":{"self":[{"href":"https:\/\/www.durodynecanada.com\/fr\/wp-json\/wp\/v2\/pages\/7817"}],"collection":[{"href":"https:\/\/www.durodynecanada.com\/fr\/wp-json\/wp\/v2\/pages"}],"about":[{"href":"https:\/\/www.durodynecanada.com\/fr\/wp-json\/wp\/v2\/types\/page"}],"author":[{"embeddable":true,"href":"https:\/\/www.durodynecanada.com\/fr\/wp-json\/wp\/v2\/users\/7"}],"replies":[{"embeddable":true,"href":"https:\/\/www.durodynecanada.com\/fr\/wp-json\/wp\/v2\/comments?post=7817"}],"version-history":[{"count":4,"href":"https:\/\/www.durodynecanada.com\/fr\/wp-json\/wp\/v2\/pages\/7817\/revisions"}],"predecessor-version":[{"id":8482,"href":"https:\/\/www.durodynecanada.com\/fr\/wp-json\/wp\/v2\/pages\/7817\/revisions\/8482"}],"up":[{"embeddable":true,"href":"https:\/\/www.durodynecanada.com\/fr\/wp-json\/wp\/v2\/pages\/7663"}],"wp:attachment":[{"href":"https:\/\/www.durodynecanada.com\/fr\/wp-json\/wp\/v2\/media?parent=7817"}],"curies":[{"name":"wp","href":"https:\/\/api.w.org\/{rel}","templated":true}]}}