{"id":7811,"date":"2018-10-05T15:52:18","date_gmt":"2018-10-05T19:52:18","guid":{"rendered":"https:\/\/www.durodynecanada.com\/nos-produits\/flexible-duct-connector\/vane-rail\/"},"modified":"2022-06-16T16:45:52","modified_gmt":"2022-06-16T20:45:52","slug":"rail-a-aubes","status":"publish","type":"page","link":"https:\/\/www.durodynecanada.com\/fr\/nos-produits\/flexible-duct-connector\/rail-a-aubes\/","title":{"rendered":"Rail \u00e0 aubes"},"content":{"rendered":"<h1>RAIL \u00c0 AUBES<\/h1>\n<p>L&rsquo;air qui circule dans une gaine est ralenti lorsqu&rsquo;il atteint un angle de virage \u00e0 droite. Ce ralentissement est pr\u00e9judiciable \u00e0 l&rsquo;efficacit\u00e9 du syst\u00e8me de conduits, c&rsquo;est pourquoi les ensembles d&rsquo;ailettes de rotation sont utilis\u00e9s pour guider l&rsquo;air de mani\u00e8re r\u00e9guli\u00e8re autour de ces virages. Avec les co\u00fbts de main d&rsquo;\u0153uvre \u00e9lev\u00e9s d&rsquo;aujourd&rsquo;hui, il est co\u00fbteux pour les ateliers de produire leurs propres assemblages de rotation d&rsquo;air. C&rsquo;est pourquoi le rail \u00e0 ailettes Duro Dyne est une contribution majeure aux ateliers de t\u00f4lerie qui ont besoin d&rsquo;assemblages de retournement d&rsquo;air efficaces, mais peu co\u00fbteux. Avec Duro Vane Rail, qui est un rail lat\u00e9ral pr\u00e9fabriqu\u00e9, le temps de mise en page est \u00e9limin\u00e9. Les palettes peuvent \u00eatre cisaill\u00e9es dans la ferraille sans d\u00e9coupe de l&rsquo;onglet, et rapidement assembl\u00e9es aux rails avec un seul coup de marteau \u00e0 panne ronde. Les rails \u00e0 palettes Duro Dyne, fabriqu\u00e9s en acier galvanis\u00e9 de calibre 24, sont estamp\u00e9s et fendus avec pr\u00e9cision, assurant un espacement uniforme des palettes et la construction la plus rapide, la plus facile et la plus \u00e9conomique des assemblages de palettes. Les rails \u00e0 aubes Duro Dyne sont sp\u00e9cialement gaufr\u00e9s, ce qui ajoute de la force et de la solidit\u00e9 \u00e0 la section finie. Les rails \u00e0 aubes peuvent \u00eatre utilis\u00e9s pour fabriquer des aubes tournantes de qualit\u00e9 pour n&rsquo;importe quelle taille de coude, y compris les coudes \u00e0 changement de taille.<\/p>\n<p><img loading=\"lazy\" decoding=\"async\" class=\"alignnone wp-image-5896\" src=\"https:\/\/www.durodynecanada.com\/wp-content\/uploads\/2018\/10\/vr1.jpg\" alt=\"\" width=\"200\" height=\"193\"><\/p>\n<table>\n<tbody>\n<tr>\n<td width=\"15%\"><strong>Num\u00e9ro d&rsquo;Item<\/strong><\/td>\n<td width=\"12%\"><strong>Code<\/strong><\/td>\n<td width=\"20%\"><strong>Description<\/strong><\/td>\n<td width=\"20%\"><strong>Quantit\u00e9<\/strong><\/td>\n<\/tr>\n<tr>\n<td width=\"15%\">4002<\/td>\n<td width=\"12%\"><strong>VR2<\/strong><\/td>\n<td width=\"20%\">Rail \u00e0 palettes en acier galvanis\u00e9<\/td>\n<td width=\"20%\">100 ft. Bobine continue<\/td>\n<\/tr>\n<tr>\n<td width=\"15%\">4003<\/td>\n<td width=\"12%\"><strong>JVR2<\/strong><\/td>\n<td width=\"20%\">Rail \u00e0 aube en acier galvanis\u00e9 Rail \u00e0 aube junior<\/td>\n<td width=\"20%\">Deux 100 ft. bobines continues<\/td>\n<\/tr>\n<tr>\n<td width=\"15%\">4007<\/td>\n<td width=\"12%\"><strong>VR2SS<\/strong><\/td>\n<td width=\"20%\">Rail \u00e0 palettes en acier inoxydable de la s\u00e9rie 300<\/td>\n<td width=\"20%\">100 ft. Bobine continue<\/td>\n<\/tr>\n<tr>\n<td width=\"15%\">4008<\/td>\n<td width=\"12%\"><strong>VR2AL<\/strong><\/td>\n<td width=\"20%\">Rail \u00e0 aubes en aluminium<\/td>\n<td width=\"20%\">100 ft. Bobine continue<\/td>\n<\/tr>\n<\/tbody>\n<\/table>\n<p><a href=\"https:\/\/www.durodynecanada.com\/wp-content\/uploads\/2018\/10\/vr_submittal.pdf\">Vane Rail Submittal<\/a><\/p>\n<p><strong>Fabrication d&rsquo;ailettes de rotation de l&rsquo;air<\/strong><\/p>\n<ol>\n<li>Cisaillez et formez les ailettes comme indiqu\u00e9. Positionnez les ailettes dans la fente du rail de l&rsquo;ailette. Les fentes forcent les aubes \u00e0 prendre la bonne courbe.<br \/>\n<img loading=\"lazy\" decoding=\"async\" class=\"alignnone wp-image-5897\" src=\"https:\/\/www.durodynecanada.com\/wp-content\/uploads\/2018\/10\/vr_fab1.jpg\" alt=\"\" width=\"200\" height=\"116\"><\/li>\n<li>Fixez l&rsquo;ailette en saillie \u00e0 l&rsquo;aide d&rsquo;un marteau \u00e0 panne ronde.<br \/>\n<img loading=\"lazy\" decoding=\"async\" class=\"alignnone wp-image-5898\" src=\"https:\/\/www.durodynecanada.com\/wp-content\/uploads\/2018\/10\/vr_fab2.jpg\" alt=\"\" width=\"200\" height=\"92\"><\/li>\n<li>Une d\u00e9pression extra profonde dans le rail de la palette permet une meilleure prise.<br \/>\nL&rsquo;ensemble de la palette est ensuite fix\u00e9 dans le coude.<br \/>\n<img loading=\"lazy\" decoding=\"async\" class=\"alignnone wp-image-5899\" src=\"https:\/\/www.durodynecanada.com\/wp-content\/uploads\/2018\/10\/vr_fab3.jpg\" alt=\"\" width=\"199\" height=\"93\"><\/li>\n<\/ol>\n","protected":false},"excerpt":{"rendered":"<p>RAIL \u00c0 AUBES L&rsquo;air qui circule dans une gaine est ralenti lorsqu&rsquo;il atteint un angle de virage \u00e0 droite. Ce ralentissement est pr\u00e9judiciable \u00e0 l&rsquo;efficacit\u00e9 du syst\u00e8me de conduits, c&rsquo;est pourquoi les ensembles d&rsquo;ailettes de rotation sont utilis\u00e9s pour guider l&rsquo;air de mani\u00e8re r\u00e9guli\u00e8re autour de ces virages. Avec les co\u00fbts de main d&rsquo;\u0153uvre \u00e9lev\u00e9s &hellip;<\/p>\n","protected":false},"author":7,"featured_media":0,"parent":2819,"menu_order":0,"comment_status":"closed","ping_status":"closed","template":"","meta":{"_acf_changed":false,"footnotes":""},"acf":[],"_links":{"self":[{"href":"https:\/\/www.durodynecanada.com\/fr\/wp-json\/wp\/v2\/pages\/7811"}],"collection":[{"href":"https:\/\/www.durodynecanada.com\/fr\/wp-json\/wp\/v2\/pages"}],"about":[{"href":"https:\/\/www.durodynecanada.com\/fr\/wp-json\/wp\/v2\/types\/page"}],"author":[{"embeddable":true,"href":"https:\/\/www.durodynecanada.com\/fr\/wp-json\/wp\/v2\/users\/7"}],"replies":[{"embeddable":true,"href":"https:\/\/www.durodynecanada.com\/fr\/wp-json\/wp\/v2\/comments?post=7811"}],"version-history":[{"count":3,"href":"https:\/\/www.durodynecanada.com\/fr\/wp-json\/wp\/v2\/pages\/7811\/revisions"}],"predecessor-version":[{"id":8476,"href":"https:\/\/www.durodynecanada.com\/fr\/wp-json\/wp\/v2\/pages\/7811\/revisions\/8476"}],"up":[{"embeddable":true,"href":"https:\/\/www.durodynecanada.com\/fr\/wp-json\/wp\/v2\/pages\/2819"}],"wp:attachment":[{"href":"https:\/\/www.durodynecanada.com\/fr\/wp-json\/wp\/v2\/media?parent=7811"}],"curies":[{"name":"wp","href":"https:\/\/api.w.org\/{rel}","templated":true}]}}