{"id":7808,"date":"2018-10-16T10:25:31","date_gmt":"2018-10-16T14:25:31","guid":{"rendered":"https:\/\/www.durodynecanada.com\/nos-produits\/flexible-duct-connector\/thermafab-flexible-duct-connector\/"},"modified":"2022-06-16T16:36:55","modified_gmt":"2022-06-16T20:36:55","slug":"connecteur-de-gaine-flexible-thermafab","status":"publish","type":"page","link":"https:\/\/www.durodynecanada.com\/fr\/nos-produits\/flexible-duct-connector\/connecteur-de-gaine-flexible-thermafab\/","title":{"rendered":"Connecteur de gaine flexible Thermafab"},"content":{"rendered":"<h1>CONNECTEUR DE GAINE FLEXIBLE THERMAFAB<\/h1>\n<ul>\n<li>Large gamme de temp\u00e9ratures (-60\u00ba \u00e0 260\u00baC)<\/li>\n<li>Tr\u00e8s faible \u00e9mission de fum\u00e9e<\/li>\n<li>Bonne r\u00e9sistance chimique<\/li>\n<li>Excellente r\u00e9sistance aux intemp\u00e9ries<\/li>\n<li>Imperm\u00e9able et \u00e9tanche \u00e0 l&rsquo;air<\/li>\n<li>Insensible au mildiou<\/li>\n<\/ul>\n<p><strong>THERMAFAB\u2122<\/strong> est un tissu en fibre de verre sp\u00e9cialement d\u00e9velopp\u00e9, enduit des deux c\u00f4t\u00e9s de caoutchouc de silicone. Il int\u00e8gre une tr\u00e8s large gamme de temp\u00e9ratures avec une r\u00e9sistance exceptionnelle aux intemp\u00e9ries, au vieillissement, aux effets de la lumi\u00e8re du soleil et \u00e0 une grande vari\u00e9t\u00e9 de produits chimiques.<\/p>\n<p><strong>THERMAFAB\u2122<\/strong> ne favorise pas la combustion et produit tr\u00e8s peu de fum\u00e9e en cas d&rsquo;exposition aux flammes et \u00e0 une chaleur extr\u00eame. Il est fourni en bobines de 30 m de tissu jointes des deux c\u00f4t\u00e9s \u00e0 de l&rsquo;acier galvanis\u00e9, ou en tissu seul pour les applications sp\u00e9ciales.<\/p>\n<p><strong>UTILISATIONS RECOMMAND\u00c9ES<\/strong><\/p>\n<p>Bien qu&rsquo;il puisse \u00eatre utilis\u00e9 presque partout o\u00f9 un connecteur de conduit flexible est n\u00e9cessaire, <strong>THERMAFAB\u2122<\/strong> est particuli\u00e8rement adapt\u00e9 aux applications expos\u00e9es \u00e0 des temp\u00e9ratures plus \u00e9lev\u00e9es, ou lorsque le risque d&rsquo;incendie est concern\u00e9. L&rsquo;\u00e9mission de fum\u00e9e extr\u00eamement faible de <strong>THERMAFAB<\/strong> att\u00e9nue la possibilit\u00e9 que des fum\u00e9es nocives provenant du connecteur soient ajout\u00e9es au flux d&rsquo;air de la gaine en cas d&rsquo;incendie.<\/p>\n<hr>\n<p><strong>SP\u00c9CIFICATIONS<\/strong><\/p>\n<p><strong>Tissu de la base<\/strong> : Fibre de verre tiss\u00e9e<br \/>\n<strong>Rev\u00eatement<\/strong> : Caoutchouc de silicone<br \/>\n<strong>Masse (poids)<\/strong> : 576 g\/m\u00b2 (17 oz\/yd\u00b2)<br \/>\n<strong>\u00c9paisseur<\/strong> : 0,50 mm (0,019&Prime;)<\/p>\n<p><strong>R\u00e9sistance \u00e0 la traction<\/strong> : 890x665N (200&#215;150 lbs)<br \/>\nCAN 2-4.2-M\u00e9thode 9.2<\/p>\n<p><strong>R\u00e9sistance \u00e0 la d\u00e9chirure<\/strong> : 220&#215;180 N (50&#215;40 lbs)<br \/>\nCAN 2-4.2-M\u00e9thode 12.1<\/p>\n<p><strong>R\u00e9sistance \u00e0 l&rsquo;\u00e9clatement<\/strong> : 1100 kPa environ (160 psi)<br \/>\nCAN 2-4.2-M\u00e9thode 11.1<\/p>\n<p><strong>Plage de temp\u00e9rature<\/strong> : -54\u00b0 \u00e0 260\u00b0C (-75\u00b0 \u00e0 500\u00b0F)<\/p>\n<p><strong>R\u00e9sistance au feu<\/strong> : Ininflammable. N&rsquo;entretient pas la combustion. Surpasse les normes de s\u00e9curit\u00e9 selon \u00ab\u00a0Flame Tests of Flame Resistant Fabrics\u00a0\u00bb, NFPA 701. R\u00e9pond aux exigences des raccords de conduits selon les normes 90A et 90B de la National Fire Protection Association.<\/p>\n<p><strong>Homologations<\/strong> : Class\u00e9 UL, dossier n\u00b0 R4462. Approuv\u00e9 par le California State Fire Marshal, la ville de Los Angeles et la ville de Denver.<\/p>\n<hr>\n<p><a href=\"https:\/\/www.durodynecanada.com\/wp-content\/uploads\/2018\/10\/conn_chem_p1_p2_2015.pdf\"><strong>Chemical Resistance of Duro Dyne Coated Fabrics sheet<\/strong> <\/a>(PDF)<\/p>\n","protected":false},"excerpt":{"rendered":"<p>CONNECTEUR DE GAINE FLEXIBLE THERMAFAB Large gamme de temp\u00e9ratures (-60\u00ba \u00e0 260\u00baC) Tr\u00e8s faible \u00e9mission de fum\u00e9e Bonne r\u00e9sistance chimique Excellente r\u00e9sistance aux intemp\u00e9ries Imperm\u00e9able et \u00e9tanche \u00e0 l&rsquo;air Insensible au mildiou THERMAFAB\u2122 est un tissu en fibre de verre sp\u00e9cialement d\u00e9velopp\u00e9, enduit des deux c\u00f4t\u00e9s de caoutchouc de silicone. Il int\u00e8gre une tr\u00e8s large &hellip;<\/p>\n","protected":false},"author":7,"featured_media":0,"parent":2819,"menu_order":0,"comment_status":"closed","ping_status":"closed","template":"","meta":{"_acf_changed":false,"footnotes":""},"acf":[],"_links":{"self":[{"href":"https:\/\/www.durodynecanada.com\/fr\/wp-json\/wp\/v2\/pages\/7808"}],"collection":[{"href":"https:\/\/www.durodynecanada.com\/fr\/wp-json\/wp\/v2\/pages"}],"about":[{"href":"https:\/\/www.durodynecanada.com\/fr\/wp-json\/wp\/v2\/types\/page"}],"author":[{"embeddable":true,"href":"https:\/\/www.durodynecanada.com\/fr\/wp-json\/wp\/v2\/users\/7"}],"replies":[{"embeddable":true,"href":"https:\/\/www.durodynecanada.com\/fr\/wp-json\/wp\/v2\/comments?post=7808"}],"version-history":[{"count":3,"href":"https:\/\/www.durodynecanada.com\/fr\/wp-json\/wp\/v2\/pages\/7808\/revisions"}],"predecessor-version":[{"id":8461,"href":"https:\/\/www.durodynecanada.com\/fr\/wp-json\/wp\/v2\/pages\/7808\/revisions\/8461"}],"up":[{"embeddable":true,"href":"https:\/\/www.durodynecanada.com\/fr\/wp-json\/wp\/v2\/pages\/2819"}],"wp:attachment":[{"href":"https:\/\/www.durodynecanada.com\/fr\/wp-json\/wp\/v2\/media?parent=7808"}],"curies":[{"name":"wp","href":"https:\/\/api.w.org\/{rel}","templated":true}]}}