{"id":7805,"date":"2020-09-14T15:46:08","date_gmt":"2020-09-14T19:46:08","guid":{"rendered":"https:\/\/www.durodynecanada.com\/nos-produits\/flexible-duct-connector\/teflon-flexible-duct-connector\/"},"modified":"2022-06-16T16:34:52","modified_gmt":"2022-06-16T20:34:52","slug":"connecteur-de-conduit-flexible-teflon","status":"publish","type":"page","link":"https:\/\/www.durodynecanada.com\/fr\/nos-produits\/flexible-duct-connector\/connecteur-de-conduit-flexible-teflon\/","title":{"rendered":"Connecteur de conduit flexible en t\u00e9flon"},"content":{"rendered":"<h1>CONNECTEUR DE CONDUIT FLEXIBLE EN T\u00c9FLON<\/h1>\n<ul>\n<li>Large gamme de temp\u00e9ratures (-101\u00ba \u00e0 260\u00baC)<\/li>\n<li>Niveaux de fum\u00e9e minimaux<\/li>\n<li>Excellente r\u00e9sistance chimique<\/li>\n<li>Excellente nettoyabilit\u00e9<\/li>\n<li>Excellente r\u00e9sistance \u00e0 l&rsquo;abrasion<\/li>\n<li>R\u00e9sistance aux UV<\/li>\n<\/ul>\n<p><strong>T\u00c9FLON<\/strong> est un tissu en fibre de verre impr\u00e9gn\u00e9 et enduit de fluorocarbone. Il incorpore une tr\u00e8s large gamme de temp\u00e9ratures, r\u00e9siste aux UV et l&rsquo;impr\u00e9gnation et l&rsquo;enduction de fluorocarbone sont extr\u00eamement r\u00e9sistantes \u00e0 la plupart des produits chimiques industriels.<\/p>\n<p><strong>T\u00c9FLON<\/strong> produit tr\u00e8s peu de fum\u00e9e lorsqu&rsquo;il est expos\u00e9 aux flammes et \u00e0 une chaleur extr\u00eame. Il est fourni en bobines de 30m (100ft) de tissu jointes des deux c\u00f4t\u00e9s \u00e0 de l&rsquo;acier galvanis\u00e9, ou comme tissu seul pour des applications sp\u00e9ciales.<\/p>\n<p><strong>UTILISATIONS RECOMMAND\u00c9ES<\/strong><\/p>\n<p>Bien qu&rsquo;il puisse \u00eatre utilis\u00e9 presque partout o\u00f9 un connecteur de conduit flexible est n\u00e9cessaire, <strong>T\u00c9FLON<\/strong> est particuli\u00e8rement adapt\u00e9 aux applications expos\u00e9es \u00e0 des temp\u00e9ratures plus \u00e9lev\u00e9es, ou lorsque le risque d&rsquo;incendie est concern\u00e9. Les niveaux de fum\u00e9e minimaux de <strong>T\u00c9FLON<\/strong> r\u00e9duisent la possibilit\u00e9 que des fum\u00e9es nocives provenant du connecteur soient ajout\u00e9es au flux d&rsquo;air de la gaine en cas d&rsquo;incendie.<\/p>\n<hr>\n<p><strong>SP\u00c9CIFICATIONS<\/strong><\/p>\n<p><strong>Tissu de la base<\/strong> : Fibre de verre \/ tissage satin\u00e9<br \/>\n<strong>Rev\u00eatement<\/strong> : T\u00e9flon<br \/>\n<strong>Couleur<\/strong> : Gris \u00e0 l&rsquo;ext\u00e9rieur \/ Beige \u00e0 l&rsquo;int\u00e9rieur<br \/>\n<strong>Masse (poids)<\/strong> : 561 g\/m\u00b2 (16.5 oz\/yd\u00b2)<br \/>\n<strong>\u00c9paisseur<\/strong> : 0,381 mm (0,016&Prime;)<\/p>\n<p><strong>R\u00e9sistance \u00e0 la traction<\/strong> : (400&#215;300 lbs)<\/p>\n<p><strong>R\u00e9sistance \u00e0 la d\u00e9chirure<\/strong> : (50&#215;30 lbs)<\/p>\n<p><strong>R\u00e9sistance \u00e0 l&rsquo;\u00e9clatement<\/strong> : 4481 kPa environ (650 psi)<\/p>\n<p><strong>Flamme\/fum\u00e9e<\/strong> : 0\/5 (classement ASTM E84)<\/p>\n<p><strong>Plage de temp\u00e9ratures<\/strong> : -101\u00b0 \u00e0 260\u00b0C (-150\u00b0 \u00e0 500\u00b0F)<\/p>\n<p><strong>R\u00e9sistance \u00e0 la flamme<\/strong> : M\u00c9THODE ASTM-D-6413<br \/>\n<strong>Longueur de la flamme<\/strong> : 2,54 cm (1 pouce) max.<br \/>\n<strong>Post-combustion<\/strong> : 1 seconde max.<br \/>\n<strong>Extinction de la flamme<\/strong> : 1 seconde max.<\/p>\n<hr>\n","protected":false},"excerpt":{"rendered":"<p>CONNECTEUR DE CONDUIT FLEXIBLE EN T\u00c9FLON Large gamme de temp\u00e9ratures (-101\u00ba \u00e0 260\u00baC) Niveaux de fum\u00e9e minimaux Excellente r\u00e9sistance chimique Excellente nettoyabilit\u00e9 Excellente r\u00e9sistance \u00e0 l&rsquo;abrasion R\u00e9sistance aux UV T\u00c9FLON est un tissu en fibre de verre impr\u00e9gn\u00e9 et enduit de fluorocarbone. Il incorpore une tr\u00e8s large gamme de temp\u00e9ratures, r\u00e9siste aux UV et l&rsquo;impr\u00e9gnation &hellip;<\/p>\n","protected":false},"author":7,"featured_media":0,"parent":2819,"menu_order":0,"comment_status":"closed","ping_status":"closed","template":"","meta":{"_acf_changed":false,"footnotes":""},"acf":[],"_links":{"self":[{"href":"https:\/\/www.durodynecanada.com\/fr\/wp-json\/wp\/v2\/pages\/7805"}],"collection":[{"href":"https:\/\/www.durodynecanada.com\/fr\/wp-json\/wp\/v2\/pages"}],"about":[{"href":"https:\/\/www.durodynecanada.com\/fr\/wp-json\/wp\/v2\/types\/page"}],"author":[{"embeddable":true,"href":"https:\/\/www.durodynecanada.com\/fr\/wp-json\/wp\/v2\/users\/7"}],"replies":[{"embeddable":true,"href":"https:\/\/www.durodynecanada.com\/fr\/wp-json\/wp\/v2\/comments?post=7805"}],"version-history":[{"count":3,"href":"https:\/\/www.durodynecanada.com\/fr\/wp-json\/wp\/v2\/pages\/7805\/revisions"}],"predecessor-version":[{"id":8457,"href":"https:\/\/www.durodynecanada.com\/fr\/wp-json\/wp\/v2\/pages\/7805\/revisions\/8457"}],"up":[{"embeddable":true,"href":"https:\/\/www.durodynecanada.com\/fr\/wp-json\/wp\/v2\/pages\/2819"}],"wp:attachment":[{"href":"https:\/\/www.durodynecanada.com\/fr\/wp-json\/wp\/v2\/media?parent=7805"}],"curies":[{"name":"wp","href":"https:\/\/api.w.org\/{rel}","templated":true}]}}