{"id":7802,"date":"2018-10-17T11:59:11","date_gmt":"2018-10-17T15:59:11","guid":{"rendered":"https:\/\/www.durodynecanada.com\/nos-produits\/flexible-duct-connector\/tdctdf-connector\/"},"modified":"2022-06-16T16:42:44","modified_gmt":"2022-06-16T20:42:44","slug":"connecteur-tdctdf","status":"publish","type":"page","link":"https:\/\/www.durodynecanada.com\/fr\/nos-produits\/flexible-duct-connector\/connecteur-tdctdf\/","title":{"rendered":"Connecteur TDC\/TDF"},"content":{"rendered":"<h1>CONNECTEUR TDC\/TDF<\/h1>\n<p><strong>Pour les applications industrielles et commerciales<\/strong><\/p>\n<p>Le connecteur TDC\/TDF dispose d&rsquo;une quantit\u00e9 suffisante de mat\u00e9riau pour former une bride de raccordement des deux c\u00f4t\u00e9s de la connexion flexible. Ce produit est con\u00e7u pour \u00eatre compatible avec les \u00e9quipements de fabrication de brides de profilage TDC (Lockformer) et TDF (Engel).<\/p>\n<p><strong>Jauge<\/strong> : 24<br \/>\n<strong>Dimensions<\/strong> : 4&Prime; m\u00e9tal &#8211; 4&Prime; tissu &#8211; 4&Prime; m\u00e9tal<br \/>\n<strong>Longueur du rouleau<\/strong> : 100ft roll<br \/>\n<strong>Couture<\/strong> : Grip Loc<br \/>\n<strong>Tissus<\/strong> : N\u00e9opr\u00e8ne, Durolon, Excelon<\/p>\n<p style=\"text-align: center;\"><strong>N\u00c9OPR\u00c8NE<\/strong><\/p>\n<table>\n<tbody>\n<tr>\n<td width=\"224\"><strong>DESCRIPTION<\/strong><\/td>\n<td width=\"224\"><strong>SP\u00c9CIFICATIONS<\/strong><\/td>\n<td width=\"224\"><strong>CARACT\u00c9RISTIQUES<\/strong><\/td>\n<\/tr>\n<tr>\n<td width=\"84\">Couleur : Noir<br \/>\nTissu de la base : Fibre de verre<br \/>\nRev\u00eatement : Polychloropr\u00e8ne<\/td>\n<td width=\"180\">Masse : 1017 g\/m\u00b2 30oz\/yd\u00b2<br \/>\nR\u00e9sistance \u00e0 la traction : 2000x1550N<br \/>\n(450&#215;350 lbs)<br \/>\nR\u00e9sistance \u00e0 la d\u00e9chirure : 110&#215;90 N<br \/>\n(25&#215;20 lbs)<br \/>\nPlage de temp\u00e9ratures : -40 \u00e0 93\u00baC<br \/>\nde -40 \u00e0 200\u00baF<\/td>\n<td width=\"264\">La norme industrielle pour les syst\u00e8mes HVAC<br \/>\nR\u00e9siste \u00e0 de nombreux acides, alcalis, graisses, huiles et essences.<br \/>\nPour les syst\u00e8mes expos\u00e9s aux fum\u00e9es toxiques et \u00e0 l&rsquo;atmosph\u00e8re pollu\u00e9e<\/td>\n<\/tr>\n<\/tbody>\n<\/table>\n<p style=\"text-align: center;\"><b>Informations sur la commande<\/b><\/p>\n<table>\n<tbody>\n<tr>\n<td width=\"224\"><strong>Item No.<\/strong><\/td>\n<td width=\"224\"><strong>Code<\/strong><\/td>\n<td width=\"224\"><strong>Description<\/strong><\/td>\n<\/tr>\n<tr>\n<td width=\"84\">10211<\/td>\n<td width=\"180\"><strong>MFN 4x4x4 <\/strong>(rouleau de 100 pieds)<\/td>\n<td width=\"264\">Connecteur TDC\/TDF en n\u00e9opr\u00e8ne<\/td>\n<\/tr>\n<tr>\n<td width=\"84\">10315<\/td>\n<td width=\"180\"><strong>MFN-700 4x4x4<\/strong> (rouleau de 700 pieds)<\/td>\n<td width=\"264\">Connecteur TDC\/TDF en n\u00e9opr\u00e8ne<\/td>\n<\/tr>\n<\/tbody>\n<\/table>\n<p><a href=\"https:\/\/www.durodynecanada.com?page_id=2456\"><strong>Neoprene Flexible Connector Specifications<\/strong><\/a><\/p>\n<p style=\"text-align: center;\"><strong>DUROLON (USA)<\/strong><\/p>\n<table>\n<tbody>\n<tr>\n<td width=\"224\"><strong>DESCRIPTION<\/strong><\/td>\n<td width=\"224\"><strong>SP\u00c9CIFICATIONS<\/strong><\/td>\n<td width=\"224\"><strong>CARACT\u00c9RISTIQUES<\/strong><\/td>\n<\/tr>\n<tr>\n<td width=\"84\">Couleur : Blanc<br \/>\nTissu de la base : Fibre de verre tiss\u00e9e<br \/>\nRev\u00eatement : Hypalon<\/td>\n<td width=\"180\">Poids : 26oz\/yd\u00b2<br \/>\nR\u00e9sistance \u00e0 la traction :<br \/>\n225 lbs x 300 lbs<br \/>\nR\u00e9sistance \u00e0 la d\u00e9chirure : 12&#215;12 lbs<br \/>\nPlage de temp\u00e9rature : -40 \u00e0 121\u00baC<br \/>\nDe -40 \u00e0 250\u00baF<\/td>\n<td width=\"264\">Excellente r\u00e9sistance \u00e0 l&rsquo;ozone<br \/>\nExcellente r\u00e9sistance aux intemp\u00e9ries<br \/>\nMeilleure r\u00e9sistance globale aux acides<br \/>\nRecommand\u00e9 pour les toitures<br \/>\napplications sur les toits<br \/>\nNon affect\u00e9 par la moisissure<\/td>\n<\/tr>\n<\/tbody>\n<\/table>\n<p style=\"text-align: center;\"><strong>Informations sur la commande<\/strong><\/p>\n<table>\n<tbody>\n<tr>\n<td width=\"224\"><strong>Item No.<\/strong><\/td>\n<td width=\"224\"><strong>Code<\/strong><\/td>\n<td width=\"224\"><strong>Description<\/strong><\/td>\n<\/tr>\n<tr>\n<td width=\"84\">10237<\/td>\n<td width=\"180\"><strong>MBDU 4x4x4<\/strong> (rouleau de 100 pieds)<\/td>\n<td width=\"264\">Connecteur TDC\/TDF en n\u00e9opr\u00e8ne<\/td>\n<\/tr>\n<\/tbody>\n<\/table>\n<p style=\"text-align: center;\"><strong>EXCELON (USA)<\/strong><\/p>\n<table>\n<tbody>\n<tr>\n<td width=\"224\"><strong>DESCRIPTION<\/strong><\/td>\n<td width=\"224\"><strong>SP\u00c9CIFICATIONS<\/strong><\/td>\n<td width=\"224\"><strong>CARACT\u00c9RISTIQUES<\/strong><\/td>\n<\/tr>\n<tr>\n<td width=\"84\">Couleur : Noir<br \/>\nTissu de la base : Nylon tiss\u00e9\/<br \/>\nPolyester<br \/>\nRev\u00eatement : Vinyle<\/td>\n<td width=\"180\">Poids de qualit\u00e9 commerciale :<br \/>\n22 oz\/yd\u00b2<br \/>\nR\u00e9sistance \u00e0 la traction :<br \/>\n240 lbs x x220 lbs<br \/>\nR\u00e9sistance \u00e0 la d\u00e9chirure :<br \/>\n100 lbs x 100 lbs<br \/>\nPlage de temp\u00e9ratures : -40 \u00e0 82.2\u00baC<br \/>\nDe -40 \u00e0 180\u00baF<\/td>\n<td width=\"264\">Excellente r\u00e9sistance \u00e0 l&rsquo;eau<br \/>\nExcellente r\u00e9sistance \u00e0 la d\u00e9chirure<br \/>\nExcellent tissu polyvalent<br \/>\nNon affect\u00e9 par la moisissure<\/td>\n<\/tr>\n<\/tbody>\n<\/table>\n<p style=\"text-align: center;\"><strong>Ordering Information<\/strong><\/p>\n<table>\n<tbody>\n<tr>\n<td width=\"224\"><strong>Item No.<\/strong><\/td>\n<td width=\"224\"><strong>Code<\/strong><\/td>\n<td width=\"224\"><strong>Description<\/strong><\/td>\n<\/tr>\n<tr>\n<td width=\"84\">10210<\/td>\n<td width=\"180\"><strong>MBX 4x4x4<\/strong> (rouleau de 100 pieds)<\/td>\n<td width=\"264\">Connecteur Excelon TDC\/TDF<\/td>\n<\/tr>\n<\/tbody>\n<\/table>\n","protected":false},"excerpt":{"rendered":"<p>CONNECTEUR TDC\/TDF Pour les applications industrielles et commerciales Le connecteur TDC\/TDF dispose d&rsquo;une quantit\u00e9 suffisante de mat\u00e9riau pour former une bride de raccordement des deux c\u00f4t\u00e9s de la connexion flexible. Ce produit est con\u00e7u pour \u00eatre compatible avec les \u00e9quipements de fabrication de brides de profilage TDC (Lockformer) et TDF (Engel). Jauge : 24 Dimensions &hellip;<\/p>\n","protected":false},"author":7,"featured_media":0,"parent":2819,"menu_order":0,"comment_status":"closed","ping_status":"closed","template":"","meta":{"_acf_changed":false,"footnotes":""},"acf":[],"_links":{"self":[{"href":"https:\/\/www.durodynecanada.com\/fr\/wp-json\/wp\/v2\/pages\/7802"}],"collection":[{"href":"https:\/\/www.durodynecanada.com\/fr\/wp-json\/wp\/v2\/pages"}],"about":[{"href":"https:\/\/www.durodynecanada.com\/fr\/wp-json\/wp\/v2\/types\/page"}],"author":[{"embeddable":true,"href":"https:\/\/www.durodynecanada.com\/fr\/wp-json\/wp\/v2\/users\/7"}],"replies":[{"embeddable":true,"href":"https:\/\/www.durodynecanada.com\/fr\/wp-json\/wp\/v2\/comments?post=7802"}],"version-history":[{"count":2,"href":"https:\/\/www.durodynecanada.com\/fr\/wp-json\/wp\/v2\/pages\/7802\/revisions"}],"predecessor-version":[{"id":8470,"href":"https:\/\/www.durodynecanada.com\/fr\/wp-json\/wp\/v2\/pages\/7802\/revisions\/8470"}],"up":[{"embeddable":true,"href":"https:\/\/www.durodynecanada.com\/fr\/wp-json\/wp\/v2\/pages\/2819"}],"wp:attachment":[{"href":"https:\/\/www.durodynecanada.com\/fr\/wp-json\/wp\/v2\/media?parent=7802"}],"curies":[{"name":"wp","href":"https:\/\/api.w.org\/{rel}","templated":true}]}}