{"id":7799,"date":"2018-10-17T12:00:08","date_gmt":"2018-10-17T16:00:08","guid":{"rendered":"https:\/\/www.durodynecanada.com\/nos-produits\/flexible-duct-connector\/super-metal-fab-connector\/"},"modified":"2022-06-16T16:42:11","modified_gmt":"2022-06-16T20:42:11","slug":"connecteur-super-metal-fab","status":"publish","type":"page","link":"https:\/\/www.durodynecanada.com\/fr\/nos-produits\/flexible-duct-connector\/connecteur-super-metal-fab\/","title":{"rendered":"Connecteur Super Metal-Fab"},"content":{"rendered":"<h1>SUPER METAL-FAB (SMF)<\/h1>\n<p><strong>Pour les syst\u00e8mes commerciaux sp\u00e9ciaux o\u00f9 un tissu large est sp\u00e9cifi\u00e9<\/strong><br \/>\n<strong>Super Metal-Fab<\/strong> fournit une largeur de tissu suppl\u00e9mentaire pour les \u00e9quipements de plus grande taille et les syst\u00e8mes de conduits commerciaux sp\u00e9ciaux o\u00f9 une d\u00e9viation de plus de 3&Prime; est susceptible de se produire. Un tissu plus large est utilis\u00e9 pour \u00e9liminer la transmission des vibrations \u00e0 la gaine.<\/p>\n<p><strong>Jauge<\/strong> : 24<br \/>\n<strong>Dimensions<\/strong> : 3&Prime; m\u00e9tal &#8211; 6&Prime; tissu &#8211; 3&Prime; m\u00e9tal<br \/>\n<strong>Longueur du rouleau<\/strong> : 50 pieds ou 100 pieds<br \/>\n<strong>Couture<\/strong> : Grip Loc<br \/>\n<strong>Tissus<\/strong> : N\u00e9opr\u00e8ne, Durolon, Teflon<\/p>\n<p style=\"text-align: center;\"><strong>N\u00c9OPRENE<\/strong><\/p>\n<table>\n<tbody>\n<tr>\n<td width=\"224\"><strong>DESCRIPTION<\/strong><\/td>\n<td width=\"224\"><strong>SP\u00c9CIFICATIONS<\/strong><\/td>\n<td width=\"224\"><strong>CARACT\u00c9RISTIQUES<\/strong><\/td>\n<\/tr>\n<tr>\n<td width=\"84\">Couleur : Noir<br \/>\nTissu de la base : Fibre de verre<br \/>\nRev\u00eatement : Polychloropr\u00e8ne<\/td>\n<td width=\"180\">Masse : 1017 g\/m\u00b2 30oz\/yd\u00b2<br \/>\nR\u00e9sistance \u00e0 la traction : 2000x1550N<br \/>\n(450&#215;350 lbs)<br \/>\nR\u00e9sistance \u00e0 la d\u00e9chirure : 110&#215;90 N<br \/>\n(25&#215;20 lbs)<br \/>\nPlage de temp\u00e9ratures : -40 \u00e0 93\u00baC<br \/>\nde -40 \u00e0 200\u00baF<\/td>\n<td width=\"264\">La norme industrielle pour les syst\u00e8mes HVAC<br \/>\nR\u00e9siste \u00e0 de nombreux acides, alcalis, graisses, huiles et essences.<br \/>\nPour les syst\u00e8mes expos\u00e9s aux fum\u00e9es toxiques et \u00e0 l&rsquo;atmosph\u00e8re pollu\u00e9e<\/td>\n<\/tr>\n<\/tbody>\n<\/table>\n<p><a href=\"https:\/\/www.durodynecanada.com\/fr\/nos-produits\/flexible-duct-connector\/connecteur-conduit-flexible-neoprene\/\"><strong>Neoprene Flexible Connect<\/strong><strong>or Specifications<\/strong><\/a> <a href=\"https:\/\/www.durodynecanada.com\/wp-content\/uploads\/2018\/11\/Connector-Ordering-Information-121321.pdf\">Flexible Connector Ordering Information<\/a><\/p>\n<p style=\"text-align: center;\"><strong>DUROLON<\/strong><\/p>\n<table>\n<tbody>\n<tr>\n<td width=\"224\"><strong>DESCRIPTION<\/strong><\/td>\n<td width=\"224\"><strong>SP\u00c9CIFICATIONS<\/strong><\/td>\n<td width=\"224\"><strong>CARACT\u00c9RISTIQUES<\/strong><\/td>\n<\/tr>\n<tr>\n<td width=\"84\">Couleur : Blanc<br \/>\nTissu de la base : Fibre de verre tiss\u00e9e<br \/>\nRev\u00eatement : Du Pont Hypalon<\/td>\n<td width=\"180\">Masse : 814 g\/m\u00b2 24oz\/yd\u00b2<br \/>\nR\u00e9sistance \u00e0 la traction : 2000x1780N<br \/>\n(450&#215;400 lbs)<br \/>\nR\u00e9sistance \u00e0 la d\u00e9chirure : 53&#215;53 N<br \/>\n(12&#215;12 lbs)<br \/>\nPlage de temp\u00e9rature : -40 \u00e0 121\u00baC<br \/>\nDe -40 \u00e0 250\u00baF<\/td>\n<td width=\"264\">R\u00e9sistant aux intemp\u00e9ries, \u00e9tanche \u00e0 l&rsquo;eau et \u00e0 l&rsquo;air<br \/>\nPour une utilisation int\u00e9rieure et ext\u00e9rieure<br \/>\nInsensible \u00e0 la lumi\u00e8re du soleil et \u00e0 l&rsquo;ozone<br \/>\nR\u00e9sistance sup\u00e9rieure \u00e0 l&rsquo;abrasion<br \/>\nExcellente r\u00e9sistance \u00e0 la flexion<\/td>\n<\/tr>\n<\/tbody>\n<\/table>\n<p><a href=\"https:\/\/www.durodynecanada.com\/fr\/nos-produits\/flexible-duct-connector\/connecteur-pour-conduit-flexible-durolon\/\"><strong>Durolon Flexible Connector Specifications<\/strong><\/a> <a href=\"https:\/\/www.durodynecanada.com\/wp-content\/uploads\/2018\/11\/Connector-Ordering-Information-121321.pdf\">Flexible Connector Ordering Information<\/a><\/p>\n<p style=\"text-align: center;\"><strong>T\u00c9FLON<\/strong><\/p>\n<table>\n<tbody>\n<tr>\n<td width=\"224\"><strong>DESCRIPTION<\/strong><\/td>\n<td width=\"224\"><strong>SP\u00c9CIFICATIONS<\/strong><\/td>\n<td width=\"224\"><strong>CARACT\u00c9RISTIQUES<\/strong><\/td>\n<\/tr>\n<tr>\n<td width=\"84\">Couleur :<br \/>\nGris \u00e0 l&rsquo;ext\u00e9rieur \/ Beige \u00e0 l&rsquo;int\u00e9rieur<br \/>\nTissu de base :<br \/>\nfibre de verre\/tissu satin\u00e9<br \/>\nRev\u00eatement : T\u00e9flon<\/td>\n<td width=\"180\">Masse : 561 g\/m\u00b2 16.5 oz\/yd\u00b2<br \/>\nR\u00e9sistance \u00e0 la traction : (400&#215;300 lbs)<br \/>\nR\u00e9sistance \u00e0 la d\u00e9chirure : (50&#215;30 lbs)<br \/>\nPlage de temp\u00e9rature : -101 \u00e0 260\u00baC<br \/>\n-150 \u00e0 500\u00baF<\/td>\n<td width=\"264\">Large gamme de temp\u00e9ratures<br \/>\nNiveaux de fum\u00e9e minimaux<br \/>\nFaible inflammabilit\u00e9<br \/>\nExcellente r\u00e9sistance chimique<br \/>\nHaute r\u00e9sistance \u00e0 la corrosion<br \/>\nR\u00e9sistance aux UV<\/td>\n<\/tr>\n<\/tbody>\n<\/table>\n<p><a href=\"https:\/\/www.durodynecanada.com\/products\/flexible-duct-connector\/teflon-flexible-duct-connector\/\"><strong>Teflon Flexible Connector Specifications<\/strong><\/a> <a href=\"https:\/\/www.durodynecanada.com\/wp-content\/uploads\/2018\/11\/Connector-Ordering-Information-121321.pdf\">Flexible Connector Ordering Information<\/a><\/p>\n","protected":false},"excerpt":{"rendered":"<p>SUPER METAL-FAB (SMF) Pour les syst\u00e8mes commerciaux sp\u00e9ciaux o\u00f9 un tissu large est sp\u00e9cifi\u00e9 Super Metal-Fab fournit une largeur de tissu suppl\u00e9mentaire pour les \u00e9quipements de plus grande taille et les syst\u00e8mes de conduits commerciaux sp\u00e9ciaux o\u00f9 une d\u00e9viation de plus de 3&Prime; est susceptible de se produire. Un tissu plus large est utilis\u00e9 pour &hellip;<\/p>\n","protected":false},"author":7,"featured_media":0,"parent":2819,"menu_order":0,"comment_status":"closed","ping_status":"closed","template":"","meta":{"_acf_changed":false,"footnotes":""},"acf":[],"_links":{"self":[{"href":"https:\/\/www.durodynecanada.com\/fr\/wp-json\/wp\/v2\/pages\/7799"}],"collection":[{"href":"https:\/\/www.durodynecanada.com\/fr\/wp-json\/wp\/v2\/pages"}],"about":[{"href":"https:\/\/www.durodynecanada.com\/fr\/wp-json\/wp\/v2\/types\/page"}],"author":[{"embeddable":true,"href":"https:\/\/www.durodynecanada.com\/fr\/wp-json\/wp\/v2\/users\/7"}],"replies":[{"embeddable":true,"href":"https:\/\/www.durodynecanada.com\/fr\/wp-json\/wp\/v2\/comments?post=7799"}],"version-history":[{"count":2,"href":"https:\/\/www.durodynecanada.com\/fr\/wp-json\/wp\/v2\/pages\/7799\/revisions"}],"predecessor-version":[{"id":8469,"href":"https:\/\/www.durodynecanada.com\/fr\/wp-json\/wp\/v2\/pages\/7799\/revisions\/8469"}],"up":[{"embeddable":true,"href":"https:\/\/www.durodynecanada.com\/fr\/wp-json\/wp\/v2\/pages\/2819"}],"wp:attachment":[{"href":"https:\/\/www.durodynecanada.com\/fr\/wp-json\/wp\/v2\/media?parent=7799"}],"curies":[{"name":"wp","href":"https:\/\/api.w.org\/{rel}","templated":true}]}}