{"id":7794,"date":"2018-10-16T10:24:12","date_gmt":"2018-10-16T14:24:12","guid":{"rendered":"https:\/\/www.durodynecanada.com\/nos-produits\/flexible-duct-connector\/neoprene-flexible-duct-connector\/"},"modified":"2022-06-16T16:33:59","modified_gmt":"2022-06-16T20:33:59","slug":"connecteur-conduit-flexible-neoprene","status":"publish","type":"page","link":"https:\/\/www.durodynecanada.com\/fr\/nos-produits\/flexible-duct-connector\/connecteur-conduit-flexible-neoprene\/","title":{"rendered":"Connecteur de conduit flexible en n\u00e9opr\u00e8ne"},"content":{"rendered":"<h1>CONNECTEUR DE CONDUIT FLEXIBLE EN N\u00c9OPR\u00c8NE<\/h1>\n<ul>\n<li style=\"text-align: left;\">La norme industrielle pour les syst\u00e8mes de CVC<\/li>\n<li style=\"text-align: left;\">Pour les syst\u00e8mes \u00e0 haute pression et \u00e0 haute v\u00e9locit\u00e9<\/li>\n<li style=\"text-align: left;\">Solide &#8211; \u00e9tanche \u00e0 l&rsquo;air &#8211; imperm\u00e9able &#8211; r\u00e9sistant \u00e0 la moisissure<\/li>\n<li style=\"text-align: left;\">R\u00e9siste \u00e0 de nombreux acides, alcalis, graisses, huiles et essences.<\/li>\n<li style=\"text-align: left;\">Pour les syst\u00e8mes expos\u00e9s aux fum\u00e9es toxiques et \u00e0 l&rsquo;atmosph\u00e8re pollu\u00e9e<\/li>\n<\/ul>\n<p>En usage g\u00e9n\u00e9ral depuis plus de vingt ans, <strong>NEOPR\u00c8NE<\/strong> est devenu la norme pour l&rsquo;industrie du traitement de l&rsquo;air. C&rsquo;est le mat\u00e9riau de raccordement flexible le plus fr\u00e9quemment sp\u00e9cifi\u00e9 et le plus largement utilis\u00e9. Le <strong>NEOPR\u00c8NE<\/strong> offre des performances d&rsquo;\u00e9tanch\u00e9it\u00e9 \u00e0 l&rsquo;air et \u00e0 l&rsquo;eau, une r\u00e9sistance \u00e0 l&rsquo;\u00e9clatement exceptionnelle et d&rsquo;excellentes caract\u00e9ristiques de flexion et de vieillissement. Le <strong>NEOPR\u00c8NE<\/strong> r\u00e9siste \u00e0 de nombreux acides, alcalis, graisses, huiles et essences, ainsi qu&rsquo;\u00e0 une large gamme d&rsquo;autres produits chimiques.<\/p>\n<p><strong>NEOPR\u00c8NE<\/strong> est constitu\u00e9 d&rsquo;un tissu de base en fibre de verre tiss\u00e9e, doublement enduit de polychloropr\u00e8ne. Il est fourni en bobines de 30m (100 ft) de tissu reli\u00e9es des deux c\u00f4t\u00e9s \u00e0 de l&rsquo;acier galvanis\u00e9, ou en tissu seul pour des applications sp\u00e9ciales.<\/p>\n<p><strong>UTILISATIONS RECOMMAND\u00c9ES<\/strong><br \/>\nLe <strong>NEOPR\u00c8NE<\/strong> est particuli\u00e8rement adapt\u00e9 aux syst\u00e8mes de conduits \u00e0 haute pression et \u00e0 grande vitesse, et aux endroits expos\u00e9s \u00e0 des fum\u00e9es toxiques ou \u00e0 des conditions atmosph\u00e9riques d\u00e9favorables. C&rsquo;est un produit fiable et r\u00e9sistant qui peut \u00eatre utilis\u00e9 en toute confiance dans les applications de ventilation g\u00e9n\u00e9rale. <strong>NEOPR\u00c8NE<\/strong> ne doit pas \u00eatre utilis\u00e9 lorsque la temp\u00e9rature d\u00e9passe 90\u00baC.<\/p>\n<hr>\n<p><strong>SP\u00c9CIFICATIONS<\/strong><\/p>\n<p><strong>Tissu de la base<\/strong> : Fibre de verre tiss\u00e9e<br \/>\n<strong>Rev\u00eatement<\/strong> : Polychloropr\u00e8ne<br \/>\n<strong>Masse (poids)<\/strong> : 1017 g\/m\u00b2 (30oz\/yd\u00b2)<br \/>\n<strong>\u00c9paisseur<\/strong> : 0,68 mm (0,027&Prime;)<\/p>\n<p><strong>R\u00e9sistance \u00e0 la traction<\/strong> : 2000&#215;1550 N (450&#215;350 lbs)<br \/>\nCAN 2-4.2-M\u00e9thode 9.2<\/p>\n<p><strong>R\u00e9sistance \u00e0 la d\u00e9chirure<\/strong> : 110&#215;90 N (25x20lbs)<br \/>\nCAN 2-4.2-M\u00e9thode 12.1<\/p>\n<p><strong>R\u00e9sistance \u00e0 l&rsquo;\u00e9clatement<\/strong> : 4137 kPa environ (600 psi)<br \/>\nCAN 2-4.2-M\u00e9thode 11.1<\/p>\n<p><strong>Plage de temp\u00e9rature<\/strong> : -40\u00ba \u00e0 93\u00ba C (-40\u00ba \u00e0 200\u00ba F)<\/p>\n<p><strong>R\u00e9sistance au feu<\/strong> : Auto-extinguible. R\u00e9pond aux exigences des normes 90A et 90B de la National Fire Protection Association. Le tissu est homologu\u00e9 UL et r\u00e9pond \u00e0 la norme NFPA-701. R\u00e9pond aux exigences de<br \/>\nCAN\/ULC S109-03.<\/p>\n<hr>\n<p><a href=\"https:\/\/www.durodynecanada.com\/wp-content\/uploads\/2018\/10\/conn_chem_p1_p2_2015.pdf\"><strong>Chemical Resistance of Duro Dyne Coated Fabrics sheet<\/strong> <\/a>(PDF)<\/p>\n","protected":false},"excerpt":{"rendered":"<p>CONNECTEUR DE CONDUIT FLEXIBLE EN N\u00c9OPR\u00c8NE La norme industrielle pour les syst\u00e8mes de CVC Pour les syst\u00e8mes \u00e0 haute pression et \u00e0 haute v\u00e9locit\u00e9 Solide &#8211; \u00e9tanche \u00e0 l&rsquo;air &#8211; imperm\u00e9able &#8211; r\u00e9sistant \u00e0 la moisissure R\u00e9siste \u00e0 de nombreux acides, alcalis, graisses, huiles et essences. Pour les syst\u00e8mes expos\u00e9s aux fum\u00e9es toxiques et \u00e0 &hellip;<\/p>\n","protected":false},"author":7,"featured_media":0,"parent":2819,"menu_order":0,"comment_status":"closed","ping_status":"closed","template":"","meta":{"_acf_changed":false,"footnotes":""},"acf":[],"_links":{"self":[{"href":"https:\/\/www.durodynecanada.com\/fr\/wp-json\/wp\/v2\/pages\/7794"}],"collection":[{"href":"https:\/\/www.durodynecanada.com\/fr\/wp-json\/wp\/v2\/pages"}],"about":[{"href":"https:\/\/www.durodynecanada.com\/fr\/wp-json\/wp\/v2\/types\/page"}],"author":[{"embeddable":true,"href":"https:\/\/www.durodynecanada.com\/fr\/wp-json\/wp\/v2\/users\/7"}],"replies":[{"embeddable":true,"href":"https:\/\/www.durodynecanada.com\/fr\/wp-json\/wp\/v2\/comments?post=7794"}],"version-history":[{"count":3,"href":"https:\/\/www.durodynecanada.com\/fr\/wp-json\/wp\/v2\/pages\/7794\/revisions"}],"predecessor-version":[{"id":8453,"href":"https:\/\/www.durodynecanada.com\/fr\/wp-json\/wp\/v2\/pages\/7794\/revisions\/8453"}],"up":[{"embeddable":true,"href":"https:\/\/www.durodynecanada.com\/fr\/wp-json\/wp\/v2\/pages\/2819"}],"wp:attachment":[{"href":"https:\/\/www.durodynecanada.com\/fr\/wp-json\/wp\/v2\/media?parent=7794"}],"curies":[{"name":"wp","href":"https:\/\/api.w.org\/{rel}","templated":true}]}}