{"id":7788,"date":"2018-10-17T12:03:18","date_gmt":"2018-10-17T16:03:18","guid":{"rendered":"https:\/\/www.durodynecanada.com\/nos-produits\/flexible-duct-connector\/junior-connector\/"},"modified":"2022-06-16T16:38:03","modified_gmt":"2022-06-16T20:38:03","slug":"connecteur-junior","status":"publish","type":"page","link":"https:\/\/www.durodynecanada.com\/fr\/nos-produits\/flexible-duct-connector\/connecteur-junior\/","title":{"rendered":"Connecteur junior"},"content":{"rendered":"<h1>JUNIOR (JR)<\/h1>\n<p><strong>Pour les applications r\u00e9sidentielles<\/strong><br \/>\n<strong><br \/>\nJauge : <\/strong>28<strong><br \/>\nDimensions : <\/strong>1-3\/4&Prime; m\u00e9tal &#8211; 3&Prime; tissu &#8211; 1-3\/4&Prime; m\u00e9tal<strong><br \/>\nLongueur du rouleau : <\/strong>50ft ou 100ft<strong><br \/>\nCouture : <\/strong>Guard Loc<strong><br \/>\nTissus : <\/strong>N\u00e9opr\u00e8ne, Durolon, Canflex, Thermafab, Teflon.<strong><br \/>\n<\/strong><\/p>\n<p style=\"text-align: center;\"><strong>N\u00c9OPR\u00c8NE<\/strong><\/p>\n<table>\n<tbody>\n<tr>\n<td width=\"224\"><strong>DESCRIPTION<\/strong><\/td>\n<td width=\"224\"><strong>SP\u00c9CIFICATIONS<\/strong><\/td>\n<td width=\"224\"><strong>CARACT\u00c9RISTIQUES<\/strong><\/td>\n<\/tr>\n<tr>\n<td width=\"84\">Couleur : Noir<br \/>\nTissu de la base : Fibre de verre<br \/>\nRev\u00eatement : Polychloropr\u00e8ne<\/td>\n<td width=\"180\">Masse : 1017 g\/m\u00b2 30oz\/yd\u00b2<br \/>\nR\u00e9sistance \u00e0 la traction : 2000x1550N<br \/>\n(450&#215;350 lbs)<br \/>\nR\u00e9sistance \u00e0 la d\u00e9chirure : 110&#215;90 N<br \/>\n(25&#215;20 lbs)<br \/>\nPlage de temp\u00e9rature : -40 \u00e0 93\u00baC<br \/>\nde -40 \u00e0 200\u00baF<\/td>\n<td width=\"264\">La norme industrielle pour les syst\u00e8mes HVAC<br \/>\nR\u00e9siste \u00e0 de nombreux acides, alcalis, graisses, huiles et essences.<br \/>\nPour les syst\u00e8mes expos\u00e9s aux fum\u00e9es toxiques et \u00e0 l&rsquo;atmosph\u00e8re pollu\u00e9e<\/td>\n<\/tr>\n<\/tbody>\n<\/table>\n<p><a href=\"https:\/\/www.durodynecanada.com\/products\/flexible-duct-connector\/neoprene-flexible-duct-connector\/\"><strong>Neoprene Flexible Connector Specifications<\/strong><\/a> <a href=\"https:\/\/www.durodynecanada.com\/wp-content\/uploads\/2018\/11\/Connector-Ordering-Information-121321.pdf\">Flexible Connector Ordering Information<\/a><\/p>\n<p style=\"text-align: center;\"><strong>DUROLON<\/strong><\/p>\n<table>\n<tbody>\n<tr>\n<td width=\"224\"><strong>DESCRIPTION<\/strong><\/td>\n<td width=\"224\"><strong>SP\u00c9CIFICATIONS<\/strong><\/td>\n<td width=\"224\"><strong>CARACT\u00c9RISTIQUES<\/strong><\/td>\n<\/tr>\n<tr>\n<td width=\"84\">Couleur : Blanc<br \/>\nTissu de la base : Fibre de verre tiss\u00e9e<br \/>\nRev\u00eatement : Du Pont Hypalon<\/td>\n<td width=\"180\">Masse : 814 g\/m\u00b2 24oz\/yd\u00b2<br \/>\nR\u00e9sistance \u00e0 la traction : 2000x1780N<br \/>\n(450&#215;400 lbs)<br \/>\nR\u00e9sistance \u00e0 la d\u00e9chirure : 53&#215;53 N<br \/>\n(12&#215;12 lbs)<br \/>\nPlage de temp\u00e9rature : -40 \u00e0 121\u00baC<br \/>\nDe -40 \u00e0 250\u00baF<\/td>\n<td width=\"264\">R\u00e9sistant aux intemp\u00e9ries, \u00e9tanche \u00e0 l&rsquo;eau et \u00e0 l&rsquo;air<br \/>\nPour une utilisation int\u00e9rieure et ext\u00e9rieure<br \/>\nInsensible \u00e0 la lumi\u00e8re du soleil et \u00e0 l&rsquo;ozone<br \/>\nR\u00e9sistance sup\u00e9rieure \u00e0 l&rsquo;abrasion<br \/>\nExcellente r\u00e9sistance \u00e0 la flexion<\/td>\n<\/tr>\n<\/tbody>\n<\/table>\n<p><a href=\"https:\/\/www.durodynecanada.com\/fr\/nos-produits\/flexible-duct-connector\/connecteur-pour-conduit-flexible-durolon\/\"><strong>Durolon Flexible Connector Specifications<\/strong><\/a> <a href=\"https:\/\/www.durodynecanada.com\/wp-content\/uploads\/2018\/11\/Connector-Ordering-Information-121321.pdf\">Flexible Connector Ordering Information<\/a><\/p>\n<p style=\"text-align: center;\"><strong>CANFLEX<\/strong><\/p>\n<table>\n<tbody>\n<tr>\n<td width=\"224\"><strong>DESCRIPTION<\/strong><\/td>\n<td width=\"224\"><strong>SP\u00c9CIFICATIONS<\/strong><\/td>\n<td width=\"224\"><strong>CARACT\u00c9RISTIQUES<\/strong><\/td>\n<\/tr>\n<tr>\n<td width=\"84\">Couleur : Jaune<br \/>\nTissu de base : Toile de polyester<br \/>\nEnduit : Chlorure de polyvinyle (P.V.C.)<\/td>\n<td width=\"180\">Mass: 750 g\/m\u00b2 22oz\/yd\u00b2<br \/>\nTensile Strength: 1290x1290N<br \/>\n(290&#215;290 lbs)<br \/>\nTear Strength: 222&#215;222 N<br \/>\n(50&#215;50 lbs)<br \/>\nTemp Range: -35 to 95\u00baC<br \/>\n-30 to 200\u00baF<\/td>\n<td width=\"264\">Substitut de la toile<br \/>\nNon poreux, pas de fuite d&rsquo;air, solide<br \/>\nR\u00e9sistant \u00e0 la flamme, auto-extinguible<br \/>\nR\u00e9sistant \u00e0 l&rsquo;humidit\u00e9 et aux moisissures<br \/>\nHaute r\u00e9sistance \u00e0 l&rsquo;abrasion<\/td>\n<\/tr>\n<\/tbody>\n<\/table>\n<p><a href=\"https:\/\/www.durodynecanada.com\/fr\/nos-produits\/flexible-duct-connector\/canflex-flexible-duct-connector\/\"><strong>Canflex Flexible Connector Specifications<\/strong><\/a> <a href=\"https:\/\/www.durodynecanada.com\/wp-content\/uploads\/2018\/11\/Connector-Ordering-Information-121321.pdf\">Flexible Connector Ordering Information<\/a><\/p>\n<p style=\"text-align: center;\"><strong>THERMAFAB<\/strong><\/p>\n<table>\n<tbody>\n<tr>\n<td width=\"224\"><strong>DESCRIPTION<\/strong><\/td>\n<td width=\"224\"><strong>SP\u00c9CIFICATIONS<\/strong><\/td>\n<td width=\"224\"><strong>CARACT\u00c9RISTIQUES<\/strong><\/td>\n<\/tr>\n<tr>\n<td width=\"84\">Couleur : Gris<br \/>\nTissu de la base : Fibre de verre tiss\u00e9e<br \/>\nRev\u00eatement : Caoutchouc de silicone<\/td>\n<td width=\"180\">Masse : 576 g\/m\u00b2 17oz\/yd\u00b2<br \/>\nR\u00e9sistance \u00e0 la traction : 890x665N<br \/>\n(200&#215;150 lbs)<br \/>\nR\u00e9sistance \u00e0 la d\u00e9chirure : 220&#215;180 N<br \/>\n(50&#215;40 lbs)<br \/>\nPlage de temp\u00e9rature : -54 \u00e0 260\u00baC<br \/>\nDe -65 \u00e0 500\u00baF<\/td>\n<td width=\"264\">(200&#215;150 lbs)<br \/>\nR\u00e9sistance \u00e0 la d\u00e9chirure : 220&#215;180 N<br \/>\n(50&#215;40 lbs)<br \/>\nPlage de temp\u00e9rature : -54 \u00e0 260\u00baC<br \/>\nDe -65 \u00e0 500\u00baF Large plage de temp\u00e9rature : -54\u00ba \u00e0 260\u00baC<br \/>\n\u00c9tanche \u00e0 l&rsquo;eau et \u00e0 l&rsquo;air<br \/>\nExcellente r\u00e9sistance aux intemp\u00e9ries<br \/>\nBonne r\u00e9sistance chimique<br \/>\nTr\u00e8s faible \u00e9mission de fum\u00e9e<br \/>\nNon affect\u00e9 par la moisissure<\/td>\n<\/tr>\n<\/tbody>\n<\/table>\n<p><a href=\"https:\/\/www.durodynecanada.com\/products\/flexible-duct-connector\/thermafab-flexible-duct-connector\/\"><strong>Thermafab Flexible Connector Specifications<\/strong><\/a> <a href=\"https:\/\/www.durodynecanada.com\/wp-content\/uploads\/2018\/11\/Connector-Ordering-Information-121321.pdf\">Flexible Connector Ordering Information<\/a><\/p>\n<p style=\"text-align: center;\"><strong>TEFLON<\/strong><\/p>\n<table>\n<tbody>\n<tr>\n<td width=\"224\"><strong>DESCRIPTION<\/strong><\/td>\n<td width=\"224\"><strong>SPECIFICATIONS<\/strong><\/td>\n<td width=\"224\"><strong>CARACT\u00c9RISTIQUES<\/strong><\/td>\n<\/tr>\n<tr>\n<td width=\"84\">Couleur :<br \/>\nGris \u00e0 l&rsquo;ext\u00e9rieur \/ Beige \u00e0 l&rsquo;int\u00e9rieur<br \/>\nTissu de base :<br \/>\nfibre de verre\/tissu satin\u00e9<br \/>\nRev\u00eatement : T\u00e9flon<\/td>\n<td width=\"180\">Masse : 561 g\/m\u00b2 16.5 oz\/yd\u00b2<br \/>\nR\u00e9sistance \u00e0 la traction : (400&#215;300 lbs)<br \/>\nR\u00e9sistance \u00e0 la d\u00e9chirure : (50&#215;30 lbs)<br \/>\nPlage de temp\u00e9rature : -101 \u00e0 260\u00baC<br \/>\n-150 \u00e0 500\u00baF<\/td>\n<td width=\"264\">Large gamme de temp\u00e9ratures<br \/>\nNiveaux de fum\u00e9e minimaux<br \/>\nFaible inflammabilit\u00e9<br \/>\nExcellente r\u00e9sistance chimique<br \/>\nHaute r\u00e9sistance \u00e0 la corrosion<br \/>\nR\u00e9sistance aux UV<\/td>\n<\/tr>\n<\/tbody>\n<\/table>\n<p><a href=\"https:\/\/www.durodynecanada.com\/products\/flexible-duct-connector\/teflon-flexible-duct-connector\/\"><strong>Teflon Flexible Connector Specifications<\/strong><\/a> <a href=\"https:\/\/www.durodynecanada.com\/wp-content\/uploads\/2018\/11\/Connector-Ordering-Information-121321.pdf\">Flexible Connector Ordering Information<\/a><\/p>\n","protected":false},"excerpt":{"rendered":"<p>JUNIOR (JR) Pour les applications r\u00e9sidentielles Jauge : 28 Dimensions : 1-3\/4&Prime; m\u00e9tal &#8211; 3&Prime; tissu &#8211; 1-3\/4&Prime; m\u00e9tal Longueur du rouleau : 50ft ou 100ft Couture : Guard Loc Tissus : N\u00e9opr\u00e8ne, Durolon, Canflex, Thermafab, Teflon. N\u00c9OPR\u00c8NE DESCRIPTION SP\u00c9CIFICATIONS CARACT\u00c9RISTIQUES Couleur : Noir Tissu de la base : Fibre de verre Rev\u00eatement : Polychloropr\u00e8ne &hellip;<\/p>\n","protected":false},"author":7,"featured_media":0,"parent":2819,"menu_order":0,"comment_status":"closed","ping_status":"closed","template":"","meta":{"_acf_changed":false,"footnotes":""},"acf":[],"_links":{"self":[{"href":"https:\/\/www.durodynecanada.com\/fr\/wp-json\/wp\/v2\/pages\/7788"}],"collection":[{"href":"https:\/\/www.durodynecanada.com\/fr\/wp-json\/wp\/v2\/pages"}],"about":[{"href":"https:\/\/www.durodynecanada.com\/fr\/wp-json\/wp\/v2\/types\/page"}],"author":[{"embeddable":true,"href":"https:\/\/www.durodynecanada.com\/fr\/wp-json\/wp\/v2\/users\/7"}],"replies":[{"embeddable":true,"href":"https:\/\/www.durodynecanada.com\/fr\/wp-json\/wp\/v2\/comments?post=7788"}],"version-history":[{"count":2,"href":"https:\/\/www.durodynecanada.com\/fr\/wp-json\/wp\/v2\/pages\/7788\/revisions"}],"predecessor-version":[{"id":8466,"href":"https:\/\/www.durodynecanada.com\/fr\/wp-json\/wp\/v2\/pages\/7788\/revisions\/8466"}],"up":[{"embeddable":true,"href":"https:\/\/www.durodynecanada.com\/fr\/wp-json\/wp\/v2\/pages\/2819"}],"wp:attachment":[{"href":"https:\/\/www.durodynecanada.com\/fr\/wp-json\/wp\/v2\/media?parent=7788"}],"curies":[{"name":"wp","href":"https:\/\/api.w.org\/{rel}","templated":true}]}}