{"id":7780,"date":"2018-10-17T12:02:41","date_gmt":"2018-10-17T16:02:41","guid":{"rendered":"https:\/\/www.durodynecanada.com\/nos-produits\/flexible-duct-connector\/insulflex-insulated-flexible-duct-connector\/"},"modified":"2022-06-16T16:35:41","modified_gmt":"2022-06-16T20:35:41","slug":"connecteur-de-gaine-flexible-isolee-insulflex","status":"publish","type":"page","link":"https:\/\/www.durodynecanada.com\/fr\/nos-produits\/flexible-duct-connector\/connecteur-de-gaine-flexible-isolee-insulflex\/","title":{"rendered":"Connecteur de gaine flexible isol\u00e9e Insulflex"},"content":{"rendered":"<h1>INSULFLEX<sup>\u00ae<\/sup><\/h1>\n<p><strong>Insulflex\u00ae<\/strong> est le <strong>SEUL<\/strong> connecteur de conduit flexible isol\u00e9.<\/p>\n<p>Efficacit\u00e9 \u00e9nerg\u00e9tique, construction sup\u00e9rieure et prix \u00e9conomique. Insulflex compl\u00e8te l'\u00a0\u00bbisol\u00e9\u00a0\u00bb dans les conduits isol\u00e9s. Insulflex pr\u00e9sente une valeur \u00ab\u00a0R\u00a0\u00bb de 4,2 avec une isolation 25% plus \u00e9paisse, c&rsquo;est un produit non poreux qui \u00e9limine les fuites d&rsquo;air.<\/p>\n<p><strong>10173 IDC343 Raccord de gaine flexible isol\u00e9 Insulflex<\/strong><\/p>\n<p style=\"text-align: center;\"><img loading=\"lazy\" decoding=\"async\" class=\"alignnone size-full wp-image-5909\" src=\"https:\/\/www.durodynecanada.com\/wp-content\/uploads\/2018\/10\/insulflex.jpg\" alt=\"\" width=\"216\" height=\"138\"><\/p>\n<p><strong>Jauge<\/strong> : 28<br \/>\n<strong>Dimensions<\/strong> : 2-3\/4&Prime; m\u00e9tal &#8211; 4&Prime; tissu &#8211; 2-3\/4&Prime; m\u00e9tal<br \/>\n<strong>Longueur du rouleau<\/strong> : 100ft<br \/>\n<strong>Couture<\/strong> : Guard Loc<br \/>\n<strong>Tissu<\/strong> : Vinyle renforc\u00e9 r\u00e9sistant \u00e0 la flamme<\/p>\n<p style=\"text-align: center;\"><strong>Caract\u00e9ristiques du tissu<\/strong><\/p>\n<table>\n<tbody>\n<tr>\n<td width=\"224\"><strong>DESCRIPTION<\/strong><\/td>\n<td width=\"224\"><strong>SP\u00c9CIFICATIONS<\/strong><\/td>\n<td width=\"224\"><strong>CARACT\u00c9RISTIQUES<\/strong><\/td>\n<\/tr>\n<tr>\n<td width=\"84\">Couleur : Noir<br \/>\nTissu de la base : Polyester<br \/>\nRev\u00eatement : Vinyle<\/td>\n<td width=\"180\">Poids : 28 oz.<br \/>\nR\u00e9sistance \u00e0 la traction :<br \/>\n70 lbs x 70 lbs<br \/>\nR\u00e9sistance \u00e0 la d\u00e9chirure : 8 lbs x 11 lbs<br \/>\nBasse temp\u00e9rature : -40\u00baC -40\u00baF<br \/>\nTemp\u00e9rature \u00e9lev\u00e9e (en continu) :<br \/>\n82.2\u00baC 180\u00baF<br \/>\nAcier galvanis\u00e9<br \/>\n\u00c9paisseur de l&rsquo;isolant : 1 po<br \/>\nDensit\u00e9 : 1.34 lbs.\/cu.ft<br \/>\nMat\u00e9riaux composites :<br \/>\n2 couches de tissu encapsulant<br \/>\nisolation<\/td>\n<td width=\"264\">2 couches d&rsquo;isolation en tissu<br \/>\nValeur R de 4,2<br \/>\nSoudure tissu-m\u00e9tal Guard Loc<br \/>\nImperm\u00e9able \u00e0 l&rsquo;eau<br \/>\n\u00c9tanche \u00e0 l&rsquo;air<br \/>\nR\u00e9sistant \u00e0 la graisse, l&rsquo;huile, l&rsquo;essence<br \/>\net aux acides<\/td>\n<\/tr>\n<\/tbody>\n<\/table>\n<p><a href=\"https:\/\/www.durodynecanada.com\/wp-content\/uploads\/2018\/10\/insulflex_litsheet.pdf\">Insulflex Flexible Duct Connector Literature Sheet<\/a><\/p>\n","protected":false},"excerpt":{"rendered":"<p>INSULFLEX\u00ae Insulflex\u00ae est le SEUL connecteur de conduit flexible isol\u00e9. Efficacit\u00e9 \u00e9nerg\u00e9tique, construction sup\u00e9rieure et prix \u00e9conomique. Insulflex compl\u00e8te l&rsquo;\u00a0\u00bbisol\u00e9\u00a0\u00bb dans les conduits isol\u00e9s. Insulflex pr\u00e9sente une valeur \u00ab\u00a0R\u00a0\u00bb de 4,2 avec une isolation 25% plus \u00e9paisse, c&rsquo;est un produit non poreux qui \u00e9limine les fuites d&rsquo;air. 10173 IDC343 Raccord de gaine flexible isol\u00e9 Insulflex &hellip;<\/p>\n","protected":false},"author":7,"featured_media":0,"parent":2819,"menu_order":0,"comment_status":"closed","ping_status":"closed","template":"","meta":{"_acf_changed":false,"footnotes":""},"acf":[],"_links":{"self":[{"href":"https:\/\/www.durodynecanada.com\/fr\/wp-json\/wp\/v2\/pages\/7780"}],"collection":[{"href":"https:\/\/www.durodynecanada.com\/fr\/wp-json\/wp\/v2\/pages"}],"about":[{"href":"https:\/\/www.durodynecanada.com\/fr\/wp-json\/wp\/v2\/types\/page"}],"author":[{"embeddable":true,"href":"https:\/\/www.durodynecanada.com\/fr\/wp-json\/wp\/v2\/users\/7"}],"replies":[{"embeddable":true,"href":"https:\/\/www.durodynecanada.com\/fr\/wp-json\/wp\/v2\/comments?post=7780"}],"version-history":[{"count":3,"href":"https:\/\/www.durodynecanada.com\/fr\/wp-json\/wp\/v2\/pages\/7780\/revisions"}],"predecessor-version":[{"id":8459,"href":"https:\/\/www.durodynecanada.com\/fr\/wp-json\/wp\/v2\/pages\/7780\/revisions\/8459"}],"up":[{"embeddable":true,"href":"https:\/\/www.durodynecanada.com\/fr\/wp-json\/wp\/v2\/pages\/2819"}],"wp:attachment":[{"href":"https:\/\/www.durodynecanada.com\/fr\/wp-json\/wp\/v2\/media?parent=7780"}],"curies":[{"name":"wp","href":"https:\/\/api.w.org\/{rel}","templated":true}]}}