{"id":7777,"date":"2018-10-18T09:21:35","date_gmt":"2018-10-18T13:21:35","guid":{"rendered":"https:\/\/www.durodynecanada.com\/nos-produits\/flexible-duct-connector\/fabricating-a-flexible-connection\/"},"modified":"2022-06-16T16:44:10","modified_gmt":"2022-06-16T20:44:10","slug":"fabrication-connexion-flexible","status":"publish","type":"page","link":"https:\/\/www.durodynecanada.com\/fr\/nos-produits\/flexible-duct-connector\/fabrication-connexion-flexible\/","title":{"rendered":"Fabrication d&rsquo;une connexion flexible"},"content":{"rendered":"<h1>FABRICATION D&rsquo;UNE CONNEXION FLEXIBLE<\/h1>\n<p><strong>Comment rigidifier un connecteur flexible<\/strong><\/p>\n<p>Lors de l&rsquo;installation de raccords flexibles de grande taille dans un syst\u00e8me de conduits, un certain type d&rsquo;agent de raidissement est g\u00e9n\u00e9ralement n\u00e9cessaire pour maintenir l&rsquo;unit\u00e9 relativement rigide. Certains entrepreneurs utilisent des corni\u00e8res, tandis que dans de nombreux cas, un raccord \u00e0 glissement de barre est utilis\u00e9 pour obtenir ce r\u00e9sultat. Il est maintenant possible d&rsquo;\u00e9conomiser un temps pr\u00e9cieux et du mat\u00e9riel en formant le joint Grip Loc de Duro Dyne que l&rsquo;on trouve sur Metal Fab et Super Metal Fab, pour rigidifier le connecteur sur de longues sections. Cette m\u00e9thode simple de rigidification des c\u00f4t\u00e9s du connecteur flexible Duro Dyne peut \u00e9liminer l&rsquo;ajout co\u00fbteux de corni\u00e8res utilis\u00e9es pour effectuer ce travail.<br \/>\nVoici comment proc\u00e9der :<\/p>\n<table>\n<tbody>\n<tr>\n<td width=\"350\">1) Disposez Connector comme vous le faites habituellement.<\/td>\n<td width=\"350\"><img loading=\"lazy\" decoding=\"async\" class=\"aligncenter wp-image-5911\" src=\"https:\/\/www.durodynecanada.com\/wp-content\/uploads\/2018\/10\/fab1.jpg\" alt=\"\" width=\"150\" height=\"139\"><\/td>\n<\/tr>\n<tr>\n<td width=\"350\">2) Plier le joint Grip Loc \u00e0 90\u00ba sur un frein, comme indiqu\u00e9 sur le dessin.<\/td>\n<td style=\"text-align: center;\" width=\"350\"><img loading=\"lazy\" decoding=\"async\" class=\"wp-image-5912 alignleft\" src=\"https:\/\/www.durodynecanada.com\/wp-content\/uploads\/2018\/10\/fab2.jpg\" alt=\"\" width=\"150\" height=\"139\"><\/td>\n<\/tr>\n<tr>\n<td width=\"350\">3) \u00c0 l&rsquo;aide d&rsquo;une cisaille lourde, entaillez la couture aux<br \/>\npoints de pliage.<\/td>\n<td width=\"350\"><img loading=\"lazy\" decoding=\"async\" class=\"wp-image-5913 aligncenter\" src=\"https:\/\/www.durodynecanada.com\/wp-content\/uploads\/2018\/10\/fab3.jpg\" alt=\"\" width=\"150\" height=\"139\"><\/td>\n<\/tr>\n<tr>\n<td width=\"350\">4) Plier pour former un connecteur complet<\/td>\n<td width=\"350\"><img loading=\"lazy\" decoding=\"async\" class=\"wp-image-5914 alignleft\" src=\"https:\/\/www.durodynecanada.com\/wp-content\/uploads\/2018\/10\/fab4.jpg\" alt=\"\" width=\"150\" height=\"100\" srcset=\"https:\/\/www.durodynecanada.com\/wp-content\/uploads\/2018\/10\/fab4.jpg 290w, https:\/\/www.durodynecanada.com\/wp-content\/uploads\/2018\/10\/fab4-272x182.jpg 272w\" sizes=\"(max-width: 150px) 100vw, 150px\" \/><\/td>\n<\/tr>\n<\/tbody>\n<\/table>\n<p><strong>How to Seam Flexible Connector<\/strong><\/p>\n<p>Voici comment nous sugg\u00e9rons de pr\u00e9parer les extr\u00e9mit\u00e9s de Duro Dyne Connector pour r\u00e9aliser un joint.<\/p>\n<p>\u200b<\/p>\n<table>\n<tbody>\n<tr>\n<td width=\"350\">1) Coupez \u00e0 travers le centre de la serrure comme indiqu\u00e9.<br \/>\nCoupez 1\u2033 \u00e0 1-1\/2\u2033 de profondeur pour permettre un recouvrement suffisant.<\/td>\n<td width=\"350\"><img loading=\"lazy\" decoding=\"async\" class=\"wp-image-5915 aligncenter\" src=\"https:\/\/www.durodynecanada.com\/wp-content\/uploads\/2018\/10\/fab5-300x168.jpg\" alt=\"\" width=\"200\" height=\"112\" srcset=\"https:\/\/www.durodynecanada.com\/wp-content\/uploads\/2018\/10\/fab5-300x168.jpg 300w, https:\/\/www.durodynecanada.com\/wp-content\/uploads\/2018\/10\/fab5.jpg 339w\" sizes=\"(max-width: 200px) 100vw, 200px\" \/><\/td>\n<\/tr>\n<tr>\n<td width=\"350\">2) \u00c0&nbsp;partir du bord du connecteur, coupez le<br \/>\nm\u00e9tal comme indiqu\u00e9. Le m\u00e9tal tombe<br \/>\nexposant le tissu pr\u00eat \u00e0 \u00eatre cousu.<\/td>\n<td style=\"text-align: center;\" width=\"350\"><img loading=\"lazy\" decoding=\"async\" class=\"alignnone wp-image-5916\" src=\"https:\/\/www.durodynecanada.com\/wp-content\/uploads\/2018\/10\/fab6-300x161.jpg\" alt=\"\" width=\"200\" height=\"107\" srcset=\"https:\/\/www.durodynecanada.com\/wp-content\/uploads\/2018\/10\/fab6-300x161.jpg 300w, https:\/\/www.durodynecanada.com\/wp-content\/uploads\/2018\/10\/fab6.jpg 308w\" sizes=\"(max-width: 200px) 100vw, 200px\" \/><\/td>\n<\/tr>\n<tr>\n<td width=\"350\">3) Apr\u00e8s avoir pli\u00e9 le connecteur aux dimensions voulues, le m\u00e9tal superpos\u00e9 peut \u00eatre rivet\u00e9, viss\u00e9 ou soud\u00e9 par points. Le joint de tissu est facilement et rapidement ferm\u00e9 \u00e0 l&rsquo;aide d&rsquo;une agrafeuse Duro.<\/td>\n<td style=\"text-align: center;\" width=\"350\"><img loading=\"lazy\" decoding=\"async\" class=\"size-full wp-image-5919 aligncenter\" src=\"https:\/\/www.durodynecanada.com\/wp-content\/uploads\/2018\/10\/fab6ab.jpg\" alt=\"\" width=\"250\" height=\"126\"><\/td>\n<\/tr>\n<\/tbody>\n<\/table>\n","protected":false},"excerpt":{"rendered":"<p>FABRICATION D&rsquo;UNE CONNEXION FLEXIBLE Comment rigidifier un connecteur flexible Lors de l&rsquo;installation de raccords flexibles de grande taille dans un syst\u00e8me de conduits, un certain type d&rsquo;agent de raidissement est g\u00e9n\u00e9ralement n\u00e9cessaire pour maintenir l&rsquo;unit\u00e9 relativement rigide. Certains entrepreneurs utilisent des corni\u00e8res, tandis que dans de nombreux cas, un raccord \u00e0 glissement de barre est &hellip;<\/p>\n","protected":false},"author":7,"featured_media":0,"parent":2819,"menu_order":0,"comment_status":"closed","ping_status":"closed","template":"","meta":{"_acf_changed":false,"footnotes":""},"acf":[],"_links":{"self":[{"href":"https:\/\/www.durodynecanada.com\/fr\/wp-json\/wp\/v2\/pages\/7777"}],"collection":[{"href":"https:\/\/www.durodynecanada.com\/fr\/wp-json\/wp\/v2\/pages"}],"about":[{"href":"https:\/\/www.durodynecanada.com\/fr\/wp-json\/wp\/v2\/types\/page"}],"author":[{"embeddable":true,"href":"https:\/\/www.durodynecanada.com\/fr\/wp-json\/wp\/v2\/users\/7"}],"replies":[{"embeddable":true,"href":"https:\/\/www.durodynecanada.com\/fr\/wp-json\/wp\/v2\/comments?post=7777"}],"version-history":[{"count":3,"href":"https:\/\/www.durodynecanada.com\/fr\/wp-json\/wp\/v2\/pages\/7777\/revisions"}],"predecessor-version":[{"id":8473,"href":"https:\/\/www.durodynecanada.com\/fr\/wp-json\/wp\/v2\/pages\/7777\/revisions\/8473"}],"up":[{"embeddable":true,"href":"https:\/\/www.durodynecanada.com\/fr\/wp-json\/wp\/v2\/pages\/2819"}],"wp:attachment":[{"href":"https:\/\/www.durodynecanada.com\/fr\/wp-json\/wp\/v2\/media?parent=7777"}],"curies":[{"name":"wp","href":"https:\/\/api.w.org\/{rel}","templated":true}]}}