{"id":7774,"date":"2018-10-17T12:02:05","date_gmt":"2018-10-17T16:02:05","guid":{"rendered":"https:\/\/www.durodynecanada.com\/nos-produits\/flexible-duct-connector\/econ-o-fab-connector\/"},"modified":"2022-06-16T16:37:26","modified_gmt":"2022-06-16T20:37:26","slug":"connecteur-econ-o-fab","status":"publish","type":"page","link":"https:\/\/www.durodynecanada.com\/fr\/nos-produits\/flexible-duct-connector\/connecteur-econ-o-fab\/","title":{"rendered":"Connecteur Econ-O-Fab"},"content":{"rendered":"<h1>ECON-O-FAB<sup>\u00ae<\/sup> (EF)<\/h1>\n<p><strong>Pour les applications commerciales et r\u00e9sidentielles l\u00e9g\u00e8res<\/strong><\/p>\n<p><strong>Jauge : <\/strong>28<strong><br \/>\nDimensions : <\/strong>3&Prime; m\u00e9tal &#8211; 3&Prime; tissu &#8211; 3&Prime; m\u00e9tal<strong><br \/>\nLongueur du rouleau : <\/strong>50ft ou 100ft<strong><br \/>\nCouture : <\/strong>Grip Loc<strong><br \/>\nTissus : <\/strong>N\u00e9opr\u00e8ne, Canflex, Teflon<\/p>\n<p style=\"text-align: center;\"><strong>NEOPR\u00c8NE<\/strong><\/p>\n<table>\n<tbody>\n<tr>\n<td width=\"224\"><strong>DESCRIPTION<\/strong><\/td>\n<td width=\"224\"><strong>SP\u00c9CIFICATIONS<\/strong><\/td>\n<td width=\"224\"><strong>FONCTIONNALIT\u00c9S<\/strong><\/td>\n<\/tr>\n<tr>\n<td width=\"84\">Couleur : Noir<br \/>\nTissu de la base : Fibre de verre<br \/>\nRev\u00eatement : Polychloropr\u00e8ne<\/td>\n<td width=\"180\">Masse : 1017 g\/m\u00b2 30oz\/yd\u00b2<br \/>\nR\u00e9sistance \u00e0 la traction : 2000x1550N<br \/>\n(450&#215;350 lbs)<br \/>\nR\u00e9sistance \u00e0 la d\u00e9chirure : 110&#215;90 N<br \/>\n(25&#215;20 lbs)<br \/>\nPlage de temp\u00e9ratures : -40 \u00e0 93\u00baC<br \/>\nde -40 \u00e0 200\u00baF<\/td>\n<td width=\"264\">La norme industrielle pour les syst\u00e8mes HVAC<br \/>\nR\u00e9siste \u00e0 de nombreux acides, alcalis, graisses, huiles et essences.<br \/>\nPour les syst\u00e8mes expos\u00e9s aux fum\u00e9es toxiques et \u00e0 l&rsquo;atmosph\u00e8re pollu\u00e9e<\/td>\n<\/tr>\n<\/tbody>\n<\/table>\n<p><a href=\"https:\/\/www.durodynecanada.com\/products\/flexible-duct-connector\/neoprene-flexible-duct-connector\/\"><strong>Neoprene Flexible Connector Specifications<\/strong><\/a> <a href=\"https:\/\/www.durodynecanada.com\/wp-content\/uploads\/2018\/11\/Connector-Ordering-Information-121321.pdf\">Flexible Connector Ordering Information<\/a><\/p>\n<p style=\"text-align: center;\"><strong>CANFLEX<\/strong><\/p>\n<table>\n<tbody>\n<tr>\n<td width=\"224\"><strong>DESCRIPTION<\/strong><\/td>\n<td width=\"224\"><strong>SP\u00c9CIFICATIONS<\/strong><\/td>\n<td width=\"224\"><strong>FONCTIONNALIT\u00c9S<\/strong><\/td>\n<\/tr>\n<tr>\n<td width=\"84\">Couleur : Jaune<br \/>\nTissu de base : Toile de polyester<br \/>\nEnduit : Chlorure de polyvinyle (P.V.C.)<\/td>\n<td width=\"180\">Masse : 750 g\/m\u00b2 22oz\/yd\u00b2<br \/>\nR\u00e9sistance \u00e0 la traction : 1290x1290N<br \/>\n(290&#215;290 lbs)<br \/>\nR\u00e9sistance \u00e0 la d\u00e9chirure : 222&#215;222 N<br \/>\n(50&#215;50 lbs)<br \/>\nPlage de temp\u00e9ratures : -35 \u00e0 95\u00baC<br \/>\nde -30 \u00e0 200\u00baF<\/td>\n<td width=\"264\">Substitut de la toile<br \/>\nNon poreux, pas de fuite d&rsquo;air, solide<br \/>\nR\u00e9sistant \u00e0 la flamme, auto-extinguible<br \/>\nR\u00e9sistant \u00e0 l&rsquo;humidit\u00e9 et aux moisissures<br \/>\nHaute r\u00e9sistance \u00e0 l&rsquo;abrasion<\/td>\n<\/tr>\n<\/tbody>\n<\/table>\n<p><a href=\"https:\/\/www.durodynecanada.com\/fr\/nos-produits\/flexible-duct-connector\/canflex-flexible-duct-connector\/\"><strong>Canflex Flexible Connector Specifications<\/strong><\/a> <a href=\"https:\/\/www.durodynecanada.com\/wp-content\/uploads\/2018\/11\/Connector-Ordering-Information-121321.pdf\">Flexible Connector Ordering Information<\/a><\/p>\n<p style=\"text-align: center;\"><strong>TEFLON<\/strong><\/p>\n<table>\n<tbody>\n<tr>\n<td width=\"224\"><strong>DESCRIPTION<\/strong><\/td>\n<td width=\"224\"><strong>SP\u00c9CIFICATIONS<\/strong><\/td>\n<td width=\"224\"><strong>&nbsp;FONCTIONNALIT\u00c9S<\/strong><\/td>\n<\/tr>\n<tr>\n<td width=\"84\">Couleur :<br \/>\nGris \u00e0 l&rsquo;ext\u00e9rieur \/ Beige \u00e0 l&rsquo;int\u00e9rieur<br \/>\nTissu de base :<br \/>\nfibre de verre\/tissu satin\u00e9<br \/>\nRev\u00eatement : T\u00e9flon<\/td>\n<td width=\"180\">Masse : 561 g\/m\u00b2 16.5 oz\/yd\u00b2<br \/>\nR\u00e9sistance \u00e0 la traction : (400&#215;300 lbs)<br \/>\nR\u00e9sistance \u00e0 la d\u00e9chirure : (50&#215;30 lbs)<br \/>\nPlage de temp\u00e9rature : -101 \u00e0 260\u00baC<br \/>\n-150 \u00e0 500\u00baF<\/td>\n<td width=\"264\">Large gamme de temp\u00e9ratures<br \/>\nNiveaux de fum\u00e9e minimaux<br \/>\nFaible inflammabilit\u00e9<br \/>\nExcellente r\u00e9sistance chimique<br \/>\nHaute r\u00e9sistance \u00e0 la corrosion<br \/>\nR\u00e9sistance aux UV<\/td>\n<\/tr>\n<\/tbody>\n<\/table>\n<p><a href=\"https:\/\/www.durodynecanada.com\/products\/flexible-duct-connector\/teflon-flexible-duct-connector\/\"><strong>Teflon Flexible Connector Specifications<\/strong><\/a> <a href=\"https:\/\/www.durodynecanada.com\/wp-content\/uploads\/2018\/11\/Connector-Ordering-Information-121321.pdf\">Flexible Connector Ordering Information<\/a><\/p>\n","protected":false},"excerpt":{"rendered":"<p>ECON-O-FAB\u00ae (EF) Pour les applications commerciales et r\u00e9sidentielles l\u00e9g\u00e8res Jauge : 28 Dimensions : 3&Prime; m\u00e9tal &#8211; 3&Prime; tissu &#8211; 3&Prime; m\u00e9tal Longueur du rouleau : 50ft ou 100ft Couture : Grip Loc Tissus : N\u00e9opr\u00e8ne, Canflex, Teflon NEOPR\u00c8NE DESCRIPTION SP\u00c9CIFICATIONS FONCTIONNALIT\u00c9S Couleur : Noir Tissu de la base : Fibre de verre Rev\u00eatement : &hellip;<\/p>\n","protected":false},"author":7,"featured_media":0,"parent":2819,"menu_order":0,"comment_status":"closed","ping_status":"closed","template":"","meta":{"_acf_changed":false,"footnotes":""},"acf":[],"_links":{"self":[{"href":"https:\/\/www.durodynecanada.com\/fr\/wp-json\/wp\/v2\/pages\/7774"}],"collection":[{"href":"https:\/\/www.durodynecanada.com\/fr\/wp-json\/wp\/v2\/pages"}],"about":[{"href":"https:\/\/www.durodynecanada.com\/fr\/wp-json\/wp\/v2\/types\/page"}],"author":[{"embeddable":true,"href":"https:\/\/www.durodynecanada.com\/fr\/wp-json\/wp\/v2\/users\/7"}],"replies":[{"embeddable":true,"href":"https:\/\/www.durodynecanada.com\/fr\/wp-json\/wp\/v2\/comments?post=7774"}],"version-history":[{"count":3,"href":"https:\/\/www.durodynecanada.com\/fr\/wp-json\/wp\/v2\/pages\/7774\/revisions"}],"predecessor-version":[{"id":8463,"href":"https:\/\/www.durodynecanada.com\/fr\/wp-json\/wp\/v2\/pages\/7774\/revisions\/8463"}],"up":[{"embeddable":true,"href":"https:\/\/www.durodynecanada.com\/fr\/wp-json\/wp\/v2\/pages\/2819"}],"wp:attachment":[{"href":"https:\/\/www.durodynecanada.com\/fr\/wp-json\/wp\/v2\/media?parent=7774"}],"curies":[{"name":"wp","href":"https:\/\/api.w.org\/{rel}","templated":true}]}}