{"id":7771,"date":"2018-10-16T10:24:44","date_gmt":"2018-10-16T14:24:44","guid":{"rendered":"https:\/\/www.durodynecanada.com\/nos-produits\/flexible-duct-connector\/durolon-flexible-duct-connector\/"},"modified":"2022-06-16T16:41:32","modified_gmt":"2022-06-16T20:41:32","slug":"connecteur-pour-conduit-flexible-durolon","status":"publish","type":"page","link":"https:\/\/www.durodynecanada.com\/fr\/nos-produits\/flexible-duct-connector\/connecteur-pour-conduit-flexible-durolon\/","title":{"rendered":"Connecteur pour conduit flexible en Durolon"},"content":{"rendered":"<h1>CONNECTEUR POUR CONDUIT FLEXIBLE EN DUROLON<\/h1>\n<ul>\n<li>R\u00e9sistant aux intemp\u00e9ries &#8211; \u00c9tanche \u00e0 l&rsquo;eau &#8211; \u00c9tanche \u00e0 l&rsquo;air<\/li>\n<li>Pour un usage int\u00e9rieur et ext\u00e9rieur<\/li>\n<li>Insensible \u00e0 la lumi\u00e8re du soleil et \u00e0 l&rsquo;ozone<\/li>\n<li>Reste flexible jusqu&rsquo;\u00e0 -40\u00baC<\/li>\n<li>R\u00e9sistant \u00e0 la chaleur jusqu&rsquo;\u00e0 120\u00baC<\/li>\n<li>R\u00e9sistance sup\u00e9rieure \u00e0 l&rsquo;abrasion<\/li>\n<li>Solide, r\u00e9silient, avec une excellente dur\u00e9e de vie en flexion<\/li>\n<\/ul>\n<p><strong>DUROLON<\/strong> est un mat\u00e9riau de connexion flexible, \u00e9tanche et r\u00e9sistant aux intemp\u00e9ries qui r\u00e9pond aux exigences particuli\u00e8res des applications ext\u00e9rieures. Des ann\u00e9es de service \u00e9prouv\u00e9 ont permis de v\u00e9rifier sa r\u00e9sistance exceptionnelle \u00e0 la lumi\u00e8re directe du soleil et aux conditions climatiques extr\u00eames. \u00c9tant intrins\u00e8quement r\u00e9sistant \u00e0 l&rsquo;ozone, il n&rsquo;est pas affect\u00e9 par la proximit\u00e9 des \u00e9purateurs d&rsquo;air \u00e9lectrostatiques. Il poss\u00e8de des qualit\u00e9s anti-abrasion sup\u00e9rieures et r\u00e9siste aux \u00e9raflures, aux fissures et \u00e0 une large gamme de produits chimiques. Sa couleur blanche et nette minimise l&rsquo;absorption de chaleur. <strong>DUROLON<\/strong> a une large gamme de temp\u00e9ratures de service et poss\u00e8de d&rsquo;excellentes qualit\u00e9s de vieillissement.<\/p>\n<p><strong>DUROLON<\/strong> se compose d&rsquo;un tissu de fibre de verre r\u00e9sistant et tiss\u00e9, enduit des deux c\u00f4t\u00e9s d&rsquo;un caoutchouc synth\u00e9tique sp\u00e9cialement compos\u00e9. Il est fourni en bobines de 30 m (100 pieds) de tissu reli\u00e9es des deux c\u00f4t\u00e9s \u00e0 de l&rsquo;acier galvanis\u00e9, ou en tissu seul pour les applications sp\u00e9ciales.<\/p>\n<p><strong>USAGES RECOMMAND\u00c9S<\/strong><\/p>\n<p><strong>DUROLON<\/strong> est bien adapt\u00e9 aux raccordements flexibles des unit\u00e9s de traitement de l&rsquo;air ext\u00e9rieur et des gaines, ainsi qu&rsquo;aux syst\u00e8mes de ventilation, de climatisation et de chauffage \u00e0 moyenne et haute vitesse. Destin\u00e9 aux march\u00e9s industriels\/commerciaux, il doit \u00eatre utilis\u00e9 lorsque sa large plage de temp\u00e9ratures de service et sa r\u00e9sistance \u00e0 la lumi\u00e8re solaire, aux intemp\u00e9ries, \u00e0 l&rsquo;ozone et \u00e0 l&rsquo;abrasion r\u00e9pondent \u00e0 des exigences particuli\u00e8res.<\/p>\n<hr>\n<p><strong>SP\u00c9CIFICATIONS<\/strong><\/p>\n<p><strong>Tissu de la base<\/strong> : Fibre de verre tiss\u00e9e<br \/>\n<strong>Rev\u00eatement<\/strong> : Du Pont Hypalon<br \/>\n<strong>Masse (poids)<\/strong> : 814 g\/m\u00b2 (24oz\/yd\u00b2)<br \/>\n<strong>\u00c9paisseur<\/strong> : 0,61 mm (0,024&Prime;)<\/p>\n<p><strong>R\u00e9sistance \u00e0 la traction<\/strong> : 2000&#215;1780 N (450&#215;400 lbs)<br \/>\nCAN 2-4.2-M\u00e9thode 9.2<\/p>\n<p><strong>R\u00e9sistance \u00e0 la d\u00e9chirure<\/strong> : 53&#215;53 N (12&#215;12 lbs)<br \/>\nCAN 2-4.2-M\u00e9thode 12.1<\/p>\n<p><strong>R\u00e9sistance \u00e0 l&rsquo;\u00e9clatement<\/strong> : 3450 kPa environ (500+ psi)<br \/>\nCAN 2-4.2-M\u00e9thode 11.1<\/p>\n<p><strong>Plage de temp\u00e9rature<\/strong> : -40\u00baC \u00e0 120\u00baC (-40\u00baC \u00e0 250\u00baF)<\/p>\n<p><strong>R\u00e9sistance au feu<\/strong> : Certifi\u00e9 UL NFPA 701. R\u00e9pond aux exigences de la norme CAN\/ULC S109-03.<\/p>\n<hr>\n<p><a href=\"https:\/\/www.durodynecanada.com\/wp-content\/uploads\/2018\/10\/conn_chem_p1_p2_2015.pdf\"><strong>Chemical Resistance of Duro Dyne Coated Fabrics sheet<\/strong> <\/a> (PDF)<\/p>\n","protected":false},"excerpt":{"rendered":"<p>CONNECTEUR POUR CONDUIT FLEXIBLE EN DUROLON R\u00e9sistant aux intemp\u00e9ries &#8211; \u00c9tanche \u00e0 l&rsquo;eau &#8211; \u00c9tanche \u00e0 l&rsquo;air Pour un usage int\u00e9rieur et ext\u00e9rieur Insensible \u00e0 la lumi\u00e8re du soleil et \u00e0 l&rsquo;ozone Reste flexible jusqu&rsquo;\u00e0 -40\u00baC R\u00e9sistant \u00e0 la chaleur jusqu&rsquo;\u00e0 120\u00baC R\u00e9sistance sup\u00e9rieure \u00e0 l&rsquo;abrasion Solide, r\u00e9silient, avec une excellente dur\u00e9e de vie en &hellip;<\/p>\n","protected":false},"author":7,"featured_media":0,"parent":2819,"menu_order":0,"comment_status":"closed","ping_status":"closed","template":"","meta":{"_acf_changed":false,"footnotes":""},"acf":[],"_links":{"self":[{"href":"https:\/\/www.durodynecanada.com\/fr\/wp-json\/wp\/v2\/pages\/7771"}],"collection":[{"href":"https:\/\/www.durodynecanada.com\/fr\/wp-json\/wp\/v2\/pages"}],"about":[{"href":"https:\/\/www.durodynecanada.com\/fr\/wp-json\/wp\/v2\/types\/page"}],"author":[{"embeddable":true,"href":"https:\/\/www.durodynecanada.com\/fr\/wp-json\/wp\/v2\/users\/7"}],"replies":[{"embeddable":true,"href":"https:\/\/www.durodynecanada.com\/fr\/wp-json\/wp\/v2\/comments?post=7771"}],"version-history":[{"count":3,"href":"https:\/\/www.durodynecanada.com\/fr\/wp-json\/wp\/v2\/pages\/7771\/revisions"}],"predecessor-version":[{"id":8468,"href":"https:\/\/www.durodynecanada.com\/fr\/wp-json\/wp\/v2\/pages\/7771\/revisions\/8468"}],"up":[{"embeddable":true,"href":"https:\/\/www.durodynecanada.com\/fr\/wp-json\/wp\/v2\/pages\/2819"}],"wp:attachment":[{"href":"https:\/\/www.durodynecanada.com\/fr\/wp-json\/wp\/v2\/media?parent=7771"}],"curies":[{"name":"wp","href":"https:\/\/api.w.org\/{rel}","templated":true}]}}