{"id":7768,"date":"2018-10-18T14:22:33","date_gmt":"2018-10-18T18:22:33","guid":{"rendered":"https:\/\/www.durodynecanada.com\/nos-produits\/flexible-duct-connector\/configurations\/"},"modified":"2022-06-16T16:33:14","modified_gmt":"2022-06-16T20:33:14","slug":"configurations","status":"publish","type":"page","link":"https:\/\/www.durodynecanada.com\/fr\/nos-produits\/flexible-duct-connector\/configurations\/","title":{"rendered":"Configurations"},"content":{"rendered":"<h1>CONFIGURATIONS<\/h1>\n<p><strong>Applications industrielles et commerciales<\/strong><\/p>\n<p><a href=\"https:\/\/www.durodynecanada.com\/products\/flexible-duct-connector\/metal-fab-connector\/\">Metal-Fab<\/a><sup>\u00ae<br \/>\n<a href=\"https:\/\/www.durodynecanada.com\/wp-content\/uploads\/2018\/11\/Literature-Sheet-700ft-Connectors.pdf\"><span style=\"color: #ff6600;\">Literature Sheet for 700 Foot Rolls<\/span><\/a><br \/>\n<\/sup><a href=\"https:\/\/www.durodynecanada.com\/products\/flexible-duct-connector\/super-metal-fab-connector\/\">Super Metal-Fab<\/a><sup>\u00ae<\/sup><\/p>\n<p><a href=\"https:\/\/www.durodynecanada.com\/products\/flexible-duct-connector\/tdctdf-connector\/\">TDC \/ TDF Connector<\/a><br \/>\n<sup><span style=\"color: #ff6600;\"><a style=\"color: #ff6600;\" href=\"https:\/\/www.durodynecanada.com\/wp-content\/uploads\/2018\/11\/Literature-Sheet-700ft-Connectors.pdf\">Literature Sheet for 700 Foot Rolls<\/a><\/span><\/sup><\/p>\n<p><strong>Application r\u00e9sidentielle \/ commerciale l\u00e9g\u00e8re<\/strong><\/p>\n<p><a href=\"https:\/\/www.durodynecanada.com\/products\/flexible-duct-connector\/econ-o-fab-connector\/\">Econ-O-Fab<\/a><sup>\u00ae<br \/>\n<span style=\"color: #ff6600;\"><a style=\"color: #ff6600;\" href=\"https:\/\/www.durodynecanada.com\/wp-content\/uploads\/2018\/11\/Literature-Sheet-700ft-Connectors.pdf\">Literature Sheet for 700 Foot Rolls<\/a><\/span><br \/>\n<\/sup><\/p>\n<p><a href=\"https:\/\/www.durodynecanada.com\/products\/flexible-duct-connector\/junior-connector\/\">Junior Connector<\/a><\/p>\n<p><strong><br \/>\nConnecteur de gaine flexible isol\u00e9e<br \/>\n<\/strong><\/p>\n<p><a href=\"https:\/\/www.durodynecanada.com\/products\/flexible-duct-connector\/insulflex-insulated-flexible-duct-connector\/\">Insulflex<\/a><sup>\u00ae<\/sup><\/p>\n<p><strong><br \/>\nFiches de sp\u00e9cifications des tissus<br \/>\n<\/strong><\/p>\n<p><a href=\"https:\/\/www.durodynecanada.com\/products\/flexible-duct-connector\/neoprene-flexible-duct-connector\/\">Neoprene<\/a><br \/>\n<a href=\"https:\/\/www.durodynecanada.com\/products\/flexible-duct-connector\/durolon-flexible-duct-connector\/\">Durolon<\/a><br \/>\n<a href=\"https:\/\/www.durodynecanada.com\/fr\/nos-produits\/flexible-duct-connector\/canflex-flexible-duct-connector\/\">Canflex<\/a><br \/>\n<a href=\"https:\/\/www.durodynecanada.com\/products\/flexible-duct-connector\/thermafab-flexible-duct-connector\/\">Thermafab<\/a><br \/>\n<a href=\"https:\/\/www.durodynecanada.com\/products\/flexible-duct-connector\/teflon-flexible-duct-connector\/\">Teflon<\/a><\/p>\n<p><a href=\"https:\/\/www.durodynecanada.com\/wp-content\/uploads\/2018\/11\/Connector-Ordering-Information-121321.pdf\">Flexible Duct Connector Ordering Information<\/a><\/p>\n<p>Duro Dyne ne fabrique aucun produit de connecteur de conduit flexible qui est approuv\u00e9 pour l&rsquo;utilisation dans les syst\u00e8mes d&rsquo;\u00e9vacuation de conduits de graisse. De plus, la norme NFPA 96 interdit sp\u00e9cifiquement l&rsquo;utilisation de connecteurs flexibles selon les sections 8.1.2.3 et 8.1.3.4.<\/p>\n","protected":false},"excerpt":{"rendered":"<p>CONFIGURATIONS Applications industrielles et commerciales Metal-Fab\u00ae Literature Sheet for 700 Foot Rolls Super Metal-Fab\u00ae TDC \/ TDF Connector Literature Sheet for 700 Foot Rolls Application r\u00e9sidentielle \/ commerciale l\u00e9g\u00e8re Econ-O-Fab\u00ae Literature Sheet for 700 Foot Rolls Junior Connector Connecteur de gaine flexible isol\u00e9e Insulflex\u00ae Fiches de sp\u00e9cifications des tissus Neoprene Durolon Canflex Thermafab Teflon Flexible &hellip;<\/p>\n","protected":false},"author":7,"featured_media":0,"parent":2819,"menu_order":0,"comment_status":"closed","ping_status":"closed","template":"","meta":{"_acf_changed":false,"footnotes":""},"acf":[],"_links":{"self":[{"href":"https:\/\/www.durodynecanada.com\/fr\/wp-json\/wp\/v2\/pages\/7768"}],"collection":[{"href":"https:\/\/www.durodynecanada.com\/fr\/wp-json\/wp\/v2\/pages"}],"about":[{"href":"https:\/\/www.durodynecanada.com\/fr\/wp-json\/wp\/v2\/types\/page"}],"author":[{"embeddable":true,"href":"https:\/\/www.durodynecanada.com\/fr\/wp-json\/wp\/v2\/users\/7"}],"replies":[{"embeddable":true,"href":"https:\/\/www.durodynecanada.com\/fr\/wp-json\/wp\/v2\/comments?post=7768"}],"version-history":[{"count":2,"href":"https:\/\/www.durodynecanada.com\/fr\/wp-json\/wp\/v2\/pages\/7768\/revisions"}],"predecessor-version":[{"id":8451,"href":"https:\/\/www.durodynecanada.com\/fr\/wp-json\/wp\/v2\/pages\/7768\/revisions\/8451"}],"up":[{"embeddable":true,"href":"https:\/\/www.durodynecanada.com\/fr\/wp-json\/wp\/v2\/pages\/2819"}],"wp:attachment":[{"href":"https:\/\/www.durodynecanada.com\/fr\/wp-json\/wp\/v2\/media?parent=7768"}],"curies":[{"name":"wp","href":"https:\/\/api.w.org\/{rel}","templated":true}]}}