{"id":7765,"date":"2017-03-16T18:47:15","date_gmt":"2017-03-16T18:47:15","guid":{"rendered":"https:\/\/www.durodynecanada.com\/nos-produits\/dyn-o-vent-2\/"},"modified":"2022-06-16T16:31:45","modified_gmt":"2022-06-16T20:31:45","slug":"dyn-o-vent","status":"publish","type":"page","link":"https:\/\/www.durodynecanada.com\/fr\/nos-produits\/dyn-o-vent\/","title":{"rendered":"Dyn-O-Vent"},"content":{"rendered":"<p style=\"text-align: center;\"><img loading=\"lazy\" decoding=\"async\" class=\"alignnone wp-image-5998 size-full\" src=\"https:\/\/www.durodynecanada.com\/wp-content\/uploads\/GRD_Images\/dynovent_logo.jpg\" alt=\"Dyn-O-Vent Logo\" width=\"600\" height=\"94\" srcset=\"https:\/\/www.durodynecanada.com\/wp-content\/uploads\/GRD_Images\/dynovent_logo.jpg 600w, https:\/\/www.durodynecanada.com\/wp-content\/uploads\/GRD_Images\/dynovent_logo-300x47.jpg 300w, https:\/\/www.durodynecanada.com\/wp-content\/uploads\/GRD_Images\/dynovent_logo-540x85.jpg 540w\" sizes=\"(max-width: 600px) 100vw, 600px\" \/><\/p>\n<h1 style=\"text-align: center;\">GRILLES REGISTRES<br \/>\nET DIFFUSEURS<\/h1>\n<p style=\"text-align: center;\"><em><strong>Duro Dyne Canada Inc. est l&rsquo;un des seuls fournisseurs canadiens \u00e0 offrir une gamme compl\u00e8te de grilles, registres et diffuseurs r\u00e9sidentiels et commerciaux.<\/strong><\/em><\/p>\n<h2 style=\"text-align: center;\">Grilles, registres et diffuseurs r\u00e9sidentiels<\/h2>\n<p style=\"text-align: left;\"><img loading=\"lazy\" decoding=\"async\" class=\"aligncenter wp-image-6000\" src=\"https:\/\/www.durodynecanada.com\/wp-content\/uploads\/GRD_Images\/residentialset.jpg\" alt=\"Residential Grilles Registers and Diffusers\" width=\"1200\" height=\"600\" srcset=\"https:\/\/www.durodynecanada.com\/wp-content\/uploads\/GRD_Images\/residentialset.jpg 1500w, https:\/\/www.durodynecanada.com\/wp-content\/uploads\/GRD_Images\/residentialset-600x300.jpg 600w, https:\/\/www.durodynecanada.com\/wp-content\/uploads\/GRD_Images\/residentialset-300x150.jpg 300w, https:\/\/www.durodynecanada.com\/wp-content\/uploads\/GRD_Images\/residentialset-768x384.jpg 768w, https:\/\/www.durodynecanada.com\/wp-content\/uploads\/GRD_Images\/residentialset-1024x512.jpg 1024w, https:\/\/www.durodynecanada.com\/wp-content\/uploads\/GRD_Images\/residentialset-540x270.jpg 540w, https:\/\/www.durodynecanada.com\/wp-content\/uploads\/GRD_Images\/residentialset-360x180.jpg 360w\" sizes=\"(max-width: 1200px) 100vw, 1200px\" \/><\/p>\n<h2 style=\"text-align: center;\">Grilles, registres et diffuseurs commerciaux<\/h2>\n<p style=\"text-align: left;\"><img loading=\"lazy\" decoding=\"async\" class=\"alignnone wp-image-6062\" src=\"https:\/\/www.durodynecanada.com\/wp-content\/uploads\/GRD_Images\/commercialset1.jpg\" alt=\"Commercial Set 1\" width=\"1200\" height=\"600\" srcset=\"https:\/\/www.durodynecanada.com\/wp-content\/uploads\/GRD_Images\/commercialset1.jpg 1500w, https:\/\/www.durodynecanada.com\/wp-content\/uploads\/GRD_Images\/commercialset1-600x300.jpg 600w, https:\/\/www.durodynecanada.com\/wp-content\/uploads\/GRD_Images\/commercialset1-300x150.jpg 300w, https:\/\/www.durodynecanada.com\/wp-content\/uploads\/GRD_Images\/commercialset1-768x384.jpg 768w, https:\/\/www.durodynecanada.com\/wp-content\/uploads\/GRD_Images\/commercialset1-1024x512.jpg 1024w, https:\/\/www.durodynecanada.com\/wp-content\/uploads\/GRD_Images\/commercialset1-540x270.jpg 540w, https:\/\/www.durodynecanada.com\/wp-content\/uploads\/GRD_Images\/commercialset1-360x180.jpg 360w\" sizes=\"(max-width: 1200px) 100vw, 1200px\" \/><\/p>\n<h2 style=\"text-align: center;\">Grilles, registres et diffuseurs en aluminium<\/h2>\n<h2 style=\"text-align: center;\"><img loading=\"lazy\" decoding=\"async\" class=\"aligncenter wp-image-5999\" src=\"https:\/\/www.durodynecanada.com\/wp-content\/uploads\/GRD_Images\/aluminumset.jpg\" alt=\"Aluminum Grilles Registers and Diffusers\" width=\"1200\" height=\"600\" srcset=\"https:\/\/www.durodynecanada.com\/wp-content\/uploads\/GRD_Images\/aluminumset.jpg 1500w, https:\/\/www.durodynecanada.com\/wp-content\/uploads\/GRD_Images\/aluminumset-600x300.jpg 600w, https:\/\/www.durodynecanada.com\/wp-content\/uploads\/GRD_Images\/aluminumset-300x150.jpg 300w, https:\/\/www.durodynecanada.com\/wp-content\/uploads\/GRD_Images\/aluminumset-768x384.jpg 768w, https:\/\/www.durodynecanada.com\/wp-content\/uploads\/GRD_Images\/aluminumset-1024x512.jpg 1024w, https:\/\/www.durodynecanada.com\/wp-content\/uploads\/GRD_Images\/aluminumset-540x270.jpg 540w, https:\/\/www.durodynecanada.com\/wp-content\/uploads\/GRD_Images\/aluminumset-360x180.jpg 360w\" sizes=\"(max-width: 1200px) 100vw, 1200px\" \/><\/h2>\n<h2 style=\"text-align: center;\"><\/h2>\n<p style=\"text-align: center;\">\n","protected":false},"excerpt":{"rendered":"<p>GRILLES REGISTRES ET DIFFUSEURS Duro Dyne Canada Inc. est l&rsquo;un des seuls fournisseurs canadiens \u00e0 offrir une gamme compl\u00e8te de grilles, registres et diffuseurs r\u00e9sidentiels et commerciaux. Grilles, registres et diffuseurs r\u00e9sidentiels Grilles, registres et diffuseurs commerciaux Grilles, registres et diffuseurs en aluminium<\/p>\n","protected":false},"author":15,"featured_media":0,"parent":7603,"menu_order":6,"comment_status":"closed","ping_status":"closed","template":"","meta":{"_acf_changed":false,"footnotes":""},"acf":[],"_links":{"self":[{"href":"https:\/\/www.durodynecanada.com\/fr\/wp-json\/wp\/v2\/pages\/7765"}],"collection":[{"href":"https:\/\/www.durodynecanada.com\/fr\/wp-json\/wp\/v2\/pages"}],"about":[{"href":"https:\/\/www.durodynecanada.com\/fr\/wp-json\/wp\/v2\/types\/page"}],"author":[{"embeddable":true,"href":"https:\/\/www.durodynecanada.com\/fr\/wp-json\/wp\/v2\/users\/15"}],"replies":[{"embeddable":true,"href":"https:\/\/www.durodynecanada.com\/fr\/wp-json\/wp\/v2\/comments?post=7765"}],"version-history":[{"count":4,"href":"https:\/\/www.durodynecanada.com\/fr\/wp-json\/wp\/v2\/pages\/7765\/revisions"}],"predecessor-version":[{"id":8450,"href":"https:\/\/www.durodynecanada.com\/fr\/wp-json\/wp\/v2\/pages\/7765\/revisions\/8450"}],"up":[{"embeddable":true,"href":"https:\/\/www.durodynecanada.com\/fr\/wp-json\/wp\/v2\/pages\/7603"}],"wp:attachment":[{"href":"https:\/\/www.durodynecanada.com\/fr\/wp-json\/wp\/v2\/media?parent=7765"}],"curies":[{"name":"wp","href":"https:\/\/api.w.org\/{rel}","templated":true}]}}