{"id":7759,"date":"2019-02-11T10:35:55","date_gmt":"2019-02-11T15:35:55","guid":{"rendered":"https:\/\/www.durodynecanada.com\/nos-produits\/dyn-o-vent-product-listing-booklet\/"},"modified":"2022-06-16T16:30:18","modified_gmt":"2022-06-16T20:30:18","slug":"brochure-de-presentation-produits-dyn-o-vent","status":"publish","type":"page","link":"https:\/\/www.durodynecanada.com\/fr\/nos-produits\/brochure-de-presentation-produits-dyn-o-vent\/","title":{"rendered":"Brochure de pr\u00e9sentation des produits Dyn-O-Vent"},"content":{"rendered":"<h1 style=\"text-align: center;\"><img loading=\"lazy\" decoding=\"async\" class=\"aligncenter wp-image-5998 size-full\" src=\"https:\/\/www.durodynecanada.com\/wp-content\/uploads\/GRD_Images\/dynovent_logo.jpg\" alt=\"Dyn-O-Vent Logo\" width=\"600\" height=\"94\" srcset=\"https:\/\/www.durodynecanada.com\/wp-content\/uploads\/GRD_Images\/dynovent_logo.jpg 600w, https:\/\/www.durodynecanada.com\/wp-content\/uploads\/GRD_Images\/dynovent_logo-300x47.jpg 300w, https:\/\/www.durodynecanada.com\/wp-content\/uploads\/GRD_Images\/dynovent_logo-540x85.jpg 540w\" sizes=\"(max-width: 600px) 100vw, 600px\" \/><\/h1>\n<h1 style=\"text-align: center;\">GRILLES R\u00c9SIDENTIELLES REGISTRES<br \/>\nET DIFFUSEURS<\/h1>\n<p style=\"text-align: center;\">Cliquez sur l&rsquo;image ci-dessous pour acc\u00e9der \u00e0 la brochure de pr\u00e9sentation du produit <strong>DYN-O-VENT<\/strong> de Duro Dyne.<\/p>\n<p style=\"text-align: center;\"><a href=\"https:\/\/www.durodynecanada.com\/wp-content\/uploads\/GRD_ProductBook\/Canada-Dyn-O-Vent-Product-Listing-March-2021.pdf\"><img loading=\"lazy\" decoding=\"async\" class=\"alignnone wp-image-6553 size-full\" src=\"https:\/\/www.durodynecanada.com\/wp-content\/uploads\/GRD_ProductBook\/Dynovent_productlisting_2021-cover-page.jpg\" alt=\"Dyn-O-Vent Product Listing 2021 Image\" width=\"768\" height=\"1012\" srcset=\"https:\/\/www.durodynecanada.com\/wp-content\/uploads\/GRD_ProductBook\/Dynovent_productlisting_2021-cover-page.jpg 768w, https:\/\/www.durodynecanada.com\/wp-content\/uploads\/GRD_ProductBook\/Dynovent_productlisting_2021-cover-page-600x791.jpg 600w, https:\/\/www.durodynecanada.com\/wp-content\/uploads\/GRD_ProductBook\/Dynovent_productlisting_2021-cover-page-228x300.jpg 228w, https:\/\/www.durodynecanada.com\/wp-content\/uploads\/GRD_ProductBook\/Dynovent_productlisting_2021-cover-page-410x540.jpg 410w\" sizes=\"(max-width: 768px) 100vw, 768px\" \/><\/a><\/p>\n","protected":false},"excerpt":{"rendered":"<p>GRILLES R\u00c9SIDENTIELLES REGISTRES ET DIFFUSEURS Cliquez sur l&rsquo;image ci-dessous pour acc\u00e9der \u00e0 la brochure de pr\u00e9sentation du produit DYN-O-VENT de Duro Dyne.<\/p>\n","protected":false},"author":7,"featured_media":0,"parent":7603,"menu_order":4,"comment_status":"closed","ping_status":"closed","template":"","meta":{"_acf_changed":false,"footnotes":""},"acf":[],"_links":{"self":[{"href":"https:\/\/www.durodynecanada.com\/fr\/wp-json\/wp\/v2\/pages\/7759"}],"collection":[{"href":"https:\/\/www.durodynecanada.com\/fr\/wp-json\/wp\/v2\/pages"}],"about":[{"href":"https:\/\/www.durodynecanada.com\/fr\/wp-json\/wp\/v2\/types\/page"}],"author":[{"embeddable":true,"href":"https:\/\/www.durodynecanada.com\/fr\/wp-json\/wp\/v2\/users\/7"}],"replies":[{"embeddable":true,"href":"https:\/\/www.durodynecanada.com\/fr\/wp-json\/wp\/v2\/comments?post=7759"}],"version-history":[{"count":3,"href":"https:\/\/www.durodynecanada.com\/fr\/wp-json\/wp\/v2\/pages\/7759\/revisions"}],"predecessor-version":[{"id":8446,"href":"https:\/\/www.durodynecanada.com\/fr\/wp-json\/wp\/v2\/pages\/7759\/revisions\/8446"}],"up":[{"embeddable":true,"href":"https:\/\/www.durodynecanada.com\/fr\/wp-json\/wp\/v2\/pages\/7603"}],"wp:attachment":[{"href":"https:\/\/www.durodynecanada.com\/fr\/wp-json\/wp\/v2\/media?parent=7759"}],"curies":[{"name":"wp","href":"https:\/\/api.w.org\/{rel}","templated":true}]}}