{"id":7756,"date":"2018-09-19T13:48:29","date_gmt":"2018-09-19T17:48:29","guid":{"rendered":"https:\/\/www.durodynecanada.com\/nos-produits\/durozone\/what-is-zoning\/"},"modified":"2022-06-16T16:29:30","modified_gmt":"2022-06-16T20:29:30","slug":"quest-ce-que-le-zonage","status":"publish","type":"page","link":"https:\/\/www.durodynecanada.com\/fr\/nos-produits\/durozone\/quest-ce-que-le-zonage\/","title":{"rendered":"Qu&rsquo;est-ce que le zonage ?"},"content":{"rendered":"<h1>QU&rsquo;EST-CE QUE LE ZONAGE ?<br \/>\n<a href=\"https:\/\/www.durodynecanada.com\/wp-content\/uploads\/2018\/09\/dz_catalog_10_2019.pdf\"><img loading=\"lazy\" decoding=\"async\" class=\"alignright wp-image-5834 size-full\" src=\"https:\/\/www.durodynecanada.com\/wp-content\/uploads\/2018\/09\/dz_cat_thumbnail.jpg\" alt=\"Got To DuroZone Catalogue\" width=\"101\" height=\"128\"><\/a><\/h1>\n<p><span style=\"color: #339966;\"><em><strong>Le zonage pour le confort a toujours eu du sens<\/strong><\/em><\/span><\/p>\n<p>Lorsque les gens vivaient dans des grottes, le feu \u00e9tait utilis\u00e9 pour chauffer l&rsquo;espace de vie. Lorsque les premi\u00e8res maisons ont \u00e9t\u00e9 construites, une chemin\u00e9e a \u00e9t\u00e9 install\u00e9e dans chaque pi\u00e8ce, mais seules les pi\u00e8ces occup\u00e9es \u00e9taient chauff\u00e9es &#8211; le salon le jour et les chambres la nuit. Il \u00e9tait logique de br\u00fbler du bois pr\u00e9cieux pour chauffer uniquement les pi\u00e8ces utilis\u00e9es. Lorsque les syst\u00e8mes de chauffage sont devenus plus sophistiqu\u00e9s, ce concept simple a \u00e9t\u00e9 oubli\u00e9. Une seule source de chaleur dans le b\u00e2timent, contr\u00f4l\u00e9e par un seul capteur (thermostat), est devenue la norme pour la conception des syst\u00e8mes. L&rsquo;inefficacit\u00e9 de ce syst\u00e8me est \u00e9vidente : un seul thermostat ne peut pas maintenir une temp\u00e9rature constante dans tout le b\u00e2timent. Nous zonons les autres syst\u00e8mes dans nos b\u00e2timents&#8230; comme les interrupteurs d&rsquo;\u00e9clairage pour illuminer l&rsquo;espace o\u00f9 nous nous trouvons&#8230; nous avons des robinets \u00e0 chaque endroit o\u00f9 nous avons besoin d&rsquo;eau&#8230; et maintenant nous avons <span style=\"color: #339966;\"><strong>DuroZone<\/strong><\/span> pour apporter un confort total de climatisation et de chauffage sous notre contr\u00f4le.<\/p>\n<p><span style=\"color: #339966;\"><em><strong>Le zonage est synonyme de confort<\/strong><\/em><\/span><\/p>\n<p>Lorsque le soleil tape sur l&rsquo;un des c\u00f4t\u00e9s d&rsquo;un b\u00e2timent, les pi\u00e8ces situ\u00e9es de ce c\u00f4t\u00e9 sont r\u00e9chauff\u00e9es. L&rsquo;inverse est vrai pour le c\u00f4t\u00e9 expos\u00e9 au vent et \u00e0 l&rsquo;ombre. Les besoins en climatisation de chaque c\u00f4t\u00e9 ou zone sont diff\u00e9rents et peuvent varier tout au long de la journ\u00e9e. Avec <span style=\"color: #339966;\"><strong>DuroZone<\/strong><\/span>, la temp\u00e9rature dans ces zones est maintenue aux r\u00e9glages de votre choix !<\/p>\n<p>Tout simplement&#8230; le contr\u00f4le est synonyme de confort.<\/p>\n<p><span style=\"color: #339966;\"><em><strong>Le contr\u00f4le est synonyme d&rsquo;\u00e9conomies<\/strong><\/em><\/span><\/p>\n<p>En chauffant ou en refroidissant uniquement les zones dont vous avez besoin ou que vous utilisez, vous \u00e9conomisez de l&rsquo;\u00e9nergie et donc de l&rsquo;argent ! Selon la taille et l&rsquo;utilisation du b\u00e2timent, les \u00e9conomies peuvent aller de 10 \u00e0 30 %. Pour un propri\u00e9taire de maison, cela peut repr\u00e9senter des centaines de dollars. Pour un propri\u00e9taire de b\u00e2timent, les \u00e9conomies peuvent se chiffrer en milliers.<\/p>\n<p><span style=\"color: #339966;\"><em><strong>Comment \u00e7a marche<\/strong><\/em><\/span><\/p>\n<p><span style=\"color: #339966;\"><strong>DuroZone <\/strong><span style=\"color: #000000;\">place un thermostat s\u00e9par\u00e9 dans diff\u00e9rentes zones de la maison ou du b\u00e2timent. Dans une maison, il peut s&rsquo;agir des chambres \u00e0 coucher, du salon\/r\u00e9cr\u00e9atif et de la cuisine\/salle \u00e0 manger. Dans un b\u00e2timent commercial, les bureaux individuels et les salles de conf\u00e9rence peuvent \u00eatre zon\u00e9s. Chaque thermostat contr\u00f4le un registre qui dirige l&rsquo;air chaud ou froid o\u00f9 et quand vous le voulez.<\/span><\/span><\/p>\n<p><span style=\"color: #339966;\"><em><strong>Maison neuve ou maison ancienne ?<\/strong><\/em><\/span><\/p>\n<p>Une nouvelle construction avec un syst\u00e8me <span style=\"color: #339966;\"><strong>DuroZone<\/strong><\/span> n&rsquo;a pratiquement aucun effet sur sa date d&rsquo;ach\u00e8vement et ajoute g\u00e9n\u00e9ralement moins de 1 % au co\u00fbt global. Un projet de r\u00e9novation vous permet de personnaliser la maison pour qu&rsquo;elle soit la plus avantageuse possible pour le propri\u00e9taire actuel et le futur propri\u00e9taire. Et, bien s\u00fbr, la valeur de revente est accrue.<\/p>\n<p><strong><span style=\"color: #339966;\">CONFORT <\/span><\/strong><span style=\"color: #000000;\">Les pi\u00e8ces sont maintenues \u00e0 la temp\u00e9rature que vous souhaitez &#8211; quand vous le souhaitez.<\/span><strong><span style=\"color: #339966;\"><br \/>\nCONSERVATION <\/span><\/strong><span style=\"color: #339966;\"><span style=\"color: #000000;\">R\u00e9alisez jusqu&rsquo;\u00e0 30 % d&rsquo;\u00e9conomies d&rsquo;\u00e9nergie.<\/span><\/span><strong><span style=\"color: #339966;\"><br \/>\nCONTR\u00d4LE <\/span><\/strong><span style=\"color: #339966;\"><span style=\"color: #000000;\">Le chauffage et la climatisation sont contr\u00f4l\u00e9s comme vous le faites pour l&rsquo;\u00e9clairage et la plomberie.<\/span><\/span><strong><span style=\"color: #339966;\"><br \/>\nCASH <\/span><\/strong><span style=\"color: #339966;\"><span style=\"color: #000000;\">Le zonage permet d&rsquo;\u00e9conomiser de l&rsquo;argent tout en augmentant la valeur de revente de votre maison.<\/span><\/span><\/p>\n","protected":false},"excerpt":{"rendered":"<p>QU&rsquo;EST-CE QUE LE ZONAGE ? Le zonage pour le confort a toujours eu du sens Lorsque les gens vivaient dans des grottes, le feu \u00e9tait utilis\u00e9 pour chauffer l&rsquo;espace de vie. Lorsque les premi\u00e8res maisons ont \u00e9t\u00e9 construites, une chemin\u00e9e a \u00e9t\u00e9 install\u00e9e dans chaque pi\u00e8ce, mais seules les pi\u00e8ces occup\u00e9es \u00e9taient chauff\u00e9es &#8211; le &hellip;<\/p>\n","protected":false},"author":7,"featured_media":0,"parent":7652,"menu_order":7,"comment_status":"closed","ping_status":"closed","template":"","meta":{"_acf_changed":false,"footnotes":""},"acf":[],"_links":{"self":[{"href":"https:\/\/www.durodynecanada.com\/fr\/wp-json\/wp\/v2\/pages\/7756"}],"collection":[{"href":"https:\/\/www.durodynecanada.com\/fr\/wp-json\/wp\/v2\/pages"}],"about":[{"href":"https:\/\/www.durodynecanada.com\/fr\/wp-json\/wp\/v2\/types\/page"}],"author":[{"embeddable":true,"href":"https:\/\/www.durodynecanada.com\/fr\/wp-json\/wp\/v2\/users\/7"}],"replies":[{"embeddable":true,"href":"https:\/\/www.durodynecanada.com\/fr\/wp-json\/wp\/v2\/comments?post=7756"}],"version-history":[{"count":3,"href":"https:\/\/www.durodynecanada.com\/fr\/wp-json\/wp\/v2\/pages\/7756\/revisions"}],"predecessor-version":[{"id":8444,"href":"https:\/\/www.durodynecanada.com\/fr\/wp-json\/wp\/v2\/pages\/7756\/revisions\/8444"}],"up":[{"embeddable":true,"href":"https:\/\/www.durodynecanada.com\/fr\/wp-json\/wp\/v2\/pages\/7652"}],"wp:attachment":[{"href":"https:\/\/www.durodynecanada.com\/fr\/wp-json\/wp\/v2\/media?parent=7756"}],"curies":[{"name":"wp","href":"https:\/\/api.w.org\/{rel}","templated":true}]}}