{"id":7753,"date":"2018-09-19T12:17:42","date_gmt":"2018-09-19T16:17:42","guid":{"rendered":"https:\/\/www.durodynecanada.com\/nos-produits\/durozone\/durozone-accessories\/"},"modified":"2022-06-16T16:28:31","modified_gmt":"2022-06-16T20:28:31","slug":"accessoires-durozone","status":"publish","type":"page","link":"https:\/\/www.durodynecanada.com\/fr\/nos-produits\/durozone\/accessoires-durozone\/","title":{"rendered":"Accessoires"},"content":{"rendered":"<h1>ACCESSOIRES<\/h1>\n<h2><span style=\"color: #000000;\"><strong>Transformateur sur plaque PT-40<\/strong><\/span><\/h2>\n<p>Le transformateur sur plaque <strong>PT40<\/strong> de <strong>DuroZone<\/strong> est un transformateur abaisseur \u00e0 entr\u00e9e de 120 volts, sortie de 24 volts, 40va. Le <strong>PT40<\/strong> s&rsquo;installe dans une bo\u00eete \u00e9lectrique typique de 4 x 4 et un transformateur peut faire fonctionner jusqu&rsquo;\u00e0 4 volets de <strong>DuroZone<\/strong>.<\/p>\n<p><img loading=\"lazy\" decoding=\"async\" class=\"alignnone size-full wp-image-5891\" src=\"https:\/\/www.durodynecanada.com\/wp-content\/uploads\/2018\/09\/pt40-1.jpg\" alt=\"PT-40 24V Mounted Transformer\" width=\"250\" height=\"183\"><\/p>\n<table style=\"height: 69px;\" width=\"600\">\n<tbody>\n<tr>\n<td width=\"102\"><strong>Item No.<\/strong><\/td>\n<td width=\"120\"><strong>Code<\/strong><\/td>\n<td width=\"378\"><strong>Description<\/strong><\/td>\n<\/tr>\n<tr>\n<td width=\"102\">35054<\/td>\n<td width=\"120\"><strong>PT-40<\/strong><\/td>\n<td width=\"378\">Transformateur 24V<\/td>\n<\/tr>\n<\/tbody>\n<\/table>\n<h2>Relais RR-1<\/h2>\n<p>Le relais <strong>RR1<\/strong> de <strong>DuroZone<\/strong> est un relais 24 volts unipolaire, \u00e0 double relais, polyvalent, qui est g\u00e9n\u00e9ralement utilis\u00e9 pour des applications o\u00f9 l&rsquo;isolation ou la protection des circuits est souhait\u00e9e.<\/p>\n<p><img loading=\"lazy\" decoding=\"async\" class=\"alignnone size-full wp-image-5893\" src=\"https:\/\/www.durodynecanada.com\/wp-content\/uploads\/2018\/09\/rr1_relay.jpg\" alt=\"RR-1 24V Relay\" width=\"200\" height=\"211\"><\/p>\n<table style=\"height: 69px;\" width=\"600\">\n<tbody>\n<tr>\n<td width=\"102\"><strong>Item No.<\/strong><\/td>\n<td width=\"120\"><strong>Code<\/strong><\/td>\n<td width=\"378\"><strong>Description<\/strong><\/td>\n<\/tr>\n<tr>\n<td width=\"102\">35055<\/td>\n<td width=\"120\"><strong>RR-1<\/strong><\/td>\n<td width=\"378\">Relais 24V<\/td>\n<\/tr>\n<\/tbody>\n<\/table>\n<p><a href=\"https:\/\/www.durodynecanada.com\/wp-content\/uploads\/2018\/09\/rr1_instruction-1.pdf\">RR-1 Installation Instructions<\/a><\/p>\n<h2>OTS Capteur de temp\u00e9rature ext\u00e9rieure<\/h2>\n<p>\u00c0 utiliser avec le panneau <strong>RED4<\/strong>. L&rsquo;<strong>OTS<\/strong> est install\u00e9 \u00e0 l&rsquo;ext\u00e9rieur et \u00e0 l&rsquo;abri de la lumi\u00e8re directe du soleil. L&rsquo;<strong>OTS<\/strong> est utilis\u00e9 avec des installations de pompe \u00e0 chaleur\/chaudi\u00e8re \u00e0 gaz \u00e0 double combustible.<\/p>\n<p><img loading=\"lazy\" decoding=\"async\" class=\"alignnone size-full wp-image-5890\" src=\"https:\/\/www.durodynecanada.com\/wp-content\/uploads\/2018\/09\/ots_sensor.jpg\" alt=\"OTS Outdoor Temperature Sensor\" width=\"200\" height=\"147\"><\/p>\n<table style=\"height: 69px;\" width=\"600\">\n<tbody>\n<tr>\n<td width=\"102\"><strong>Item No.<\/strong><\/td>\n<td width=\"120\"><strong>Code<\/strong><\/td>\n<td width=\"378\"><strong>Description<\/strong><\/td>\n<\/tr>\n<tr>\n<td width=\"102\">35168<\/td>\n<td width=\"120\"><strong>OTS<\/strong><\/td>\n<td width=\"378\">Capteur de temp\u00e9rature ext\u00e9rieure<\/td>\n<\/tr>\n<\/tbody>\n<\/table>\n<h2><span style=\"color: #000000;\"><strong>Capteur de temp\u00e9rature de l&rsquo;air d&rsquo;alimentation du LAT<\/strong><\/span><\/h2>\n<p>\u00c0 utiliser avec le panneau <strong>RED4<\/strong>. Le LAT est install\u00e9 dans le plenum ou le conduit d&rsquo;air d&rsquo;alimentation apr\u00e8s le serpentin de l&rsquo;\u00e9vaporateur. Le LAT aide \u00e0 prot\u00e9ger l&rsquo;\u00e9quipement contre le gel ou le verrouillage de la limite sup\u00e9rieure.<\/p>\n<p><img loading=\"lazy\" decoding=\"async\" class=\"alignnone size-full wp-image-5889\" src=\"https:\/\/www.durodynecanada.com\/wp-content\/uploads\/2018\/09\/lat-1.jpg\" alt=\"LAT Supply Air Temperature Sensor\" width=\"295\" height=\"154\"><\/p>\n<table style=\"height: 69px;\" width=\"600\">\n<tbody>\n<tr>\n<td width=\"102\"><strong>Item No.<\/strong><\/td>\n<td width=\"120\"><strong>Code<\/strong><\/td>\n<td width=\"378\"><strong>Description<\/strong><\/td>\n<\/tr>\n<tr>\n<td width=\"102\">35167<\/td>\n<td width=\"120\"><strong>LAT<\/strong><\/td>\n<td width=\"378\">Capteur de temp\u00e9rature de l&rsquo;air souffl\u00e9<\/td>\n<\/tr>\n<\/tbody>\n<\/table>\n<h2><span style=\"color: #000000;\"><strong>Capteur de protection contre le gel FPS<\/strong><\/span><\/h2>\n<p>Le capteur de protection contre le gel <strong>FPS<\/strong> de <strong>DuroZone<\/strong> est un contr\u00f4le \u00e0 faible co\u00fbt con\u00e7u pour \u00eatre plac\u00e9 sur la ligne d&rsquo;aspiration \u00e0 l&rsquo;ext\u00e9rieur du serpentin de l&rsquo;\u00e9vaporateur. \u00c0 38\u00ba, il coupe le circuit du relais du compresseur (Y) pour emp\u00eacher le gel. \u00c0 51\u00ba, il fera en sorte que le relais du compresseur (Y) continue le cycle de refroidissement. Le <strong>FPS<\/strong> peut \u00eatre utilis\u00e9 avec n&rsquo;importe quel syst\u00e8me de contr\u00f4le <strong>DuroZone<\/strong>.<\/p>\n<p><img loading=\"lazy\" decoding=\"async\" class=\"alignnone size-full wp-image-5888\" src=\"https:\/\/www.durodynecanada.com\/wp-content\/uploads\/2018\/09\/fps_sensor.jpg\" alt=\"FPS Freeze Protection Sensor\" width=\"231\" height=\"154\"><\/p>\n<table style=\"height: 69px;\" width=\"600\">\n<tbody>\n<tr>\n<td width=\"102\"><strong>Item No.<\/strong><\/td>\n<td width=\"120\"><strong>Code<\/strong><\/td>\n<td width=\"378\"><strong>Description<\/strong><\/td>\n<\/tr>\n<tr>\n<td width=\"102\">35059<\/td>\n<td width=\"120\"><strong>FPS<\/strong><\/td>\n<td width=\"378\">Capteur de protection contre le gel<\/td>\n<\/tr>\n<\/tbody>\n<\/table>\n<p><a href=\"https:\/\/www.durodynecanada.com\/wp-content\/uploads\/2018\/09\/fps_instruction.pdf\">FPS Installation Instructions<\/a><\/p>\n<h2><span style=\"color: #000000;\"><strong>Moteurs de remplacement pour les volets de DuroZone<\/strong><\/span><\/h2>\n<p><strong>DuroZone<\/strong> a une grande vari\u00e9t\u00e9 de moteurs de remplacement pour tous les amortisseurs qu&rsquo;elle fabrique. La plupart sont activ\u00e9s \u00e0 basse tension (24 volts), mais certains sont \u00e9galement disponibles en 110 volts (110 volts avec retour par ressort uniquement).<\/p>\n<p><img loading=\"lazy\" decoding=\"async\" class=\"size-medium wp-image-5894 alignleft\" src=\"https:\/\/www.durodynecanada.com\/wp-content\/uploads\/2018\/09\/dz_motors-300x236.jpg\" alt=\"DuroZone Damper Replacement Motors\" width=\"300\" height=\"236\" srcset=\"https:\/\/www.durodynecanada.com\/wp-content\/uploads\/2018\/09\/dz_motors-300x236.jpg 300w, https:\/\/www.durodynecanada.com\/wp-content\/uploads\/2018\/09\/dz_motors.jpg 360w\" sizes=\"(max-width: 300px) 100vw, 300px\" \/><\/p>\n<table style=\"height: 266px;\" width=\"700\">\n<tbody>\n<tr>\n<td width=\"102\"><strong>Item No.<\/strong><\/td>\n<td width=\"120\"><strong>Code<\/strong><\/td>\n<td width=\"478\"><strong>Description<\/strong><\/td>\n<\/tr>\n<tr>\n<td width=\"150\">35138<\/td>\n<td width=\"150\"><strong>RM-RD\/MS<\/strong><\/td>\n<td width=\"600\">Moteur de remplacement pour les amortisseurs RD et MS<\/td>\n<\/tr>\n<tr>\n<td width=\"102\">35139<\/td>\n<td width=\"120\"><strong>RM-MB<\/strong><\/td>\n<td width=\"138\">Moteur de remplacement pour les amortisseurs MB<\/td>\n<\/tr>\n<tr>\n<td width=\"102\">35136<\/td>\n<td width=\"120\"><strong>RM-PMB<\/strong><\/td>\n<td width=\"138\">Moteur de remplacement pour les amortisseurs PMB<\/td>\n<\/tr>\n<tr>\n<td width=\"102\">35105<\/td>\n<td width=\"120\"><strong>RM-MSSR024<\/strong><\/td>\n<td width=\"138\">Moteur de remplacement pour les amortisseurs SPMS, NSPRD, MMB<\/td>\n<\/tr>\n<\/tbody>\n<\/table>\n<p><a href=\"https:\/\/www.durodynecanada.com\/wp-content\/uploads\/2018\/09\/35138-RD-MS-Motor-Instructions-11_2015-1.pdf\">35138 Installation Instructions<\/a><br \/>\n<a href=\"https:\/\/www.durodynecanada.com\/wp-content\/uploads\/2018\/09\/35139_motor_instruction-1.pdf\">35139 Installation Instructions<\/a><br \/>\n<a href=\"https:\/\/www.durodynecanada.com\/wp-content\/uploads\/2018\/09\/35136-PMB-Motor-Instructions-02_2015-1.pdf\">35136 Installation Instructions<\/a><br \/>\n<a href=\"https:\/\/www.durodynecanada.com\/wp-content\/uploads\/2018\/09\/35105_motor_instruction-1.pdf\">35105 Installation Instructions<\/a><\/p>\n","protected":false},"excerpt":{"rendered":"<p>ACCESSOIRES Transformateur sur plaque PT-40 Le transformateur sur plaque PT40 de DuroZone est un transformateur abaisseur \u00e0 entr\u00e9e de 120 volts, sortie de 24 volts, 40va. Le PT40 s&rsquo;installe dans une bo\u00eete \u00e9lectrique typique de 4 x 4 et un transformateur peut faire fonctionner jusqu&rsquo;\u00e0 4 volets de DuroZone. Item No. Code Description 35054 PT-40 &hellip;<\/p>\n","protected":false},"author":7,"featured_media":0,"parent":7652,"menu_order":7,"comment_status":"closed","ping_status":"closed","template":"","meta":{"_acf_changed":false,"footnotes":""},"acf":[],"_links":{"self":[{"href":"https:\/\/www.durodynecanada.com\/fr\/wp-json\/wp\/v2\/pages\/7753"}],"collection":[{"href":"https:\/\/www.durodynecanada.com\/fr\/wp-json\/wp\/v2\/pages"}],"about":[{"href":"https:\/\/www.durodynecanada.com\/fr\/wp-json\/wp\/v2\/types\/page"}],"author":[{"embeddable":true,"href":"https:\/\/www.durodynecanada.com\/fr\/wp-json\/wp\/v2\/users\/7"}],"replies":[{"embeddable":true,"href":"https:\/\/www.durodynecanada.com\/fr\/wp-json\/wp\/v2\/comments?post=7753"}],"version-history":[{"count":3,"href":"https:\/\/www.durodynecanada.com\/fr\/wp-json\/wp\/v2\/pages\/7753\/revisions"}],"predecessor-version":[{"id":8442,"href":"https:\/\/www.durodynecanada.com\/fr\/wp-json\/wp\/v2\/pages\/7753\/revisions\/8442"}],"up":[{"embeddable":true,"href":"https:\/\/www.durodynecanada.com\/fr\/wp-json\/wp\/v2\/pages\/7652"}],"wp:attachment":[{"href":"https:\/\/www.durodynecanada.com\/fr\/wp-json\/wp\/v2\/media?parent=7753"}],"curies":[{"name":"wp","href":"https:\/\/api.w.org\/{rel}","templated":true}]}}