{"id":7750,"date":"2018-09-17T14:06:32","date_gmt":"2018-09-17T18:06:32","guid":{"rendered":"https:\/\/www.durodynecanada.com\/nos-produits\/durozone\/thermostats\/"},"modified":"2022-06-16T16:26:14","modified_gmt":"2022-06-16T20:26:14","slug":"thermostats","status":"publish","type":"page","link":"https:\/\/www.durodynecanada.com\/fr\/nos-produits\/durozone\/thermostats\/","title":{"rendered":"Thermostats"},"content":{"rendered":"<h1>THERMOSTATS<\/h1>\n<h2>Thermostat \u00e0 affichage num\u00e9rique DT4<\/h2>\n<p>Thermostat \u00e0 affichage num\u00e9rique<br \/>\nNon programmable &#8211; aliment\u00e9 par une pile &#8211; aliment\u00e9 par 24 volts<br \/>\nR\u00e9glages du syst\u00e8me : Refroidissement &#8211; Arr\u00eat &#8211; Chaleur, R\u00e9glages du ventilateur : Marche &#8211; Auto<br \/>\nBornes disponibles : RC, RH, W, Y, G, B, O, C<br \/>\nUtilisation avec les panneaux de contr\u00f4le : SMZ, SMZ-AC, RED4<\/p>\n<p><img loading=\"lazy\" decoding=\"async\" class=\"alignnone wp-image-5881 size-full\" src=\"https:\/\/www.durodynecanada.com\/wp-content\/uploads\/2018\/09\/35190_dt4_stat1.jpg\" alt=\"DT4 Digital Display Thermostat\" width=\"266\" height=\"249\"><\/p>\n<table>\n<tbody>\n<tr>\n<td width=\"180\"><strong>Item No.<\/strong><\/td>\n<td width=\"108\"><strong>Code<\/strong><\/td>\n<td width=\"252\"><strong>Description<\/strong><\/td>\n<\/tr>\n<tr>\n<td width=\"180\">35190<\/td>\n<td width=\"108\"><strong>DT4<\/strong><\/td>\n<td width=\"252\">Thermostat \u00e0 affichage num\u00e9rique<\/td>\n<\/tr>\n<\/tbody>\n<\/table>\n<h2>Thermostat \u00e0 affichage num\u00e9rique DT705<\/h2>\n<p>Thermostat \u00e0 affichage num\u00e9rique<br \/>\n5+1+1 programmable &#8211; aliment\u00e9 par batterie<br \/>\nAffichage de 4 pouces carr\u00e9s<br \/>\nR\u00e9glages du syst\u00e8me : Refroidissement, arr\u00eat, chauffage &#8211; R\u00e9glages du ventilateur : R\u00e9glages du ventilateur : On, Auto<br \/>\nTerminaux disponibles : Rc, Rh, C, W, Y, G, B, O<br \/>\nUtilisation avec les panneaux de contr\u00f4le : SMZ, RED4<\/p>\n<p><img loading=\"lazy\" decoding=\"async\" class=\"size-full wp-image-5882 aligncenter\" src=\"https:\/\/www.durodynecanada.com\/wp-content\/uploads\/2018\/09\/dt705stat.jpg\" alt=\"DT705 Digital Set Back Thermostat\" width=\"250\" height=\"236\"><\/p>\n<table>\n<tbody>\n<tr>\n<td width=\"180\"><strong>Item No.<\/strong><\/td>\n<td width=\"108\"><strong>Code<\/strong><\/td>\n<td width=\"252\"><strong>Description<\/strong><\/td>\n<\/tr>\n<tr>\n<td width=\"180\">35198<\/td>\n<td width=\"108\"><strong>DT705<\/strong><\/td>\n<td width=\"252\">Thermostat \u00e0 affichage num\u00e9rique<\/td>\n<\/tr>\n<\/tbody>\n<\/table>\n","protected":false},"excerpt":{"rendered":"<p>THERMOSTATS Thermostat \u00e0 affichage num\u00e9rique DT4 Thermostat \u00e0 affichage num\u00e9rique Non programmable &#8211; aliment\u00e9 par une pile &#8211; aliment\u00e9 par 24 volts R\u00e9glages du syst\u00e8me : Refroidissement &#8211; Arr\u00eat &#8211; Chaleur, R\u00e9glages du ventilateur : Marche &#8211; Auto Bornes disponibles : RC, RH, W, Y, G, B, O, C Utilisation avec les panneaux de contr\u00f4le &hellip;<\/p>\n","protected":false},"author":7,"featured_media":0,"parent":7652,"menu_order":6,"comment_status":"closed","ping_status":"closed","template":"","meta":{"_acf_changed":false,"footnotes":""},"acf":[],"_links":{"self":[{"href":"https:\/\/www.durodynecanada.com\/fr\/wp-json\/wp\/v2\/pages\/7750"}],"collection":[{"href":"https:\/\/www.durodynecanada.com\/fr\/wp-json\/wp\/v2\/pages"}],"about":[{"href":"https:\/\/www.durodynecanada.com\/fr\/wp-json\/wp\/v2\/types\/page"}],"author":[{"embeddable":true,"href":"https:\/\/www.durodynecanada.com\/fr\/wp-json\/wp\/v2\/users\/7"}],"replies":[{"embeddable":true,"href":"https:\/\/www.durodynecanada.com\/fr\/wp-json\/wp\/v2\/comments?post=7750"}],"version-history":[{"count":3,"href":"https:\/\/www.durodynecanada.com\/fr\/wp-json\/wp\/v2\/pages\/7750\/revisions"}],"predecessor-version":[{"id":8438,"href":"https:\/\/www.durodynecanada.com\/fr\/wp-json\/wp\/v2\/pages\/7750\/revisions\/8438"}],"up":[{"embeddable":true,"href":"https:\/\/www.durodynecanada.com\/fr\/wp-json\/wp\/v2\/pages\/7652"}],"wp:attachment":[{"href":"https:\/\/www.durodynecanada.com\/fr\/wp-json\/wp\/v2\/media?parent=7750"}],"curies":[{"name":"wp","href":"https:\/\/api.w.org\/{rel}","templated":true}]}}