{"id":7747,"date":"2018-09-12T14:16:28","date_gmt":"2018-09-12T18:16:28","guid":{"rendered":"https:\/\/www.durodynecanada.com\/nos-produits\/durozone\/aqc-air-quality-control-center\/"},"modified":"2022-06-16T16:25:53","modified_gmt":"2022-06-16T20:25:53","slug":"aqc-centre-de-controle-de-la-qualite-de-lair","status":"publish","type":"page","link":"https:\/\/www.durodynecanada.com\/fr\/nos-produits\/durozone\/aqc-centre-de-controle-de-la-qualite-de-lair\/","title":{"rendered":"AQC Centre de contr\u00f4le de la qualit\u00e9 de l&rsquo;air"},"content":{"rendered":"<h1>AQC &#8211; CENTRE DE CONTR\u00d4LE DE LA QUALIT\u00c9 DE L&rsquo;AIR<\/h1>\n<h2>Centre de contr\u00f4le de la qualit\u00e9 de l&rsquo;air Dyna-Fresh AQC<br \/>\n<a href=\"https:\/\/www.durodynecanada.com\/wp-content\/uploads\/2018\/09\/dz_catalog_10_2019.pdf\"><img loading=\"lazy\" decoding=\"async\" class=\"alignright wp-image-5834 size-full\" src=\"https:\/\/www.durodynecanada.com\/wp-content\/uploads\/2018\/09\/dz_cat_thumbnail.jpg\" alt=\"Got To DuroZone Catalogue\" width=\"101\" height=\"128\"><\/a><\/h2>\n<p>Lorsque les fen\u00eatres et les portes d&rsquo;une maison bien isol\u00e9e sont ferm\u00e9es, l&rsquo;air vici\u00e9 reste \u00e0 l&rsquo;int\u00e9rieur et l&rsquo;air frais \u00e0 l&rsquo;ext\u00e9rieur. L&rsquo;air frais permet de cr\u00e9er un environnement plus sain \u00e0 la maison et au travail. La cl\u00e9 pour \u00e9liminer l&rsquo;humidit\u00e9, les bact\u00e9ries, le monoxyde de carbone et les odeurs domestiques est d&rsquo;apporter de l&rsquo;air frais \u00e0 l&rsquo;int\u00e9rieur. Le syst\u00e8me de contr\u00f4le de la qualit\u00e9 de l&rsquo;air Dyna-Fresh am\u00e8ne l&rsquo;air ext\u00e9rieur \u00e0 l&rsquo;int\u00e9rieur pour cr\u00e9er un environnement plus confortable et plus sain. L&rsquo;\u00e9l\u00e9ment cl\u00e9 est un panneau de commande qui aspire l&rsquo;air dans la maison ou le lieu de travail \u00e0 des intervalles pr\u00e9d\u00e9termin\u00e9s avec une minuterie de 24 volts ou une commande manuelle pour un flux d&rsquo;air frais continu. L&rsquo;air frais est aspir\u00e9 par un clapet rond motoris\u00e9. Cet air frais est m\u00e9lang\u00e9 \u00e0 l&rsquo;air int\u00e9rieur d\u00e9j\u00e0 pr\u00e9sent dans le syst\u00e8me de chauffage\/refroidissement. Le m\u00e9lange circule alors dans les conduits tandis que l&rsquo;air vici\u00e9 est \u00e9vacu\u00e9 par une ventilation existante (comme un ventilateur d&rsquo;extraction de salle de bains).<\/p>\n<p><img loading=\"lazy\" decoding=\"async\" class=\"size-medium wp-image-5880 aligncenter\" src=\"https:\/\/www.durodynecanada.com\/wp-content\/uploads\/2018\/09\/aqc2-1-300x252.jpg\" alt=\"AQC\" width=\"300\" height=\"252\"><\/p>\n<p><strong>L&rsquo;insistance constante sur les \u00e9conomies d&rsquo;\u00e9nergie<\/strong> et les modifications apport\u00e9es aux codes de construction locaux au cours des derni\u00e8res ann\u00e9es ont entra\u00een\u00e9 des efforts pour rendre les b\u00e2timents et les maisons plus \u00e9tanches et sans courants d&rsquo;air. Bien que ces efforts aient \u00e9t\u00e9 couronn\u00e9s de succ\u00e8s, l&rsquo;\u00e9limination des fuites d&rsquo;air ext\u00e9rieur a cr\u00e9\u00e9 un autre probl\u00e8me potentiel : la qualit\u00e9 de l&rsquo;air de l&rsquo;atmosph\u00e8re int\u00e9rieure.<\/p>\n<p>De nombreux gouvernements provinciaux et locaux se sont inqui\u00e9t\u00e9s du fait que l&rsquo;air int\u00e9rieur, relativement stagnant, pr\u00e9sente des niveaux croissants de monoxyde de carbone et de dioxyde de carbone. De nombreuses provinces ont exig\u00e9 l&rsquo;introduction p\u00e9riodique d&rsquo;air ext\u00e9rieur dans l&rsquo;environnement int\u00e9rieur. Le centre de contr\u00f4le de la qualit\u00e9 de l&rsquo;air Dyna-Fresh coupl\u00e9 \u00e0 un registre \u00e0 ressort de rappel mod\u00e8le NSPRD024 ou SPRD110 a \u00e9t\u00e9 con\u00e7u \u00e0 cet effet.<\/p>\n<p><img loading=\"lazy\" decoding=\"async\" class=\"aligncenter wp-image-5878 size-full\" src=\"https:\/\/www.durodynecanada.com\/wp-content\/uploads\/2018\/09\/aqc_house2.jpg\" alt=\"AQC Air Quality Control House Diagram\" width=\"573\" height=\"439\" srcset=\"https:\/\/www.durodynecanada.com\/wp-content\/uploads\/2018\/09\/aqc_house2.jpg 573w, https:\/\/www.durodynecanada.com\/wp-content\/uploads\/2018\/09\/aqc_house2-300x230.jpg 300w, https:\/\/www.durodynecanada.com\/wp-content\/uploads\/2018\/09\/aqc_house2-540x414.jpg 540w\" sizes=\"(max-width: 573px) 100vw, 573px\" \/><\/p>\n<ol>\n<li>L&rsquo;air frais est aspir\u00e9 de l&rsquo;ext\u00e9rieur et m\u00e9lang\u00e9 \u00e0 l&rsquo;air repris pour \u00eatre distribu\u00e9 par l&rsquo;\u00e9quipement de traitement de l&rsquo;air.<\/li>\n<li>Le panneau de commande <strong>Dyna-Fresh AQC<\/strong> coordonne le ventilateur, le ventilateur d&rsquo;extraction et le registre pour introduire de l&rsquo;air frais et \u00e9liminer l&rsquo;air vici\u00e9 \u00e0 des intervalles de 15 minutes s\u00e9lectionnables par l&rsquo;utilisateur.<\/li>\n<li>L&rsquo;air vici\u00e9 est \u00e9vacu\u00e9 par le ventilateur d&rsquo;extraction ind\u00e9pendant.<\/li>\n<\/ol>\n<p style=\"text-align: left;\"><span style=\"color: #000000;\"><strong>CENTRE DE CONTR\u00d4LE<\/strong><\/span><\/p>\n<p style=\"text-align: left;\">Le <strong>Dyna-Fresh AQC<\/strong> est dot\u00e9 d&rsquo;une minuterie programmable (par intervalles de 15 minutes) d&rsquo;une dur\u00e9e de 24 heures qui est c\u00e2bl\u00e9e pour contr\u00f4ler un registre \u00e0 ressort DuroZone (110 volts ou 24 volts), un ventilateur d&rsquo;extraction et le ventilateur de l&rsquo;appareil de traitement de l&rsquo;air. Une fois la minuterie programm\u00e9e, un appel d&rsquo;air frais est \u00e9mis par le <strong>Dyna-Fresh AQC<\/strong> :<\/p>\n<ul>\n<li style=\"text-align: left;\">Ouvrez le registre de retour \u00e0 ressort pour permettre \u00e0 l&rsquo;air frais d&rsquo;entrer dans le conduit de retour.<\/li>\n<li style=\"text-align: left;\">Mettez en marche le ventilateur de l&rsquo;appareil de traitement de l&rsquo;air pour distribuer l&rsquo;air frais dans la maison.<\/li>\n<li style=\"text-align: left;\">Activez un ventilateur d&rsquo;extraction pour \u00e9liminer l&rsquo;air vici\u00e9 de la maison ou du bureau.<\/li>\n<\/ul>\n<p style=\"text-align: left;\"><strong>Fonctionnalit\u00e9s:<\/strong><\/p>\n<ul>\n<li>Conforme aux normes de s\u00e9curit\u00e9 UL et CSA<img loading=\"lazy\" decoding=\"async\" class=\"size-full wp-image-5879 alignnone\" src=\"https:\/\/www.durodynecanada.com\/wp-content\/uploads\/2018\/09\/aqc_ul_small.jpg\" alt=\"UL\/CSA Logo\" width=\"60\" height=\"44\"><\/li>\n<li>Horloge de 24 heures<\/li>\n<li>Programmable par intervalles de 15 minutes<\/li>\n<li>Commande un clapet \u00e0 ressort de 24 ou 110 V.<\/li>\n<li>\u00c9limine le besoin d&rsquo;un transformateur basse tension pour alimenter le volet d&rsquo;air frais.<\/li>\n<li>S&rsquo;installe rapidement<\/li>\n<li>Conception compacte<\/li>\n<li>Commutateur manuel pour un air frais continu<\/li>\n<\/ul>\n<table style=\"height: 69px;\" width=\"600\">\n<tbody>\n<tr>\n<td width=\"102\"><strong>Item No.<\/strong><\/td>\n<td width=\"120\"><strong>Code<\/strong><\/td>\n<td width=\"378\"><strong>Description<\/strong><\/td>\n<\/tr>\n<tr>\n<td width=\"102\">35220<\/td>\n<td width=\"120\"><strong>AQC<\/strong><\/td>\n<td width=\"378\">Centre de contr\u00f4le de la qualit\u00e9 de l&rsquo;air<\/td>\n<\/tr>\n<\/tbody>\n<\/table>\n<p><a href=\"https:\/\/www.durodynecanada.com\/wp-content\/uploads\/2018\/09\/aqc_instructions.pdf\">AQC Installation Instructions<\/a><\/p>\n","protected":false},"excerpt":{"rendered":"<p>AQC &#8211; CENTRE DE CONTR\u00d4LE DE LA QUALIT\u00c9 DE L&rsquo;AIR Centre de contr\u00f4le de la qualit\u00e9 de l&rsquo;air Dyna-Fresh AQC Lorsque les fen\u00eatres et les portes d&rsquo;une maison bien isol\u00e9e sont ferm\u00e9es, l&rsquo;air vici\u00e9 reste \u00e0 l&rsquo;int\u00e9rieur et l&rsquo;air frais \u00e0 l&rsquo;ext\u00e9rieur. L&rsquo;air frais permet de cr\u00e9er un environnement plus sain \u00e0 la maison et &hellip;<\/p>\n","protected":false},"author":7,"featured_media":0,"parent":7652,"menu_order":5,"comment_status":"closed","ping_status":"closed","template":"","meta":{"_acf_changed":false,"footnotes":""},"acf":[],"_links":{"self":[{"href":"https:\/\/www.durodynecanada.com\/fr\/wp-json\/wp\/v2\/pages\/7747"}],"collection":[{"href":"https:\/\/www.durodynecanada.com\/fr\/wp-json\/wp\/v2\/pages"}],"about":[{"href":"https:\/\/www.durodynecanada.com\/fr\/wp-json\/wp\/v2\/types\/page"}],"author":[{"embeddable":true,"href":"https:\/\/www.durodynecanada.com\/fr\/wp-json\/wp\/v2\/users\/7"}],"replies":[{"embeddable":true,"href":"https:\/\/www.durodynecanada.com\/fr\/wp-json\/wp\/v2\/comments?post=7747"}],"version-history":[{"count":3,"href":"https:\/\/www.durodynecanada.com\/fr\/wp-json\/wp\/v2\/pages\/7747\/revisions"}],"predecessor-version":[{"id":8436,"href":"https:\/\/www.durodynecanada.com\/fr\/wp-json\/wp\/v2\/pages\/7747\/revisions\/8436"}],"up":[{"embeddable":true,"href":"https:\/\/www.durodynecanada.com\/fr\/wp-json\/wp\/v2\/pages\/7652"}],"wp:attachment":[{"href":"https:\/\/www.durodynecanada.com\/fr\/wp-json\/wp\/v2\/media?parent=7747"}],"curies":[{"name":"wp","href":"https:\/\/api.w.org\/{rel}","templated":true}]}}