{"id":7741,"date":"2018-09-07T15:13:39","date_gmt":"2018-09-07T19:13:39","guid":{"rendered":"https:\/\/www.durodynecanada.com\/nos-produits\/durozone\/dampers\/"},"modified":"2022-06-16T16:24:08","modified_gmt":"2022-06-16T20:24:08","slug":"amortisseurs","status":"publish","type":"page","link":"https:\/\/www.durodynecanada.com\/fr\/nos-produits\/durozone\/amortisseurs\/","title":{"rendered":"Amortisseurs"},"content":{"rendered":"<h1>AMORTISSEURS<\/h1>\n<h2><strong><span style=\"color: #000000;\">Amortisseurs ronds<\/span><a href=\"https:\/\/www.durodynecanada.com\/wp-content\/uploads\/2018\/09\/dz_catalog_10_2019.pdf\"><img loading=\"lazy\" decoding=\"async\" class=\"alignright wp-image-5834 size-full\" src=\"https:\/\/www.durodynecanada.com\/wp-content\/uploads\/2018\/09\/dz_cat_thumbnail.jpg\" alt=\"Got To DuroZone Catalogue\" width=\"101\" height=\"128\"><\/a><\/strong><\/h2>\n<p>Les amortisseurs ronds de <strong>DuroZone<\/strong> sont fabriqu\u00e9s en acier galvanis\u00e9 avec des bourrelets de renforcement pour une durabilit\u00e9 maximale et sont sertis \u00e0 une extr\u00e9mit\u00e9 pour une installation facile. Les registres ronds sont disponibles avec diff\u00e9rentes options de moteur : Power Open\/Power Close, Mid Torque Spring Open\/Power Close et High Torque Spring Open\/Power Close. La conception \u00e0 une seule lame assure un fonctionnement en douceur et une \u00e9tanch\u00e9it\u00e9 efficace pour un contr\u00f4le maximal du flux d&rsquo;air. Le bo\u00eetier rond est adapt\u00e9 \u00e0 une utilisation avec des conduits flexibles ou des conduits ronds en t\u00f4le.<\/p>\n<p><img loading=\"lazy\" decoding=\"async\" class=\"alignnone wp-image-5854 size-full\" src=\"https:\/\/www.durodynecanada.com\/wp-content\/uploads\/2018\/09\/rd_damper.jpg\" alt=\"\" width=\"150\" height=\"107\" srcset=\"https:\/\/www.durodynecanada.com\/wp-content\/uploads\/2018\/09\/rd_damper.jpg 150w, https:\/\/www.durodynecanada.com\/wp-content\/uploads\/2018\/09\/rd_damper-100x70.jpg 100w\" sizes=\"(max-width: 150px) 100vw, 150px\" \/><\/p>\n<p><a href=\"https:\/\/www.durodynecanada.com\/wp-content\/uploads\/2018\/09\/rd_damper_litsheet2019.pdf\">RD Round Damper 24V Literature Sheet<\/a><br \/>\n<a href=\"https:\/\/www.durodynecanada.com\/wp-content\/uploads\/2018\/09\/rd_damper_instruction1.pdf\">RD Round Damper 24V Installation Instructions<br \/>\n<\/a><a href=\"https:\/\/www.durodynecanada.com\/wp-content\/uploads\/2018\/09\/35138-RD-MS-Motor-Instructions-11_2015.pdf\">35138 Replacement Motor for RD MS Damper Installation Instruction<\/a><a href=\"https:\/\/www.durodynecanada.com\/wp-content\/uploads\/2018\/09\/rd_damper_instruction1.pdf\"><br \/>\n<\/a><\/p>\n<p><img loading=\"lazy\" decoding=\"async\" class=\"alignnone wp-image-5864\" src=\"https:\/\/www.durodynecanada.com\/wp-content\/uploads\/2018\/09\/sprd.jpg\" alt=\"SPRD Spring Return Damper\" width=\"150\" height=\"147\" srcset=\"https:\/\/www.durodynecanada.com\/wp-content\/uploads\/2018\/09\/sprd.jpg 180w, https:\/\/www.durodynecanada.com\/wp-content\/uploads\/2018\/09\/sprd-75x75.jpg 75w\" sizes=\"(max-width: 150px) 100vw, 150px\" \/><\/p>\n<p><a href=\"https:\/\/www.durodynecanada.com\/wp-content\/uploads\/2018\/09\/nsprd_litsheet.pdf\">NSPRD024 Spring Return Damper 24V Literature Sheet<\/a><br \/>\n<a href=\"https:\/\/www.durodynecanada.com\/wp-content\/uploads\/2018\/09\/nsprd_instruction.pdf\">NSPRD024 Spring Return Damper Installation Instructions<br \/>\n<\/a><a href=\"https:\/\/www.durodynecanada.com\/wp-content\/uploads\/2018\/09\/35105_motor_instruction.pdf\">35105 Replacement Motor for NSPRD Damper Installation Instruction<\/a><\/p>\n<h2>Amortisseurs Multi-Lames<\/h2>\n<p>Les volets \u00e0 lames multiples <strong>DuroZone<\/strong> pour les syst\u00e8mes de zonage r\u00e9sidentiels ont \u00e9t\u00e9 con\u00e7us pour inclure de nombreuses caract\u00e9ristiques. Le m\u00e9lange de n\u00e9opr\u00e8ne lourd sur le dessus et le dessous assure un joint \u00e9tanche sans cliquetis et ils sont nervur\u00e9s pour la force et extrud\u00e9s en aluminium l\u00e9ger. Le profil \u00e9l\u00e9gant du cadre offre une r\u00e9sistance maximale sans r\u00e9duction excessive de la zone libre \u00e0 l&rsquo;int\u00e9rieur du conduit. Les lames en aluminium extrud\u00e9 sont mont\u00e9es avec des bagues en nylon minimisant la friction pour fournir une transition facile entre l&rsquo;ouverture et la fermeture. Les volets \u00e0 lames multiples de <strong>DuroZone<\/strong> comportent \u00e9galement des lames con\u00e7ues pour rester dans le cadre du volet pour une insertion facile et une tringlerie externe mont\u00e9e sur le c\u00f4t\u00e9 pour un fonctionnement doux et silencieux. Ces volets \u00e0 lames multiples sont disponibles avec une conception \u00e0 lames oppos\u00e9es (OBD) et un moteur \u00e0 ouverture\/fermeture automatique <strong>(s\u00e9rie PMB)<\/strong> ou une conception \u00e0 lames parall\u00e8les et un moteur \u00e0 ressort de 24 volts \u00e0 couple moyen <strong>(s\u00e9rie MMB)<\/strong>.<\/p>\n<p><img loading=\"lazy\" decoding=\"async\" class=\"alignnone wp-image-5849\" src=\"https:\/\/www.durodynecanada.com\/wp-content\/uploads\/2018\/09\/pmb_damper.jpg\" alt=\"PMB (OBD) Damper\" width=\"150\" height=\"163\"><\/p>\n<p><a href=\"https:\/\/www.durodynecanada.com\/wp-content\/uploads\/2018\/09\/pmb_litsheet.pdf\">PMB Series (OBD) Damper Literature Sheet<\/a><br \/>\n<a href=\"https:\/\/www.durodynecanada.com\/wp-content\/uploads\/2018\/09\/pmb_instruction.pdf\">PMB Series (OBD) Damper Installation Instructions<br \/>\n<\/a><a href=\"https:\/\/www.durodynecanada.com\/wp-content\/uploads\/2018\/09\/35136-PMB-Motor-Instructions-02_2015.pdf\">35136 Replacement Motor for PMB Damper Installation Instruction<\/a><\/p>\n<p><img loading=\"lazy\" decoding=\"async\" class=\"alignnone wp-image-5844\" src=\"https:\/\/www.durodynecanada.com\/wp-content\/uploads\/2018\/09\/mb_midtorque-300x246.jpg\" alt=\"MMB Multi-Blade Damper\" width=\"150\" height=\"123\" srcset=\"https:\/\/www.durodynecanada.com\/wp-content\/uploads\/2018\/09\/mb_midtorque-300x246.jpg 300w, https:\/\/www.durodynecanada.com\/wp-content\/uploads\/2018\/09\/mb_midtorque-600x491.jpg 600w, https:\/\/www.durodynecanada.com\/wp-content\/uploads\/2018\/09\/mb_midtorque-768x629.jpg 768w, https:\/\/www.durodynecanada.com\/wp-content\/uploads\/2018\/09\/mb_midtorque-1024x838.jpg 1024w, https:\/\/www.durodynecanada.com\/wp-content\/uploads\/2018\/09\/mb_midtorque-540x442.jpg 540w, https:\/\/www.durodynecanada.com\/wp-content\/uploads\/2018\/09\/mb_midtorque.jpg 1667w\" sizes=\"(max-width: 150px) 100vw, 150px\" \/><\/p>\n<p><a href=\"https:\/\/www.durodynecanada.com\/wp-content\/uploads\/2018\/09\/mmb_litsheet1.pdf\">MMB Series (Parallel) Damper Literature Sheet<\/a><br \/>\n<a href=\"https:\/\/www.durodynecanada.com\/wp-content\/uploads\/2018\/09\/mmb_instruction.pdf\">MMB Series (Parallel) Damper Installation Instructions<br \/>\n<\/a><a href=\"https:\/\/www.durodynecanada.com\/wp-content\/uploads\/2018\/09\/35105_motor_instruction.pdf\">35105 Replacement Motor for NSPRD Damper Installation Instruction<\/a><\/p>\n<h2><span style=\"color: #000000;\"><strong>Amortisseurs de pression<\/strong><\/span><\/h2>\n<p>Les <strong>volets de d\u00e9charge de pression DuroZone<\/strong> sont utilis\u00e9s pour soulager les syst\u00e8mes de conduits de l&rsquo;accumulation de pression cr\u00e9\u00e9e lorsque les zones sont satisfaites et que les volets de zone se d\u00e9placent vers une position ferm\u00e9e. Les <strong>volets de d\u00e9charge de pression de DuroZone<\/strong> le font d&rsquo;une mani\u00e8re simple et fiable, en se basant sur la pression barom\u00e9trique\/statique dans le syst\u00e8me de conduits.<\/p>\n<p>Un bras lest\u00e9 est fix\u00e9 \u00e0 la lame du registre. Ce poids est r\u00e9gl\u00e9 pour maintenir le clapet ferm\u00e9 lorsque le syst\u00e8me est \u00e9teint ou que toutes les zones sont en appel. Lorsque la pression s&rsquo;accumule dans le syst\u00e8me de conduits en raison de zones satisfaites, la pression ouvre la lame du registre et \u00ab\u00a0d\u00e9vie\u00a0\u00bb vers une zone non conditionn\u00e9e ou vers le conduit de retour d&rsquo;air.<br \/>\nLes volets de d\u00e9charge de pression DuroZone sont disponibles en configuration rectangulaire <strong>(s\u00e9rie DD)<\/strong> et ronde <strong>(s\u00e9rie DDRD)<\/strong>.<\/p>\n<p><img loading=\"lazy\" decoding=\"async\" class=\"alignnone size-full wp-image-5828\" src=\"https:\/\/www.durodynecanada.com\/wp-content\/uploads\/2018\/09\/dd_ddrd_damper.jpg\" alt=\"DD DDRD Pressure Relief Dampers\" width=\"295\" height=\"162\"><\/p>\n<p><a href=\"https:\/\/www.durodynecanada.com\/wp-content\/uploads\/2018\/09\/rectangular_pressure_relief_dampers2019.pdf\">DD &amp; WDD (Wide Face) Pressure Relief Damper (Rectangular) Submittal<\/a><br \/>\n<a href=\"https:\/\/www.durodynecanada.com\/wp-content\/uploads\/2018\/09\/ddrd_damper_submittal.pdf\">DDRD Pressure Relief Damper (Round) Submittal<\/a><br \/>\n<a href=\"https:\/\/www.durodynecanada.com\/wp-content\/uploads\/2018\/09\/dd_ddrd_instruction.pdf\">DD and DDRD Installation Instructions<\/a><\/p>\n","protected":false},"excerpt":{"rendered":"<p>AMORTISSEURS Amortisseurs ronds Les amortisseurs ronds de DuroZone sont fabriqu\u00e9s en acier galvanis\u00e9 avec des bourrelets de renforcement pour une durabilit\u00e9 maximale et sont sertis \u00e0 une extr\u00e9mit\u00e9 pour une installation facile. Les registres ronds sont disponibles avec diff\u00e9rentes options de moteur : Power Open\/Power Close, Mid Torque Spring Open\/Power Close et High Torque Spring &hellip;<\/p>\n","protected":false},"author":7,"featured_media":0,"parent":7652,"menu_order":2,"comment_status":"closed","ping_status":"closed","template":"","meta":{"_acf_changed":false,"footnotes":""},"acf":[],"_links":{"self":[{"href":"https:\/\/www.durodynecanada.com\/fr\/wp-json\/wp\/v2\/pages\/7741"}],"collection":[{"href":"https:\/\/www.durodynecanada.com\/fr\/wp-json\/wp\/v2\/pages"}],"about":[{"href":"https:\/\/www.durodynecanada.com\/fr\/wp-json\/wp\/v2\/types\/page"}],"author":[{"embeddable":true,"href":"https:\/\/www.durodynecanada.com\/fr\/wp-json\/wp\/v2\/users\/7"}],"replies":[{"embeddable":true,"href":"https:\/\/www.durodynecanada.com\/fr\/wp-json\/wp\/v2\/comments?post=7741"}],"version-history":[{"count":3,"href":"https:\/\/www.durodynecanada.com\/fr\/wp-json\/wp\/v2\/pages\/7741\/revisions"}],"predecessor-version":[{"id":8429,"href":"https:\/\/www.durodynecanada.com\/fr\/wp-json\/wp\/v2\/pages\/7741\/revisions\/8429"}],"up":[{"embeddable":true,"href":"https:\/\/www.durodynecanada.com\/fr\/wp-json\/wp\/v2\/pages\/7652"}],"wp:attachment":[{"href":"https:\/\/www.durodynecanada.com\/fr\/wp-json\/wp\/v2\/media?parent=7741"}],"curies":[{"name":"wp","href":"https:\/\/api.w.org\/{rel}","templated":true}]}}