{"id":7738,"date":"2018-09-07T12:01:31","date_gmt":"2018-09-07T16:01:31","guid":{"rendered":"https:\/\/www.durodynecanada.com\/nos-produits\/durozone\/control-panels\/"},"modified":"2022-06-16T16:23:41","modified_gmt":"2022-06-16T20:23:41","slug":"panneaux-de-controle","status":"publish","type":"page","link":"https:\/\/www.durodynecanada.com\/fr\/nos-produits\/durozone\/panneaux-de-controle\/","title":{"rendered":"Panneaux de contr\u00f4le"},"content":{"rendered":"<h1 style=\"text-align: left;\"><strong>PANNEAUX DE CONTR\u00d4LE<\/strong><\/h1>\n<h2 style=\"text-align: left;\"><strong><span style=\"color: #000000;\">PANNEAU RED4<\/span><a href=\"https:\/\/www.durodynecanada.com\/wp-content\/uploads\/2018\/09\/dz_catalog_10_2019.pdf\"><img loading=\"lazy\" decoding=\"async\" class=\"alignright wp-image-5834 size-full\" src=\"https:\/\/www.durodynecanada.com\/wp-content\/uploads\/2018\/09\/dz_cat_thumbnail.jpg\" alt=\"Got To DuroZone Catalogue\" width=\"101\" height=\"128\"><\/a><\/strong><\/h2>\n<p>Le <strong>RED4<\/strong> est un panneau de commande configurable bas\u00e9 sur un microprocesseur. Il peut \u00eatre utilis\u00e9 avec des pompes \u00e0 chaleur \u00e0 gaz\/\u00e9lectrique, \u00e0 mazout, \u00e9lectriques, conventionnelles et bicombustibles \u00e0 deux \u00e9tages de refroidissement. Les commutateurs \u00ab\u00a0DIP\u00a0\u00bb du panneau permettent \u00e0 l&rsquo;entrepreneur de programmer le panneau pour qu&rsquo;il fonctionne dans pratiquement toutes les applications. Le <strong>RED4<\/strong> est prot\u00e9g\u00e9 par un disjoncteur int\u00e9gr\u00e9 et est compatible avec presque tous les thermostats du march\u00e9. Le <strong>RED4<\/strong> peut \u00e9galement \u00eatre programm\u00e9 pour l&rsquo;admission d&rsquo;air frais, conform\u00e9ment aux codes locaux.<\/p>\n<p style=\"text-align: center;\"><img loading=\"lazy\" decoding=\"async\" class=\"wp-image-5855 alignleft\" src=\"https:\/\/www.durodynecanada.com\/wp-content\/uploads\/2018\/09\/red4-300x158.jpg\" alt=\"\" width=\"349\" height=\"184\" srcset=\"https:\/\/www.durodynecanada.com\/wp-content\/uploads\/2018\/09\/red4-300x158.jpg 300w, https:\/\/www.durodynecanada.com\/wp-content\/uploads\/2018\/09\/red4.jpg 410w\" sizes=\"(max-width: 349px) 100vw, 349px\" \/><\/p>\n<table>\n<tbody>\n<tr>\n<td width=\"180\"><strong>Item No.<\/strong><\/td>\n<td width=\"108\"><strong>Code<\/strong><\/td>\n<td width=\"252\"><strong>Description<\/strong><\/td>\n<\/tr>\n<tr>\n<td width=\"180\">35234<\/td>\n<td width=\"108\"><strong>RED4<\/strong><\/td>\n<td width=\"252\">Panneau de contr\u00f4le 4 zones<\/td>\n<\/tr>\n<\/tbody>\n<\/table>\n<p style=\"text-align: left;\"><a href=\"https:\/\/www.durodynecanada.com\/wp-content\/uploads\/2018\/09\/red4_manual.pdf\"><strong>RED4 Control Panel Manual<\/strong><\/a><\/p>\n<h2 style=\"text-align: left;\"><span style=\"color: #000000;\"><strong>PANNEAUX SMZ<\/strong><\/span><\/h2>\n<p style=\"text-align: left;\">&nbsp;Les panneaux <strong>SMZ-SW<\/strong> de <span style=\"color: #339966;\"><strong>DuroZone<\/strong><\/span>&nbsp;offrent aux entrepreneurs un syst\u00e8me de zonage simple et peu co\u00fbteux pour 2 ou 3 zones. Les panneaux <strong>SMZ-SW<\/strong> n\u00e9cessitent l&rsquo;utilisation d&rsquo;une embase commutable (qui doit avoir des bornes B et O s\u00e9par\u00e9es) dans la zone 1 pour agir comme interrupteur principal du syst\u00e8me pour les fonctions de chauffage, de refroidissement et de ventilation. Les panneaux <strong>SMZ-SW<\/strong> sont des syst\u00e8mes \u00e0 relais et ne sont pas sensibles \u00e0 la temp\u00e9rature. Ainsi, les <strong>SMZ<\/strong> peuvent \u00eatre install\u00e9s pratiquement n&rsquo;importe o\u00f9.<\/p>\n<p>Tous les syst\u00e8mes de zone <strong>SMZ-SW<\/strong> sont \u00e9quip\u00e9s d&rsquo;interrupteurs individuels de contr\u00f4le de registre de zone. Ces interrupteurs permettent \u00e0 un registre de zone de rester en position ouverte ou ferm\u00e9e lorsque le syst\u00e8me est au repos. En r\u00e9glant les commutateurs, l&rsquo;installateur ou le propri\u00e9taire peut choisir la position des registres de son syst\u00e8me, pour emp\u00eacher ou permettre la circulation de l&rsquo;air lorsque le syst\u00e8me est en mode de ventilation constante.<\/p>\n<p style=\"text-align: left;\"><img loading=\"lazy\" decoding=\"async\" class=\"alignnone size-full wp-image-5859\" src=\"https:\/\/www.durodynecanada.com\/wp-content\/uploads\/2018\/09\/smzpanel.jpg\" alt=\"SMZ Panels 2 Zone &amp; 3 Zone\" width=\"295\" height=\"126\"><\/p>\n<table>\n<tbody>\n<tr>\n<td width=\"180\"><strong>Item No.<\/strong><\/td>\n<td width=\"108\"><strong>Code<\/strong><\/td>\n<td width=\"252\"><strong>Description<\/strong><\/td>\n<\/tr>\n<tr>\n<td width=\"180\">35227<\/td>\n<td width=\"108\"><strong>SMZ-3SW<\/strong><\/td>\n<td width=\"252\">Panneau de contr\u00f4le 3 zones<\/td>\n<\/tr>\n<\/tbody>\n<\/table>\n<p style=\"text-align: left;\"><a href=\"https:\/\/www.durodynecanada.com\/wp-content\/uploads\/2018\/09\/smz_sw_manual.pdf\"><strong>SMZ-SW Control Panel Manual<\/strong><\/a><\/p>\n<h2 style=\"text-align: left;\"><span style=\"color: #000000;\"><strong>PANNEAU JTZ-HP<\/strong><\/span><\/h2>\n<p style=\"text-align: left;\">Ce syst\u00e8me pr\u00e9sente des caract\u00e9ristiques uniques pour les besoins des applications de pompes \u00e0 chaleur. Le panneau <strong>JTZ-HP<\/strong> de<span style=\"color: #000000;\"> <strong>DuroZone<\/strong><\/span> est un syst\u00e8me de zonage extensible \u00e0 faible co\u00fbt pour les pompes \u00e0 chaleur. Le <strong>JTZ-HP<\/strong> peut contr\u00f4ler trois zones ou plus sur une seule unit\u00e9. L&#8217;embase de thermostat commutable de la zone 1 sert de s\u00e9lecteur pour les fonctions de chauffage, de refroidissement, de chauffage de secours et de ventilation. Lorsque toutes les zones sont satisfaites, tous les registres de zone sont ouverts pour permettre la circulation de l&rsquo;air. En pla\u00e7ant le commutateur du ventilateur sur l&#8217;embase du thermostat de la zone 1 sur \u00ab\u00a0on\u00a0\u00bb, le ventilateur sera activ\u00e9 pour am\u00e9liorer le mouvement de l&rsquo;air. Le panneau <strong>JTZ-HP<\/strong> de DuroZone poss\u00e8de des bornes Y1 et Y2 pour permettre le fonctionnement des thermopompes avec compresseurs \u00e0 deux \u00e9tages et actionnera les vannes de commutation activ\u00e9es en mode chauffage ou refroidissement.<\/p>\n<p style=\"text-align: left;\"><img loading=\"lazy\" decoding=\"async\" class=\"alignnone size-full wp-image-5842\" src=\"https:\/\/www.durodynecanada.com\/wp-content\/uploads\/2018\/09\/jtzpanel.jpg\" alt=\"JTZ-HP Panel\" width=\"295\" height=\"126\"><\/p>\n<table>\n<tbody>\n<tr>\n<td width=\"180\"><strong>Item No.<\/strong><\/td>\n<td width=\"108\"><strong>Code<\/strong><\/td>\n<td width=\"252\"><strong>Description<\/strong><\/td>\n<\/tr>\n<tr>\n<td width=\"180\">35235<\/td>\n<td width=\"108\"><strong>JTZ-HP<\/strong><\/td>\n<td width=\"252\">Panneau de contr\u00f4le de zone pour pompe \u00e0 chaleur<\/td>\n<\/tr>\n<\/tbody>\n<\/table>\n<p style=\"text-align: left;\"><a href=\"https:\/\/www.durodynecanada.com\/wp-content\/uploads\/2018\/09\/jtzhp_manual.pdf\"><strong>JTZ-HP Control Panel Manual<\/strong><\/a><\/p>\n","protected":false},"excerpt":{"rendered":"<p>PANNEAUX DE CONTR\u00d4LE PANNEAU RED4 Le RED4 est un panneau de commande configurable bas\u00e9 sur un microprocesseur. Il peut \u00eatre utilis\u00e9 avec des pompes \u00e0 chaleur \u00e0 gaz\/\u00e9lectrique, \u00e0 mazout, \u00e9lectriques, conventionnelles et bicombustibles \u00e0 deux \u00e9tages de refroidissement. Les commutateurs \u00ab\u00a0DIP\u00a0\u00bb du panneau permettent \u00e0 l&rsquo;entrepreneur de programmer le panneau pour qu&rsquo;il fonctionne dans &hellip;<\/p>\n","protected":false},"author":7,"featured_media":0,"parent":7652,"menu_order":1,"comment_status":"closed","ping_status":"closed","template":"","meta":{"_acf_changed":false,"footnotes":""},"acf":[],"_links":{"self":[{"href":"https:\/\/www.durodynecanada.com\/fr\/wp-json\/wp\/v2\/pages\/7738"}],"collection":[{"href":"https:\/\/www.durodynecanada.com\/fr\/wp-json\/wp\/v2\/pages"}],"about":[{"href":"https:\/\/www.durodynecanada.com\/fr\/wp-json\/wp\/v2\/types\/page"}],"author":[{"embeddable":true,"href":"https:\/\/www.durodynecanada.com\/fr\/wp-json\/wp\/v2\/users\/7"}],"replies":[{"embeddable":true,"href":"https:\/\/www.durodynecanada.com\/fr\/wp-json\/wp\/v2\/comments?post=7738"}],"version-history":[{"count":3,"href":"https:\/\/www.durodynecanada.com\/fr\/wp-json\/wp\/v2\/pages\/7738\/revisions"}],"predecessor-version":[{"id":8427,"href":"https:\/\/www.durodynecanada.com\/fr\/wp-json\/wp\/v2\/pages\/7738\/revisions\/8427"}],"up":[{"embeddable":true,"href":"https:\/\/www.durodynecanada.com\/fr\/wp-json\/wp\/v2\/pages\/7652"}],"wp:attachment":[{"href":"https:\/\/www.durodynecanada.com\/fr\/wp-json\/wp\/v2\/media?parent=7738"}],"curies":[{"name":"wp","href":"https:\/\/api.w.org\/{rel}","templated":true}]}}