{"id":7735,"date":"2020-09-04T09:14:33","date_gmt":"2020-09-04T13:14:33","guid":{"rendered":"https:\/\/www.durodynecanada.com\/nos-produits\/air-regulation\/specline-regulator-dampers\/"},"modified":"2022-06-16T16:22:25","modified_gmt":"2022-06-16T20:22:25","slug":"amortisseurs-de-regulation-specline","status":"publish","type":"page","link":"https:\/\/www.durodynecanada.com\/fr\/nos-produits\/regulateur-air\/amortisseurs-de-regulation-specline\/","title":{"rendered":"Amortisseurs de r\u00e9gulation Specline"},"content":{"rendered":"<p align=\"justify\"><span style=\"font-family: Arial;\"><img loading=\"lazy\" decoding=\"async\" class=\"alignright wp-image-5771\" src=\"https:\/\/www.durodynecanada.com\/wp-content\/uploads\/2018\/08\/spec_dia1-300x209.jpg\" alt=\"\" width=\"269\" height=\"188\" srcset=\"https:\/\/www.durodynecanada.com\/wp-content\/uploads\/2018\/08\/spec_dia1.jpg 300w, https:\/\/www.durodynecanada.com\/wp-content\/uploads\/2018\/08\/spec_dia1-100x70.jpg 100w\" sizes=\"(max-width: 269px) 100vw, 269px\" \/><strong style=\"font-size: revert; color: initial;\">REGISTRES R\u00c9GULATEURS SPECLINE<\/strong><strong style=\"font-size: revert; color: initial;\">REGISTRES R\u00c9GULATEURS \u00c0 FUITE MINIMALE<\/strong><\/span><\/p>\n<p align=\"justify\"><span style=\"font-family: Arial; font-size: small;\">Les r\u00e9gulateurs Specline sont con\u00e7us pour les applications \u00e0 fuites minimales. Chaque r\u00e9gulateur est compos\u00e9 d&rsquo;un cadre, d&rsquo;une poign\u00e9e indicatrice, d&rsquo;un noyau dentel\u00e9 en alliage coul\u00e9 et d&rsquo;un \u00e9crou en alliage coul\u00e9. Les dentelures du noyau en alliage coul\u00e9 s&rsquo;engr\u00e8nent avec les dentelures du cadre pour verrouiller fermement le r\u00e9gulateur en position. Une rondelle \u00e9lastique situ\u00e9e entre le noyau et le cadre en fonte permet un r\u00e9glage souple et non contraignant. Une goupille de calage est utilis\u00e9e pour \u00e9liminer le cliquetis et rattraper le jeu entre les arbres du r\u00e9gulateur et de l&rsquo;amortisseur.<br \/>\nTous les r\u00e9gulateurs de type SR et SRH comprennent un \u00e9crou borgne en alliage moul\u00e9 et un joint de cadre en n\u00e9opr\u00e8ne. Le SR se d\u00e9tache du conduit de 1-3\/8&Prime;. SRH se d\u00e9tache du conduit de 5\/8&Prime;.<br \/>\nTous les r\u00e9gulateurs de type SRHS, SRS et SRST utilisent un cadre de r\u00e9gulateur estamp\u00e9. SRHS se d\u00e9tache du conduit de 5\/8&Prime;. SRS se d\u00e9tache du conduit 1-3\/8&Prime;.<\/span><\/p>\n<p align=\"justify\"><span style=\"font-family: Arial;\"><strong><br \/>\nJEU DE R\u00c9GULATEURS DE TYPE INDICATEUR AVEC \u00c9CROU HEXAGONAL ET \u00c9CROU BORGNE<\/strong><\/span><\/p>\n<p align=\"justify\"><span style=\"font-family: Arial;\"><strong><img loading=\"lazy\" decoding=\"async\" class=\"alignnone wp-image-5774\" src=\"https:\/\/www.durodynecanada.com\/wp-content\/uploads\/2018\/08\/srh.jpg\" alt=\"SRH Indicator Style Regulator\" width=\"108\" height=\"84\"> <img loading=\"lazy\" decoding=\"async\" class=\"alignnone wp-image-5772\" src=\"https:\/\/www.durodynecanada.com\/wp-content\/uploads\/2018\/08\/sr.jpg\" alt=\"SR Indicator Style Regulator\" width=\"96\" height=\"84\"><\/strong><\/span><\/p>\n<table style=\"height: 389px;\" width=\"95%\">\n<tbody>\n<tr>\n<td width=\"15%\"><strong>Item No.<\/strong><\/td>\n<td width=\"15%\"><strong>Code<\/strong><\/td>\n<td width=\"29%\"><strong>Description<\/strong><\/td>\n<td width=\"21%\"><strong>Taille de l&rsquo;arbre<\/strong><\/td>\n<td width=\"15%\"><strong>Qt\u00e9 par <\/strong><strong>Bo\u00eete<\/strong><\/td>\n<\/tr>\n<tr>\n<td width=\"15%\">8012<\/td>\n<td width=\"15%\"><strong>SRH-280<\/strong><\/td>\n<td width=\"29%\">R\u00e9gulateur de style indicateur<\/td>\n<td width=\"21%\">\u00c9crou hexagonal 3\/8<\/td>\n<td style=\"text-align: center;\" width=\"15%\">10<\/td>\n<\/tr>\n<tr>\n<td width=\"15%\">8014<\/td>\n<td width=\"15%\"><strong>SRH-220<\/strong><\/td>\n<td width=\"29%\">R\u00e9gulateur de style indicateur<\/td>\n<td width=\"21%\">\u00c9crou hexagonal 1\/2<\/td>\n<td style=\"text-align: center;\" width=\"15%\">10<\/td>\n<\/tr>\n<tr>\n<td width=\"15%\">8001<\/td>\n<td width=\"15%\"><strong>SR-140<\/strong><\/td>\n<td width=\"29%\">R\u00e9gulateur de style indicateur<\/td>\n<td width=\"21%\">\u00c9crou \u00e0 gland 1\/4<\/td>\n<td style=\"text-align: center;\" width=\"15%\">10<\/td>\n<\/tr>\n<tr>\n<td width=\"15%\">8003<\/td>\n<td width=\"15%\"><strong>SR-380<\/strong><\/td>\n<td width=\"29%\">R\u00e9gulateur de style indicateur<\/td>\n<td width=\"21%\">\u00c9crou \u00e0 gland 3\/8<\/td>\n<td style=\"text-align: center;\" width=\"15%\">10<\/td>\n<\/tr>\n<tr>\n<td width=\"15%\">8005<\/td>\n<td width=\"15%\"><strong>SR-120<\/strong><\/td>\n<td width=\"29%\">R\u00e9gulateur de style indicateur<\/td>\n<td width=\"21%\">\u00c9crou \u00e0 gland 1\/2<\/td>\n<td style=\"text-align: center;\" width=\"15%\">10<\/td>\n<\/tr>\n<\/tbody>\n<\/table>\n<p><strong>JEU DE R\u00c9GULATEURS DE POIGN\u00c9E AVEC \u00c9CROU HEXAGONAL ET \u00c9CROU BORGNE<\/strong><\/p>\n<p><img loading=\"lazy\" decoding=\"async\" class=\"alignnone wp-image-5775\" src=\"https:\/\/www.durodynecanada.com\/wp-content\/uploads\/2018\/08\/srh_long.jpg\" alt=\"SRH Handle Type Regulator\" width=\"130\" height=\"94\"> <img loading=\"lazy\" decoding=\"async\" class=\"alignnone wp-image-5773\" src=\"https:\/\/www.durodynecanada.com\/wp-content\/uploads\/2018\/08\/sr_long.jpg\" alt=\"SR Handle Type Regulator\" width=\"120\" height=\"100\"><\/p>\n<table style=\"height: 389px;\" width=\"95%\">\n<tbody>\n<tr>\n<td width=\"15%\"><strong>Item No.<\/strong><\/td>\n<td width=\"15%\"><strong>Code<\/strong><\/td>\n<td width=\"29%\"><strong>Description<\/strong><\/td>\n<td width=\"21%\"><strong>Taille de l&rsquo;arbre<\/strong><\/td>\n<td width=\"15%\"><strong>Qt\u00e9 par Bo\u00eete<\/strong><\/td>\n<\/tr>\n<tr>\n<td width=\"15%\">8011<\/td>\n<td width=\"15%\"><strong>SRH-248<\/strong><\/td>\n<td width=\"29%\">R\u00e9gulateur de type poign\u00e9e<\/td>\n<td width=\"21%\">\u00c9crou hexagonal 1\/4<\/td>\n<td style=\"text-align: center;\" width=\"15%\">10<\/td>\n<\/tr>\n<tr>\n<td width=\"15%\">8013<\/td>\n<td width=\"15%\"><strong>SRH-288<\/strong><\/td>\n<td width=\"29%\">R\u00e9gulateur de type poign\u00e9e<\/td>\n<td width=\"21%\">\u00c9crou hexagonal 3\/8<\/td>\n<td style=\"text-align: center;\" width=\"15%\">10<\/td>\n<\/tr>\n<tr>\n<td width=\"15%\">8002<\/td>\n<td width=\"15%\"><strong>SR-148<\/strong><\/td>\n<td width=\"29%\">R\u00e9gulateur de type poign\u00e9e<\/td>\n<td width=\"29%\">\u00c9crou \u00e0 gland 1\/4<\/td>\n<td style=\"text-align: center;\" width=\"15%\">10<\/td>\n<\/tr>\n<tr>\n<td width=\"15%\">8004<\/td>\n<td width=\"15%\"><strong>SR-388<\/strong><\/td>\n<td width=\"29%\">R\u00e9gulateur de type poign\u00e9e<\/td>\n<td width=\"21%\">\u00c9crou \u00e0 gland 3\/8<\/td>\n<td style=\"text-align: center;\" width=\"15%\">10<\/td>\n<\/tr>\n<tr>\n<td width=\"15%\">8006<\/td>\n<td width=\"15%\"><strong>SR-128<\/strong><\/td>\n<td width=\"29%\">R\u00e9gulateur de type poign\u00e9e<\/td>\n<td width=\"21%\">\u00c9crou \u00e0 gland 1\/2<\/td>\n<td style=\"text-align: center;\" width=\"15%\">10<\/td>\n<\/tr>\n<\/tbody>\n<\/table>\n<p><strong>JEU DE R\u00c9GULATEURS DE TYPE POIGN\u00c9E (ESTAMP\u00c9) AVEC<br \/>\nTYPES D&rsquo;\u00c9CROU HEXAGONAL ET D&rsquo;\u00c9CROU BORGNE<\/strong><\/p>\n<ul>\n<li>Cadre estamp\u00e9<\/li>\n<li>Poign\u00e9e estamp\u00e9e lourde<\/li>\n<li>Noyau solide moul\u00e9 sous pression<\/li>\n<\/ul>\n<p><img loading=\"lazy\" decoding=\"async\" class=\"alignnone wp-image-5776\" src=\"https:\/\/www.durodynecanada.com\/wp-content\/uploads\/2018\/08\/srhs.jpg\" alt=\"SRHS Handle Style Stamped Regulator\" width=\"131\" height=\"98\"> <img loading=\"lazy\" decoding=\"async\" class=\"alignnone wp-image-5773\" src=\"https:\/\/www.durodynecanada.com\/wp-content\/uploads\/2018\/08\/sr_long.jpg\" alt=\"SRS Handle Style Stamped Regulator\" width=\"120\" height=\"100\"><\/p>\n<table style=\"height: 389px;\" width=\"95%\">\n<tbody>\n<tr>\n<td width=\"15%\"><strong>Item No.<\/strong><\/td>\n<td width=\"15%\"><strong>Code<\/strong><\/td>\n<td width=\"29%\"><strong>Description<\/strong><\/td>\n<td width=\"21%\"><strong>Taille de l&rsquo;arbre<\/strong><\/td>\n<td width=\"15%\"><strong>Qt\u00e9 par <\/strong><strong>Bo\u00eete<\/strong><\/td>\n<\/tr>\n<tr>\n<td width=\"15%\">8016<\/td>\n<td width=\"15%\"><strong>SRHS-148<\/strong><\/td>\n<td width=\"29%\">R\u00e9gulateur estamp\u00e9 de type poign\u00e9e<\/td>\n<td width=\"21%\">\u00c9crou hexagonal 1\/4<\/td>\n<td style=\"text-align: center;\" width=\"15%\">10<\/td>\n<\/tr>\n<tr>\n<td width=\"15%\">8017<\/td>\n<td width=\"15%\"><strong>SRHS-388<\/strong><\/td>\n<td width=\"29%\">R\u00e9gulateur estamp\u00e9 de type poign\u00e9e<\/td>\n<td width=\"21%\">\u00c9crou hexagonal 3\/8<\/td>\n<td style=\"text-align: center;\" width=\"15%\">10<\/td>\n<\/tr>\n<tr>\n<td width=\"15%\">8018<\/td>\n<td width=\"15%\"><strong>SRHS-128<\/strong><\/td>\n<td width=\"29%\">R\u00e9gulateur estamp\u00e9 de type poign\u00e9e<\/td>\n<td width=\"21%\">\u00c9crou hexagonal 1\/2<\/td>\n<td style=\"text-align: center;\" width=\"15%\">10<\/td>\n<\/tr>\n<tr>\n<td width=\"15%\">8022<\/td>\n<td width=\"15%\"><strong>SRS-148<\/strong><\/td>\n<td width=\"29%\">R\u00e9gulateur estamp\u00e9 de type poign\u00e9e<\/td>\n<td width=\"21%\">\u00c9crou \u00e0 gland 1\/4<\/td>\n<td style=\"text-align: center;\" width=\"15%\">10<\/td>\n<\/tr>\n<tr>\n<td width=\"15%\">8023<\/td>\n<td width=\"15%\"><strong>SRS-388<\/strong><\/td>\n<td width=\"29%\">R\u00e9gulateur estamp\u00e9 de type poign\u00e9e<\/td>\n<td width=\"21%\">\u00c9crou \u00e0 gland 3\/8<\/td>\n<td style=\"text-align: center;\" width=\"15%\">10<\/td>\n<\/tr>\n<tr>\n<td width=\"15%\">8024<\/td>\n<td width=\"15%\"><strong>SRS-128<\/strong><\/td>\n<td width=\"29%\">R\u00e9gulateur estamp\u00e9 de type poign\u00e9e<\/td>\n<td width=\"21%\">\u00c9crou \u00e0 gland 1\/2<\/td>\n<td style=\"text-align: center;\" width=\"15%\">10<\/td>\n<\/tr>\n<\/tbody>\n<\/table>\n<p><strong>JEU DE R\u00c9GULATEURS DE ST\u00c8LES DISSIMUL\u00c9ES AVEC \u00c9CROU HEXAGONAL<\/strong><br \/>\nCouvercle attrayant en alliage coul\u00e9 r\u00e9sistant \u00e0 la corrosion<\/p>\n<p><img loading=\"lazy\" decoding=\"async\" class=\"alignnone wp-image-5782\" src=\"https:\/\/www.durodynecanada.com\/wp-content\/uploads\/2018\/08\/src.jpg\" alt=\"SRC Concealed Regulator Set\" width=\"100\" height=\"120\"><\/p>\n<table>\n<tbody>\n<tr>\n<td width=\"15%\"><strong>Item No.<\/strong><\/td>\n<td width=\"15%\"><strong>Code<\/strong><\/td>\n<td width=\"29%\"><strong>Description<\/strong><\/td>\n<td width=\"21%\"><strong>Taille de l&rsquo;arbre<\/strong><\/td>\n<td width=\"15%\"><strong>Qt\u00e9 par <\/strong><strong>Bo\u00eete<\/strong><\/td>\n<\/tr>\n<tr>\n<td width=\"15%\">8007<\/td>\n<td width=\"15%\"><strong>SRC-140<\/strong><\/td>\n<td width=\"29%\">Palier ouvert 1\/4<br \/>\nAlliage moul\u00e9<\/td>\n<td width=\"21%\">1\/4&Prime;<\/td>\n<td style=\"text-align: center;\" width=\"15%\">5<\/td>\n<\/tr>\n<tr>\n<td width=\"15%\">8008<\/td>\n<td width=\"15%\"><strong>SRC-380<\/strong><\/td>\n<td width=\"29%\">Palier ouvert 3\/8<br \/>\nAlliage moul\u00e9<\/td>\n<td width=\"21%\">3\/8&Prime;<\/td>\n<td style=\"text-align: center;\" width=\"15%\">5<\/td>\n<\/tr>\n<tr>\n<td width=\"15%\">8009<\/td>\n<td width=\"15%\"><strong>SRC-120<\/strong><\/td>\n<td width=\"29%\">Palier ouvert 1\/4<br \/>\nAlliage moul\u00e9<\/td>\n<td width=\"21%\">\u00c9crou hexagonal 1\/2&Prime;<\/td>\n<td style=\"text-align: center;\" width=\"15%\">5<\/td>\n<\/tr>\n<\/tbody>\n<\/table>\n","protected":false},"excerpt":{"rendered":"<p>REGISTRES R\u00c9GULATEURS SPECLINEREGISTRES R\u00c9GULATEURS \u00c0 FUITE MINIMALE Les r\u00e9gulateurs Specline sont con\u00e7us pour les applications \u00e0 fuites minimales. Chaque r\u00e9gulateur est compos\u00e9 d&rsquo;un cadre, d&rsquo;une poign\u00e9e indicatrice, d&rsquo;un noyau dentel\u00e9 en alliage coul\u00e9 et d&rsquo;un \u00e9crou en alliage coul\u00e9. Les dentelures du noyau en alliage coul\u00e9 s&rsquo;engr\u00e8nent avec les dentelures du cadre pour verrouiller fermement &hellip;<\/p>\n","protected":false},"author":7,"featured_media":0,"parent":7628,"menu_order":1,"comment_status":"closed","ping_status":"closed","template":"","meta":{"_acf_changed":false,"footnotes":""},"acf":[],"_links":{"self":[{"href":"https:\/\/www.durodynecanada.com\/fr\/wp-json\/wp\/v2\/pages\/7735"}],"collection":[{"href":"https:\/\/www.durodynecanada.com\/fr\/wp-json\/wp\/v2\/pages"}],"about":[{"href":"https:\/\/www.durodynecanada.com\/fr\/wp-json\/wp\/v2\/types\/page"}],"author":[{"embeddable":true,"href":"https:\/\/www.durodynecanada.com\/fr\/wp-json\/wp\/v2\/users\/7"}],"replies":[{"embeddable":true,"href":"https:\/\/www.durodynecanada.com\/fr\/wp-json\/wp\/v2\/comments?post=7735"}],"version-history":[{"count":3,"href":"https:\/\/www.durodynecanada.com\/fr\/wp-json\/wp\/v2\/pages\/7735\/revisions"}],"predecessor-version":[{"id":8424,"href":"https:\/\/www.durodynecanada.com\/fr\/wp-json\/wp\/v2\/pages\/7735\/revisions\/8424"}],"up":[{"embeddable":true,"href":"https:\/\/www.durodynecanada.com\/fr\/wp-json\/wp\/v2\/pages\/7628"}],"wp:attachment":[{"href":"https:\/\/www.durodynecanada.com\/fr\/wp-json\/wp\/v2\/media?parent=7735"}],"curies":[{"name":"wp","href":"https:\/\/api.w.org\/{rel}","templated":true}]}}