{"id":7732,"date":"2018-08-29T13:00:59","date_gmt":"2018-08-29T17:00:59","guid":{"rendered":"https:\/\/www.durodynecanada.com\/nos-produits\/air-regulation\/standoff-regulators\/"},"modified":"2022-06-16T16:21:05","modified_gmt":"2022-06-16T20:21:05","slug":"regulateurs-a-distance","status":"publish","type":"page","link":"https:\/\/www.durodynecanada.com\/fr\/nos-produits\/regulateur-air\/regulateurs-a-distance\/","title":{"rendered":"R\u00e9gulateurs \u00e0 distance"},"content":{"rendered":"<p><strong>R\u00c9GULATEUR D&rsquo;\u00c9CARTEMENT \u00c9CONOMIQUE UNIVERSEL<\/strong><\/p>\n<p>Le r\u00e9gulateur universel \u00e9conomique de Duro Dyne est un r\u00e9gulateur manuel sur\u00e9lev\u00e9 con\u00e7u pour \u00eatre utilis\u00e9 avec des tiges carr\u00e9es de 1\/4 ou 3\/8 pouce sur des conduits \u00e0 isolation externe. Le pied unique de 10 degr\u00e9s permet d&rsquo;utiliser le m\u00eame r\u00e9gulateur sur des conduits carr\u00e9s ou ronds, ce qui \u00e9vite d&rsquo;avoir \u00e0 stocker plusieurs r\u00e9gulateurs. Il est propos\u00e9 en quatre hauteurs d&rsquo;\u00e9cartement : 1\u00a0\u00bb, 1-1\/2\u00a0\u00bb, 2\u00a0\u00bb, 3\u00a0\u00bb. La poign\u00e9e est verrouill\u00e9e en place par un \u00e9crou \u00e0 ailettes estamp\u00e9 \u00e0 couple \u00e9lev\u00e9 et indique clairement la position du clapet gr\u00e2ce \u00e0 des d\u00e9signations en relief pour les positions ouverte et ferm\u00e9e. Des goussets de renfort \u00e0 quatre endroits ajoutent \u00e0 la rigidit\u00e9 de ce r\u00e9gulateur. Une rainure et une encoche Heto en option permettent \u00e0 l&rsquo;UESO de fonctionner pour de multiples applications de raccord de clapet, y compris Hetos.<\/p>\n<p><strong>FONCTIONNALIT\u00c9S:<\/strong><\/p>\n<p>\u2022 Poign\u00e9e roul\u00e9e ergonomique et r\u00e9sistante<br \/>\n\u2022 Soufflets pour la r\u00e9sistance et la rigidit\u00e9<br \/>\n\u2022 Coude universel 10\u00ba pour conduits carr\u00e9s et ronds<br \/>\n\u2022 Fonctionne pour de multiples applications de raccord de clapet, y compris Hetos.<\/p>\n<p><img loading=\"lazy\" decoding=\"async\" class=\"aligncenter wp-image-5784\" src=\"https:\/\/www.durodynecanada.com\/wp-content\/uploads\/2018\/08\/ueso_diag-1024x508.jpg\" alt=\"UESO Regulator Diagram\" width=\"800\" height=\"397\" srcset=\"https:\/\/www.durodynecanada.com\/wp-content\/uploads\/2018\/08\/ueso_diag-1024x508.jpg 1024w, https:\/\/www.durodynecanada.com\/wp-content\/uploads\/2018\/08\/ueso_diag-600x298.jpg 600w, https:\/\/www.durodynecanada.com\/wp-content\/uploads\/2018\/08\/ueso_diag-300x149.jpg 300w, https:\/\/www.durodynecanada.com\/wp-content\/uploads\/2018\/08\/ueso_diag-768x381.jpg 768w, https:\/\/www.durodynecanada.com\/wp-content\/uploads\/2018\/08\/ueso_diag-540x268.jpg 540w, https:\/\/www.durodynecanada.com\/wp-content\/uploads\/2018\/08\/ueso_diag-360x180.jpg 360w\" sizes=\"(max-width: 800px) 100vw, 800px\" \/><\/p>\n<p><strong><a href=\"https:\/\/www.durodynecanada.com\/wp-content\/uploads\/2018\/08\/ueso_litsheet.pdf\">UESO Literature Sheet<\/a><\/strong><\/p>\n<p><strong><br \/>\nSTANDOFF SUR\u00c9LEV\u00c9 AVEC R\u00c9GULATEUR STAMPLINE POUR CONDUIT CARR\u00c9<br \/>\nJauge 14 (.072 MIN) Plaqu\u00e9 zinc<br \/>\n<\/strong><\/p>\n<p><img loading=\"lazy\" decoding=\"async\" class=\"alignnone wp-image-5778\" src=\"https:\/\/www.durodynecanada.com\/wp-content\/uploads\/2018\/08\/srst.jpg\" alt=\"SRST Standoff Regulator for Square Duct\" width=\"101\" height=\"73\"><\/p>\n<table>\n<tbody>\n<tr>\n<td width=\"15%\"><strong>Item No.<\/strong><\/td>\n<td width=\"15%\"><strong>Code<\/strong><\/td>\n<td width=\"20%\"><strong>Description<\/strong><\/td>\n<td width=\"21%\"><strong>Hauteur du support<\/strong><\/td>\n<td width=\"21%\"><strong>Conduit de d\u00e9rivation<\/strong><\/td>\n<td style=\"text-align: center;\" width=\"24%\"><strong>Qt\u00e9 par <\/strong><strong>Bo\u00eete<\/strong><\/td>\n<\/tr>\n<tr>\n<td width=\"15%\">8019<\/td>\n<td width=\"15%\"><strong>SRST-1<\/strong><\/td>\n<td width=\"20%\">3\/8&Prime; Jeu de r\u00e9gulateurs sur\u00e9lev\u00e9<\/td>\n<td width=\"21%\">1&Prime;<\/td>\n<td width=\"21%\">1-5\/8&Prime;<\/td>\n<td style=\"text-align: center;\" width=\"24%\">10<\/td>\n<\/tr>\n<tr>\n<td width=\"15%\">8020<\/td>\n<td width=\"15%\"><strong>SRST-1-1\/2<\/strong><\/td>\n<td width=\"20%\">3\/8&Prime; Jeu de r\u00e9gulateurs sur\u00e9lev\u00e9<\/td>\n<td width=\"21%\">1-1\/2&Prime;<\/td>\n<td width=\"21%\">2-1\/8&Prime;<\/td>\n<td style=\"text-align: center;\" width=\"24%\">10<\/td>\n<\/tr>\n<tr>\n<td width=\"15%\">8021<\/td>\n<td width=\"15%\"><strong>SRST-2<\/strong><\/td>\n<td width=\"20%\">3\/8&Prime; Jeu de r\u00e9gulateurs sur\u00e9lev\u00e9<\/td>\n<td width=\"21%\">2&Prime;<\/td>\n<td width=\"21%\">2-5\/8&Prime;<\/td>\n<td style=\"text-align: center;\" width=\"24%\">10<\/td>\n<\/tr>\n<\/tbody>\n<\/table>\n","protected":false},"excerpt":{"rendered":"<p>R\u00c9GULATEUR D&rsquo;\u00c9CARTEMENT \u00c9CONOMIQUE UNIVERSEL Le r\u00e9gulateur universel \u00e9conomique de Duro Dyne est un r\u00e9gulateur manuel sur\u00e9lev\u00e9 con\u00e7u pour \u00eatre utilis\u00e9 avec des tiges carr\u00e9es de 1\/4 ou 3\/8 pouce sur des conduits \u00e0 isolation externe. Le pied unique de 10 degr\u00e9s permet d&rsquo;utiliser le m\u00eame r\u00e9gulateur sur des conduits carr\u00e9s ou ronds, ce qui \u00e9vite &hellip;<\/p>\n","protected":false},"author":7,"featured_media":0,"parent":7628,"menu_order":0,"comment_status":"closed","ping_status":"closed","template":"","meta":{"_acf_changed":false,"footnotes":""},"acf":[],"_links":{"self":[{"href":"https:\/\/www.durodynecanada.com\/fr\/wp-json\/wp\/v2\/pages\/7732"}],"collection":[{"href":"https:\/\/www.durodynecanada.com\/fr\/wp-json\/wp\/v2\/pages"}],"about":[{"href":"https:\/\/www.durodynecanada.com\/fr\/wp-json\/wp\/v2\/types\/page"}],"author":[{"embeddable":true,"href":"https:\/\/www.durodynecanada.com\/fr\/wp-json\/wp\/v2\/users\/7"}],"replies":[{"embeddable":true,"href":"https:\/\/www.durodynecanada.com\/fr\/wp-json\/wp\/v2\/comments?post=7732"}],"version-history":[{"count":3,"href":"https:\/\/www.durodynecanada.com\/fr\/wp-json\/wp\/v2\/pages\/7732\/revisions"}],"predecessor-version":[{"id":8420,"href":"https:\/\/www.durodynecanada.com\/fr\/wp-json\/wp\/v2\/pages\/7732\/revisions\/8420"}],"up":[{"embeddable":true,"href":"https:\/\/www.durodynecanada.com\/fr\/wp-json\/wp\/v2\/pages\/7628"}],"wp:attachment":[{"href":"https:\/\/www.durodynecanada.com\/fr\/wp-json\/wp\/v2\/media?parent=7732"}],"curies":[{"name":"wp","href":"https:\/\/api.w.org\/{rel}","templated":true}]}}