{"id":7729,"date":"2018-08-29T10:37:33","date_gmt":"2018-08-29T14:37:33","guid":{"rendered":"https:\/\/www.durodynecanada.com\/nos-produits\/air-regulation\/specline-regulator-damper-parts-and-accessories\/"},"modified":"2022-06-16T16:13:17","modified_gmt":"2022-06-16T20:13:17","slug":"pieces-detachees-et-acessoires-pour-regulateurs-et-amortisseurs-specline","status":"publish","type":"page","link":"https:\/\/www.durodynecanada.com\/fr\/nos-produits\/regulateur-air\/pieces-detachees-et-acessoires-pour-regulateurs-et-amortisseurs-specline\/","title":{"rendered":"Pi\u00e8ces d\u00e9tach\u00e9es et accessoires pour r\u00e9gulateurs et amortisseurs Specline"},"content":{"rendered":"<p><strong>PI\u00c8CES ET ACCESSOIRES SPECLINE<br \/>\nROULEMENTS \u00c0 BOUT OUVERT<\/strong><br \/>\n<img loading=\"lazy\" decoding=\"async\" class=\"alignnone wp-image-5781 \" src=\"https:\/\/www.durodynecanada.com\/wp-content\/uploads\/2018\/08\/sb_open-1.jpg\" alt=\"SB Open End Bearing\" width=\"81\" height=\"136\"><\/p>\n<table>\n<tbody>\n<tr>\n<td width=\"15%\"><strong>Item No.<\/strong><\/td>\n<td width=\"15%\"><strong>Code<\/strong><\/td>\n<td width=\"29%\"><strong>Description<\/strong><\/td>\n<td width=\"21%\"><strong>Taille de l&rsquo;arbre<\/strong><\/td>\n<td width=\"15%\"><strong>Qt\u00e9 par <\/strong><strong>Bo\u00eete<\/strong><\/td>\n<\/tr>\n<tr>\n<td width=\"15%\">8025<\/td>\n<td width=\"15%\"><strong>SB-114<\/strong><\/td>\n<td width=\"29%\">Palier ouvert 1\/4<br \/>\nAlliage moul\u00e9<\/td>\n<td width=\"21%\">1\/4&Prime;<\/td>\n<td style=\"text-align: center;\" width=\"15%\">25<\/td>\n<\/tr>\n<tr>\n<td width=\"15%\">8027<\/td>\n<td width=\"15%\"><strong>SB-138<\/strong><\/td>\n<td width=\"29%\">Palier ouvert 3\/8<br \/>\nAlliage moul\u00e9<\/td>\n<td width=\"21%\">3\/8&Prime;<\/td>\n<td style=\"text-align: center;\" width=\"15%\">25<\/td>\n<\/tr>\n<tr>\n<td width=\"15%\">8029<\/td>\n<td width=\"15%\"><strong>SB-112<\/strong><\/td>\n<td width=\"29%\">1\/2 palier ouvert<br \/>\nAlliage moul\u00e9<\/td>\n<td width=\"21%\">1\/2&Prime;<\/td>\n<td style=\"text-align: center;\" width=\"15%\">25<\/td>\n<\/tr>\n<\/tbody>\n<\/table>\n<p><strong>PI\u00c8CES ET ACCESSOIRES SPECLINE<br \/>\n<\/strong><strong>ROULEMENTS \u00c0 BOUT FERM\u00c9<\/strong><\/p>\n<p><img loading=\"lazy\" decoding=\"async\" class=\"alignnone wp-image-5780\" src=\"https:\/\/www.durodynecanada.com\/wp-content\/uploads\/2018\/08\/sb_close-1.jpg\" alt=\"\" width=\"81\" height=\"130\"><\/p>\n<table>\n<tbody>\n<tr>\n<td width=\"15%\"><strong>Item No.<\/strong><\/td>\n<td width=\"15%\"><strong>Code<\/strong><\/td>\n<td width=\"29%\"><strong>Description<\/strong><\/td>\n<td width=\"21%\"><strong>Taille de l&rsquo;arbre<\/strong><\/td>\n<td width=\"15%\"><strong>Qt\u00e9 par <\/strong><strong>Bo\u00eete<\/strong><\/td>\n<\/tr>\n<tr>\n<td width=\"15%\">8026<\/td>\n<td width=\"15%\"><strong>SB-314<\/strong><\/td>\n<td width=\"29%\">Palier \u00e0 bout ferm\u00e9 1\/4<br \/>\nAlliage moul\u00e9<\/td>\n<td width=\"21%\">1\/4&Prime;<\/td>\n<td style=\"text-align: center;\" width=\"15%\">25<\/td>\n<\/tr>\n<tr>\n<td width=\"15%\">8028<\/td>\n<td width=\"15%\"><strong>SB-338<\/strong><\/td>\n<td width=\"29%\">Palier \u00e0 extr\u00e9mit\u00e9 ferm\u00e9e 3\/8<br \/>\nAlliage moul\u00e9<\/td>\n<td width=\"21%\">3\/8&Prime;<\/td>\n<td style=\"text-align: center;\" width=\"15%\">25<\/td>\n<\/tr>\n<tr>\n<td width=\"15%\">8030<\/td>\n<td width=\"15%\"><strong>SB-312<\/strong><\/td>\n<td width=\"29%\">1\/2 Palier \u00e0 extr\u00e9mit\u00e9 ferm\u00e9e<br \/>\nAlliage moul\u00e9<\/td>\n<td width=\"21%\">1\/2&Prime;<\/td>\n<td style=\"text-align: center;\" width=\"15%\">25<\/td>\n<\/tr>\n<\/tbody>\n<\/table>\n<p><strong>ENGRENAGE D&rsquo;ONGLET EN FONTE \u00c0 ENTRA\u00ceNEMENT ANGULAIRE DE 90\u00b0<\/strong><br \/>\nPeut accueillir une tige carr\u00e9e de 3\/8&Prime; provenant d&rsquo;un conduit<br \/>\n<img loading=\"lazy\" decoding=\"async\" class=\"alignnone wp-image-5779\" src=\"https:\/\/www.durodynecanada.com\/wp-content\/uploads\/2018\/08\/ad38.jpg\" alt=\"AD-38 Angle Drive\" width=\"156\" height=\"130\"><\/p>\n<table>\n<tbody>\n<tr>\n<td width=\"15%\"><strong>Item No.<\/strong><\/td>\n<td width=\"15%\"><strong>Code<\/strong><\/td>\n<td width=\"55%\"><strong>Description<\/strong><\/td>\n<td width=\"15%\"><strong>Qt\u00e9 par <\/strong><strong>Bo\u00eete<\/strong><\/td>\n<\/tr>\n<tr>\n<td width=\"15%\">8135<\/td>\n<td width=\"15%\"><strong>AD-38<\/strong><\/td>\n<td width=\"55%\">Assemblage de l&rsquo;engrenage \u00e0 onglet<\/td>\n<td style=\"text-align: center;\" width=\"15%\">5<\/td>\n<\/tr>\n<\/tbody>\n<\/table>\n<p><strong>ARTICULATION \u00c0 ROT ROTULE ET SUPPORT D&rsquo;AMORTISSEUR SPLITTER<\/strong><\/p>\n<p><img loading=\"lazy\" decoding=\"async\" class=\"alignnone wp-image-5807\" src=\"https:\/\/www.durodynecanada.com\/wp-content\/uploads\/2018\/09\/srp14.jpg\" alt=\"SRP-14, SRP-516 Ball Joint\" width=\"151\" height=\"103\"><img loading=\"lazy\" decoding=\"async\" class=\"alignnone wp-image-5809\" src=\"https:\/\/www.durodynecanada.com\/wp-content\/uploads\/2018\/09\/srp40_50.jpg\" alt=\"SRP-40, SRP-50 Splitter Damper Bracket\" width=\"150\" height=\"135\"><\/p>\n<table>\n<tbody>\n<tr>\n<td width=\"15%\"><strong>Item No.<\/strong><\/td>\n<td width=\"15%\"><strong>Code<\/strong><\/td>\n<td width=\"55%\"><strong>Description<\/strong><\/td>\n<td width=\"15%\"><strong>Qt\u00e9 par <\/strong><strong>Bo\u00eete<\/strong><\/td>\n<\/tr>\n<tr>\n<td width=\"15%\">8032<\/td>\n<td width=\"15%\"><strong>SRP-14<\/strong><\/td>\n<td width=\"55%\">Joint \u00e0 rotule pour tige 1\/4<\/td>\n<td style=\"text-align: center;\" width=\"15%\">25<\/td>\n<\/tr>\n<tr>\n<td width=\"15%\">8033<\/td>\n<td width=\"15%\"><strong>SRP-516<\/strong><\/td>\n<td width=\"55%\">Joint \u00e0 rotule pour tige 5\/16<\/td>\n<td style=\"text-align: center;\" width=\"15%\">25<\/td>\n<\/tr>\n<tr>\n<td width=\"15%\">8034<\/td>\n<td width=\"15%\"><strong>SRP-40<\/strong><\/td>\n<td width=\"55%\">Support d&rsquo;amortisseur pour tige de 1\/4 pouce<\/td>\n<td style=\"text-align: center;\" width=\"15%\">25<\/td>\n<\/tr>\n<tr>\n<td width=\"15%\">8035<\/td>\n<td width=\"15%\"><strong>SRP-50<\/strong><\/td>\n<td width=\"55%\">Support d&rsquo;amortisseur pour tige de 5\/16 po<\/td>\n<td style=\"text-align: center;\" width=\"15%\">25<\/td>\n<\/tr>\n<\/tbody>\n<\/table>\n<p><a href=\"https:\/\/www.durodynecanada.com\/wp-content\/uploads\/2018\/09\/srp14_sheet.pdf\">For more information on Ball Joint &amp; Splitter Damper Bracket<\/a><\/p>\n","protected":false},"excerpt":{"rendered":"<p>PI\u00c8CES ET ACCESSOIRES SPECLINE ROULEMENTS \u00c0 BOUT OUVERT Item No. Code Description Taille de l&rsquo;arbre Qt\u00e9 par Bo\u00eete 8025 SB-114 Palier ouvert 1\/4 Alliage moul\u00e9 1\/4&Prime; 25 8027 SB-138 Palier ouvert 3\/8 Alliage moul\u00e9 3\/8&Prime; 25 8029 SB-112 1\/2 palier ouvert Alliage moul\u00e9 1\/2&Prime; 25 PI\u00c8CES ET ACCESSOIRES SPECLINE ROULEMENTS \u00c0 BOUT FERM\u00c9 Item No. &hellip;<\/p>\n","protected":false},"author":7,"featured_media":0,"parent":7628,"menu_order":0,"comment_status":"closed","ping_status":"closed","template":"","meta":{"_acf_changed":false,"footnotes":""},"acf":[],"_links":{"self":[{"href":"https:\/\/www.durodynecanada.com\/fr\/wp-json\/wp\/v2\/pages\/7729"}],"collection":[{"href":"https:\/\/www.durodynecanada.com\/fr\/wp-json\/wp\/v2\/pages"}],"about":[{"href":"https:\/\/www.durodynecanada.com\/fr\/wp-json\/wp\/v2\/types\/page"}],"author":[{"embeddable":true,"href":"https:\/\/www.durodynecanada.com\/fr\/wp-json\/wp\/v2\/users\/7"}],"replies":[{"embeddable":true,"href":"https:\/\/www.durodynecanada.com\/fr\/wp-json\/wp\/v2\/comments?post=7729"}],"version-history":[{"count":3,"href":"https:\/\/www.durodynecanada.com\/fr\/wp-json\/wp\/v2\/pages\/7729\/revisions"}],"predecessor-version":[{"id":8410,"href":"https:\/\/www.durodynecanada.com\/fr\/wp-json\/wp\/v2\/pages\/7729\/revisions\/8410"}],"up":[{"embeddable":true,"href":"https:\/\/www.durodynecanada.com\/fr\/wp-json\/wp\/v2\/pages\/7628"}],"wp:attachment":[{"href":"https:\/\/www.durodynecanada.com\/fr\/wp-json\/wp\/v2\/media?parent=7729"}],"curies":[{"name":"wp","href":"https:\/\/api.w.org\/{rel}","templated":true}]}}