{"id":7726,"date":"2018-08-29T13:21:06","date_gmt":"2018-08-29T17:21:06","guid":{"rendered":"https:\/\/www.durodynecanada.com\/nos-produits\/air-regulation\/spec-seal-damper-regulator\/"},"modified":"2022-06-16T16:15:14","modified_gmt":"2022-06-16T20:15:14","slug":"regulateur-de-clapet-spec-seal","status":"publish","type":"page","link":"https:\/\/www.durodynecanada.com\/fr\/nos-produits\/regulateur-air\/regulateur-de-clapet-spec-seal\/","title":{"rendered":"R\u00e9gulateur de clapet Spec-Seal"},"content":{"rendered":"<p><strong>SPEC-SEAL<img loading=\"lazy\" decoding=\"async\" class=\"alignright wp-image-5786 size-medium\" src=\"https:\/\/www.durodynecanada.com\/wp-content\/uploads\/2018\/08\/specseal-300x175.jpg\" alt=\"Spec-Seal Regulator Set\" width=\"300\" height=\"175\" srcset=\"https:\/\/www.durodynecanada.com\/wp-content\/uploads\/2018\/08\/specseal-300x175.jpg 300w, https:\/\/www.durodynecanada.com\/wp-content\/uploads\/2018\/08\/specseal.jpg 375w\" sizes=\"(max-width: 300px) 100vw, 300px\" \/><\/strong><\/p>\n<p>Le jeu de r\u00e9gulateurs universels Spec-Seal utilise un joint en caoutchouc sp\u00e9cial pour les applications dont la temp\u00e9rature constante atteint 500\u00baF. Il \u00e9limine les fuites et les cliquetis via le m\u00e9canisme Shaft Loc dans les syst\u00e8mes \u00e0 haute pression. La conception unique de la poign\u00e9e utilise un couvercle en plastique orange tr\u00e8s visible indiquant la position du r\u00e9gulateur. Cette unit\u00e9, fabriqu\u00e9e en acier galvanis\u00e9 de forte \u00e9paisseur, peut recevoir quatre types de paliers d&rsquo;extr\u00e9mit\u00e9 : 3\/8&Prime; et 1\/2&Prime; avec des arbres de roulement ronds ou carr\u00e9s. Elle est \u00e9galement disponible en acier inoxydable. Des pi\u00e8ces individuelles sont disponibles sur demande. (R\u00e9gulateur universel, brevet n\u00b0 7,472,699)<\/p>\n<p><strong>Chaque ensemble comprend :<\/strong><br \/>\n\u2022 1 R\u00e9gulateur Universel<br \/>\n\u2022 2 joints en caoutchouc<br \/>\n\u2022 2 rondelles m\u00e9talliques<br \/>\n\u2022 2 roulements d&rsquo;extr\u00e9mit\u00e9<br \/>\n\u2022 1 Support de palier d&rsquo;extr\u00e9mit\u00e9<\/p>\n<p><strong>JEUX DE R\u00c9GULATEURS SPEC-SEAL<\/strong><\/p>\n<table>\n<tbody>\n<tr>\n<td width=\"15%\"><strong>Item No.<\/strong><\/td>\n<td width=\"15%\"><strong>Code<\/strong><\/td>\n<td width=\"29%\"><strong>Description<\/strong><\/td>\n<td width=\"21%\"><strong>Type de roulement<\/strong><\/td>\n<td width=\"15%\"><strong>Qt\u00e9 par <\/strong><strong>Bo\u00eete<\/strong><\/td>\n<\/tr>\n<tr>\n<td width=\"15%\">8152<\/td>\n<td width=\"15%\"><strong>AL-12R<\/strong><\/td>\n<td width=\"29%\">Roulement rond 1\/2<\/td>\n<td width=\"21%\">1\/2&Prime; Rond<\/td>\n<td style=\"text-align: center;\" width=\"15%\">10<\/td>\n<\/tr>\n<tr>\n<td width=\"15%\">8153<\/td>\n<td width=\"15%\"><strong>AL-38<\/strong><\/td>\n<td width=\"29%\">Roulement carr\u00e9 3\/8<\/td>\n<td width=\"21%\">3\/8&Prime; Carr\u00e9<\/td>\n<td style=\"text-align: center;\" width=\"15%\">10<\/td>\n<\/tr>\n<tr>\n<td width=\"15%\">8154<\/td>\n<td width=\"15%\"><strong>AL-38R<\/strong><\/td>\n<td width=\"29%\">Roulement rond 3\/8<\/td>\n<td width=\"21%\">3\/8&Prime; Rond<\/td>\n<td style=\"text-align: center;\" width=\"15%\">10<\/td>\n<\/tr>\n<tr>\n<td width=\"15%\">8158<\/td>\n<td width=\"15%\"><strong>AL-38L<\/strong><\/td>\n<td width=\"29%\">Palier long de 3\/8&Prime; carr\u00e9<\/td>\n<td width=\"21%\">3\/8&Prime; carr\u00e9 long<\/td>\n<td style=\"text-align: center;\" width=\"15%\">10<\/td>\n<\/tr>\n<tr>\n<td width=\"15%\">8301<\/td>\n<td width=\"15%\"><strong>AL-12-SS<\/strong><\/td>\n<td width=\"29%\">Acier inoxydable<br \/>\nJeu de r\u00e9gulateurs<\/td>\n<td width=\"21%\">1\/2&Prime; en acier inoxydable<br \/>\nCarr\u00e9<\/td>\n<td style=\"text-align: center;\" width=\"15%\">10<\/td>\n<\/tr>\n<\/tbody>\n<\/table>\n<p><strong>R\u00c9GULATEURS UNIVERSELS<br \/>\n<img loading=\"lazy\" decoding=\"async\" class=\"alignnone wp-image-5806\" src=\"https:\/\/www.durodynecanada.com\/wp-content\/uploads\/2018\/08\/universalreg1-300x104.jpg\" alt=\"MSRO3812 Spec Seal Regulator Only\" width=\"199\" height=\"69\" srcset=\"https:\/\/www.durodynecanada.com\/wp-content\/uploads\/2018\/08\/universalreg1-300x104.jpg 300w, https:\/\/www.durodynecanada.com\/wp-content\/uploads\/2018\/08\/universalreg1.jpg 360w\" sizes=\"(max-width: 199px) 100vw, 199px\" \/><\/strong><\/p>\n<table>\n<tbody>\n<tr>\n<td width=\"15%\"><strong>Item No.<\/strong><\/td>\n<td width=\"15%\"><strong>Code<\/strong><\/td>\n<td width=\"29%\"><strong>Description<\/strong><\/td>\n<td width=\"21%\"><strong>Type de roulement<\/strong><\/td>\n<td width=\"15%\"><strong>Qt\u00e9 par <\/strong><strong>Bo\u00eete<\/strong><\/td>\n<\/tr>\n<tr>\n<td width=\"15%\">8270<\/td>\n<td width=\"15%\"><strong>MSRO3812<\/strong><\/td>\n<td width=\"29%\">R\u00e9gulateur universel 3\/8&Prime; et 1\/2<\/td>\n<td width=\"21%\">3\/8 et 1\/2<br \/>\nRonds et carr\u00e9s<\/td>\n<td style=\"text-align: center;\" width=\"15%\">10<\/td>\n<\/tr>\n<tr>\n<td width=\"15%\">8328<\/td>\n<td width=\"15%\"><strong>MSRO3812SS<\/strong><\/td>\n<td width=\"29%\">3\/8&Prime; et 1\/2&Prime; en acier inoxydable<br \/>\nR\u00e9gulateur universel<\/td>\n<td width=\"21%\">3\/8 et 1\/2 en acier inoxydable<br \/>\nRonds et carr\u00e9s<\/td>\n<td style=\"text-align: center;\" width=\"15%\">10<\/td>\n<\/tr>\n<\/tbody>\n<\/table>\n<p><a href=\"https:\/\/www.durodynecanada.com\/wp-content\/uploads\/2018\/08\/UniversalRegulatorLitSheetEng01302017.pdf\">Universal Regulator Literature Sheet<\/a><\/p>\n","protected":false},"excerpt":{"rendered":"<p>SPEC-SEAL Le jeu de r\u00e9gulateurs universels Spec-Seal utilise un joint en caoutchouc sp\u00e9cial pour les applications dont la temp\u00e9rature constante atteint 500\u00baF. Il \u00e9limine les fuites et les cliquetis via le m\u00e9canisme Shaft Loc dans les syst\u00e8mes \u00e0 haute pression. La conception unique de la poign\u00e9e utilise un couvercle en plastique orange tr\u00e8s visible indiquant &hellip;<\/p>\n","protected":false},"author":7,"featured_media":0,"parent":7628,"menu_order":0,"comment_status":"closed","ping_status":"closed","template":"","meta":{"_acf_changed":false,"footnotes":""},"acf":[],"_links":{"self":[{"href":"https:\/\/www.durodynecanada.com\/fr\/wp-json\/wp\/v2\/pages\/7726"}],"collection":[{"href":"https:\/\/www.durodynecanada.com\/fr\/wp-json\/wp\/v2\/pages"}],"about":[{"href":"https:\/\/www.durodynecanada.com\/fr\/wp-json\/wp\/v2\/types\/page"}],"author":[{"embeddable":true,"href":"https:\/\/www.durodynecanada.com\/fr\/wp-json\/wp\/v2\/users\/7"}],"replies":[{"embeddable":true,"href":"https:\/\/www.durodynecanada.com\/fr\/wp-json\/wp\/v2\/comments?post=7726"}],"version-history":[{"count":3,"href":"https:\/\/www.durodynecanada.com\/fr\/wp-json\/wp\/v2\/pages\/7726\/revisions"}],"predecessor-version":[{"id":8416,"href":"https:\/\/www.durodynecanada.com\/fr\/wp-json\/wp\/v2\/pages\/7726\/revisions\/8416"}],"up":[{"embeddable":true,"href":"https:\/\/www.durodynecanada.com\/fr\/wp-json\/wp\/v2\/pages\/7628"}],"wp:attachment":[{"href":"https:\/\/www.durodynecanada.com\/fr\/wp-json\/wp\/v2\/media?parent=7726"}],"curies":[{"name":"wp","href":"https:\/\/api.w.org\/{rel}","templated":true}]}}