{"id":7723,"date":"2017-04-05T10:53:10","date_gmt":"2017-04-05T14:53:10","guid":{"rendered":"https:\/\/www.durodynecanada.com\/nos-produits\/air-regulation\/regulators\/"},"modified":"2022-06-16T16:20:33","modified_gmt":"2022-06-16T20:20:33","slug":"regulateurs","status":"publish","type":"page","link":"https:\/\/www.durodynecanada.com\/fr\/nos-produits\/regulateur-air\/regulateurs\/","title":{"rendered":"R\u00e9gulateurs"},"content":{"rendered":"<h1>R\u00e9gulateurs<\/h1>\n<p><strong>R\u00c9GULATEURS D&rsquo;AMORTISSEURS SPECLINE<\/strong><\/p>\n<p><img loading=\"lazy\" decoding=\"async\" class=\"alignnone wp-image-5800\" src=\"https:\/\/www.durodynecanada.com\/wp-content\/uploads\/2018\/08\/specline_reg_set-300x48.jpg\" alt=\"Specline Regulators\" width=\"398\" height=\"64\" srcset=\"https:\/\/www.durodynecanada.com\/wp-content\/uploads\/2018\/08\/specline_reg_set-300x48.jpg 300w, https:\/\/www.durodynecanada.com\/wp-content\/uploads\/2018\/08\/specline_reg_set-540x87.jpg 540w, https:\/\/www.durodynecanada.com\/wp-content\/uploads\/2018\/08\/specline_reg_set.jpg 559w\" sizes=\"(max-width: 398px) 100vw, 398px\" \/><\/p>\n<p><a href=\"https:\/\/www.durodynecanada.com?page_id=2043\">For more information on Specline Damper Regulators<\/a><\/p>\n<p><strong>PI\u00c8CES ET ACCESSOIRES POUR R\u00c9GULATEUR DE REGISTRE SPECLINE<\/strong><\/p>\n<p><img loading=\"lazy\" decoding=\"async\" class=\"alignnone wp-image-5801 size-medium\" src=\"https:\/\/www.durodynecanada.com\/wp-content\/uploads\/2018\/08\/specline_reg_acc-300x84.jpg\" alt=\"Specline Damper Regulator Parts and Accessories\" width=\"300\" height=\"84\" srcset=\"https:\/\/www.durodynecanada.com\/wp-content\/uploads\/2018\/08\/specline_reg_acc-300x84.jpg 300w, https:\/\/www.durodynecanada.com\/wp-content\/uploads\/2018\/08\/specline_reg_acc.jpg 323w\" sizes=\"(max-width: 300px) 100vw, 300px\" \/><\/p>\n<p><a href=\"https:\/\/www.durodynecanada.com?page_id=2062\">For more information on Specline Damper Regulator Parts and Accessories<\/a><\/p>\n<p><strong>SUPPORT DE ROTULE ET D&rsquo;AMORTISSEUR DE SPLITTER (SRP&rsquo;S)<\/strong><\/p>\n<p><img loading=\"lazy\" decoding=\"async\" class=\"alignnone wp-image-5807\" src=\"https:\/\/www.durodynecanada.com\/wp-content\/uploads\/2018\/09\/srp14.jpg\" alt=\"SRP-14 Ball Joint\" width=\"124\" height=\"85\" srcset=\"https:\/\/www.durodynecanada.com\/wp-content\/uploads\/2018\/09\/srp14.jpg 250w, https:\/\/www.durodynecanada.com\/wp-content\/uploads\/2018\/09\/srp14-100x70.jpg 100w\" sizes=\"(max-width: 124px) 100vw, 124px\" \/><img loading=\"lazy\" decoding=\"async\" class=\"alignnone wp-image-5809\" src=\"https:\/\/www.durodynecanada.com\/wp-content\/uploads\/2018\/09\/srp40_50.jpg\" alt=\"SRP-40, SRP-50 Splitter Damper Bracket\" width=\"124\" height=\"112\"><\/p>\n<p><a href=\"https:\/\/www.durodynecanada.com?page_id=2062\">For more information on (SRP) Ball Joints and Splitter Damper Brackets<\/a><\/p>\n<p><strong>R\u00c9GULATEURS \u00c0 DISTANCE<\/strong><\/p>\n<p><img loading=\"lazy\" decoding=\"async\" class=\"alignnone wp-image-5802\" src=\"https:\/\/www.durodynecanada.com\/wp-content\/uploads\/2018\/08\/srst-2.jpg\" alt=\"SRST Standoff Regulator\" width=\"101\" height=\"73\"><img loading=\"lazy\" decoding=\"async\" class=\"alignnone wp-image-5803\" src=\"https:\/\/www.durodynecanada.com\/wp-content\/uploads\/2018\/08\/UESO-2018-300x139.jpg\" alt=\"UESO Universal Standoff Regulator\" width=\"149\" height=\"69\" srcset=\"https:\/\/www.durodynecanada.com\/wp-content\/uploads\/2018\/08\/UESO-2018-300x139.jpg 300w, https:\/\/www.durodynecanada.com\/wp-content\/uploads\/2018\/08\/UESO-2018-600x278.jpg 600w, https:\/\/www.durodynecanada.com\/wp-content\/uploads\/2018\/08\/UESO-2018-540x250.jpg 540w, https:\/\/www.durodynecanada.com\/wp-content\/uploads\/2018\/08\/UESO-2018.jpg 750w\" sizes=\"(max-width: 149px) 100vw, 149px\" \/><\/p>\n<p><a href=\"https:\/\/www.durodynecanada.com?page_id=2076\">For more information on Standoff Regulators<\/a><\/p>\n<p><strong>R\u00c9GULATEURS \u00c0 QUADRANT \u00c0 PINCE<br \/>\n<\/strong>Les r\u00e9gulateurs \u00e0 quadrant \u00e0 pince sont construits en acier plaqu\u00e9 de forte \u00e9paisseur.<\/p>\n<p><img loading=\"lazy\" decoding=\"async\" class=\"alignnone wp-image-5799\" src=\"https:\/\/www.durodynecanada.com\/wp-content\/uploads\/2018\/08\/k8-300x294.jpg\" alt=\"K-8 Quadrant\" width=\"126\" height=\"123\"><img loading=\"lazy\" decoding=\"async\" class=\"alignnone wp-image-5798\" src=\"https:\/\/www.durodynecanada.com\/wp-content\/uploads\/2018\/08\/k9-293x300.jpg\" alt=\"K-9 Quadrant\" width=\"120\" height=\"123\" srcset=\"https:\/\/www.durodynecanada.com\/wp-content\/uploads\/2018\/08\/k9-293x300.jpg 293w, https:\/\/www.durodynecanada.com\/wp-content\/uploads\/2018\/08\/k9.jpg 300w\" sizes=\"(max-width: 120px) 100vw, 120px\" \/><\/p>\n<p><a href=\"https:\/\/www.durodynecanada.com?page_id=2109\">For more information on Clamp Quadrant Regulators<\/a><\/p>\n<p><strong>R\u00c9GULATEURS \u00c0 CADRAN<br \/>\n<\/strong>R\u00e9gulateurs Jiffy 1\/4&Prime;, r\u00e9gulateurs \u00e0 cadran 1\/4&Prime; et 3\/8&Prime; et r\u00e9gulateurs Wedge Loc 3\/8&Prime;.<\/p>\n<p><img loading=\"lazy\" decoding=\"async\" class=\"wp-image-5790 alignleft\" src=\"https:\/\/www.durodynecanada.com\/wp-content\/uploads\/2018\/08\/jiffyreg14.jpg\" alt=\"Jiffy Regulator Set 1\/4\" width=\"125\" height=\"53\"><img loading=\"lazy\" decoding=\"async\" class=\"alignnone wp-image-5804\" src=\"https:\/\/www.durodynecanada.com\/wp-content\/uploads\/2018\/08\/dialreg14-1.jpg\" alt=\"\" width=\"125\" height=\"89\" srcset=\"https:\/\/www.durodynecanada.com\/wp-content\/uploads\/2018\/08\/dialreg14-1.jpg 176w, https:\/\/www.durodynecanada.com\/wp-content\/uploads\/2018\/08\/dialreg14-1-100x70.jpg 100w\" sizes=\"(max-width: 125px) 100vw, 125px\" \/><img loading=\"lazy\" decoding=\"async\" class=\"alignnone wp-image-5805\" src=\"https:\/\/www.durodynecanada.com\/wp-content\/uploads\/2018\/08\/dialreg38-1.jpg\" alt=\"\" width=\"125\" height=\"84\"><img loading=\"lazy\" decoding=\"async\" class=\"alignnone wp-image-5791\" src=\"https:\/\/www.durodynecanada.com\/wp-content\/uploads\/2018\/08\/wedgelocreg38.jpg\" alt=\"Wedge Loc Regulator 3\/8\" width=\"151\" height=\"64\"><\/p>\n<p><a href=\"https:\/\/www.durodynecanada.com?page_id=2109\">For more information on Jiffy, Dial and Wedge Loc Regulators<\/a><\/p>\n<p><strong>JEUX DE R\u00c9GULATEURS \u00c0 CLAPET D&rsquo;\u00c9TANCH\u00c9IT\u00c9 SPEC<br \/>\n<\/strong>Les ensembles de r\u00e9gulateurs \u00e0 clapet Spec Seal utilisent un joint en caoutchouc sp\u00e9cial pour les applications jusqu&rsquo;\u00e0 500\u00baF.<\/p>\n<p><img loading=\"lazy\" decoding=\"async\" class=\"alignnone wp-image-5786\" src=\"https:\/\/www.durodynecanada.com\/wp-content\/uploads\/2018\/08\/specseal-300x175.jpg\" alt=\"Spec-Seal Regulator Set\" width=\"200\" height=\"117\" srcset=\"https:\/\/www.durodynecanada.com\/wp-content\/uploads\/2018\/08\/specseal-300x175.jpg 300w, https:\/\/www.durodynecanada.com\/wp-content\/uploads\/2018\/08\/specseal.jpg 375w\" sizes=\"(max-width: 200px) 100vw, 200px\" \/><\/p>\n<p><a href=\"https:\/\/www.durodynecanada.com?page_id=2093\">For more information on Spec Seal Damper Regulator Sets<\/a><\/p>\n<p><strong>R\u00c9GULATEUR UNIVERSEL SEULEMENT<br \/>\n<\/strong>Le r\u00e9gulateur universel fonctionne avec des tiges carr\u00e9es ou rondes de 3\/8&Prime; et 1\/2&Prime;.<br \/>\n(Brevet n\u00b0 7,472,699)<strong><br \/>\n<\/strong><\/p>\n<p><img loading=\"lazy\" decoding=\"async\" class=\"alignnone wp-image-5806\" src=\"https:\/\/www.durodynecanada.com\/wp-content\/uploads\/2018\/08\/universalreg1-300x104.jpg\" alt=\"MSRO3812 Spec Seal Regulator Only\" width=\"199\" height=\"69\" srcset=\"https:\/\/www.durodynecanada.com\/wp-content\/uploads\/2018\/08\/universalreg1-300x104.jpg 300w, https:\/\/www.durodynecanada.com\/wp-content\/uploads\/2018\/08\/universalreg1.jpg 360w\" sizes=\"(max-width: 199px) 100vw, 199px\" \/><\/p>\n<p><a href=\"https:\/\/www.durodynecanada.com?page_id=2093\">For more information on Universal Regulator<\/a><\/p>\n","protected":false},"excerpt":{"rendered":"<p>R\u00e9gulateurs R\u00c9GULATEURS D&rsquo;AMORTISSEURS SPECLINE For more information on Specline Damper Regulators PI\u00c8CES ET ACCESSOIRES POUR R\u00c9GULATEUR DE REGISTRE SPECLINE For more information on Specline Damper Regulator Parts and Accessories SUPPORT DE ROTULE ET D&rsquo;AMORTISSEUR DE SPLITTER (SRP&rsquo;S) For more information on (SRP) Ball Joints and Splitter Damper Brackets R\u00c9GULATEURS \u00c0 DISTANCE For more information on &hellip;<\/p>\n","protected":false},"author":15,"featured_media":0,"parent":7628,"menu_order":0,"comment_status":"closed","ping_status":"closed","template":"","meta":{"_acf_changed":false,"footnotes":""},"acf":[],"_links":{"self":[{"href":"https:\/\/www.durodynecanada.com\/fr\/wp-json\/wp\/v2\/pages\/7723"}],"collection":[{"href":"https:\/\/www.durodynecanada.com\/fr\/wp-json\/wp\/v2\/pages"}],"about":[{"href":"https:\/\/www.durodynecanada.com\/fr\/wp-json\/wp\/v2\/types\/page"}],"author":[{"embeddable":true,"href":"https:\/\/www.durodynecanada.com\/fr\/wp-json\/wp\/v2\/users\/15"}],"replies":[{"embeddable":true,"href":"https:\/\/www.durodynecanada.com\/fr\/wp-json\/wp\/v2\/comments?post=7723"}],"version-history":[{"count":3,"href":"https:\/\/www.durodynecanada.com\/fr\/wp-json\/wp\/v2\/pages\/7723\/revisions"}],"predecessor-version":[{"id":8418,"href":"https:\/\/www.durodynecanada.com\/fr\/wp-json\/wp\/v2\/pages\/7723\/revisions\/8418"}],"up":[{"embeddable":true,"href":"https:\/\/www.durodynecanada.com\/fr\/wp-json\/wp\/v2\/pages\/7628"}],"wp:attachment":[{"href":"https:\/\/www.durodynecanada.com\/fr\/wp-json\/wp\/v2\/media?parent=7723"}],"curies":[{"name":"wp","href":"https:\/\/api.w.org\/{rel}","templated":true}]}}