{"id":7720,"date":"2018-08-29T16:13:48","date_gmt":"2018-08-29T20:13:48","guid":{"rendered":"https:\/\/www.durodynecanada.com\/nos-produits\/air-regulation\/regulator-sets\/"},"modified":"2022-06-15T14:06:37","modified_gmt":"2022-06-15T18:06:37","slug":"regulator-sets","status":"publish","type":"page","link":"https:\/\/www.durodynecanada.com\/fr\/nos-produits\/regulateur-air\/regulator-sets\/","title":{"rendered":"Jeux de r\u00e9gulateurs"},"content":{"rendered":"<p><strong>JEUX DE R\u00c9GULATEURS JIFFY 1\/4&Prime; POUR LES VOLETS JUSQU&rsquo;\u00c0 10&Prime;.<\/strong><\/p>\n<p>Ces r\u00e9gulateurs efficaces, peu co\u00fbteux, en acier plaqu\u00e9 de forte \u00e9paisseur, s&rsquo;installent en un tournemain en glissant la rondelle et la poign\u00e9e sur le palier filet\u00e9 \u00e0 bout carr\u00e9. L&rsquo;\u00e9crou \u00e0 ailettes bloque le clapet en position. La position de la poign\u00e9e indique la position du clapet dans le conduit. S&rsquo;utilise sur des conduits ronds ou carr\u00e9s.<\/p>\n<p><img loading=\"lazy\" decoding=\"async\" class=\"alignnone size-full wp-image-5790\" src=\"https:\/\/www.durodynecanada.com\/wp-content\/uploads\/2018\/08\/jiffyreg14.jpg\" alt=\"Jiffy Regulator Set 1\/4\" width=\"295\" height=\"125\" \/><\/p>\n<p><a href=\"https:\/\/www.durodynecanada.com\/wp-content\/uploads\/2018\/08\/jb1_sheet.pdf\">Jiffy Regulator Set Specification Sheet<\/a><\/p>\n<p><strong>R\u00c9GULATEURS \u00c0 CADRAN 1\/4&Prime; POUR AMORTISSEURS JUSQU&rsquo;\u00c0 10&Prime;.<\/strong><\/p>\n<p>Ces r\u00e9gulateurs en acier plaqu\u00e9 de forte \u00e9paisseur sont parmi les plus populaires du march\u00e9. Ils minimisent les fuites d&rsquo;air et r\u00e9duisent le cliquetis. Un \u00e9crou \u00e0 ailettes bloque l&rsquo;amortisseur en position, tout en permettant un r\u00e9ajustement rapide. Le cadran indique la position du clapet en un coup d&rsquo;\u0153il. Le r\u00e9gulateur se monte facilement sur des conduits ronds ou carr\u00e9s.<\/p>\n<p><img loading=\"lazy\" decoding=\"async\" class=\"alignnone size-full wp-image-5788\" src=\"https:\/\/www.durodynecanada.com\/wp-content\/uploads\/2018\/08\/dialreg14.jpg\" alt=\"Dial Regulator Set 1\/4\" width=\"295\" height=\"125\" \/><\/p>\n<p><a href=\"https:\/\/www.durodynecanada.com\/wp-content\/uploads\/2018\/08\/jb1_sheet.pdf\">1\/4&Prime; Dial Regulator Set Specification Sheet<\/a><\/p>\n<p><strong>JEUX DE R\u00c9GULATEURS \u00c0 CADRAN 3\/8&Prime; POUR LES AMORTISSEURS JUSQU&rsquo;\u00c0 20 POUCES<\/strong><\/p>\n<p>Les jeux et pi\u00e8ces suivants sont identiques \u00e0 ceux de la taille 1\/4&Prime; pr\u00e9sent\u00e9e ci-dessus, sauf qu&rsquo;ils sont con\u00e7us pour des clapets plus grands. Les paliers et le r\u00e9gulateur de 3\/8&Prime; peuvent \u00eatre utilis\u00e9s sur des conduits ronds ou carr\u00e9s. Des rep\u00e8res clairs sur le r\u00e9gulateur indiquent la position du clapet qui peut \u00eatre verrouill\u00e9e en toute s\u00e9curit\u00e9 par un \u00e9crou \u00e0 ailettes.<br \/>\n\u2022 \u00c9galement disponible en acier inoxydable &#8211; r\u00e9gulateur seulement<\/p>\n<p><img loading=\"lazy\" decoding=\"async\" class=\"alignnone wp-image-5789\" src=\"https:\/\/www.durodynecanada.com\/wp-content\/uploads\/2018\/08\/dialreg38.jpg\" alt=\"Dial Regulator Set 3\/8\" width=\"227\" height=\"96\" \/><\/p>\n<p><a href=\"https:\/\/www.durodynecanada.com\/wp-content\/uploads\/2018\/08\/k3_sheet.pdf\">3\/8&Prime; Dial Regulator Set Specification Sheet<\/a><\/p>\n<p><strong>JEUX DE R\u00c9GULATEURS 3\/8&Prime; WEDGE LOC POUR AMORTISSEURS JUSQU&rsquo;\u00c0 20&Prime;<\/strong><\/p>\n<p>Ce r\u00e9gulateur rectangulaire attrayant est dot\u00e9 d&rsquo;un m\u00e9canisme exclusif \u00ab\u00a0Wedge Loc\u00a0\u00bb qui bloque fermement le palier sur la poign\u00e9e du r\u00e9gulateur lorsque le clapet est r\u00e9gl\u00e9, ce qui emp\u00eache tout cliquetis. Sa construction robuste, ses fuites d&rsquo;air minimales et sa facilit\u00e9 de r\u00e9glage en font l&rsquo;outil id\u00e9al pour les grands clapets des conduits ronds ou carr\u00e9s.<\/p>\n<p><img loading=\"lazy\" decoding=\"async\" class=\"alignnone wp-image-5791\" src=\"https:\/\/www.durodynecanada.com\/wp-content\/uploads\/2018\/08\/wedgelocreg38.jpg\" alt=\"Wedge Loc Regulator 3\/8\" width=\"248\" height=\"105\" \/><\/p>\n<p><a href=\"https:\/\/www.durodynecanada.com\/wp-content\/uploads\/2018\/08\/k3_sheet.pdf\">3\/8&Prime; Wedge Loc Regulator Specification Sheet<\/a><\/p>\n<p><strong>1\/2&Prime; ROUND CLAMP QUANDRANT<\/strong><\/p>\n<p>Le K-8 est un amortisseur robuste et r\u00e9sistant, sp\u00e9cialement con\u00e7u pour les amortisseurs multi-lames \u00e0 commande manuelle. Ils s&rsquo;adaptent au roulement rond 1\/2&Prime; KP-10R.<\/p>\n<p><img loading=\"lazy\" decoding=\"async\" class=\"alignnone wp-image-5799\" src=\"https:\/\/www.durodynecanada.com\/wp-content\/uploads\/2018\/08\/k8-300x294.jpg\" alt=\"\" width=\"150\" height=\"147\" srcset=\"https:\/\/www.durodynecanada.com\/wp-content\/uploads\/2018\/08\/k8.jpg 300w, https:\/\/www.durodynecanada.com\/wp-content\/uploads\/2018\/08\/k8-75x75.jpg 75w\" sizes=\"(max-width: 150px) 100vw, 150px\" \/><\/p>\n<p><a href=\"https:\/\/www.durodynecanada.com\/wp-content\/uploads\/2018\/08\/k8_sheet.pdf\">K-8 Clamp Quadrant Specification Sheet<\/a><\/p>\n<p><strong>1\/2&Prime; SQUARE CLAMP QUANDRANT<\/strong><\/p>\n<p>Le K-9 est un amortisseur robuste pour arbre de palier carr\u00e9 de 1\/2&Prime;. Il s&rsquo;adapte au roulement KP-10S et aux axes d&rsquo;adaptation BKP-4 et BKP-7.<\/p>\n<p><img loading=\"lazy\" decoding=\"async\" class=\"alignnone wp-image-5798\" src=\"https:\/\/www.durodynecanada.com\/wp-content\/uploads\/2018\/08\/k9-293x300.jpg\" alt=\"\" width=\"150\" height=\"154\" srcset=\"https:\/\/www.durodynecanada.com\/wp-content\/uploads\/2018\/08\/k9-293x300.jpg 293w, https:\/\/www.durodynecanada.com\/wp-content\/uploads\/2018\/08\/k9.jpg 300w\" sizes=\"(max-width: 150px) 100vw, 150px\" \/><\/p>\n<p><a href=\"https:\/\/www.durodynecanada.com\/wp-content\/uploads\/2018\/08\/k9_sheet.pdf\">K-9 Clamp Quadrant Specification Sheet<\/a><\/p>\n","protected":false},"excerpt":{"rendered":"<p>JEUX DE R\u00c9GULATEURS JIFFY 1\/4&Prime; POUR LES VOLETS JUSQU&rsquo;\u00c0 10&Prime;. Ces r\u00e9gulateurs efficaces, peu co\u00fbteux, en acier plaqu\u00e9 de forte \u00e9paisseur, s&rsquo;installent en un tournemain en glissant la rondelle et la poign\u00e9e sur le palier filet\u00e9 \u00e0 bout carr\u00e9. L&rsquo;\u00e9crou \u00e0 ailettes bloque le clapet en position. La position de la poign\u00e9e indique la position &hellip;<\/p>\n","protected":false},"author":7,"featured_media":0,"parent":7628,"menu_order":0,"comment_status":"closed","ping_status":"closed","template":"","meta":{"_acf_changed":false,"footnotes":""},"acf":[],"_links":{"self":[{"href":"https:\/\/www.durodynecanada.com\/fr\/wp-json\/wp\/v2\/pages\/7720"}],"collection":[{"href":"https:\/\/www.durodynecanada.com\/fr\/wp-json\/wp\/v2\/pages"}],"about":[{"href":"https:\/\/www.durodynecanada.com\/fr\/wp-json\/wp\/v2\/types\/page"}],"author":[{"embeddable":true,"href":"https:\/\/www.durodynecanada.com\/fr\/wp-json\/wp\/v2\/users\/7"}],"replies":[{"embeddable":true,"href":"https:\/\/www.durodynecanada.com\/fr\/wp-json\/wp\/v2\/comments?post=7720"}],"version-history":[{"count":1,"href":"https:\/\/www.durodynecanada.com\/fr\/wp-json\/wp\/v2\/pages\/7720\/revisions"}],"predecessor-version":[{"id":7722,"href":"https:\/\/www.durodynecanada.com\/fr\/wp-json\/wp\/v2\/pages\/7720\/revisions\/7722"}],"up":[{"embeddable":true,"href":"https:\/\/www.durodynecanada.com\/fr\/wp-json\/wp\/v2\/pages\/7628"}],"wp:attachment":[{"href":"https:\/\/www.durodynecanada.com\/fr\/wp-json\/wp\/v2\/media?parent=7720"}],"curies":[{"name":"wp","href":"https:\/\/api.w.org\/{rel}","templated":true}]}}