{"id":7717,"date":"2017-04-05T10:48:10","date_gmt":"2017-04-05T14:48:10","guid":{"rendered":"https:\/\/www.durodynecanada.com\/nos-produits\/air-regulation\/rapits\/"},"modified":"2022-06-16T16:14:24","modified_gmt":"2022-06-16T20:14:24","slug":"rapits","status":"publish","type":"page","link":"https:\/\/www.durodynecanada.com\/fr\/nos-produits\/regulateur-air\/rapits\/","title":{"rendered":"Rapits"},"content":{"rendered":"<p><strong>R\u00c9GULATEURS DE RAPIT<\/strong><\/p>\n<p>Pas de soudure &#8211; Pas de rivets &#8211; Pas d&rsquo;enclume<br \/>\nGlissez-le sur l&rsquo;amortisseur et \u00ab\u00a0RAPITEZ\u00a0\u00bb.<br \/>\n<a href=\"\/wp-content\/uploads\/2017\/04\/rapit_sheet.pdf\" target=\"_blank\" rel=\"noopener\"><strong><u>Rapit Specification Sheet&nbsp;<\/u><\/strong><\/a><strong>&nbsp;&nbsp;&nbsp;&nbsp;&nbsp;&nbsp;&nbsp;&nbsp;&nbsp;&nbsp;&nbsp;&nbsp;&nbsp;&nbsp;&nbsp;&nbsp;&nbsp;&nbsp;&nbsp;&nbsp;&nbsp;&nbsp;&nbsp;&nbsp;&nbsp;&nbsp;&nbsp;&nbsp;&nbsp; <\/strong><\/p>\n<p><img decoding=\"async\" class=\"size-full wp-image-5741 alignright\" src=\"https:\/\/www.durodynecanada.com\/wp-content\/uploads\/2017\/04\/rapit_components.jpg\" sizes=\"(max-width: 600px) 100vw, 600px\" srcset=\"https:\/\/www.durodynecanada.com\/wp-content\/uploads\/2017\/04\/rapit_components.jpg 600w, https:\/\/www.durodynecanada.com\/wp-content\/uploads\/2017\/04\/rapit_components-255x300.jpg 255w, https:\/\/www.durodynecanada.com\/wp-content\/uploads\/2017\/04\/rapit_components-459x540.jpg 459w\" alt=\"\" width=\"200\"><\/p>\n<p><strong>Jeux de r\u00e9gulateurs Rapit<\/strong><\/p>\n<table>\n<tbody>\n<tr>\n<td width=\"90\"><strong>Item<\/strong><\/td>\n<td width=\"192\"><strong>Code<\/strong><\/td>\n<td width=\"258\"><strong>Description<\/strong><\/td>\n<td width=\"180\"><strong>Qt\u00e9 par Bo\u00eete<\/strong><\/td>\n<\/tr>\n<tr>\n<td width=\"90\">8085<\/td>\n<td width=\"192\"><strong>RS-256<\/strong><\/td>\n<td width=\"258\">2 roulements \u00e0 ressort Rapit, 1 rondelle, poign\u00e9e et \u00e9crou \u00e0 ailettes<\/td>\n<td width=\"180\">10<\/td>\n<\/tr>\n<tr>\n<td width=\"90\">8086<\/td>\n<td width=\"192\"><strong>RS-156<\/strong><\/td>\n<td width=\"258\">1 palier \u00e0 ressort Rapit, 1 rondelle, poign\u00e9e et \u00e9crou \u00e0 ailettes<\/td>\n<td width=\"180\">100<\/td>\n<\/tr>\n<\/tbody>\n<\/table>\n<p><strong>&nbsp;<\/strong><\/p>\n<p><strong>&nbsp;<\/strong><\/p>\n<p><strong>Roulements Rapit<\/strong><\/p>\n<table>\n<tbody>\n<tr>\n<td width=\"90\"><strong>Item<\/strong><\/td>\n<td width=\"192\"><strong>Code<\/strong><\/td>\n<td width=\"258\"><strong>Description<\/strong><\/td>\n<td width=\"180\"><strong>Qt\u00e9 par Bo\u00eete<\/strong><\/td>\n<\/tr>\n<tr>\n<td width=\"90\">8088<\/td>\n<td width=\"192\"><strong>RB-50<\/strong><\/td>\n<td width=\"258\">Roulement \u00e0 ressort Rapit<\/td>\n<td width=\"180\">100<\/td>\n<\/tr>\n<tr>\n<td width=\"90\">8201<\/td>\n<td width=\"192\"><strong>RB-25T<\/strong><\/td>\n<td width=\"258\">Palier Rapit filet\u00e9<\/td>\n<td width=\"180\">100<\/td>\n<\/tr>\n<\/tbody>\n<\/table>\n<p><strong>&nbsp;<\/strong><\/p>\n<p><strong>&nbsp;<\/strong><\/p>\n<p><strong>Accessoires de Rapit<\/strong><\/p>\n<table>\n<tbody>\n<tr>\n<td width=\"90\"><strong>Item<\/strong><\/td>\n<td width=\"192\"><strong>Code<\/strong><\/td>\n<td width=\"258\"><strong>Description<\/strong><\/td>\n<td width=\"180\"><strong>Qt\u00e9 par Bo\u00eete<\/strong><\/td>\n<\/tr>\n<tr>\n<td width=\"90\">8089<\/td>\n<td width=\"192\"><strong>RP-1<\/strong><\/td>\n<td width=\"258\">Poign\u00e9e de Rapit<\/td>\n<td width=\"180\">100<\/td>\n<\/tr>\n<tr>\n<td width=\"90\">8090<\/td>\n<td width=\"192\"><strong>RP-2<\/strong><\/td>\n<td width=\"258\">\u00c9crou \u00e0 ailettes Rapit<\/td>\n<td width=\"180\">100<\/td>\n<\/tr>\n<tr>\n<td width=\"90\">8091<\/td>\n<td width=\"192\"><strong>RP-3<\/strong><\/td>\n<td width=\"258\">Rondelle de Rapit<\/td>\n<td width=\"180\">100<\/td>\n<\/tr>\n<tr>\n<td width=\"90\">8198<\/td>\n<td width=\"192\"><strong>RP-1T<\/strong><\/td>\n<td width=\"258\">Manche Rapit pour RB-25T<\/td>\n<td width=\"180\">100<\/td>\n<\/tr>\n<\/tbody>\n<\/table>\n","protected":false},"excerpt":{"rendered":"<p>R\u00c9GULATEURS DE RAPIT Pas de soudure &#8211; Pas de rivets &#8211; Pas d&rsquo;enclume Glissez-le sur l&rsquo;amortisseur et \u00ab\u00a0RAPITEZ\u00a0\u00bb. Rapit Specification Sheet&nbsp;&nbsp;&nbsp;&nbsp;&nbsp;&nbsp;&nbsp;&nbsp;&nbsp;&nbsp;&nbsp;&nbsp;&nbsp;&nbsp;&nbsp;&nbsp;&nbsp;&nbsp;&nbsp;&nbsp;&nbsp;&nbsp;&nbsp;&nbsp;&nbsp;&nbsp;&nbsp;&nbsp;&nbsp;&nbsp; Jeux de r\u00e9gulateurs Rapit Item Code Description Qt\u00e9 par Bo\u00eete 8085 RS-256 2 roulements \u00e0 ressort Rapit, 1 rondelle, poign\u00e9e et \u00e9crou \u00e0 ailettes 10 8086 RS-156 1 palier \u00e0 ressort Rapit, 1 rondelle, &hellip;<\/p>\n","protected":false},"author":15,"featured_media":0,"parent":7628,"menu_order":0,"comment_status":"closed","ping_status":"closed","template":"","meta":{"_acf_changed":false,"footnotes":""},"acf":[],"_links":{"self":[{"href":"https:\/\/www.durodynecanada.com\/fr\/wp-json\/wp\/v2\/pages\/7717"}],"collection":[{"href":"https:\/\/www.durodynecanada.com\/fr\/wp-json\/wp\/v2\/pages"}],"about":[{"href":"https:\/\/www.durodynecanada.com\/fr\/wp-json\/wp\/v2\/types\/page"}],"author":[{"embeddable":true,"href":"https:\/\/www.durodynecanada.com\/fr\/wp-json\/wp\/v2\/users\/15"}],"replies":[{"embeddable":true,"href":"https:\/\/www.durodynecanada.com\/fr\/wp-json\/wp\/v2\/comments?post=7717"}],"version-history":[{"count":4,"href":"https:\/\/www.durodynecanada.com\/fr\/wp-json\/wp\/v2\/pages\/7717\/revisions"}],"predecessor-version":[{"id":8414,"href":"https:\/\/www.durodynecanada.com\/fr\/wp-json\/wp\/v2\/pages\/7717\/revisions\/8414"}],"up":[{"embeddable":true,"href":"https:\/\/www.durodynecanada.com\/fr\/wp-json\/wp\/v2\/pages\/7628"}],"wp:attachment":[{"href":"https:\/\/www.durodynecanada.com\/fr\/wp-json\/wp\/v2\/media?parent=7717"}],"curies":[{"name":"wp","href":"https:\/\/api.w.org\/{rel}","templated":true}]}}