{"id":7711,"date":"2017-04-05T10:08:57","date_gmt":"2017-04-05T14:08:57","guid":{"rendered":"https:\/\/www.durodynecanada.com\/nos-produits\/air-regulation\/latcheshandles\/"},"modified":"2022-06-16T16:11:18","modified_gmt":"2022-06-16T20:11:18","slug":"loquets-et-poignees","status":"publish","type":"page","link":"https:\/\/www.durodynecanada.com\/fr\/nos-produits\/regulateur-air\/loquets-et-poignees\/","title":{"rendered":"Loquets et poign\u00e9es"},"content":{"rendered":"<div id=\"pl-1757\" class=\"panel-layout\">\n<div id=\"pg-1757-0\" class=\"panel-grid panel-no-style\">\n<div id=\"pgc-1757-0-0\" class=\"panel-grid-cell\" data-weight=\"1\">\n<div id=\"panel-1757-0-0-0\" class=\"so-panel widget widget_sow-editor panel-first-child panel-last-child\" data-index=\"0\" data-style=\"{&quot;background_display&quot;:&quot;tile&quot;,&quot;featured_widgets&quot;:&quot;&quot;}\">\n<div class=\"so-widget-sow-editor so-widget-sow-editor-base\">\n<div class=\"siteorigin-widget-tinymce textwidget\">\n<p><strong>POIGN\u00c9ES ET FERMETURE DE PORTE D&rsquo;ACC\u00c8S DURO DYNE<\/strong><\/p>\n<\/div>\n<\/div>\n<\/div>\n<\/div>\n<\/div>\n<div id=\"pg-1757-1\" class=\"panel-grid panel-no-style\">\n<div id=\"pgc-1757-1-0\" class=\"panel-grid-cell\" data-weight=\"0.5\">\n<div id=\"panel-1757-1-0-0\" class=\"so-panel widget widget_sow-editor panel-first-child panel-last-child\" data-index=\"1\" data-style=\"{&quot;background_display&quot;:&quot;tile&quot;,&quot;featured_widgets&quot;:&quot;&quot;}\">\n<div class=\"so-widget-sow-editor so-widget-sow-editor-base\">\n<div class=\"siteorigin-widget-tinymce textwidget\">\n<p><strong>SP-5 Poign\u00e9e de porte<\/strong><\/p>\n<ul>\n<li>Pi\u00e8ces solides en alliage zinc\/aluminium moul\u00e9es sous pression.<\/li>\n<li>R\u00e9sistant \u00e0 la corrosion, antirouille.<\/li>\n<li>Arbre de 5\/16&Prime; de diam\u00e8tre avec grille encastr\u00e9e pour recevoir les vis de r\u00e9glage.<\/li>\n<li>La poign\u00e9e de la g\u00e2che permet l&rsquo;ouverture de l&rsquo;int\u00e9rieur.<\/li>\n<li>La rondelle en n\u00e9opr\u00e8ne emp\u00eache les fuites.<\/li>\n<li>Facile \u00e0 installer &#8211; percez un trou de 5\/16&Prime; dans la porte.<\/li>\n<li>Logement maximum (porte et cadre) : 1-3\/8&Prime; avec entretoise ; 1-3\/4&Prime; sans entretoise.<\/li>\n<li>Recommand\u00e9 pour les portes de 14&Prime; x 14&Prime; et moins.<\/li>\n<\/ul>\n<\/div>\n<\/div>\n<\/div>\n<\/div>\n<div id=\"pgc-1757-1-1\" class=\"panel-grid-cell\" data-weight=\"0.5\">\n<div id=\"panel-1757-1-1-0\" class=\"so-panel widget widget_sow-editor panel-first-child panel-last-child\" data-index=\"2\" data-style=\"{&quot;background_display&quot;:&quot;tile&quot;,&quot;featured_widgets&quot;:&quot;&quot;}\">\n<div class=\"so-widget-sow-editor so-widget-sow-editor-base\">\n<div class=\"siteorigin-widget-tinymce textwidget\">\n<p><img loading=\"lazy\" decoding=\"async\" width=\"300\" height=\"189\" class=\"size-full wp-image-1630 alignright\" src=\"\/wp-content\/uploads\/2017\/04\/sp5.jpg\" alt=\"\"><\/p>\n<\/div>\n<\/div>\n<\/div>\n<\/div>\n<\/div>\n<div id=\"pg-1757-2\" class=\"panel-grid panel-no-style\">\n<div id=\"pgc-1757-2-0\" class=\"panel-grid-cell\" data-weight=\"1\">\n<div id=\"panel-1757-2-0-0\" class=\"so-panel widget widget_sow-editor panel-first-child panel-last-child\" data-index=\"3\" data-style=\"{&quot;background_display&quot;:&quot;tile&quot;,&quot;featured_widgets&quot;:&quot;&quot;}\">\n<div class=\"so-widget-sow-editor so-widget-sow-editor-base\">\n<div class=\"siteorigin-widget-tinymce textwidget\">\n<table>\n<tbody>\n<tr>\n<td width=\"180\">Item No.<\/td>\n<td width=\"108\">Code<\/td>\n<td width=\"252\">Description<\/td>\n<td width=\"180\">Qt\u00e9 par Bo\u00eete<\/td>\n<\/tr>\n<tr>\n<td width=\"180\">8105<\/td>\n<td width=\"108\"><strong>SP-5<\/strong><\/td>\n<td width=\"252\">Ensemble de verrouillage de 5\/16&Prime; de diam\u00e8tre<\/td>\n<td width=\"180\">25<\/td>\n<\/tr>\n<\/tbody>\n<\/table>\n<\/div>\n<\/div>\n<\/div>\n<\/div>\n<\/div>\n<div id=\"pg-1757-3\" class=\"panel-grid panel-no-style\" data-style=\"{&quot;background_display&quot;:&quot;tile&quot;}\">\n<div id=\"pgc-1757-3-0\" class=\"panel-grid-cell\" data-weight=\"0.5\">\n<div id=\"panel-1757-3-0-0\" class=\"so-panel widget widget_sow-editor panel-first-child panel-last-child\" data-index=\"4\" data-style=\"{&quot;background_display&quot;:&quot;tile&quot;,&quot;featured_widgets&quot;:&quot;&quot;}\">\n<div class=\"so-widget-sow-editor so-widget-sow-editor-base\">\n<div class=\"siteorigin-widget-tinymce textwidget\">\n<p><strong>SP-10 Poign\u00e9e de porte<\/strong><\/p>\n<ul>\n<li>Pi\u00e8ces solides en alliage zinc\/aluminium moul\u00e9es sous pression.<\/li>\n<li>R\u00e9sistant \u00e0 la corrosion, antirouille.<\/li>\n<li>Arbre de 3\/8&Prime; de diam\u00e8tre avec grille encastr\u00e9e pour maintenir solidement les vis de r\u00e9glage.<\/li>\n<li>La poign\u00e9e de la g\u00e2che permet l&rsquo;ouverture de l&rsquo;int\u00e9rieur.<\/li>\n<li>Rondelles en acier et en n\u00e9opr\u00e8ne des deux c\u00f4t\u00e9s pour assurer l&rsquo;\u00e9tanch\u00e9it\u00e9.<\/li>\n<li>Facile \u00e0 installer &#8211; Percez un trou de 3\/8&Prime; \u00e0 travers la porte.<\/li>\n<li>Logement maximum (porte et cadre) : 1-5\/8&Prime; avec entretoise ; 2&Prime; sans entretoise.<\/li>\n<li>Recommand\u00e9 pour les portes de 24&Prime; x 24&Prime; et moins.<\/li>\n<\/ul>\n<\/div>\n<\/div>\n<\/div>\n<\/div>\n<div id=\"pgc-1757-3-1\" class=\"panel-grid-cell\" data-weight=\"0.5\">\n<div id=\"panel-1757-3-1-0\" class=\"so-panel widget widget_sow-editor panel-first-child panel-last-child\" data-index=\"5\" data-style=\"{&quot;background_display&quot;:&quot;tile&quot;,&quot;featured_widgets&quot;:&quot;&quot;}\">\n<div class=\"so-widget-sow-editor so-widget-sow-editor-base\">\n<div class=\"siteorigin-widget-tinymce textwidget\">\n<p><img loading=\"lazy\" decoding=\"async\" width=\"415\" height=\"237\" class=\"size-full wp-image-1631 alignright\" src=\"\/wp-content\/uploads\/2017\/04\/sp10.jpg\" sizes=\"(max-width: 415px) 100vw, 415px\" srcset=\"https:\/\/www.durodynecanada.com\/wp-content\/uploads\/2017\/04\/sp10.jpg 415w, https:\/\/www.durodynecanada.com\/wp-content\/uploads\/2017\/04\/sp10-300x171.jpg 300w\" alt=\"\"><\/p>\n<\/div>\n<\/div>\n<\/div>\n<\/div>\n<\/div>\n<div id=\"pg-1757-4\" class=\"panel-grid panel-no-style\">\n<div id=\"pgc-1757-4-0\" class=\"panel-grid-cell\" data-weight=\"1\">\n<div id=\"panel-1757-4-0-0\" class=\"so-panel widget widget_sow-editor panel-first-child panel-last-child\" data-index=\"6\" data-style=\"{&quot;background_display&quot;:&quot;tile&quot;,&quot;featured_widgets&quot;:&quot;&quot;}\">\n<div class=\"so-widget-sow-editor so-widget-sow-editor-base\">\n<div class=\"siteorigin-widget-tinymce textwidget\">\n<table>\n<tbody>\n<tr>\n<td width=\"180\">Item No.<\/td>\n<td width=\"120\">Code<\/td>\n<td width=\"240\">Description<\/td>\n<td width=\"180\">Qt\u00e9 par Bo\u00eete<\/td>\n<\/tr>\n<tr>\n<td width=\"180\">8106<\/td>\n<td width=\"120\"><strong>SP-10<\/strong><\/td>\n<td width=\"240\">Ensemble de verrouillage de 3\/8&Prime; de diam\u00e8tre<\/td>\n<td width=\"180\">10<\/td>\n<\/tr>\n<\/tbody>\n<\/table>\n<\/div>\n<\/div>\n<\/div>\n<\/div>\n<\/div>\n<div id=\"pg-1757-5\" class=\"panel-grid panel-no-style\" data-style=\"{&quot;background_display&quot;:&quot;tile&quot;}\">\n<div id=\"pgc-1757-5-0\" class=\"panel-grid-cell\" data-weight=\"0.5\">\n<div id=\"panel-1757-5-0-0\" class=\"so-panel widget widget_sow-editor panel-first-child panel-last-child\" data-index=\"7\" data-style=\"{&quot;background_display&quot;:&quot;tile&quot;,&quot;featured_widgets&quot;:&quot;&quot;}\">\n<div class=\"so-widget-sow-editor so-widget-sow-editor-base\">\n<div class=\"siteorigin-widget-tinymce textwidget\">\n<p><strong>Poign\u00e9e de porte SP-20<\/strong><\/p>\n<ul>\n<li>Pi\u00e8ces moul\u00e9es sous pression en alliage lourd de zinc\/aluminium.<\/li>\n<li>Finition lisse, r\u00e9sistant \u00e0 la corrosion et \u00e0 la rouille.<\/li>\n<li>Arbre de diam\u00e8tre 1\/2&Prime; avec grille en retrait pour fixer les vis de r\u00e9glage.<\/li>\n<li>Poign\u00e9e int\u00e9rieure compl\u00e8te pour la s\u00e9curit\u00e9 et la commodit\u00e9.<\/li>\n<li>Rondelles d&rsquo;acier et de n\u00e9opr\u00e8ne des deux c\u00f4t\u00e9s pour assurer l&rsquo;\u00e9tanch\u00e9it\u00e9.<\/li>\n<li>Facile \u00e0 installer &#8211; Percez un trou de 1\/2&Prime; dans la porte.<\/li>\n<li>Logement maximum (porte et cadre) : 1-3\/4&Prime; avec entretoise ; 2-1\/4&Prime; sans entretoise.<\/li>\n<li>Recommand\u00e9 pour les portes de plus de 24&Prime; x 24&Prime; (pour les tr\u00e8s grandes portes, il est pr\u00e9f\u00e9rable d&rsquo;utiliser deux poign\u00e9es espac\u00e9es d&rsquo;un tiers de la distance entre le haut et le bas).<\/li>\n<\/ul>\n<\/div>\n<\/div>\n<\/div>\n<\/div>\n<div id=\"pgc-1757-5-1\" class=\"panel-grid-cell\" data-weight=\"0.5\">\n<div id=\"panel-1757-5-1-0\" class=\"so-panel widget widget_sow-editor panel-first-child panel-last-child\" data-index=\"8\" data-style=\"{&quot;background_display&quot;:&quot;tile&quot;,&quot;featured_widgets&quot;:&quot;&quot;}\">\n<div class=\"so-widget-sow-editor so-widget-sow-editor-base\">\n<div class=\"siteorigin-widget-tinymce textwidget\">\n<p><img loading=\"lazy\" decoding=\"async\" width=\"324\" height=\"270\" class=\"size-full wp-image-1632 alignright\" src=\"\/wp-content\/uploads\/2017\/04\/sp20.jpg\" sizes=\"(max-width: 324px) 100vw, 324px\" srcset=\"https:\/\/www.durodynecanada.com\/wp-content\/uploads\/2017\/04\/sp20.jpg 324w, https:\/\/www.durodynecanada.com\/wp-content\/uploads\/2017\/04\/sp20-300x250.jpg 300w\" alt=\"\"><\/p>\n<\/div>\n<\/div>\n<\/div>\n<\/div>\n<\/div>\n<div id=\"pg-1757-6\" class=\"panel-grid panel-no-style\" data-style=\"{&quot;background_display&quot;:&quot;tile&quot;}\">\n<div id=\"pgc-1757-6-0\" class=\"panel-grid-cell\" data-weight=\"1\">\n<div id=\"panel-1757-6-0-0\" class=\"so-panel widget widget_sow-editor panel-first-child panel-last-child\" data-index=\"9\" data-style=\"{&quot;background_display&quot;:&quot;tile&quot;,&quot;featured_widgets&quot;:&quot;&quot;}\">\n<div class=\"so-widget-sow-editor so-widget-sow-editor-base\">\n<div class=\"siteorigin-widget-tinymce textwidget\">\n<table>\n<tbody>\n<tr>\n<td width=\"180\">Item No.<\/td>\n<td width=\"120\">Code<\/td>\n<td width=\"240\">Description<\/td>\n<td width=\"180\">Qt\u00e9 par Bo\u00eete<\/td>\n<\/tr>\n<tr>\n<td width=\"180\">8107<\/td>\n<td width=\"120\"><strong>SP-20<\/strong><\/td>\n<td width=\"240\">Assemblage du loquet d&rsquo;un diam\u00e8tre de 1\/2&Prime;.<\/td>\n<td width=\"180\">10<\/td>\n<\/tr>\n<\/tbody>\n<\/table>\n<\/div>\n<\/div>\n<\/div>\n<\/div>\n<\/div>\n<div id=\"pg-1757-7\" class=\"panel-grid panel-no-style\" data-style=\"{&quot;background_display&quot;:&quot;tile&quot;}\">\n<div id=\"pgc-1757-7-0\" class=\"panel-grid-cell\" data-weight=\"0.5\">\n<div id=\"panel-1757-7-0-0\" class=\"so-panel widget widget_sow-editor panel-first-child panel-last-child\" data-index=\"10\" data-style=\"{&quot;background_display&quot;:&quot;tile&quot;,&quot;featured_widgets&quot;:&quot;&quot;}\">\n<div class=\"so-widget-sow-editor so-widget-sow-editor-base\">\n<div class=\"siteorigin-widget-tinymce textwidget\">\n<p><strong>SP-21 Poign\u00e9e de porte<\/strong><\/p>\n<ul>\n<li>Pi\u00e8ces moul\u00e9es sous pression en alliage lourd de zinc\/aluminium.<\/li>\n<li>Finition lisse, r\u00e9sistant \u00e0 la corrosion et \u00e0 la rouille.<\/li>\n<li>Arbre d&rsquo;un diam\u00e8tre de 1\/2&Prime; avec grille encastr\u00e9e pour recevoir les vis de r\u00e9glage.<\/li>\n<li>Poign\u00e9e int\u00e9rieure compl\u00e8te pour la s\u00e9curit\u00e9 et la commodit\u00e9.<\/li>\n<li>Rondelles en acier et n\u00e9opr\u00e8ne bomb\u00e9es \u00e0 l&rsquo;ext\u00e9rieur pour minimiser les fuites.<\/li>\n<li>\u00ab\u00a0La plaque d&rsquo;arr\u00eat, fix\u00e9e \u00e0 l&rsquo;aide d&rsquo;une seule vis ou d&rsquo;un seul rivet, permet \u00e0 la poign\u00e9e de se d\u00e9placer vers les positions \u00ab\u00a0Ouvert\u00a0\u00bb et \u00ab\u00a0Ferm\u00e9\u00a0\u00bb, mais emp\u00eache la rupture de la poign\u00e9e int\u00e9rieure en cas de claquement des portes.<\/li>\n<li>Facile \u00e0 installer &#8211; Percez un trou de 1\/2&Prime; dans la porte.<\/li>\n<li>Logement maximum (porte et cadre) : 1-3\/4&Prime; avec entretoise ; 2-1\/4&Prime; sans entretoise.<\/li>\n<li>\u00c0 utiliser sur les grandes portes.<\/li>\n<\/ul>\n<\/div>\n<\/div>\n<\/div>\n<\/div>\n<div id=\"pgc-1757-7-1\" class=\"panel-grid-cell\" data-weight=\"0.5\">\n<div id=\"panel-1757-7-1-0\" class=\"so-panel widget widget_sow-editor panel-first-child panel-last-child\" data-index=\"11\" data-style=\"{&quot;background_display&quot;:&quot;tile&quot;,&quot;featured_widgets&quot;:&quot;&quot;}\">\n<div class=\"so-widget-sow-editor so-widget-sow-editor-base\">\n<div class=\"siteorigin-widget-tinymce textwidget\">\n<p><img loading=\"lazy\" decoding=\"async\" width=\"340\" height=\"301\" class=\"size-full wp-image-1633 alignright\" src=\"\/wp-content\/uploads\/2017\/04\/sp21.jpg\" sizes=\"(max-width: 340px) 100vw, 340px\" srcset=\"https:\/\/www.durodynecanada.com\/wp-content\/uploads\/2017\/04\/sp21.jpg 340w, https:\/\/www.durodynecanada.com\/wp-content\/uploads\/2017\/04\/sp21-300x266.jpg 300w\" alt=\"\"><\/p>\n<\/div>\n<\/div>\n<\/div>\n<\/div>\n<\/div>\n<div id=\"pg-1757-8\" class=\"panel-grid panel-no-style\" data-style=\"{&quot;background_display&quot;:&quot;tile&quot;}\">\n<div id=\"pgc-1757-8-0\" class=\"panel-grid-cell\" data-weight=\"1\">\n<div id=\"panel-1757-8-0-0\" class=\"so-panel widget widget_sow-editor panel-first-child panel-last-child\" data-index=\"12\" data-style=\"{&quot;background_display&quot;:&quot;tile&quot;,&quot;featured_widgets&quot;:&quot;&quot;}\">\n<div class=\"so-widget-sow-editor so-widget-sow-editor-base\">\n<div class=\"siteorigin-widget-tinymce textwidget\">\n<table>\n<tbody>\n<tr>\n<td width=\"180\">Item No.<\/td>\n<td width=\"120\">Code<\/td>\n<td width=\"240\">Description<\/td>\n<td width=\"180\">Qt\u00e9 par Bo\u00eete<\/td>\n<\/tr>\n<tr>\n<td width=\"180\">8309<\/td>\n<td width=\"120\"><strong>SP-21<\/strong><\/td>\n<td width=\"240\">Assemblage du loquet d&rsquo;un diam\u00e8tre de 1\/2&Prime;.<\/td>\n<td width=\"180\">10<\/td>\n<\/tr>\n<\/tbody>\n<\/table>\n<\/div>\n<\/div>\n<\/div>\n<\/div>\n<\/div>\n<div id=\"pg-1757-9\" class=\"panel-grid panel-no-style\" data-style=\"{&quot;background_display&quot;:&quot;tile&quot;}\">\n<div id=\"pgc-1757-9-0\" class=\"panel-grid-cell\" data-weight=\"0.5\">\n<div id=\"panel-1757-9-0-0\" class=\"so-panel widget widget_sow-editor panel-first-child panel-last-child\" data-index=\"13\" data-style=\"{&quot;background_display&quot;:&quot;tile&quot;,&quot;featured_widgets&quot;:&quot;&quot;}\">\n<div class=\"so-widget-sow-editor so-widget-sow-editor-base\">\n<div class=\"siteorigin-widget-tinymce textwidget\">\n<p><strong>Serrure d&rsquo;ouvrant SL-1<\/strong><\/p>\n<ul>\n<li>\u00c9conomique &#8211; pour une utilisation sur des portes et des panneaux plus petits.<\/li>\n<li>Pi\u00e8ces en acier estamp\u00e9 de forte \u00e9paisseur.<\/li>\n<li>Assemblage de rivets \u00ab\u00a0surdimensionn\u00e9s\u00a0\u00bb pour un service fiable.<\/li>\n<li>Rev\u00eatement en zinc-chromate pour la r\u00e9sistance \u00e0 la corrosion.<\/li>\n<li>Convenient large-size handle.<\/li>\n<\/ul>\n<\/div>\n<\/div>\n<\/div>\n<\/div>\n<div id=\"pgc-1757-9-1\" class=\"panel-grid-cell\" data-weight=\"0.5\">\n<div id=\"panel-1757-9-1-0\" class=\"so-panel widget widget_sow-editor panel-first-child panel-last-child\" data-index=\"14\" data-style=\"{&quot;background_display&quot;:&quot;tile&quot;,&quot;featured_widgets&quot;:&quot;&quot;}\">\n<div class=\"so-widget-sow-editor so-widget-sow-editor-base\">\n<div class=\"siteorigin-widget-tinymce textwidget\">\n<p><img loading=\"lazy\" decoding=\"async\" width=\"295\" height=\"156\" class=\"size-full wp-image-1628 alignright\" src=\"\/wp-content\/uploads\/2017\/04\/sl1.jpg\" alt=\"\"><\/p>\n<\/div>\n<\/div>\n<\/div>\n<\/div>\n<\/div>\n<div id=\"pg-1757-10\" class=\"panel-grid panel-no-style\" data-style=\"{&quot;background_display&quot;:&quot;tile&quot;}\">\n<div id=\"pgc-1757-10-0\" class=\"panel-grid-cell\" data-weight=\"1\">\n<div id=\"panel-1757-10-0-0\" class=\"so-panel widget widget_sow-editor panel-first-child panel-last-child\" data-index=\"15\" data-style=\"{&quot;background_display&quot;:&quot;tile&quot;,&quot;featured_widgets&quot;:&quot;&quot;}\">\n<div class=\"so-widget-sow-editor so-widget-sow-editor-base\">\n<div class=\"siteorigin-widget-tinymce textwidget\">\n<table>\n<tbody>\n<tr>\n<td width=\"180\">Item No.<\/td>\n<td width=\"120\">Code<\/td>\n<td width=\"240\">Description<\/td>\n<td width=\"180\">Qt\u00e9 par Bo\u00eete<\/td>\n<\/tr>\n<tr>\n<td width=\"180\">8108<\/td>\n<td width=\"120\"><strong>SL-1<\/strong><\/td>\n<td width=\"240\">Serrure \u00e0 guillotine<\/td>\n<td width=\"180\">50<\/td>\n<\/tr>\n<\/tbody>\n<\/table>\n<\/div>\n<\/div>\n<\/div>\n<\/div>\n<\/div>\n<div id=\"pg-1757-11\" class=\"panel-grid panel-no-style\" data-style=\"{&quot;background_display&quot;:&quot;tile&quot;}\">\n<div id=\"pgc-1757-11-0\" class=\"panel-grid-cell\" data-weight=\"0.5\">\n<div id=\"panel-1757-11-0-0\" class=\"so-panel widget widget_sow-editor panel-first-child panel-last-child\" data-index=\"16\" data-style=\"{&quot;background_display&quot;:&quot;tile&quot;,&quot;featured_widgets&quot;:&quot;&quot;}\">\n<div class=\"so-widget-sow-editor so-widget-sow-editor-base\">\n<div class=\"siteorigin-widget-tinymce textwidget\">\n<p><strong>Camlock<\/strong><\/p>\n<\/div>\n<\/div>\n<\/div>\n<\/div>\n<div id=\"pgc-1757-11-1\" class=\"panel-grid-cell\" data-weight=\"0.5\">\n<div id=\"panel-1757-11-1-0\" class=\"so-panel widget widget_sow-editor panel-first-child panel-last-child\" data-index=\"17\" data-style=\"{&quot;background_display&quot;:&quot;tile&quot;,&quot;featured_widgets&quot;:&quot;&quot;}\">\n<div class=\"so-widget-sow-editor so-widget-sow-editor-base\">\n<div class=\"siteorigin-widget-tinymce textwidget\">\n<p><img loading=\"lazy\" decoding=\"async\" class=\"size-full wp-image-1629 alignright\" src=\"\/wp-content\/uploads\/2017\/04\/sl2.jpg\" sizes=\"(max-width: 150px) 100vw, 150px\" srcset=\"https:\/\/www.durodynecanada.com\/wp-content\/uploads\/2017\/04\/sl2-150x150.jpg 150w, https:\/\/www.durodynecanada.com\/wp-content\/uploads\/2017\/04\/sl2-75x75.jpg 75w\" alt=\"\" width=\"150\" height=\"150\"><\/p>\n<\/div>\n<\/div>\n<\/div>\n<\/div>\n<\/div>\n<div id=\"pg-1757-12\" class=\"panel-grid panel-no-style\" data-style=\"{&quot;background_display&quot;:&quot;tile&quot;}\">\n<div id=\"pgc-1757-12-0\" class=\"panel-grid-cell\" data-weight=\"1\">\n<div id=\"panel-1757-12-0-0\" class=\"so-panel widget widget_sow-editor panel-first-child panel-last-child\" data-index=\"18\" data-style=\"{&quot;background_image_attachment&quot;:false,&quot;background_display&quot;:&quot;tile&quot;,&quot;featured_widgets&quot;:&quot;&quot;}\">\n<div class=\"so-widget-sow-editor so-widget-sow-editor-base\">\n<div class=\"siteorigin-widget-tinymce textwidget\">\n<table>\n<tbody>\n<tr>\n<td width=\"180\">Item No.<\/td>\n<td width=\"120\">Code<\/td>\n<td width=\"240\">Description<\/td>\n<td width=\"180\">Qt\u00e9 par Bo\u00eete<\/td>\n<\/tr>\n<tr>\n<td width=\"180\">8138<\/td>\n<td width=\"120\"><strong>SL-2<\/strong><\/td>\n<td width=\"240\">Camlock<\/td>\n<td width=\"180\">100<\/td>\n<\/tr>\n<\/tbody>\n<\/table>\n<\/div>\n<\/div>\n<\/div>\n<\/div>\n<\/div>\n<\/div>\n","protected":false},"excerpt":{"rendered":"<p>POIGN\u00c9ES ET FERMETURE DE PORTE D&rsquo;ACC\u00c8S DURO DYNE SP-5 Poign\u00e9e de porte Pi\u00e8ces solides en alliage zinc\/aluminium moul\u00e9es sous pression. R\u00e9sistant \u00e0 la corrosion, antirouille. Arbre de 5\/16&Prime; de diam\u00e8tre avec grille encastr\u00e9e pour recevoir les vis de r\u00e9glage. La poign\u00e9e de la g\u00e2che permet l&rsquo;ouverture de l&rsquo;int\u00e9rieur. La rondelle en n\u00e9opr\u00e8ne emp\u00eache les fuites. &hellip;<\/p>\n","protected":false},"author":15,"featured_media":0,"parent":7628,"menu_order":0,"comment_status":"closed","ping_status":"closed","template":"","meta":{"_acf_changed":false,"footnotes":""},"acf":[],"_links":{"self":[{"href":"https:\/\/www.durodynecanada.com\/fr\/wp-json\/wp\/v2\/pages\/7711"}],"collection":[{"href":"https:\/\/www.durodynecanada.com\/fr\/wp-json\/wp\/v2\/pages"}],"about":[{"href":"https:\/\/www.durodynecanada.com\/fr\/wp-json\/wp\/v2\/types\/page"}],"author":[{"embeddable":true,"href":"https:\/\/www.durodynecanada.com\/fr\/wp-json\/wp\/v2\/users\/15"}],"replies":[{"embeddable":true,"href":"https:\/\/www.durodynecanada.com\/fr\/wp-json\/wp\/v2\/comments?post=7711"}],"version-history":[{"count":3,"href":"https:\/\/www.durodynecanada.com\/fr\/wp-json\/wp\/v2\/pages\/7711\/revisions"}],"predecessor-version":[{"id":8407,"href":"https:\/\/www.durodynecanada.com\/fr\/wp-json\/wp\/v2\/pages\/7711\/revisions\/8407"}],"up":[{"embeddable":true,"href":"https:\/\/www.durodynecanada.com\/fr\/wp-json\/wp\/v2\/pages\/7628"}],"wp:attachment":[{"href":"https:\/\/www.durodynecanada.com\/fr\/wp-json\/wp\/v2\/media?parent=7711"}],"curies":[{"name":"wp","href":"https:\/\/api.w.org\/{rel}","templated":true}]}}