{"id":7708,"date":"2017-04-05T10:33:49","date_gmt":"2017-04-05T14:33:49","guid":{"rendered":"https:\/\/www.durodynecanada.com\/nos-produits\/air-regulation\/jiffy-dampers\/"},"modified":"2022-06-16T15:53:19","modified_gmt":"2022-06-16T19:53:19","slug":"amortisseurs-jiffy","status":"publish","type":"page","link":"https:\/\/www.durodynecanada.com\/fr\/nos-produits\/regulateur-air\/amortisseurs-jiffy\/","title":{"rendered":"Amortisseurs Jiffy"},"content":{"rendered":"<p><strong>AMORTISSEURS JIFFY<\/strong><\/p>\n<p><strong>S\u00e9rie JDS Amortisseurs Jiffy 10\/Bo\u00eete<\/strong><\/p>\n<p>Le <strong>Jiffy Damper<\/strong> de la s\u00e9rie \u00ab\u00a0JDS\u00a0\u00bb offre \u00e0 l&rsquo;entrepreneur un amortisseur rond de qualit\u00e9 \u00e0 un co\u00fbt inf\u00e9rieur \u00e0 celui de la plupart des amortisseurs fabriqu\u00e9s en atelier. La s\u00e9rie <strong>JDS de Duro Dyne<\/strong> utilise des jeux de ressorts rapides et de roulements \u00e0 billes solides de qualit\u00e9.<\/p>\n<table>\n<tbody>\n<tr>\n<td width=\"102\"><strong>Item No.<\/strong><\/td>\n<td width=\"120\"><strong>Code<\/strong><\/td>\n<td width=\"138\"><strong>Diam\u00e8tre de l&rsquo;Amortisseur<\/strong><\/td>\n<\/tr>\n<tr>\n<td width=\"102\">8092<\/td>\n<td width=\"120\"><strong>JDS-4<\/strong><\/td>\n<td width=\"138\">4\u201d<\/td>\n<\/tr>\n<tr>\n<td width=\"102\">8093<\/td>\n<td width=\"120\"><strong>JDS-5<\/strong><\/td>\n<td width=\"138\">5\u201d<\/td>\n<\/tr>\n<tr>\n<td width=\"102\">8094<\/td>\n<td width=\"120\"><strong>JDS-6<\/strong><\/td>\n<td width=\"138\">6\u201d<\/td>\n<\/tr>\n<tr>\n<td width=\"102\">8095<\/td>\n<td width=\"120\"><strong>JDS-7<\/strong><\/td>\n<td width=\"138\">7\u201d<\/td>\n<\/tr>\n<tr>\n<td width=\"102\">8096<\/td>\n<td width=\"120\"><strong>JDS-8<\/strong><\/td>\n<td width=\"138\">8\u201d<\/td>\n<\/tr>\n<tr>\n<td width=\"102\">8097<\/td>\n<td width=\"120\"><strong>JDS-9<\/strong><\/td>\n<td width=\"138\">9\u201d<\/td>\n<\/tr>\n<tr>\n<td width=\"102\">8137<\/td>\n<td width=\"120\"><strong>JDS-10<\/strong><\/td>\n<td width=\"138\">10\u201d<\/td>\n<\/tr>\n<\/tbody>\n<\/table>\n<p><img loading=\"lazy\" decoding=\"async\" width=\"273\" height=\"202\" class=\"size-full wp-image-1627 aligncenter\" src=\"\/wp-content\/uploads\/2017\/04\/jds2017.jpg\" alt=\"\"><\/p>\n<p><strong>Amortisseurs Jiffy de la s\u00e9rie JD 10\/Bo\u00eete<\/strong><\/p>\n<p>Le <strong>Jiffy Damper de la s\u00e9rie \u00ab\u00a0JD\u00a0\u00bb<\/strong> offre une \u00e9conomie suppl\u00e9mentaire dans les applications o\u00f9 un palier de queue solide n&rsquo;est pas n\u00e9cessaire sur l&rsquo;amortisseur. L&rsquo;amortisseur JD de Duro Dyne utilise un roulement de ressort rapit.<\/p>\n<table>\n<tbody>\n<tr>\n<td width=\"102\"><strong>Item No.<\/strong><\/td>\n<td width=\"120\"><strong>Code<\/strong><\/td>\n<td width=\"138\"><strong>Diam\u00e8tre de l&rsquo;Amortisseur<\/strong><\/td>\n<\/tr>\n<tr>\n<td width=\"102\">8098<\/td>\n<td width=\"120\"><strong>JD-4<\/strong><\/td>\n<td width=\"138\">4\u201d<\/td>\n<\/tr>\n<tr>\n<td width=\"102\">8099<\/td>\n<td width=\"120\"><strong>JD-5<\/strong><\/td>\n<td width=\"138\">5\u201d<\/td>\n<\/tr>\n<tr>\n<td width=\"102\">8100<\/td>\n<td width=\"120\"><strong>JD-6<\/strong><\/td>\n<td width=\"138\">6\u201d<\/td>\n<\/tr>\n<tr>\n<td width=\"102\">8101<\/td>\n<td width=\"120\"><strong>JD-7<\/strong><\/td>\n<td width=\"138\">7\u201d<\/td>\n<\/tr>\n<tr>\n<td width=\"102\">8146<\/td>\n<td width=\"120\"><strong>JD-8<\/strong><\/td>\n<td width=\"138\">8\u201d<\/td>\n<\/tr>\n<\/tbody>\n<\/table>\n<p><img loading=\"lazy\" decoding=\"async\" width=\"273\" height=\"221\" class=\"size-full wp-image-1626 aligncenter\" src=\"\/wp-content\/uploads\/2017\/04\/jd2017.jpg\" alt=\"\"><\/p>\n","protected":false},"excerpt":{"rendered":"<p>AMORTISSEURS JIFFY S\u00e9rie JDS Amortisseurs Jiffy 10\/Bo\u00eete Le Jiffy Damper de la s\u00e9rie \u00ab\u00a0JDS\u00a0\u00bb offre \u00e0 l&rsquo;entrepreneur un amortisseur rond de qualit\u00e9 \u00e0 un co\u00fbt inf\u00e9rieur \u00e0 celui de la plupart des amortisseurs fabriqu\u00e9s en atelier. La s\u00e9rie JDS de Duro Dyne utilise des jeux de ressorts rapides et de roulements \u00e0 billes solides de &hellip;<\/p>\n","protected":false},"author":15,"featured_media":0,"parent":7628,"menu_order":0,"comment_status":"closed","ping_status":"closed","template":"","meta":{"_acf_changed":false,"footnotes":""},"acf":[],"_links":{"self":[{"href":"https:\/\/www.durodynecanada.com\/fr\/wp-json\/wp\/v2\/pages\/7708"}],"collection":[{"href":"https:\/\/www.durodynecanada.com\/fr\/wp-json\/wp\/v2\/pages"}],"about":[{"href":"https:\/\/www.durodynecanada.com\/fr\/wp-json\/wp\/v2\/types\/page"}],"author":[{"embeddable":true,"href":"https:\/\/www.durodynecanada.com\/fr\/wp-json\/wp\/v2\/users\/15"}],"replies":[{"embeddable":true,"href":"https:\/\/www.durodynecanada.com\/fr\/wp-json\/wp\/v2\/comments?post=7708"}],"version-history":[{"count":3,"href":"https:\/\/www.durodynecanada.com\/fr\/wp-json\/wp\/v2\/pages\/7708\/revisions"}],"predecessor-version":[{"id":8378,"href":"https:\/\/www.durodynecanada.com\/fr\/wp-json\/wp\/v2\/pages\/7708\/revisions\/8378"}],"up":[{"embeddable":true,"href":"https:\/\/www.durodynecanada.com\/fr\/wp-json\/wp\/v2\/pages\/7628"}],"wp:attachment":[{"href":"https:\/\/www.durodynecanada.com\/fr\/wp-json\/wp\/v2\/media?parent=7708"}],"curies":[{"name":"wp","href":"https:\/\/api.w.org\/{rel}","templated":true}]}}