{"id":7705,"date":"2020-09-04T09:11:06","date_gmt":"2020-09-04T13:11:06","guid":{"rendered":"https:\/\/www.durodynecanada.com\/nos-produits\/air-regulation\/hinges\/"},"modified":"2023-06-13T12:13:53","modified_gmt":"2023-06-13T16:13:53","slug":"charnieres","status":"publish","type":"page","link":"https:\/\/www.durodynecanada.com\/fr\/nos-produits\/regulateur-air\/charnieres\/","title":{"rendered":"Charni\u00e8res"},"content":{"rendered":"<div id=\"pl-1745\" class=\"panel-layout\">\n<div id=\"pg-1745-0\" class=\"panel-grid panel-no-style\" data-style=\"{&quot;background_display&quot;:&quot;tile&quot;}\">\n<div id=\"pgc-1745-0-0\" class=\"panel-grid-cell\" data-weight=\"0.5\">\n<div id=\"panel-1745-0-0-0\" class=\"so-panel widget widget_sow-editor panel-first-child panel-last-child\" data-index=\"0\" data-style=\"{&quot;background_display&quot;:&quot;tile&quot;,&quot;featured_widgets&quot;:&quot;&quot;}\">\n<div class=\"so-widget-sow-editor so-widget-sow-editor-base\">\n<div class=\"siteorigin-widget-tinymce textwidget\">\n<p><strong>CHARNI\u00c8RES \u00c0 BOUT DURO DYNE<br \/>\nET CHARNI\u00c8RES PIANO<\/strong><\/p>\n<p><strong>Embouts de fesses emball\u00e9s &#8211; 1 douzaine de paires par carton<\/strong><\/p>\n<\/div>\n<\/div>\n<\/div>\n<\/div>\n<div id=\"pgc-1745-0-1\" class=\"panel-grid-cell\" data-weight=\"0.5\">\n<div id=\"panel-1745-0-1-0\" class=\"so-panel widget widget_sow-editor panel-first-child panel-last-child\" data-index=\"1\" data-style=\"{&quot;background_display&quot;:&quot;tile&quot;,&quot;featured_widgets&quot;:&quot;&quot;}\">\n<div class=\"so-widget-sow-editor so-widget-sow-editor-base\">\n<div class=\"siteorigin-widget-tinymce textwidget\">\n<p><img loading=\"lazy\" decoding=\"async\" width=\"160\" height=\"129\" class=\"size-full wp-image-1623 alignright\" src=\"\/wp-content\/uploads\/2017\/04\/hb2016.jpg\" alt=\"\" \/><\/p>\n<\/div>\n<\/div>\n<\/div>\n<\/div>\n<\/div>\n<div id=\"pg-1745-1\" class=\"panel-grid panel-no-style\" data-style=\"{&quot;background_display&quot;:&quot;tile&quot;}\">\n<div id=\"pgc-1745-1-0\" class=\"panel-grid-cell\" data-weight=\"1\">\n<div id=\"panel-1745-1-0-0\" class=\"so-panel widget widget_sow-editor panel-first-child panel-last-child\" data-index=\"2\" data-style=\"{&quot;background_display&quot;:&quot;tile&quot;,&quot;featured_widgets&quot;:&quot;&quot;}\">\n<div class=\"so-widget-sow-editor so-widget-sow-editor-base\">\n<div class=\"siteorigin-widget-tinymce textwidget\">\n<table>\n<tbody>\n<tr>\n<td width=\"55\"><strong>No.<\/strong><\/td>\n<td width=\"72\"><strong>Code<\/strong><\/td>\n<td width=\"108\"><strong>Taille<\/strong><\/td>\n<td width=\"288\"><strong>Description<\/strong><\/td>\n<\/tr>\n<tr>\n<td width=\"55\">8113<\/td>\n<td width=\"72\"><strong>HB-2<\/strong><\/td>\n<td width=\"108\">2&Prime; x 1-1\/2&Prime;<\/td>\n<td rowspan=\"2\" width=\"288\">Charni\u00e8re l\u00e9g\u00e8re et \u00e9troite, axe en laiton massif, sans trous de vis. Acier, finition zingu\u00e9e.<\/td>\n<\/tr>\n<tr>\n<td width=\"55\">8114<\/td>\n<td width=\"72\"><strong>HB-3<\/strong><\/td>\n<td width=\"108\">3&Prime; x 2&Prime;<\/td>\n<\/tr>\n<\/tbody>\n<\/table>\n<\/div>\n<\/div>\n<\/div>\n<\/div>\n<\/div>\n<div id=\"pg-1745-2\" class=\"panel-grid panel-no-style\" data-style=\"{&quot;background_display&quot;:&quot;tile&quot;}\">\n<div id=\"pgc-1745-2-0\" class=\"panel-grid-cell\" data-weight=\"0.5\">\n<div id=\"panel-1745-2-0-0\" class=\"so-panel widget widget_sow-editor panel-first-child panel-last-child\" data-index=\"3\" data-style=\"{&quot;background_display&quot;:&quot;tile&quot;,&quot;featured_widgets&quot;:&quot;&quot;}\">\n<div class=\"so-widget-sow-editor so-widget-sow-editor-base\">\n<div class=\"siteorigin-widget-tinymce textwidget\">\n<p><strong>CHARNI\u00c8RES POUR PIANO Emball\u00e9 &#8211; 25 par carton<br \/>\nACIER NON PLAQU\u00c9 &#8211; AXE EN ACIER &#8211; SANS TROUS<br \/>\n<\/strong><\/p>\n<\/div>\n<\/div>\n<\/div>\n<\/div>\n<div id=\"pgc-1745-2-1\" class=\"panel-grid-cell\" data-weight=\"0.5\">\n<div id=\"panel-1745-2-1-0\" class=\"so-panel widget widget_sow-editor panel-first-child panel-last-child\" data-index=\"4\" data-style=\"{&quot;background_display&quot;:&quot;tile&quot;,&quot;featured_widgets&quot;:&quot;&quot;}\">\n<div class=\"so-widget-sow-editor so-widget-sow-editor-base\">\n<div class=\"siteorigin-widget-tinymce textwidget\">\n<p><img loading=\"lazy\" decoding=\"async\" width=\"479\" height=\"123\" class=\"size-full wp-image-1624 alignright\" src=\"\/wp-content\/uploads\/2017\/04\/hp2016.jpg\" sizes=\"(max-width: 479px) 100vw, 479px\" srcset=\"https:\/\/www.durodynecanada.com\/wp-content\/uploads\/2017\/04\/hp2016.jpg 479w, https:\/\/www.durodynecanada.com\/wp-content\/uploads\/2017\/04\/hp2016-300x77.jpg 300w\" alt=\"\" \/><\/p>\n<\/div>\n<\/div>\n<\/div>\n<\/div>\n<\/div>\n<div id=\"pg-1745-3\" class=\"panel-grid panel-no-style\" data-style=\"{&quot;background_display&quot;:&quot;tile&quot;}\">\n<div id=\"pgc-1745-3-0\" class=\"panel-grid-cell\" data-weight=\"1\">\n<div id=\"panel-1745-3-0-0\" class=\"so-panel widget widget_sow-editor panel-first-child panel-last-child\" data-index=\"5\" data-style=\"{&quot;background_display&quot;:&quot;tile&quot;,&quot;featured_widgets&quot;:&quot;&quot;}\">\n<div class=\"so-widget-sow-editor so-widget-sow-editor-base\">\n<div class=\"siteorigin-widget-tinymce textwidget\">\n<table>\n<tbody>\n<tr>\n<td width=\"55\"><strong>No.<\/strong><\/td>\n<td width=\"72\"><strong>Code<\/strong><\/td>\n<td width=\"108\"><strong>Largeur Totale<\/strong><\/td>\n<td width=\"96\"><strong>\u00c9paisseur<\/strong><\/td>\n<td width=\"192\"><strong>Longueur<\/strong><\/td>\n<\/tr>\n<tr>\n<td width=\"55\">8117<\/td>\n<td width=\"72\"><strong>HP-116<\/strong><\/td>\n<td width=\"108\">1-1\/16&Prime;<\/td>\n<td width=\"96\">.040&Prime;<\/td>\n<td width=\"192\">3&prime;<\/td>\n<\/tr>\n<tr>\n<td width=\"55\">8119<\/td>\n<td width=\"72\"><strong>HP-23<\/strong><\/td>\n<td width=\"108\">2&Prime;<\/td>\n<td width=\"96\">.060&Prime;<\/td>\n<td width=\"192\">3&prime;<\/td>\n<\/tr>\n<tr>\n<td width=\"55\">8313<\/td>\n<td width=\"72\"><strong>HP-616<\/strong><\/td>\n<td width=\"108\">1-1\/16&Prime;<\/td>\n<td width=\"96\">.040&Prime;<\/td>\n<td width=\"192\">6&prime;<\/td>\n<\/tr>\n<tr>\n<td width=\"55\">8315<\/td>\n<td width=\"72\"><strong>HP-623<\/strong><\/td>\n<td width=\"108\">2&Prime;<\/td>\n<td width=\"96\">.060&Prime;<\/td>\n<td width=\"192\">6&prime;<\/td>\n<\/tr>\n<\/tbody>\n<\/table>\n<\/div>\n<\/div>\n<\/div>\n<\/div>\n<\/div>\n<div id=\"pg-1745-4\" class=\"panel-grid panel-no-style\" data-style=\"{&quot;background_display&quot;:&quot;tile&quot;}\">\n<div id=\"pgc-1745-4-0\" class=\"panel-grid-cell\" data-weight=\"0.5\">\n<div id=\"panel-1745-4-0-0\" class=\"so-panel widget widget_sow-editor panel-first-child panel-last-child\" data-index=\"6\" data-style=\"{&quot;background_display&quot;:&quot;tile&quot;,&quot;featured_widgets&quot;:&quot;&quot;}\">\n<div class=\"so-widget-sow-editor so-widget-sow-editor-base\">\n<div class=\"siteorigin-widget-tinymce textwidget\">\n<p><strong>ACIER PLAQU\u00c9 &#8211; GOUPILLE EN ACIER &#8211; AVEC TROUS<\/strong><\/p>\n<\/div>\n<\/div>\n<\/div>\n<\/div>\n<div id=\"pgc-1745-4-1\" class=\"panel-grid-cell\" data-weight=\"0.5\">\n<div id=\"panel-1745-4-1-0\" class=\"so-panel widget widget_sow-editor panel-first-child panel-last-child\" data-index=\"7\" data-style=\"{&quot;background_display&quot;:&quot;tile&quot;,&quot;featured_widgets&quot;:&quot;&quot;}\">\n<div class=\"so-widget-sow-editor so-widget-sow-editor-base\">\n<div class=\"siteorigin-widget-tinymce textwidget\">\n<p><img decoding=\"async\" class=\"size-full wp-image-1624 alignright\" src=\"\/wp-content\/uploads\/2017\/04\/hph2016.jpg\" alt=\"\" \/><\/p>\n<\/div>\n<\/div>\n<\/div>\n<\/div>\n<\/div>\n<div id=\"pg-1745-5\" class=\"panel-grid panel-no-style\" data-style=\"{&quot;background_display&quot;:&quot;tile&quot;}\">\n<div id=\"pgc-1745-5-0\" class=\"panel-grid-cell\" data-weight=\"1\">\n<div id=\"panel-1745-5-0-0\" class=\"so-panel widget widget_sow-editor panel-first-child panel-last-child\" data-index=\"8\" data-style=\"{&quot;background_display&quot;:&quot;tile&quot;,&quot;featured_widgets&quot;:&quot;&quot;}\">\n<div class=\"so-widget-sow-editor so-widget-sow-editor-base\">\n<div class=\"siteorigin-widget-tinymce textwidget\">\n<table>\n<tbody>\n<tr>\n<td width=\"55\"><strong>No.<\/strong><\/td>\n<td width=\"84\"><strong>Code<\/strong><\/td>\n<td width=\"108\"><strong>Largeur Totale<\/strong><\/td>\n<td width=\"84\"><strong>\u00c9paisseur<\/strong><\/td>\n<td width=\"192\"><strong>Longueur<\/strong><\/td>\n<\/tr>\n<tr>\n<td width=\"55\">8121<\/td>\n<td width=\"84\"><strong>HPH-112<\/strong><\/td>\n<td width=\"108\">1-1\/2&Prime;<\/td>\n<td width=\"84\">.040&Prime;<\/td>\n<td width=\"192\">3&prime;<\/td>\n<\/tr>\n<tr>\n<td width=\"55\">8317<\/td>\n<td width=\"84\"><strong>HPH-612<\/strong><\/td>\n<td width=\"108\">1-1\/2&Prime;<\/td>\n<td width=\"84\">.040&Prime;<\/td>\n<td width=\"192\">6&prime;<\/td>\n<\/tr>\n<\/tbody>\n<\/table>\n<p><strong>ACIER PLAQU\u00c9 &#8211; AXE EN LAITON &#8211; SANS TROUS<\/strong><\/p>\n<table>\n<tbody>\n<tr>\n<td width=\"55\"><strong>No.<\/strong><\/td>\n<td width=\"84\"><strong>Code<\/strong><\/td>\n<td width=\"108\"><strong>Largeur Totale<\/strong><\/td>\n<td width=\"84\"><strong>\u00c9paisseur<\/strong><\/td>\n<td width=\"192\"><strong>Longueur<\/strong><\/td>\n<\/tr>\n<tr>\n<td width=\"55\">8320<\/td>\n<td width=\"84\"><strong>HPB-23<\/strong><\/td>\n<td width=\"108\">2&Prime;<\/td>\n<td width=\"84\">.060&Prime;<\/td>\n<td width=\"192\">3&prime;<\/td>\n<\/tr>\n<tr>\n<td width=\"55\">8323<\/td>\n<td width=\"84\"><strong>HPB-623<\/strong><\/td>\n<td width=\"108\">2&Prime;<\/td>\n<td width=\"84\">.060&Prime;<\/td>\n<td width=\"192\">6&prime;<\/td>\n<\/tr>\n<\/tbody>\n<\/table>\n<p><strong>ACIER INOXYDABLE (type 300) &#8211; PIN INOXYDABLE (type 300) &#8211; PAS DE TROUILLES<\/strong><\/p>\n<table>\n<tbody>\n<tr>\n<td width=\"55\"><strong>No.<\/strong><\/td>\n<td width=\"84\"><strong>Code<\/strong><\/td>\n<td width=\"108\"><b>Largeur Totale<\/b><\/td>\n<td width=\"84\"><strong>\u00c9paisseur<\/strong><\/td>\n<td width=\"196\"><strong>Longueur<\/strong><\/td>\n<\/tr>\n<tr>\n<td width=\"55\">8325<\/td>\n<td width=\"84\"><strong>HPX-112<\/strong><\/td>\n<td width=\"108\">1-1\/2&Prime;<\/td>\n<td width=\"84\">.037&Prime;<\/td>\n<td width=\"196\">3&prime;<\/td>\n<\/tr>\n<tr>\n<td width=\"55\">8327<\/td>\n<td width=\"84\"><strong>HPX-612<\/strong><\/td>\n<td width=\"108\">1-1\/2&Prime;<\/td>\n<td width=\"84\">.037&Prime;<\/td>\n<td width=\"196\">6&prime;<\/td>\n<\/tr>\n<\/tbody>\n<\/table>\n<\/div>\n<\/div>\n<\/div>\n<\/div>\n<\/div>\n<\/div>\n","protected":false},"excerpt":{"rendered":"<p>CHARNI\u00c8RES \u00c0 BOUT DURO DYNE ET CHARNI\u00c8RES PIANO Embouts de fesses emball\u00e9s &#8211; 1 douzaine de paires par carton No. Code Taille Description 8113 HB-2 2&Prime; x 1-1\/2&Prime; Charni\u00e8re l\u00e9g\u00e8re et \u00e9troite, axe en laiton massif, sans trous de vis. Acier, finition zingu\u00e9e. 8114 HB-3 3&Prime; x 2&Prime; CHARNI\u00c8RES POUR PIANO Emball\u00e9 &#8211; 25 par &hellip;<\/p>\n","protected":false},"author":15,"featured_media":0,"parent":7628,"menu_order":0,"comment_status":"closed","ping_status":"closed","template":"","meta":{"_acf_changed":false,"footnotes":""},"acf":[],"_links":{"self":[{"href":"https:\/\/www.durodynecanada.com\/fr\/wp-json\/wp\/v2\/pages\/7705"}],"collection":[{"href":"https:\/\/www.durodynecanada.com\/fr\/wp-json\/wp\/v2\/pages"}],"about":[{"href":"https:\/\/www.durodynecanada.com\/fr\/wp-json\/wp\/v2\/types\/page"}],"author":[{"embeddable":true,"href":"https:\/\/www.durodynecanada.com\/fr\/wp-json\/wp\/v2\/users\/15"}],"replies":[{"embeddable":true,"href":"https:\/\/www.durodynecanada.com\/fr\/wp-json\/wp\/v2\/comments?post=7705"}],"version-history":[{"count":4,"href":"https:\/\/www.durodynecanada.com\/fr\/wp-json\/wp\/v2\/pages\/7705\/revisions"}],"predecessor-version":[{"id":8943,"href":"https:\/\/www.durodynecanada.com\/fr\/wp-json\/wp\/v2\/pages\/7705\/revisions\/8943"}],"up":[{"embeddable":true,"href":"https:\/\/www.durodynecanada.com\/fr\/wp-json\/wp\/v2\/pages\/7628"}],"wp:attachment":[{"href":"https:\/\/www.durodynecanada.com\/fr\/wp-json\/wp\/v2\/media?parent=7705"}],"curies":[{"name":"wp","href":"https:\/\/api.w.org\/{rel}","templated":true}]}}