{"id":7702,"date":"2017-04-05T09:14:51","date_gmt":"2017-04-05T13:14:51","guid":{"rendered":"https:\/\/www.durodynecanada.com\/nos-produits\/air-regulation\/gasketing\/"},"modified":"2022-06-16T16:01:16","modified_gmt":"2022-06-16T20:01:16","slug":"joint-etancheite","status":"publish","type":"page","link":"https:\/\/www.durodynecanada.com\/fr\/nos-produits\/regulateur-air\/joint-etancheite\/","title":{"rendered":"Joint d&rsquo;\u00e9tanch\u00e9it\u00e9"},"content":{"rendered":"<p><strong>REDDI-STIK JOINT D&rsquo;\u00c9TANCH\u00c9IT\u00c9 POUR<br \/>\nPORTES D&rsquo;ACC\u00c8S ET CLAPETS<\/strong><\/p>\n<p>Les mat\u00e9riaux d&rsquo;\u00e9tanch\u00e9it\u00e9 <strong>REDDI-STIK de DURO DYNE<\/strong> ont \u00e9t\u00e9 d\u00e9velopp\u00e9s pour r\u00e9pondre aux exigences sp\u00e9cifiques des m\u00e9tiers de la ventilation et de la climatisation.<br \/>\nLes adh\u00e9sifs utilis\u00e9s ont \u00e9t\u00e9 choisis pour leur fiabilit\u00e9, leur pouvoir de r\u00e9tention sup\u00e9rieur et leur large gamme de temp\u00e9ratures. Lorsque cela est n\u00e9cessaire, un film de Mylar a \u00e9t\u00e9 lamin\u00e9 sur le mat\u00e9riau afin de le rendre plus r\u00e9sistant et d&rsquo;\u00e9viter son \u00e9tirement.<\/p>\n<p><strong>N\u00c9OPR\u00c8NE<\/strong><\/p>\n<p>N\u00e9opr\u00e8ne \u00e0 cellules ferm\u00e9es moyennement souple (ASTM-SC-41) avec des cellules non connect\u00e9es pour des qualit\u00e9s d&rsquo;isolation exceptionnelles, soutenu par un adh\u00e9sif puissant et fiable. Prot\u00e9g\u00e9 par un papier de support facile \u00e0 d\u00e9coller (trait\u00e9).<\/p>\n<ul>\n<li>Performance en mati\u00e8re d&rsquo;\u00e9tanch\u00e9it\u00e9 \u00e0 l&rsquo;air<\/li>\n<li>Faible absorption d&rsquo;eau<\/li>\n<li>Excellente r\u00e9sistance aux acides, aux alcalis, aux huiles, etc.<\/li>\n<li>Plage de temp\u00e9rature : -35 \u00e0 95\u00b0C.<\/li>\n<li>Id\u00e9al pour les portes d&rsquo;acc\u00e8s dans les syst\u00e8mes \u00e0 haute v\u00e9locit\u00e9.<\/li>\n<\/ul>\n<p><img decoding=\"async\" class=\"alignnone size-full wp-image-1621\" src=\"\/wp-content\/uploads\/2017\/04\/gasket.jpg\" sizes=\"(max-width: 300px) 100vw, 300px\" srcset=\"https:\/\/www.durodynecanada.com\/wp-content\/uploads\/2017\/04\/gasket.jpg 300w, https:\/\/www.durodynecanada.com\/wp-content\/uploads\/2017\/04\/gasket-217x300.jpg 217w\" alt=\"\" width=\"150\"><\/p>\n<table>\n<tbody>\n<tr>\n<td width=\"120\"><strong>Item No.<\/strong><\/td>\n<td width=\"120\"><strong>Code<\/strong><\/td>\n<td width=\"120\"><strong>\u00c9paisseur<\/strong><\/td>\n<td width=\"120\"><strong>Largeur<\/strong><\/td>\n<td width=\"120\"><strong>Pieds par rouleau<\/strong><\/td>\n<td width=\"120\"><strong>Qt\u00e9 par Bo\u00eete<\/strong><\/td>\n<\/tr>\n<tr>\n<td width=\"120\">8129<\/td>\n<td width=\"120\"><strong>GN-22<\/strong><\/td>\n<td width=\"120\">1\/8\u201d<\/td>\n<td width=\"120\">1\/2\u201d<\/td>\n<td width=\"120\">50<\/td>\n<td width=\"120\">24<\/td>\n<\/tr>\n<tr>\n<td width=\"120\">8310<\/td>\n<td width=\"120\"><strong>GN-23<\/strong><\/td>\n<td width=\"120\">1\/8\u201d<\/td>\n<td width=\"120\">3\/4\u201d<\/td>\n<td width=\"120\">50<\/td>\n<td width=\"120\">16<\/td>\n<\/tr>\n<tr>\n<td width=\"120\">8130<\/td>\n<td width=\"120\"><strong>GN-43<\/strong><\/td>\n<td width=\"120\">1\/4\u201d<\/td>\n<td width=\"120\">3\/4\u201d<\/td>\n<td width=\"120\">25<\/td>\n<td width=\"120\">16<\/td>\n<\/tr>\n<tr>\n<td width=\"120\">8131<\/td>\n<td width=\"120\"><strong>GN-63<\/strong><\/td>\n<td width=\"120\">3\/8\u201d<\/td>\n<td width=\"120\">3\/4\u201d<\/td>\n<td width=\"120\">20<\/td>\n<td width=\"120\">16<\/td>\n<\/tr>\n<\/tbody>\n<\/table>\n<p><strong>UR\u00c9THANE<\/strong><\/p>\n<p>Mousse de polyur\u00e9thane (type polyester) avec support en Mylar. Un adh\u00e9sif sensible \u00e0 la pression et \u00e0 haute adh\u00e9rence est appliqu\u00e9 sur une face et est prot\u00e9g\u00e9 par un papier dorsal silicon\u00e9 facile \u00e0 enlever.<\/p>\n<ul>\n<li>Hautement r\u00e9silient, flexible, l\u00e9ger.<\/li>\n<li>R\u00e9sistant aux huiles, \u00e0 l&rsquo;eau et \u00e0 de nombreux produits chimiques.<\/li>\n<li>Plage de temp\u00e9rature : -50 \u00e0 80\u00b0C.<\/li>\n<li>\u00c9conomique<\/li>\n<li>Ne s&rsquo;\u00e9tire pas<\/li>\n<\/ul>\n<p><img decoding=\"async\" class=\"alignnone size-full wp-image-1621\" src=\"\/wp-content\/uploads\/2017\/04\/gasket.jpg\" sizes=\"(max-width: 300px) 100vw, 300px\" srcset=\"https:\/\/www.durodynecanada.com\/wp-content\/uploads\/2017\/04\/gasket.jpg 300w, https:\/\/www.durodynecanada.com\/wp-content\/uploads\/2017\/04\/gasket-217x300.jpg 217w\" alt=\"\" width=\"150\"><\/p>\n<table>\n<tbody>\n<tr>\n<td width=\"120\"><strong>Item No.<\/strong><\/td>\n<td width=\"120\"><strong>Code<\/strong><\/td>\n<td width=\"120\"><strong>\u00c9paisseur<\/strong><\/td>\n<td width=\"120\"><strong>Largeur<\/strong><\/td>\n<td width=\"120\"><strong>Pieds par rouleau<\/strong><\/td>\n<td width=\"120\"><strong>Qt\u00e9 par Bo\u00eete<\/strong><\/td>\n<\/tr>\n<tr>\n<td width=\"120\">8126<\/td>\n<td width=\"120\"><strong>GU-32<\/strong><\/td>\n<td width=\"120\">3\/16\u201d<\/td>\n<td width=\"120\">1\/2\u201d<\/td>\n<td width=\"120\">50<\/td>\n<td width=\"120\">24<\/td>\n<\/tr>\n<tr>\n<td width=\"120\">8127<\/td>\n<td width=\"120\"><strong>GU-43<\/strong><\/td>\n<td width=\"120\">1\/4\u201d<\/td>\n<td width=\"120\">3\/4\u201d<\/td>\n<td width=\"120\">40<\/td>\n<td width=\"120\">16<\/td>\n<\/tr>\n<tr>\n<td width=\"120\">8128<\/td>\n<td width=\"120\"><strong>GU-63<\/strong><\/td>\n<td width=\"120\">3\/8\u201d<\/td>\n<td width=\"120\">3\/4\u201d<\/td>\n<td width=\"120\">25<\/td>\n<td width=\"120\">16<\/td>\n<\/tr>\n<\/tbody>\n<\/table>\n","protected":false},"excerpt":{"rendered":"<p>REDDI-STIK JOINT D&rsquo;\u00c9TANCH\u00c9IT\u00c9 POUR PORTES D&rsquo;ACC\u00c8S ET CLAPETS Les mat\u00e9riaux d&rsquo;\u00e9tanch\u00e9it\u00e9 REDDI-STIK de DURO DYNE ont \u00e9t\u00e9 d\u00e9velopp\u00e9s pour r\u00e9pondre aux exigences sp\u00e9cifiques des m\u00e9tiers de la ventilation et de la climatisation. Les adh\u00e9sifs utilis\u00e9s ont \u00e9t\u00e9 choisis pour leur fiabilit\u00e9, leur pouvoir de r\u00e9tention sup\u00e9rieur et leur large gamme de temp\u00e9ratures. Lorsque cela est &hellip;<\/p>\n","protected":false},"author":15,"featured_media":0,"parent":7628,"menu_order":0,"comment_status":"closed","ping_status":"closed","template":"","meta":{"_acf_changed":false,"footnotes":""},"acf":[],"_links":{"self":[{"href":"https:\/\/www.durodynecanada.com\/fr\/wp-json\/wp\/v2\/pages\/7702"}],"collection":[{"href":"https:\/\/www.durodynecanada.com\/fr\/wp-json\/wp\/v2\/pages"}],"about":[{"href":"https:\/\/www.durodynecanada.com\/fr\/wp-json\/wp\/v2\/types\/page"}],"author":[{"embeddable":true,"href":"https:\/\/www.durodynecanada.com\/fr\/wp-json\/wp\/v2\/users\/15"}],"replies":[{"embeddable":true,"href":"https:\/\/www.durodynecanada.com\/fr\/wp-json\/wp\/v2\/comments?post=7702"}],"version-history":[{"count":3,"href":"https:\/\/www.durodynecanada.com\/fr\/wp-json\/wp\/v2\/pages\/7702\/revisions"}],"predecessor-version":[{"id":8389,"href":"https:\/\/www.durodynecanada.com\/fr\/wp-json\/wp\/v2\/pages\/7702\/revisions\/8389"}],"up":[{"embeddable":true,"href":"https:\/\/www.durodynecanada.com\/fr\/wp-json\/wp\/v2\/pages\/7628"}],"wp:attachment":[{"href":"https:\/\/www.durodynecanada.com\/fr\/wp-json\/wp\/v2\/media?parent=7702"}],"curies":[{"name":"wp","href":"https:\/\/api.w.org\/{rel}","templated":true}]}}