{"id":7699,"date":"2017-04-04T21:42:07","date_gmt":"2017-04-05T01:42:07","guid":{"rendered":"https:\/\/www.durodynecanada.com\/nos-produits\/air-regulation\/blade-kits\/bk-bko-multiblade-damper-hardware\/"},"modified":"2022-06-16T16:09:00","modified_gmt":"2022-06-16T20:09:00","slug":"quicaillerie-amortisseur-multi-lames-bk-bko","status":"publish","type":"page","link":"https:\/\/www.durodynecanada.com\/fr\/nos-produits\/regulateur-air\/kits-de-lames\/quicaillerie-amortisseur-multi-lames-bk-bko\/","title":{"rendered":"Quincaillerie pour amortisseur multi-lames BK BKO"},"content":{"rendered":"<p><strong>MULTI-LAME<\/strong><br \/>\n<strong>MAT\u00c9RIEL D&rsquo;AMORTISSEUR<\/strong><\/p>\n<p><strong><br \/>\n<\/strong><strong>Pour amortisseurs parall\u00e8les<br \/>\nKit de lames Neva-Bind Duro<\/strong><\/p>\n<p>Le support de tringlerie \u00ab\u00a0NEVA-BIND\u00a0\u00bb, exclusivement brevet\u00e9 par Duro Dyne, s&rsquo;aligne toujours pour assurer un fonctionnement souple et non contraignant, m\u00eame sur les lames d&rsquo;amortisseurs les plus lourdes. Au-dessus, ou \u00e0 une distance in\u00e9gale de l&rsquo;axe de la lame, il est capable de s&rsquo;ajuster dans les quatre sens, dedans-dehors, haut-bas, lat\u00e9ralement et en rotation. Ces kits contiennent toute la quincaillerie n\u00e9cessaire pour une lame d&rsquo;un registre \u00e0 lames multiples.<\/p>\n<p><strong><img loading=\"lazy\" decoding=\"async\" class=\"alignnone size-full wp-image-1595\" src=\"\/wp-content\/uploads\/2017\/04\/bk_neva_bind.jpg\" alt=\"\" width=\"295\" height=\"154\"><\/strong><\/p>\n<p><strong>&nbsp;<\/strong><\/p>\n<table>\n<tbody>\n<tr>\n<td width=\"180\"><strong>Item No.<\/strong><\/td>\n<td width=\"180\"><strong>Code<\/strong><\/td>\n<td width=\"216\"><strong>Description<\/strong><\/td>\n<td width=\"144\"><strong>Taille du roulement<\/strong><\/td>\n<\/tr>\n<tr>\n<td width=\"180\">2001<\/td>\n<td width=\"180\"><strong>BK-1<\/strong><\/td>\n<td width=\"216\">Kit lame Neva-Bind 7\/16&Prime; I.D.<\/td>\n<td width=\"144\">7\/16\u201d<\/td>\n<\/tr>\n<tr>\n<td width=\"180\">2002<\/td>\n<td width=\"180\"><strong>BK-2<\/strong><\/td>\n<td width=\"216\">Kit lame Neva-Bind 1\/2&Prime; I.D.<\/td>\n<td width=\"144\">&nbsp;1\/2\u201d<\/td>\n<\/tr>\n<\/tbody>\n<\/table>\n<p><strong>&nbsp;<\/strong><\/p>\n<p><strong>&nbsp;<\/strong><\/p>\n<p><strong>Pour amortisseurs \u00e0 action oppos\u00e9e<br \/>\nKit de lames Opax<\/strong><\/p>\n<p>Les amortisseurs \u00e0 action oppos\u00e9e minimisent les turbulences et le contr\u00f4le de l&rsquo;air est plus lin\u00e9aire. L&rsquo;autor\u00e9glage exclusif Neva-Bind \u00e0 4 voies, dont sont dot\u00e9s les kits Duro Dyne \u00ab\u00a0OPAX\u00a0\u00bb, compense automatiquement toute impr\u00e9cision de construction et maintient un fonctionnement lin\u00e9aire. Les dimensions critiques entre les points de liaison sont \u00e9galement maintenues pendant le fonctionnement. L'\u00a0\u00bbOPAX\u00a0\u00bb assure une action oppos\u00e9e des lames de l&rsquo;amortisseur et maintient les lames rigidement en position, \u00e9liminant le cliquetis ou le flottement. Ces kits de tringlerie contiennent tout le mat\u00e9riel n\u00e9cessaire pour deux lames d&rsquo;amortisseurs \u00e0 action oppos\u00e9e.<\/p>\n<p><strong><img loading=\"lazy\" decoding=\"async\" class=\"alignnone size-full wp-image-1596\" src=\"\/wp-content\/uploads\/2017\/04\/bk_opax.jpg\" alt=\"\" width=\"295\" height=\"154\"><\/strong><\/p>\n<table>\n<tbody>\n<tr>\n<td width=\"180\"><strong>Item No.<\/strong><\/td>\n<td width=\"180\"><strong>Code<\/strong><\/td>\n<td width=\"216\"><strong>Description<\/strong><\/td>\n<td width=\"144\"><strong>Taille du roulement<\/strong><\/td>\n<\/tr>\n<tr>\n<td width=\"180\">2003<\/td>\n<td width=\"180\"><strong>BKO-3<\/strong><\/td>\n<td width=\"216\">Kit lame Opax 7\/16&Prime; I.D.<\/td>\n<td width=\"144\">7\/16\u201d<\/td>\n<\/tr>\n<tr>\n<td width=\"180\">2004<\/td>\n<td width=\"180\"><strong>BKO-4<\/strong><\/td>\n<td width=\"216\">Kit lame Opax 1\/2&Prime; I.D.<\/td>\n<td width=\"144\">&nbsp;1\/2\u201d<\/td>\n<\/tr>\n<\/tbody>\n<\/table>\n<p><strong>&nbsp;<\/strong><\/p>\n<p><a href=\"\/wp-content\/uploads\/2017\/04\/bkp1_sheet.pdf\" target=\"_blank\" rel=\"noopener\"><strong><u>For other Multi-Blade Damper hardware<\/u><\/strong><\/a><\/p>\n","protected":false},"excerpt":{"rendered":"<p>MULTI-LAME MAT\u00c9RIEL D&rsquo;AMORTISSEUR Pour amortisseurs parall\u00e8les Kit de lames Neva-Bind Duro Le support de tringlerie \u00ab\u00a0NEVA-BIND\u00a0\u00bb, exclusivement brevet\u00e9 par Duro Dyne, s&rsquo;aligne toujours pour assurer un fonctionnement souple et non contraignant, m\u00eame sur les lames d&rsquo;amortisseurs les plus lourdes. Au-dessus, ou \u00e0 une distance in\u00e9gale de l&rsquo;axe de la lame, il est capable de s&rsquo;ajuster &hellip;<\/p>\n","protected":false},"author":15,"featured_media":0,"parent":7681,"menu_order":0,"comment_status":"closed","ping_status":"closed","template":"","meta":{"_acf_changed":false,"footnotes":""},"acf":[],"_links":{"self":[{"href":"https:\/\/www.durodynecanada.com\/fr\/wp-json\/wp\/v2\/pages\/7699"}],"collection":[{"href":"https:\/\/www.durodynecanada.com\/fr\/wp-json\/wp\/v2\/pages"}],"about":[{"href":"https:\/\/www.durodynecanada.com\/fr\/wp-json\/wp\/v2\/types\/page"}],"author":[{"embeddable":true,"href":"https:\/\/www.durodynecanada.com\/fr\/wp-json\/wp\/v2\/users\/15"}],"replies":[{"embeddable":true,"href":"https:\/\/www.durodynecanada.com\/fr\/wp-json\/wp\/v2\/comments?post=7699"}],"version-history":[{"count":3,"href":"https:\/\/www.durodynecanada.com\/fr\/wp-json\/wp\/v2\/pages\/7699\/revisions"}],"predecessor-version":[{"id":8404,"href":"https:\/\/www.durodynecanada.com\/fr\/wp-json\/wp\/v2\/pages\/7699\/revisions\/8404"}],"up":[{"embeddable":true,"href":"https:\/\/www.durodynecanada.com\/fr\/wp-json\/wp\/v2\/pages\/7681"}],"wp:attachment":[{"href":"https:\/\/www.durodynecanada.com\/fr\/wp-json\/wp\/v2\/media?parent=7699"}],"curies":[{"name":"wp","href":"https:\/\/api.w.org\/{rel}","templated":true}]}}