{"id":7696,"date":"2017-04-04T22:18:55","date_gmt":"2017-04-05T02:18:55","guid":{"rendered":"https:\/\/www.durodynecanada.com\/nos-produits\/air-regulation\/blade-kits\/back-draft\/side-seal\/"},"modified":"2022-06-16T16:06:05","modified_gmt":"2022-06-16T20:06:05","slug":"joint-etancheite-lateral","status":"publish","type":"page","link":"https:\/\/www.durodynecanada.com\/fr\/nos-produits\/regulateur-air\/kits-de-lames\/contre-tirage\/joint-etancheite-lateral\/","title":{"rendered":"Joint d&rsquo;\u00e9tanch\u00e9it\u00e9 lat\u00e9ral"},"content":{"rendered":"<div id=\"pl-1705\" class=\"panel-layout\">\n<div id=\"pg-1705-0\" class=\"panel-grid panel-no-style\">\n<div id=\"pgc-1705-0-0\" class=\"panel-grid-cell\" data-weight=\"1\">\n<div id=\"panel-1705-0-0-0\" class=\"so-panel widget widget_sow-editor panel-first-child panel-last-child\" data-index=\"0\" data-style=\"{&quot;background_image_attachment&quot;:false,&quot;background_display&quot;:&quot;tile&quot;,&quot;featured_widgets&quot;:&quot;&quot;}\">\n<div class=\"so-widget-sow-editor so-widget-sow-editor-base\">\n<div class=\"siteorigin-widget-tinymce textwidget\">\n<p><strong>AMORTISSEUR DE JOINT D&rsquo;\u00c9TANCH\u00c9IT\u00c9 BKSS<\/strong><\/p>\n<p><strong><u><br \/>\nDescription et utilisation<\/u><\/strong><\/p>\n<p style=\"padding-left: 30px;\">BKSS est un insert \u00e0 ressort en acier inoxydable de type 301 de 1-23\/32 pouces de large, vendu en rouleaux de 100 pieds. Le BKSS est coup\u00e9 \u00e0 la longueur voulue et perc\u00e9 par l&rsquo;utilisateur final. Le BKSS est install\u00e9 sur les c\u00f4t\u00e9s int\u00e9rieurs du cadre du volet pour former un ajustement serr\u00e9 entre le cadre du volet et les lames du volet afin de minimiser les fuites d&rsquo;air lorsque le volet est en position ferm\u00e9e.<\/p>\n<p style=\"padding-left: 30px; text-align: center;\"><img loading=\"lazy\" decoding=\"async\" class=\"size-full wp-image-1608 aligncenter\" src=\"\/wp-content\/uploads\/2017\/04\/side_seal.jpg\" sizes=\"(max-width: 1331px) 100vw, 1331px\" srcset=\"https:\/\/www.durodynecanada.com\/wp-content\/uploads\/2017\/04\/side_seal.jpg 1331w, https:\/\/www.durodynecanada.com\/wp-content\/uploads\/2017\/04\/side_seal-300x191.jpg 300w, https:\/\/www.durodynecanada.com\/wp-content\/uploads\/2017\/04\/side_seal-768x490.jpg 768w, https:\/\/www.durodynecanada.com\/wp-content\/uploads\/2017\/04\/side_seal-1024x653.jpg 1024w, https:\/\/www.durodynecanada.com\/wp-content\/uploads\/2017\/04\/side_seal-540x344.jpg 540w\" alt=\"\" width=\"1331\" height=\"849\"><\/p>\n<p style=\"padding-left: 30px; text-align: center;\">\n<p style=\"text-align: left; padding-left: 30px;\"><strong>Article n\u00b0 Code<br \/>\n2077 Joint lat\u00e9ral BKSS &#8211; Rouleau de 100 pieds<br \/>\n2250 Sceau lat\u00e9ral BKSS &#8211; Rouleau de 2000 pieds<\/strong><\/p>\n<\/div>\n<\/div>\n<\/div>\n<\/div>\n<\/div>\n<\/div>\n","protected":false},"excerpt":{"rendered":"<p>AMORTISSEUR DE JOINT D&rsquo;\u00c9TANCH\u00c9IT\u00c9 BKSS Description et utilisation BKSS est un insert \u00e0 ressort en acier inoxydable de type 301 de 1-23\/32 pouces de large, vendu en rouleaux de 100 pieds. Le BKSS est coup\u00e9 \u00e0 la longueur voulue et perc\u00e9 par l&rsquo;utilisateur final. Le BKSS est install\u00e9 sur les c\u00f4t\u00e9s int\u00e9rieurs du cadre du &hellip;<\/p>\n","protected":false},"author":15,"featured_media":0,"parent":7684,"menu_order":0,"comment_status":"closed","ping_status":"closed","template":"","meta":{"_acf_changed":false,"footnotes":""},"acf":[],"_links":{"self":[{"href":"https:\/\/www.durodynecanada.com\/fr\/wp-json\/wp\/v2\/pages\/7696"}],"collection":[{"href":"https:\/\/www.durodynecanada.com\/fr\/wp-json\/wp\/v2\/pages"}],"about":[{"href":"https:\/\/www.durodynecanada.com\/fr\/wp-json\/wp\/v2\/types\/page"}],"author":[{"embeddable":true,"href":"https:\/\/www.durodynecanada.com\/fr\/wp-json\/wp\/v2\/users\/15"}],"replies":[{"embeddable":true,"href":"https:\/\/www.durodynecanada.com\/fr\/wp-json\/wp\/v2\/comments?post=7696"}],"version-history":[{"count":3,"href":"https:\/\/www.durodynecanada.com\/fr\/wp-json\/wp\/v2\/pages\/7696\/revisions"}],"predecessor-version":[{"id":8399,"href":"https:\/\/www.durodynecanada.com\/fr\/wp-json\/wp\/v2\/pages\/7696\/revisions\/8399"}],"up":[{"embeddable":true,"href":"https:\/\/www.durodynecanada.com\/fr\/wp-json\/wp\/v2\/pages\/7684"}],"wp:attachment":[{"href":"https:\/\/www.durodynecanada.com\/fr\/wp-json\/wp\/v2\/media?parent=7696"}],"curies":[{"name":"wp","href":"https:\/\/api.w.org\/{rel}","templated":true}]}}