{"id":7693,"date":"2017-04-04T21:52:02","date_gmt":"2017-04-05T01:52:02","guid":{"rendered":"https:\/\/www.durodynecanada.com\/nos-produits\/air-regulation\/blade-kits\/back-draft\/round-to-square-pins\/"},"modified":"2022-06-16T16:06:59","modified_gmt":"2022-06-16T20:06:59","slug":"tiges-rondes-a-carrees","status":"publish","type":"page","link":"https:\/\/www.durodynecanada.com\/fr\/nos-produits\/regulateur-air\/kits-de-lames\/contre-tirage\/tiges-rondes-a-carrees\/","title":{"rendered":"Tiges rondes \u00e0 carr\u00e9es"},"content":{"rendered":"<p><strong>TIGES BKP RONDES \u00c0 CARR\u00c9ES<\/strong><\/p>\n<p><strong>&nbsp;<\/strong><\/p>\n<table width=\"100%\">\n<tbody>\n<tr>\n<td width=\"10%\"><strong>Item No.<\/strong><\/td>\n<td width=\"13%\"><strong>Code<\/strong><\/td>\n<td width=\"36%\"><strong>Description<\/strong><\/td>\n<td width=\"12%\"><strong>Quantit\u00e9<br \/>\npar Ctn.<\/strong><\/td>\n<td width=\"9%\"><strong>Tarification<\/strong><br \/>\n<strong>\u00e0 l&rsquo;Unit\u00e9<\/strong><\/td>\n<td rowspan=\"5\" width=\"18%\"><strong><img loading=\"lazy\" decoding=\"async\" class=\"alignnone size-full wp-image-5711\" src=\"https:\/\/www.durodynecanada.com\/wp-content\/uploads\/2017\/04\/bkp4_7.jpg\" sizes=\"(max-width: 1350px) 100vw, 1350px\" srcset=\"https:\/\/www.durodynecanada.com\/wp-content\/uploads\/2017\/04\/bkp4_7.jpg 1350w, https:\/\/www.durodynecanada.com\/wp-content\/uploads\/2017\/04\/bkp4_7-300x42.jpg 300w, https:\/\/www.durodynecanada.com\/wp-content\/uploads\/2017\/04\/bkp4_7-768x109.jpg 768w, https:\/\/www.durodynecanada.com\/wp-content\/uploads\/2017\/04\/bkp4_7-1024x145.jpg 1024w, https:\/\/www.durodynecanada.com\/wp-content\/uploads\/2017\/04\/bkp4_7-540x76.jpg 540w\" alt=\"\" width=\"1350\" height=\"191\"><\/strong><\/td>\n<\/tr>\n<tr>\n<td width=\"10%\">2022<\/td>\n<td width=\"13%\"><strong>BKP-4<\/strong><\/td>\n<td width=\"36%\">Tige de 7\/16&Prime; de diam\u00e8tre \u00e0 1\/2&Prime; carr\u00e9 x 6&Prime;.<\/td>\n<td width=\"12%\">50<\/td>\n<td width=\"9%\">\u00c0 l&rsquo;Unit\u00e9<\/td>\n<\/tr>\n<tr>\n<td width=\"10%\">2023<\/td>\n<td width=\"13%\"><strong>BKP-7<\/strong><\/td>\n<td width=\"36%\">Tige de 7\/16&Prime; de diam\u00e8tre \u00e0 1\/2&Prime; carr\u00e9 x 6&Prime;.<\/td>\n<td width=\"12%\">50<\/td>\n<td width=\"9%\">\u00c0 l&rsquo;Unit\u00e9<\/td>\n<\/tr>\n<tr>\n<td width=\"10%\">2063<\/td>\n<td width=\"13%\"><strong>BKP-8<\/strong><\/td>\n<td width=\"36%\">Tige de 7\/16&Prime; de diam\u00e8tre \u00e0 1\/2&Prime; carr\u00e9 x 6&Prime;.<\/td>\n<td width=\"12%\">50<\/td>\n<td width=\"9%\">\u00c0 l&rsquo;Unit\u00e9<\/td>\n<\/tr>\n<tr>\n<td width=\"10%\">2024<\/td>\n<td width=\"13%\"><strong>BKP-70<\/strong><\/td>\n<td width=\"36%\">Tige de 7\/16&Prime; de diam\u00e8tre \u00e0 1\/2&Prime; carr\u00e9 x 6&Prime;.<\/td>\n<td width=\"12%\">50<\/td>\n<td width=\"9%\">\u00c0 l&rsquo;Unit\u00e9<\/td>\n<\/tr>\n<\/tbody>\n<\/table>\n<p><strong>&nbsp;<\/strong><\/p>\n","protected":false},"excerpt":{"rendered":"<p>TIGES BKP RONDES \u00c0 CARR\u00c9ES &nbsp; Item No. Code Description Quantit\u00e9 par Ctn. Tarification \u00e0 l&rsquo;Unit\u00e9 2022 BKP-4 Tige de 7\/16&Prime; de diam\u00e8tre \u00e0 1\/2&Prime; carr\u00e9 x 6&Prime;. 50 \u00c0 l&rsquo;Unit\u00e9 2023 BKP-7 Tige de 7\/16&Prime; de diam\u00e8tre \u00e0 1\/2&Prime; carr\u00e9 x 6&Prime;. 50 \u00c0 l&rsquo;Unit\u00e9 2063 BKP-8 Tige de 7\/16&Prime; de diam\u00e8tre \u00e0 1\/2&Prime; &hellip;<\/p>\n","protected":false},"author":15,"featured_media":0,"parent":7684,"menu_order":0,"comment_status":"closed","ping_status":"closed","template":"","meta":{"_acf_changed":false,"footnotes":""},"acf":[],"_links":{"self":[{"href":"https:\/\/www.durodynecanada.com\/fr\/wp-json\/wp\/v2\/pages\/7693"}],"collection":[{"href":"https:\/\/www.durodynecanada.com\/fr\/wp-json\/wp\/v2\/pages"}],"about":[{"href":"https:\/\/www.durodynecanada.com\/fr\/wp-json\/wp\/v2\/types\/page"}],"author":[{"embeddable":true,"href":"https:\/\/www.durodynecanada.com\/fr\/wp-json\/wp\/v2\/users\/15"}],"replies":[{"embeddable":true,"href":"https:\/\/www.durodynecanada.com\/fr\/wp-json\/wp\/v2\/comments?post=7693"}],"version-history":[{"count":3,"href":"https:\/\/www.durodynecanada.com\/fr\/wp-json\/wp\/v2\/pages\/7693\/revisions"}],"predecessor-version":[{"id":8401,"href":"https:\/\/www.durodynecanada.com\/fr\/wp-json\/wp\/v2\/pages\/7693\/revisions\/8401"}],"up":[{"embeddable":true,"href":"https:\/\/www.durodynecanada.com\/fr\/wp-json\/wp\/v2\/pages\/7684"}],"wp:attachment":[{"href":"https:\/\/www.durodynecanada.com\/fr\/wp-json\/wp\/v2\/media?parent=7693"}],"curies":[{"name":"wp","href":"https:\/\/api.w.org\/{rel}","templated":true}]}}