{"id":7690,"date":"2017-04-04T22:02:09","date_gmt":"2017-04-05T02:02:09","guid":{"rendered":"https:\/\/www.durodynecanada.com\/nos-produits\/air-regulation\/blade-kits\/back-draft\/blade-edging-xx\/"},"modified":"2022-06-16T16:04:38","modified_gmt":"2022-06-16T20:04:38","slug":"bordure-de-lame-xx","status":"publish","type":"page","link":"https:\/\/www.durodynecanada.com\/fr\/nos-produits\/regulateur-air\/kits-de-lames\/contre-tirage\/bordure-de-lame-xx\/","title":{"rendered":"Bordure de lame XX"},"content":{"rendered":"<div id=\"pl-1697\" class=\"panel-layout\">\n<div id=\"pg-1697-0\" class=\"panel-grid panel-no-style\">\n<div id=\"pgc-1697-0-0\" class=\"panel-grid-cell\" data-weight=\"1\">\n<div id=\"panel-1697-0-0-0\" class=\"so-panel widget widget_sow-editor panel-first-child panel-last-child\" data-index=\"0\" data-style=\"{&quot;background_display&quot;:&quot;tile&quot;,&quot;featured_widgets&quot;:&quot;&quot;}\">\n<div class=\"so-widget-sow-editor so-widget-sow-editor-base\">\n<div class=\"siteorigin-widget-tinymce textwidget\">\n<p style=\"text-align: center;\"><strong>ACIER INOXYDABLE<\/strong><br \/>\n<strong>BORDURE DE LA LAME DU CLAPET<\/strong><\/p>\n<p style=\"text-align: center;\">\n<p style=\"text-align: center;\"><strong><img decoding=\"async\" class=\"alignnone size-full wp-image-1598\" src=\"\/wp-content\/uploads\/2017\/04\/bkdbe_xx1.jpg\" sizes=\"(max-width: 288px) 100vw, 288px\" srcset=\"https:\/\/www.durodynecanada.com\/wp-content\/uploads\/2017\/04\/bkdbe_xx1.jpg 288w, https:\/\/www.durodynecanada.com\/wp-content\/uploads\/2017\/04\/bkdbe_xx1-168x300.jpg 168w\" alt=\"\" width=\"200\"><\/strong><\/p>\n<p style=\"text-align: center;\">\n<p style=\"text-align: center;\"><strong><u>FONCTIONNALIT\u00c9S<\/u><\/strong><\/p>\n<p style=\"text-align: center;\">\u2022 Pour les amortisseurs neufs et existants<br \/>\n\u2022 Se glisse sur la lame pour une installation facile<br \/>\n\u2022 Con\u00e7u pour \u00eatre utilis\u00e9 sur les clapets de contr\u00f4le, de fum\u00e9e et d&rsquo;incendie.<br \/>\n\u2022 Utilis\u00e9 sur les lames sup\u00e9rieures, centrales et inf\u00e9rieures<br \/>\n\u2022 Peut \u00eatre utilis\u00e9 comme butoir<br \/>\n\u2022 R\u00e9sistant \u00e0 la corrosion<br \/>\n\u2022 Peut \u00eatre coup\u00e9 \u00e0 longueur sur demande ; en commande sp\u00e9ciale<br \/>\n\u2022 R\u00e9sistance aux hautes temp\u00e9ratures<\/p>\n<p style=\"text-align: center;\"><strong><u>SP\u00c9CIFICATIONS<\/u><\/strong><\/p>\n<p style=\"text-align: center;\">\u2022 Acier inoxydable de type 300<br \/>\n\u2022 .015 d&rsquo;\u00e9paisseur<\/p>\n<p style=\"text-align: left;\"><strong>Code de No. d&rsquo;Article<\/strong><br \/>\n2153 <strong>BKDBE-SS<\/strong><\/p>\n<\/div>\n<\/div>\n<\/div>\n<\/div>\n<\/div>\n<\/div>\n","protected":false},"excerpt":{"rendered":"<p>ACIER INOXYDABLE BORDURE DE LA LAME DU CLAPET FONCTIONNALIT\u00c9S \u2022 Pour les amortisseurs neufs et existants \u2022 Se glisse sur la lame pour une installation facile \u2022 Con\u00e7u pour \u00eatre utilis\u00e9 sur les clapets de contr\u00f4le, de fum\u00e9e et d&rsquo;incendie. \u2022 Utilis\u00e9 sur les lames sup\u00e9rieures, centrales et inf\u00e9rieures \u2022 Peut \u00eatre utilis\u00e9 comme butoir &hellip;<\/p>\n","protected":false},"author":15,"featured_media":0,"parent":7684,"menu_order":0,"comment_status":"closed","ping_status":"closed","template":"","meta":{"_acf_changed":false,"footnotes":""},"acf":[],"_links":{"self":[{"href":"https:\/\/www.durodynecanada.com\/fr\/wp-json\/wp\/v2\/pages\/7690"}],"collection":[{"href":"https:\/\/www.durodynecanada.com\/fr\/wp-json\/wp\/v2\/pages"}],"about":[{"href":"https:\/\/www.durodynecanada.com\/fr\/wp-json\/wp\/v2\/types\/page"}],"author":[{"embeddable":true,"href":"https:\/\/www.durodynecanada.com\/fr\/wp-json\/wp\/v2\/users\/15"}],"replies":[{"embeddable":true,"href":"https:\/\/www.durodynecanada.com\/fr\/wp-json\/wp\/v2\/comments?post=7690"}],"version-history":[{"count":3,"href":"https:\/\/www.durodynecanada.com\/fr\/wp-json\/wp\/v2\/pages\/7690\/revisions"}],"predecessor-version":[{"id":8397,"href":"https:\/\/www.durodynecanada.com\/fr\/wp-json\/wp\/v2\/pages\/7690\/revisions\/8397"}],"up":[{"embeddable":true,"href":"https:\/\/www.durodynecanada.com\/fr\/wp-json\/wp\/v2\/pages\/7684"}],"wp:attachment":[{"href":"https:\/\/www.durodynecanada.com\/fr\/wp-json\/wp\/v2\/media?parent=7690"}],"curies":[{"name":"wp","href":"https:\/\/api.w.org\/{rel}","templated":true}]}}